{"id":2489,"date":"2023-03-02T20:41:37","date_gmt":"2023-03-02T19:41:37","guid":{"rendered":"http:\/\/serwer174992.lh.pl\/autoinstalator\/serwer174992.lh.pl\/wordpress14552\/?post_type=product&#038;p=2489"},"modified":"2026-03-23T16:57:06","modified_gmt":"2026-03-23T15:57:06","slug":"nogi-drewniane-carmen","status":"publish","type":"product","link":"https:\/\/www.woodlegs.pl\/eng\/nogi-toczone\/nogi-drewniane-carmen\/","title":{"rendered":"Carmen wooden legs"},"content":{"rendered":"<p><strong>Carmen wooden legs<\/strong> is a modern design of turned wooden leg made of beech or oak wood. The legs made by our company are used in many realisations of tables and desks as a base for the top. The originality of the pattern created by us makes your furniture design unique. Turned wooden legs are characterised by proportional balls at the top as well as at the bottom of the leg.<\/p>\n<p>The turned legs are 9.5 cm square by 9.5 cm high to allow for the free fitting of the carga. <span class=\"ILfuVd\" lang=\"pl\"><span class=\"hgKElc\">Diameter<\/span><\/span> the largest sphere is 18 cm and the base of the leg has a diameter of <span class=\"ILfuVd\" lang=\"pl\"><span class=\"hgKElc\">3 cm. The total height of the leg is 76 cm. If necessary, you can shorten both top and bottom without affecting the visual aspect much. Each leg we make is very carefully sanded and is therefore prepared for further paint work.  By choosing our products you save time and money on additional sanding and preparation for varnishing - we do it for you! <\/span><\/span><\/p>\n<p>We make Carmen wooden legs from beech and oak. Beech wood has a light shade and hardly any visible grain. It is undoubtedly a hard wood, which makes it more resistant to any kind of bruising compared to pine. The second type of wood we made the table legs from is oak. It has a beautiful golden hue, when oiled or varnished in a clear colour it shows up even more strongly. When varnishing the legs in opaque colours, choose beech wood legs.<\/p>\n<p>&nbsp;<\/p>\n<p>Beech wood legs are available in stock, which is regularly replenished. Oak legs are made to order, with a waiting time of 4 weeks after placing the order.<\/p>\n<p>See the second model of the Carmen wooden leg which lacks the decorative balls at the bottom of the leg. <em><strong><a href=\"https:\/\/www.woodlegs.pl\/eng\/nogi-toczone\/nogi-drewniane-carmen-ii\/\">Wooden legs Carmen II<\/a><\/strong><\/em><\/p>\n<p>&nbsp;<\/p>\n<p>&nbsp;<\/p>\n<p>&nbsp;<\/p>\n<p>&nbsp;<\/p>","protected":false},"excerpt":{"rendered":"<p>Class, chic and elegance! This is the first thought that comes to mind when you see this model. Carmen's wooden legs are massive, yet delicate at the same time, so they are sure to attract the attention of everyone who sees them next to the furniture. The timeless design will never get boring, and it is up to you how you varnish it!<\/p>\n<p>Don't have the quantity you need in stock? - Write to us!<\/p>","protected":false},"featured_media":3943,"template":"","meta":[],"product_brand":[],"product_cat":[79,66],"product_tag":[],"class_list":{"0":"post-2489","1":"product","2":"type-product","3":"status-publish","4":"has-post-thumbnail","6":"product_cat-nogi-do-stolu","7":"product_cat-nogi-toczone","9":"first","10":"instock","11":"taxable","12":"shipping-taxable","13":"purchasable","14":"product-type-variable"},"yoast_head":"<!-- This site is optimized with the Yoast SEO plugin v26.2 - https:\/\/yoast.com\/wordpress\/plugins\/seo\/ -->\n<title>Nogi drewniane Carmen -nogi toczone - Woodlegs Company<\/title>\n<meta name=\"description\" content=\"Nogi drewniane Carmen to nowoczesny wz\u00f3r nogi toczonej wykonanej z drewna bukowego. Nasze nogi do sto\u0142u s\u0105 najwy\u017cszej jako\u015bci, kt\u00f3r\u0105 gwarantujemy! Sprawd\u017a\" \/>\n<meta name=\"robots\" content=\"index, follow, max-snippet:-1, max-image-preview:large, max-video-preview:-1\" \/>\n<link rel=\"canonical\" href=\"https:\/\/www.woodlegs.pl\/eng\/nogi-toczone\/nogi-drewniane-carmen\/\" \/>\n<meta property=\"og:locale\" content=\"en_GB\" \/>\n<meta property=\"og:type\" content=\"article\" \/>\n<meta property=\"og:title\" content=\"Nogi drewniane Carmen -nogi toczone - Woodlegs Company\" \/>\n<meta property=\"og:description\" content=\"Nogi drewniane Carmen to nowoczesny wz\u00f3r nogi toczonej wykonanej z drewna bukowego. Nasze nogi do sto\u0142u s\u0105 najwy\u017cszej jako\u015bci, kt\u00f3r\u0105 gwarantujemy! Sprawd\u017a\" \/>\n<meta property=\"og:url\" content=\"https:\/\/www.woodlegs.pl\/eng\/nogi-toczone\/nogi-drewniane-carmen\/\" \/>\n<meta property=\"og:site_name\" content=\"Woodlegs Company\" \/>\n<meta property=\"article:publisher\" content=\"https:\/\/www.facebook.com\/woodlegs.company\" \/>\n<meta property=\"article:modified_time\" content=\"2026-03-23T15:57:06+00:00\" \/>\n<meta property=\"og:image\" content=\"https:\/\/www.woodlegs.pl\/wp-content\/uploads\/2023\/03\/Carmen.jpg\" \/>\n\t<meta property=\"og:image:width\" content=\"1000\" \/>\n\t<meta property=\"og:image:height\" content=\"1000\" \/>\n\t<meta property=\"og:image:type\" content=\"image\/jpeg\" \/>\n<meta name=\"twitter:card\" content=\"summary_large_image\" \/>\n<meta name=\"twitter:label1\" content=\"Estimated reading time\" \/>\n\t<meta name=\"twitter:data1\" content=\"2 minutes\" \/>\n<script type=\"application\/ld+json\" class=\"yoast-schema-graph\">{\"@context\":\"https:\/\/schema.org\",\"@graph\":[{\"@type\":\"WebPage\",\"@id\":\"https:\/\/www.woodlegs.pl\/nogi-toczone\/nogi-drewniane-carmen\/\",\"url\":\"https:\/\/www.woodlegs.pl\/nogi-toczone\/nogi-drewniane-carmen\/\",\"name\":\"Nogi drewniane Carmen -nogi toczone - Woodlegs Company\",\"isPartOf\":{\"@id\":\"http:\/\/www.woodlegs.pl\/#website\"},\"primaryImageOfPage\":{\"@id\":\"https:\/\/www.woodlegs.pl\/nogi-toczone\/nogi-drewniane-carmen\/#primaryimage\"},\"image\":{\"@id\":\"https:\/\/www.woodlegs.pl\/nogi-toczone\/nogi-drewniane-carmen\/#primaryimage\"},\"thumbnailUrl\":\"https:\/\/www.woodlegs.pl\/wp-content\/uploads\/2023\/03\/Carmen.jpg\",\"datePublished\":\"2023-03-02T19:41:37+00:00\",\"dateModified\":\"2026-03-23T15:57:06+00:00\",\"description\":\"Nogi drewniane Carmen to nowoczesny wz\u00f3r nogi toczonej wykonanej z drewna bukowego. Nasze nogi do sto\u0142u s\u0105 najwy\u017cszej jako\u015bci, kt\u00f3r\u0105 gwarantujemy! Sprawd\u017a\",\"breadcrumb\":{\"@id\":\"https:\/\/www.woodlegs.pl\/nogi-toczone\/nogi-drewniane-carmen\/#breadcrumb\"},\"inLanguage\":\"en-GB\",\"potentialAction\":[{\"@type\":\"ReadAction\",\"target\":[\"https:\/\/www.woodlegs.pl\/nogi-toczone\/nogi-drewniane-carmen\/\"]}]},{\"@type\":\"ImageObject\",\"inLanguage\":\"en-GB\",\"@id\":\"https:\/\/www.woodlegs.pl\/nogi-toczone\/nogi-drewniane-carmen\/#primaryimage\",\"url\":\"https:\/\/www.woodlegs.pl\/wp-content\/uploads\/2023\/03\/Carmen.jpg\",\"contentUrl\":\"https:\/\/www.woodlegs.pl\/wp-content\/uploads\/2023\/03\/Carmen.jpg\",\"width\":1000,\"height\":1000,\"caption\":\"nogi-do-sto\u0142u-Carmen-nogi-drewniane-wykonane-z-drewna-bukowego-lub-drewna-d\u0119bowego-producent-n\u00f3g-drewnianych - nwoczesne-nogi-do-sto\u0142u\"},{\"@type\":\"BreadcrumbList\",\"@id\":\"https:\/\/www.woodlegs.pl\/nogi-toczone\/nogi-drewniane-carmen\/#breadcrumb\",\"itemListElement\":[{\"@type\":\"ListItem\",\"position\":1,\"name\":\"Strona g\u0142\u00f3wna\",\"item\":\"http:\/\/www.woodlegs.pl\/\"},{\"@type\":\"ListItem\",\"position\":2,\"name\":\"Sklep\",\"item\":\"http:\/\/www.woodlegs.pl\/sklep\/\"},{\"@type\":\"ListItem\",\"position\":3,\"name\":\"Nogi drewniane Carmen\"}]},{\"@type\":\"WebSite\",\"@id\":\"http:\/\/www.woodlegs.pl\/#website\",\"url\":\"http:\/\/www.woodlegs.pl\/\",\"name\":\"Woodlegs\",\"description\":\"Producent n\u00f3g drewnianych, produkcja n\u00f3g drewnianych\",\"publisher\":{\"@id\":\"http:\/\/www.woodlegs.pl\/#organization\"},\"potentialAction\":[{\"@type\":\"SearchAction\",\"target\":{\"@type\":\"EntryPoint\",\"urlTemplate\":\"http:\/\/www.woodlegs.pl\/?s={search_term_string}\"},\"query-input\":{\"@type\":\"PropertyValueSpecification\",\"valueRequired\":true,\"valueName\":\"search_term_string\"}}],\"inLanguage\":\"en-GB\"},{\"@type\":\"Organization\",\"@id\":\"http:\/\/www.woodlegs.pl\/#organization\",\"name\":\"Woodlegs Company\",\"url\":\"http:\/\/www.woodlegs.pl\/\",\"logo\":{\"@type\":\"ImageObject\",\"inLanguage\":\"en-GB\",\"@id\":\"http:\/\/www.woodlegs.pl\/#\/schema\/logo\/image\/\",\"url\":\"https:\/\/www.woodlegs.pl\/wp-content\/uploads\/2023\/03\/logo-3.png\",\"contentUrl\":\"https:\/\/www.woodlegs.pl\/wp-content\/uploads\/2023\/03\/logo-3.png\",\"width\":605,\"height\":234,\"caption\":\"Woodlegs Company\"},\"image\":{\"@id\":\"http:\/\/www.woodlegs.pl\/#\/schema\/logo\/image\/\"},\"sameAs\":[\"https:\/\/www.facebook.com\/woodlegs.company\",\"https:\/\/www.instagram.com\/woodlegs_company\/\"]}]}<\/script>\n<!-- \/ Yoast SEO plugin. -->","yoast_head_json":{"title":"Nogi drewniane Carmen -nogi toczone - Woodlegs Company","description":"Nogi drewniane Carmen to nowoczesny wz\u00f3r nogi toczonej wykonanej z drewna bukowego. Nasze nogi do sto\u0142u s\u0105 najwy\u017cszej jako\u015bci, kt\u00f3r\u0105 gwarantujemy! Sprawd\u017a","robots":{"index":"index","follow":"follow","max-snippet":"max-snippet:-1","max-image-preview":"max-image-preview:large","max-video-preview":"max-video-preview:-1"},"canonical":"https:\/\/www.woodlegs.pl\/eng\/nogi-toczone\/nogi-drewniane-carmen\/","og_locale":"en_GB","og_type":"article","og_title":"Nogi drewniane Carmen -nogi toczone - Woodlegs Company","og_description":"Nogi drewniane Carmen to nowoczesny wz\u00f3r nogi toczonej wykonanej z drewna bukowego. Nasze nogi do sto\u0142u s\u0105 najwy\u017cszej jako\u015bci, kt\u00f3r\u0105 gwarantujemy! Sprawd\u017a","og_url":"https:\/\/www.woodlegs.pl\/eng\/nogi-toczone\/nogi-drewniane-carmen\/","og_site_name":"Woodlegs Company","article_publisher":"https:\/\/www.facebook.com\/woodlegs.company","article_modified_time":"2026-03-23T15:57:06+00:00","og_image":[{"width":1000,"height":1000,"url":"https:\/\/www.woodlegs.pl\/wp-content\/uploads\/2023\/03\/Carmen.jpg","type":"image\/jpeg"}],"twitter_card":"summary_large_image","twitter_misc":{"Estimated reading time":"2 minutes"},"schema":{"@context":"https:\/\/schema.org","@graph":[{"@type":"WebPage","@id":"https:\/\/www.woodlegs.pl\/nogi-toczone\/nogi-drewniane-carmen\/","url":"https:\/\/www.woodlegs.pl\/nogi-toczone\/nogi-drewniane-carmen\/","name":"Nogi drewniane Carmen -nogi toczone - Woodlegs Company","isPartOf":{"@id":"http:\/\/www.woodlegs.pl\/#website"},"primaryImageOfPage":{"@id":"https:\/\/www.woodlegs.pl\/nogi-toczone\/nogi-drewniane-carmen\/#primaryimage"},"image":{"@id":"https:\/\/www.woodlegs.pl\/nogi-toczone\/nogi-drewniane-carmen\/#primaryimage"},"thumbnailUrl":"https:\/\/www.woodlegs.pl\/wp-content\/uploads\/2023\/03\/Carmen.jpg","datePublished":"2023-03-02T19:41:37+00:00","dateModified":"2026-03-23T15:57:06+00:00","description":"Nogi drewniane Carmen to nowoczesny wz\u00f3r nogi toczonej wykonanej z drewna bukowego. Nasze nogi do sto\u0142u s\u0105 najwy\u017cszej jako\u015bci, kt\u00f3r\u0105 gwarantujemy! Sprawd\u017a","breadcrumb":{"@id":"https:\/\/www.woodlegs.pl\/nogi-toczone\/nogi-drewniane-carmen\/#breadcrumb"},"inLanguage":"en-GB","potentialAction":[{"@type":"ReadAction","target":["https:\/\/www.woodlegs.pl\/nogi-toczone\/nogi-drewniane-carmen\/"]}]},{"@type":"ImageObject","inLanguage":"en-GB","@id":"https:\/\/www.woodlegs.pl\/nogi-toczone\/nogi-drewniane-carmen\/#primaryimage","url":"https:\/\/www.woodlegs.pl\/wp-content\/uploads\/2023\/03\/Carmen.jpg","contentUrl":"https:\/\/www.woodlegs.pl\/wp-content\/uploads\/2023\/03\/Carmen.jpg","width":1000,"height":1000,"caption":"nogi-do-sto\u0142u-Carmen-nogi-drewniane-wykonane-z-drewna-bukowego-lub-drewna-d\u0119bowego-producent-n\u00f3g-drewnianych - nwoczesne-nogi-do-sto\u0142u"},{"@type":"BreadcrumbList","@id":"https:\/\/www.woodlegs.pl\/nogi-toczone\/nogi-drewniane-carmen\/#breadcrumb","itemListElement":[{"@type":"ListItem","position":1,"name":"Strona g\u0142\u00f3wna","item":"http:\/\/www.woodlegs.pl\/"},{"@type":"ListItem","position":2,"name":"Sklep","item":"http:\/\/www.woodlegs.pl\/sklep\/"},{"@type":"ListItem","position":3,"name":"Nogi drewniane Carmen"}]},{"@type":"WebSite","@id":"http:\/\/www.woodlegs.pl\/#website","url":"http:\/\/www.woodlegs.pl\/","name":"Woodlegs","description":"Producent n\u00f3g drewnianych, produkcja n\u00f3g drewnianych","publisher":{"@id":"http:\/\/www.woodlegs.pl\/#organization"},"potentialAction":[{"@type":"SearchAction","target":{"@type":"EntryPoint","urlTemplate":"http:\/\/www.woodlegs.pl\/?s={search_term_string}"},"query-input":{"@type":"PropertyValueSpecification","valueRequired":true,"valueName":"search_term_string"}}],"inLanguage":"en-GB"},{"@type":"Organization","@id":"http:\/\/www.woodlegs.pl\/#organization","name":"Woodlegs Company","url":"http:\/\/www.woodlegs.pl\/","logo":{"@type":"ImageObject","inLanguage":"en-GB","@id":"http:\/\/www.woodlegs.pl\/#\/schema\/logo\/image\/","url":"https:\/\/www.woodlegs.pl\/wp-content\/uploads\/2023\/03\/logo-3.png","contentUrl":"https:\/\/www.woodlegs.pl\/wp-content\/uploads\/2023\/03\/logo-3.png","width":605,"height":234,"caption":"Woodlegs Company"},"image":{"@id":"http:\/\/www.woodlegs.pl\/#\/schema\/logo\/image\/"},"sameAs":["https:\/\/www.facebook.com\/woodlegs.company","https:\/\/www.instagram.com\/woodlegs_company\/"]}]}},"_links":{"self":[{"href":"https:\/\/www.woodlegs.pl\/eng\/wp-json\/wp\/v2\/product\/2489","targetHints":{"allow":["GET"]}}],"collection":[{"href":"https:\/\/www.woodlegs.pl\/eng\/wp-json\/wp\/v2\/product"}],"about":[{"href":"https:\/\/www.woodlegs.pl\/eng\/wp-json\/wp\/v2\/types\/product"}],"wp:featuredmedia":[{"embeddable":true,"href":"https:\/\/www.woodlegs.pl\/eng\/wp-json\/wp\/v2\/media\/3943"}],"wp:attachment":[{"href":"https:\/\/www.woodlegs.pl\/eng\/wp-json\/wp\/v2\/media?parent=2489"}],"wp:term":[{"taxonomy":"product_brand","embeddable":true,"href":"https:\/\/www.woodlegs.pl\/eng\/wp-json\/wp\/v2\/product_brand?post=2489"},{"taxonomy":"product_cat","embeddable":true,"href":"https:\/\/www.woodlegs.pl\/eng\/wp-json\/wp\/v2\/product_cat?post=2489"},{"taxonomy":"product_tag","embeddable":true,"href":"https:\/\/www.woodlegs.pl\/eng\/wp-json\/wp\/v2\/product_tag?post=2489"}],"curies":[{"name":"wp","href":"https:\/\/api.w.org\/{rel}","templated":true}]}}