{"id":2492,"date":"2023-03-02T20:41:37","date_gmt":"2023-03-02T19:41:37","guid":{"rendered":"http:\/\/serwer174992.lh.pl\/autoinstalator\/serwer174992.lh.pl\/wordpress14552\/?post_type=product&#038;p=2492"},"modified":"2026-03-23T16:57:34","modified_gmt":"2026-03-23T15:57:34","slug":"nogi-drewniane-carmen-ii","status":"publish","type":"product","link":"https:\/\/www.woodlegs.pl\/eng\/nogi-toczone\/nogi-drewniane-carmen-ii\/","title":{"rendered":"Wooden legs Carmen II"},"content":{"rendered":"<p><strong>Modern wooden legs<\/strong> made of<strong> beechwood<\/strong>, <u>ash or oak.<\/u><br \/>\nThe picture shows <strong>Turned wooden leg Carmen <\/strong>made of beech wood.<br \/>\n<strong>Wooden table leg<\/strong> is 750 mm high, with 95 mm at the upper base and 30 mm at the lower base; the fi of the larger sphere is 180 mm.<br \/>\n<strong>Carmen's rolling leg<\/strong>\u00a0 is suitably prepared for further refinishing.<\/p>\n<p><strong>Beech wood legs<\/strong> are <u>dispatched the following working day.<\/u><br \/>\n<strong>Oak wooden legs<\/strong> and ash are made to order. Waiting time is up to 4 weeks.<\/p>\n<p>Are you an architect? Do you use our wooden leg models for your visualisations and realisations?<br \/>\nGet back to us!<\/p>","protected":false},"excerpt":{"rendered":"<p>Modern wooden legs made of beech, ash or oak. Pictured here is the Carmen turned wooden leg made of beech wood. The wooden leg for the table is 750 mm high, with 95 mm in the upper base and 30 mm in the lower base, fi of the larger ball is 180 mm. The Carmen turned leg is properly prepared for further varnishing. The wooden legs...<\/p>","protected":false},"featured_media":4700,"template":"","meta":[],"product_brand":[],"product_cat":[79,66],"product_tag":[],"class_list":{"0":"post-2492","1":"product","2":"type-product","3":"status-publish","4":"has-post-thumbnail","6":"product_cat-nogi-do-stolu","7":"product_cat-nogi-toczone","9":"first","10":"instock","11":"taxable","12":"shipping-taxable","13":"purchasable","14":"product-type-variable"},"yoast_head":"<!-- This site is optimized with the Yoast SEO plugin v26.2 - https:\/\/yoast.com\/wordpress\/plugins\/seo\/ -->\n<title>Nogi drewniane Carmen II -Nowoczesne nogi do sto\u0142u-Sklep Online<\/title>\n<meta name=\"description\" content=\"Zobacz nogi drewniane Carmen II. Nasze nogi do sto\u0142u s\u0105 idealnie przygotowane do dalszej obr\u00f3bki lakierniczej. Oszcz\u0119d\u017a sw\u00f3j czas i kup teraz!\" \/>\n<meta name=\"robots\" content=\"index, follow, max-snippet:-1, max-image-preview:large, max-video-preview:-1\" \/>\n<link rel=\"canonical\" href=\"https:\/\/www.woodlegs.pl\/eng\/nogi-toczone\/nogi-drewniane-carmen-ii\/\" \/>\n<meta property=\"og:locale\" content=\"en_GB\" \/>\n<meta property=\"og:type\" content=\"article\" \/>\n<meta property=\"og:title\" content=\"Nogi drewniane Carmen II -Nowoczesne nogi do sto\u0142u-Sklep Online\" \/>\n<meta property=\"og:description\" content=\"Zobacz nogi drewniane Carmen II. Nasze nogi do sto\u0142u s\u0105 idealnie przygotowane do dalszej obr\u00f3bki lakierniczej. Oszcz\u0119d\u017a sw\u00f3j czas i kup teraz!\" \/>\n<meta property=\"og:url\" content=\"https:\/\/www.woodlegs.pl\/eng\/nogi-toczone\/nogi-drewniane-carmen-ii\/\" \/>\n<meta property=\"og:site_name\" content=\"Woodlegs Company\" \/>\n<meta property=\"article:publisher\" content=\"https:\/\/www.facebook.com\/woodlegs.company\" \/>\n<meta property=\"article:modified_time\" content=\"2026-03-23T15:57:34+00:00\" \/>\n<meta property=\"og:image\" content=\"https:\/\/www.woodlegs.pl\/wp-content\/uploads\/2023\/03\/Carmen-II-1.png\" \/>\n\t<meta property=\"og:image:width\" content=\"1000\" \/>\n\t<meta property=\"og:image:height\" content=\"1000\" \/>\n\t<meta property=\"og:image:type\" content=\"image\/png\" \/>\n<meta name=\"twitter:card\" content=\"summary_large_image\" \/>\n<meta name=\"twitter:label1\" content=\"Estimated reading time\" \/>\n\t<meta name=\"twitter:data1\" content=\"1 minute\" \/>\n<script type=\"application\/ld+json\" class=\"yoast-schema-graph\">{\"@context\":\"https:\/\/schema.org\",\"@graph\":[{\"@type\":\"WebPage\",\"@id\":\"https:\/\/www.woodlegs.pl\/nogi-toczone\/nogi-drewniane-carmen-ii\/\",\"url\":\"https:\/\/www.woodlegs.pl\/nogi-toczone\/nogi-drewniane-carmen-ii\/\",\"name\":\"Nogi drewniane Carmen II -Nowoczesne nogi do sto\u0142u-Sklep Online\",\"isPartOf\":{\"@id\":\"http:\/\/www.woodlegs.pl\/#website\"},\"primaryImageOfPage\":{\"@id\":\"https:\/\/www.woodlegs.pl\/nogi-toczone\/nogi-drewniane-carmen-ii\/#primaryimage\"},\"image\":{\"@id\":\"https:\/\/www.woodlegs.pl\/nogi-toczone\/nogi-drewniane-carmen-ii\/#primaryimage\"},\"thumbnailUrl\":\"https:\/\/www.woodlegs.pl\/wp-content\/uploads\/2023\/03\/Carmen-II-1.png\",\"datePublished\":\"2023-03-02T19:41:37+00:00\",\"dateModified\":\"2026-03-23T15:57:34+00:00\",\"description\":\"Zobacz nogi drewniane Carmen II. Nasze nogi do sto\u0142u s\u0105 idealnie przygotowane do dalszej obr\u00f3bki lakierniczej. Oszcz\u0119d\u017a sw\u00f3j czas i kup teraz!\",\"breadcrumb\":{\"@id\":\"https:\/\/www.woodlegs.pl\/nogi-toczone\/nogi-drewniane-carmen-ii\/#breadcrumb\"},\"inLanguage\":\"en-GB\",\"potentialAction\":[{\"@type\":\"ReadAction\",\"target\":[\"https:\/\/www.woodlegs.pl\/nogi-toczone\/nogi-drewniane-carmen-ii\/\"]}]},{\"@type\":\"ImageObject\",\"inLanguage\":\"en-GB\",\"@id\":\"https:\/\/www.woodlegs.pl\/nogi-toczone\/nogi-drewniane-carmen-ii\/#primaryimage\",\"url\":\"https:\/\/www.woodlegs.pl\/wp-content\/uploads\/2023\/03\/Carmen-II-1.png\",\"contentUrl\":\"https:\/\/www.woodlegs.pl\/wp-content\/uploads\/2023\/03\/Carmen-II-1.png\",\"width\":1000,\"height\":1000,\"caption\":\"nogi-drewniane-carmen-II-noga-wykonana-z-drewna-bukowego-jeste\u015bmy-producentem-n\u00f3g-drewnianych-do-sto\u0142\u00f3w-n\u00f3g-do-stolika-n\u00f3\u017cek-meblowych - nogi toczone- nowoczesne-nogi-do-sto\u0142u\"},{\"@type\":\"BreadcrumbList\",\"@id\":\"https:\/\/www.woodlegs.pl\/nogi-toczone\/nogi-drewniane-carmen-ii\/#breadcrumb\",\"itemListElement\":[{\"@type\":\"ListItem\",\"position\":1,\"name\":\"Strona g\u0142\u00f3wna\",\"item\":\"http:\/\/www.woodlegs.pl\/\"},{\"@type\":\"ListItem\",\"position\":2,\"name\":\"Sklep\",\"item\":\"http:\/\/www.woodlegs.pl\/sklep\/\"},{\"@type\":\"ListItem\",\"position\":3,\"name\":\"Nogi drewniane Carmen II\"}]},{\"@type\":\"WebSite\",\"@id\":\"http:\/\/www.woodlegs.pl\/#website\",\"url\":\"http:\/\/www.woodlegs.pl\/\",\"name\":\"Woodlegs\",\"description\":\"Producent n\u00f3g drewnianych, produkcja n\u00f3g drewnianych\",\"publisher\":{\"@id\":\"http:\/\/www.woodlegs.pl\/#organization\"},\"potentialAction\":[{\"@type\":\"SearchAction\",\"target\":{\"@type\":\"EntryPoint\",\"urlTemplate\":\"http:\/\/www.woodlegs.pl\/?s={search_term_string}\"},\"query-input\":{\"@type\":\"PropertyValueSpecification\",\"valueRequired\":true,\"valueName\":\"search_term_string\"}}],\"inLanguage\":\"en-GB\"},{\"@type\":\"Organization\",\"@id\":\"http:\/\/www.woodlegs.pl\/#organization\",\"name\":\"Woodlegs Company\",\"url\":\"http:\/\/www.woodlegs.pl\/\",\"logo\":{\"@type\":\"ImageObject\",\"inLanguage\":\"en-GB\",\"@id\":\"http:\/\/www.woodlegs.pl\/#\/schema\/logo\/image\/\",\"url\":\"https:\/\/www.woodlegs.pl\/wp-content\/uploads\/2023\/03\/logo-3.png\",\"contentUrl\":\"https:\/\/www.woodlegs.pl\/wp-content\/uploads\/2023\/03\/logo-3.png\",\"width\":605,\"height\":234,\"caption\":\"Woodlegs Company\"},\"image\":{\"@id\":\"http:\/\/www.woodlegs.pl\/#\/schema\/logo\/image\/\"},\"sameAs\":[\"https:\/\/www.facebook.com\/woodlegs.company\",\"https:\/\/www.instagram.com\/woodlegs_company\/\"]}]}<\/script>\n<!-- \/ Yoast SEO plugin. -->","yoast_head_json":{"title":"Nogi drewniane Carmen II -Nowoczesne nogi do sto\u0142u-Sklep Online","description":"Zobacz nogi drewniane Carmen II. Nasze nogi do sto\u0142u s\u0105 idealnie przygotowane do dalszej obr\u00f3bki lakierniczej. Oszcz\u0119d\u017a sw\u00f3j czas i kup teraz!","robots":{"index":"index","follow":"follow","max-snippet":"max-snippet:-1","max-image-preview":"max-image-preview:large","max-video-preview":"max-video-preview:-1"},"canonical":"https:\/\/www.woodlegs.pl\/eng\/nogi-toczone\/nogi-drewniane-carmen-ii\/","og_locale":"en_GB","og_type":"article","og_title":"Nogi drewniane Carmen II -Nowoczesne nogi do sto\u0142u-Sklep Online","og_description":"Zobacz nogi drewniane Carmen II. Nasze nogi do sto\u0142u s\u0105 idealnie przygotowane do dalszej obr\u00f3bki lakierniczej. Oszcz\u0119d\u017a sw\u00f3j czas i kup teraz!","og_url":"https:\/\/www.woodlegs.pl\/eng\/nogi-toczone\/nogi-drewniane-carmen-ii\/","og_site_name":"Woodlegs Company","article_publisher":"https:\/\/www.facebook.com\/woodlegs.company","article_modified_time":"2026-03-23T15:57:34+00:00","og_image":[{"width":1000,"height":1000,"url":"https:\/\/www.woodlegs.pl\/wp-content\/uploads\/2023\/03\/Carmen-II-1.png","type":"image\/png"}],"twitter_card":"summary_large_image","twitter_misc":{"Estimated reading time":"1 minute"},"schema":{"@context":"https:\/\/schema.org","@graph":[{"@type":"WebPage","@id":"https:\/\/www.woodlegs.pl\/nogi-toczone\/nogi-drewniane-carmen-ii\/","url":"https:\/\/www.woodlegs.pl\/nogi-toczone\/nogi-drewniane-carmen-ii\/","name":"Nogi drewniane Carmen II -Nowoczesne nogi do sto\u0142u-Sklep Online","isPartOf":{"@id":"http:\/\/www.woodlegs.pl\/#website"},"primaryImageOfPage":{"@id":"https:\/\/www.woodlegs.pl\/nogi-toczone\/nogi-drewniane-carmen-ii\/#primaryimage"},"image":{"@id":"https:\/\/www.woodlegs.pl\/nogi-toczone\/nogi-drewniane-carmen-ii\/#primaryimage"},"thumbnailUrl":"https:\/\/www.woodlegs.pl\/wp-content\/uploads\/2023\/03\/Carmen-II-1.png","datePublished":"2023-03-02T19:41:37+00:00","dateModified":"2026-03-23T15:57:34+00:00","description":"Zobacz nogi drewniane Carmen II. Nasze nogi do sto\u0142u s\u0105 idealnie przygotowane do dalszej obr\u00f3bki lakierniczej. Oszcz\u0119d\u017a sw\u00f3j czas i kup teraz!","breadcrumb":{"@id":"https:\/\/www.woodlegs.pl\/nogi-toczone\/nogi-drewniane-carmen-ii\/#breadcrumb"},"inLanguage":"en-GB","potentialAction":[{"@type":"ReadAction","target":["https:\/\/www.woodlegs.pl\/nogi-toczone\/nogi-drewniane-carmen-ii\/"]}]},{"@type":"ImageObject","inLanguage":"en-GB","@id":"https:\/\/www.woodlegs.pl\/nogi-toczone\/nogi-drewniane-carmen-ii\/#primaryimage","url":"https:\/\/www.woodlegs.pl\/wp-content\/uploads\/2023\/03\/Carmen-II-1.png","contentUrl":"https:\/\/www.woodlegs.pl\/wp-content\/uploads\/2023\/03\/Carmen-II-1.png","width":1000,"height":1000,"caption":"nogi-drewniane-carmen-II-noga-wykonana-z-drewna-bukowego-jeste\u015bmy-producentem-n\u00f3g-drewnianych-do-sto\u0142\u00f3w-n\u00f3g-do-stolika-n\u00f3\u017cek-meblowych - nogi toczone- nowoczesne-nogi-do-sto\u0142u"},{"@type":"BreadcrumbList","@id":"https:\/\/www.woodlegs.pl\/nogi-toczone\/nogi-drewniane-carmen-ii\/#breadcrumb","itemListElement":[{"@type":"ListItem","position":1,"name":"Strona g\u0142\u00f3wna","item":"http:\/\/www.woodlegs.pl\/"},{"@type":"ListItem","position":2,"name":"Sklep","item":"http:\/\/www.woodlegs.pl\/sklep\/"},{"@type":"ListItem","position":3,"name":"Nogi drewniane Carmen II"}]},{"@type":"WebSite","@id":"http:\/\/www.woodlegs.pl\/#website","url":"http:\/\/www.woodlegs.pl\/","name":"Woodlegs","description":"Producent n\u00f3g drewnianych, produkcja n\u00f3g drewnianych","publisher":{"@id":"http:\/\/www.woodlegs.pl\/#organization"},"potentialAction":[{"@type":"SearchAction","target":{"@type":"EntryPoint","urlTemplate":"http:\/\/www.woodlegs.pl\/?s={search_term_string}"},"query-input":{"@type":"PropertyValueSpecification","valueRequired":true,"valueName":"search_term_string"}}],"inLanguage":"en-GB"},{"@type":"Organization","@id":"http:\/\/www.woodlegs.pl\/#organization","name":"Woodlegs Company","url":"http:\/\/www.woodlegs.pl\/","logo":{"@type":"ImageObject","inLanguage":"en-GB","@id":"http:\/\/www.woodlegs.pl\/#\/schema\/logo\/image\/","url":"https:\/\/www.woodlegs.pl\/wp-content\/uploads\/2023\/03\/logo-3.png","contentUrl":"https:\/\/www.woodlegs.pl\/wp-content\/uploads\/2023\/03\/logo-3.png","width":605,"height":234,"caption":"Woodlegs Company"},"image":{"@id":"http:\/\/www.woodlegs.pl\/#\/schema\/logo\/image\/"},"sameAs":["https:\/\/www.facebook.com\/woodlegs.company","https:\/\/www.instagram.com\/woodlegs_company\/"]}]}},"_links":{"self":[{"href":"https:\/\/www.woodlegs.pl\/eng\/wp-json\/wp\/v2\/product\/2492","targetHints":{"allow":["GET"]}}],"collection":[{"href":"https:\/\/www.woodlegs.pl\/eng\/wp-json\/wp\/v2\/product"}],"about":[{"href":"https:\/\/www.woodlegs.pl\/eng\/wp-json\/wp\/v2\/types\/product"}],"wp:featuredmedia":[{"embeddable":true,"href":"https:\/\/www.woodlegs.pl\/eng\/wp-json\/wp\/v2\/media\/4700"}],"wp:attachment":[{"href":"https:\/\/www.woodlegs.pl\/eng\/wp-json\/wp\/v2\/media?parent=2492"}],"wp:term":[{"taxonomy":"product_brand","embeddable":true,"href":"https:\/\/www.woodlegs.pl\/eng\/wp-json\/wp\/v2\/product_brand?post=2492"},{"taxonomy":"product_cat","embeddable":true,"href":"https:\/\/www.woodlegs.pl\/eng\/wp-json\/wp\/v2\/product_cat?post=2492"},{"taxonomy":"product_tag","embeddable":true,"href":"https:\/\/www.woodlegs.pl\/eng\/wp-json\/wp\/v2\/product_tag?post=2492"}],"curies":[{"name":"wp","href":"https:\/\/api.w.org\/{rel}","templated":true}]}}