{"id":2501,"date":"2023-03-02T20:41:37","date_gmt":"2023-03-02T19:41:37","guid":{"rendered":"http:\/\/serwer174992.lh.pl\/autoinstalator\/serwer174992.lh.pl\/wordpress14552\/?post_type=product&#038;p=2501"},"modified":"2026-03-23T16:53:40","modified_gmt":"2026-03-23T15:53:40","slug":"nogi-do-stolika-balwanek-lawa","status":"publish","type":"product","link":"https:\/\/www.woodlegs.pl\/eng\/nogi-toczone\/nogi-do-stolika-balwanek-lawa\/","title":{"rendered":"Table legs Snowman Bench"},"content":{"rendered":"<p><strong>Modern legs for the table Snowman Bench<\/strong>, made <u>of beech wood<\/u>.<br \/>\n<strong>Wooden legs for a bench<\/strong> have a height of 570 mm, with a top base of 60 mm and a ball fi of 150 mm.<br \/>\nIt is possible to make <strong>wooden legs of beech, ash and oak.<\/strong><br \/>\n<strong>Turned leg for bench<\/strong> is suitably prepared for further refinishing.<\/p>\n<p><strong>Beech wood legs<\/strong> are <u>dispatched the following working day.<\/u><br \/>\n<strong>Oak wooden legs<\/strong> and <u>ash<\/u> are made to order. Waiting time is up to 4 weeks.<\/p>\n<p>Are you an architect? Do you use our wooden leg models for your visualisations and realisations?<br \/>\nGet back to us!<\/p>","protected":false},"excerpt":{"rendered":"<p>Modern legs for the Snowman Bench table, made of beech wood. The wooden legs for the bench are 570 mm high, with 60 mm in the upper base and the fi of the ball is 150 mm. It is possible to make a beech, ash and oak wooden leg. The turned leg for the bench is properly prepared for further varnishing. Beech wooden legs are dispatched the next working day. Oak wooden legs...<\/p>","protected":false},"featured_media":4703,"template":"","meta":[],"product_brand":[],"product_cat":[88,66],"product_tag":[],"class_list":{"0":"post-2501","1":"product","2":"type-product","3":"status-publish","4":"has-post-thumbnail","6":"product_cat-nogi-do-stolika","7":"product_cat-nogi-toczone","9":"first","10":"instock","11":"taxable","12":"shipping-taxable","13":"purchasable","14":"product-type-variable"},"yoast_head":"<!-- This site is optimized with the Yoast SEO plugin v26.2 - https:\/\/yoast.com\/wordpress\/plugins\/seo\/ -->\n<title>Noga toczona do stolika - Ba\u0142wanek<\/title>\n<meta name=\"description\" content=\"Nogi do stolika Ba\u0142wanek \u0141awa tworz\u0105 idealny duet z nogami toczonymi Ba\u0142wanek. Sprawd\u017a nasz\u0105 kolekcj\u0119! Gwarantujemy szybk\u0105 wysy\u0142k\u0119 i najlepsz\u0105 jako\u015b\u0107!\" \/>\n<meta name=\"robots\" content=\"index, follow, max-snippet:-1, max-image-preview:large, max-video-preview:-1\" \/>\n<link rel=\"canonical\" href=\"https:\/\/www.woodlegs.pl\/eng\/nogi-toczone\/nogi-do-stolika-balwanek-lawa\/\" \/>\n<meta property=\"og:locale\" content=\"en_GB\" \/>\n<meta property=\"og:type\" content=\"article\" \/>\n<meta property=\"og:title\" content=\"Noga toczona do stolika - Ba\u0142wanek\" \/>\n<meta property=\"og:description\" content=\"Nogi do stolika Ba\u0142wanek \u0141awa tworz\u0105 idealny duet z nogami toczonymi Ba\u0142wanek. Sprawd\u017a nasz\u0105 kolekcj\u0119! Gwarantujemy szybk\u0105 wysy\u0142k\u0119 i najlepsz\u0105 jako\u015b\u0107!\" \/>\n<meta property=\"og:url\" content=\"https:\/\/www.woodlegs.pl\/eng\/nogi-toczone\/nogi-do-stolika-balwanek-lawa\/\" \/>\n<meta property=\"og:site_name\" content=\"Woodlegs Company\" \/>\n<meta property=\"article:publisher\" content=\"https:\/\/www.facebook.com\/woodlegs.company\" \/>\n<meta property=\"article:modified_time\" content=\"2026-03-23T15:53:40+00:00\" \/>\n<meta property=\"og:image\" content=\"https:\/\/www.woodlegs.pl\/wp-content\/uploads\/2023\/03\/Balwanek-Lawa-1.jpg\" \/>\n\t<meta property=\"og:image:width\" content=\"1000\" \/>\n\t<meta property=\"og:image:height\" content=\"1000\" \/>\n\t<meta property=\"og:image:type\" content=\"image\/jpeg\" \/>\n<meta name=\"twitter:card\" content=\"summary_large_image\" \/>\n<meta name=\"twitter:label1\" content=\"Estimated reading time\" \/>\n\t<meta name=\"twitter:data1\" content=\"1 minute\" \/>\n<script type=\"application\/ld+json\" class=\"yoast-schema-graph\">{\"@context\":\"https:\/\/schema.org\",\"@graph\":[{\"@type\":\"WebPage\",\"@id\":\"https:\/\/www.woodlegs.pl\/nogi-toczone\/nogi-do-stolika-balwanek-lawa\/\",\"url\":\"https:\/\/www.woodlegs.pl\/nogi-toczone\/nogi-do-stolika-balwanek-lawa\/\",\"name\":\"Noga toczona do stolika - Ba\u0142wanek\",\"isPartOf\":{\"@id\":\"http:\/\/www.woodlegs.pl\/#website\"},\"primaryImageOfPage\":{\"@id\":\"https:\/\/www.woodlegs.pl\/nogi-toczone\/nogi-do-stolika-balwanek-lawa\/#primaryimage\"},\"image\":{\"@id\":\"https:\/\/www.woodlegs.pl\/nogi-toczone\/nogi-do-stolika-balwanek-lawa\/#primaryimage\"},\"thumbnailUrl\":\"https:\/\/www.woodlegs.pl\/wp-content\/uploads\/2023\/03\/Balwanek-Lawa-1.jpg\",\"datePublished\":\"2023-03-02T19:41:37+00:00\",\"dateModified\":\"2026-03-23T15:53:40+00:00\",\"description\":\"Nogi do stolika Ba\u0142wanek \u0141awa tworz\u0105 idealny duet z nogami toczonymi Ba\u0142wanek. Sprawd\u017a nasz\u0105 kolekcj\u0119! Gwarantujemy szybk\u0105 wysy\u0142k\u0119 i najlepsz\u0105 jako\u015b\u0107!\",\"breadcrumb\":{\"@id\":\"https:\/\/www.woodlegs.pl\/nogi-toczone\/nogi-do-stolika-balwanek-lawa\/#breadcrumb\"},\"inLanguage\":\"en-GB\",\"potentialAction\":[{\"@type\":\"ReadAction\",\"target\":[\"https:\/\/www.woodlegs.pl\/nogi-toczone\/nogi-do-stolika-balwanek-lawa\/\"]}]},{\"@type\":\"ImageObject\",\"inLanguage\":\"en-GB\",\"@id\":\"https:\/\/www.woodlegs.pl\/nogi-toczone\/nogi-do-stolika-balwanek-lawa\/#primaryimage\",\"url\":\"https:\/\/www.woodlegs.pl\/wp-content\/uploads\/2023\/03\/Balwanek-Lawa-1.jpg\",\"contentUrl\":\"https:\/\/www.woodlegs.pl\/wp-content\/uploads\/2023\/03\/Balwanek-Lawa-1.jpg\",\"width\":1000,\"height\":1000,\"caption\":\"Nogi-drewniane-bukowe-Ba\u0142wanek-nogi-do-stolika-kawowego-wykonane-przez-producenta-n\u00f3g-drewnianych\"},{\"@type\":\"BreadcrumbList\",\"@id\":\"https:\/\/www.woodlegs.pl\/nogi-toczone\/nogi-do-stolika-balwanek-lawa\/#breadcrumb\",\"itemListElement\":[{\"@type\":\"ListItem\",\"position\":1,\"name\":\"Strona g\u0142\u00f3wna\",\"item\":\"http:\/\/www.woodlegs.pl\/\"},{\"@type\":\"ListItem\",\"position\":2,\"name\":\"Sklep\",\"item\":\"http:\/\/www.woodlegs.pl\/sklep\/\"},{\"@type\":\"ListItem\",\"position\":3,\"name\":\"Nogi do stolika Ba\u0142wanek \u0141awa\"}]},{\"@type\":\"WebSite\",\"@id\":\"http:\/\/www.woodlegs.pl\/#website\",\"url\":\"http:\/\/www.woodlegs.pl\/\",\"name\":\"Woodlegs\",\"description\":\"Producent n\u00f3g drewnianych, produkcja n\u00f3g drewnianych\",\"publisher\":{\"@id\":\"http:\/\/www.woodlegs.pl\/#organization\"},\"potentialAction\":[{\"@type\":\"SearchAction\",\"target\":{\"@type\":\"EntryPoint\",\"urlTemplate\":\"http:\/\/www.woodlegs.pl\/?s={search_term_string}\"},\"query-input\":{\"@type\":\"PropertyValueSpecification\",\"valueRequired\":true,\"valueName\":\"search_term_string\"}}],\"inLanguage\":\"en-GB\"},{\"@type\":\"Organization\",\"@id\":\"http:\/\/www.woodlegs.pl\/#organization\",\"name\":\"Woodlegs Company\",\"url\":\"http:\/\/www.woodlegs.pl\/\",\"logo\":{\"@type\":\"ImageObject\",\"inLanguage\":\"en-GB\",\"@id\":\"http:\/\/www.woodlegs.pl\/#\/schema\/logo\/image\/\",\"url\":\"https:\/\/www.woodlegs.pl\/wp-content\/uploads\/2023\/03\/logo-3.png\",\"contentUrl\":\"https:\/\/www.woodlegs.pl\/wp-content\/uploads\/2023\/03\/logo-3.png\",\"width\":605,\"height\":234,\"caption\":\"Woodlegs Company\"},\"image\":{\"@id\":\"http:\/\/www.woodlegs.pl\/#\/schema\/logo\/image\/\"},\"sameAs\":[\"https:\/\/www.facebook.com\/woodlegs.company\",\"https:\/\/www.instagram.com\/woodlegs_company\/\"]}]}<\/script>\n<!-- \/ Yoast SEO plugin. -->","yoast_head_json":{"title":"Noga toczona do stolika - Ba\u0142wanek","description":"Nogi do stolika Ba\u0142wanek \u0141awa tworz\u0105 idealny duet z nogami toczonymi Ba\u0142wanek. Sprawd\u017a nasz\u0105 kolekcj\u0119! Gwarantujemy szybk\u0105 wysy\u0142k\u0119 i najlepsz\u0105 jako\u015b\u0107!","robots":{"index":"index","follow":"follow","max-snippet":"max-snippet:-1","max-image-preview":"max-image-preview:large","max-video-preview":"max-video-preview:-1"},"canonical":"https:\/\/www.woodlegs.pl\/eng\/nogi-toczone\/nogi-do-stolika-balwanek-lawa\/","og_locale":"en_GB","og_type":"article","og_title":"Noga toczona do stolika - Ba\u0142wanek","og_description":"Nogi do stolika Ba\u0142wanek \u0141awa tworz\u0105 idealny duet z nogami toczonymi Ba\u0142wanek. Sprawd\u017a nasz\u0105 kolekcj\u0119! Gwarantujemy szybk\u0105 wysy\u0142k\u0119 i najlepsz\u0105 jako\u015b\u0107!","og_url":"https:\/\/www.woodlegs.pl\/eng\/nogi-toczone\/nogi-do-stolika-balwanek-lawa\/","og_site_name":"Woodlegs Company","article_publisher":"https:\/\/www.facebook.com\/woodlegs.company","article_modified_time":"2026-03-23T15:53:40+00:00","og_image":[{"width":1000,"height":1000,"url":"https:\/\/www.woodlegs.pl\/wp-content\/uploads\/2023\/03\/Balwanek-Lawa-1.jpg","type":"image\/jpeg"}],"twitter_card":"summary_large_image","twitter_misc":{"Estimated reading time":"1 minute"},"schema":{"@context":"https:\/\/schema.org","@graph":[{"@type":"WebPage","@id":"https:\/\/www.woodlegs.pl\/nogi-toczone\/nogi-do-stolika-balwanek-lawa\/","url":"https:\/\/www.woodlegs.pl\/nogi-toczone\/nogi-do-stolika-balwanek-lawa\/","name":"Noga toczona do stolika - Ba\u0142wanek","isPartOf":{"@id":"http:\/\/www.woodlegs.pl\/#website"},"primaryImageOfPage":{"@id":"https:\/\/www.woodlegs.pl\/nogi-toczone\/nogi-do-stolika-balwanek-lawa\/#primaryimage"},"image":{"@id":"https:\/\/www.woodlegs.pl\/nogi-toczone\/nogi-do-stolika-balwanek-lawa\/#primaryimage"},"thumbnailUrl":"https:\/\/www.woodlegs.pl\/wp-content\/uploads\/2023\/03\/Balwanek-Lawa-1.jpg","datePublished":"2023-03-02T19:41:37+00:00","dateModified":"2026-03-23T15:53:40+00:00","description":"Nogi do stolika Ba\u0142wanek \u0141awa tworz\u0105 idealny duet z nogami toczonymi Ba\u0142wanek. Sprawd\u017a nasz\u0105 kolekcj\u0119! Gwarantujemy szybk\u0105 wysy\u0142k\u0119 i najlepsz\u0105 jako\u015b\u0107!","breadcrumb":{"@id":"https:\/\/www.woodlegs.pl\/nogi-toczone\/nogi-do-stolika-balwanek-lawa\/#breadcrumb"},"inLanguage":"en-GB","potentialAction":[{"@type":"ReadAction","target":["https:\/\/www.woodlegs.pl\/nogi-toczone\/nogi-do-stolika-balwanek-lawa\/"]}]},{"@type":"ImageObject","inLanguage":"en-GB","@id":"https:\/\/www.woodlegs.pl\/nogi-toczone\/nogi-do-stolika-balwanek-lawa\/#primaryimage","url":"https:\/\/www.woodlegs.pl\/wp-content\/uploads\/2023\/03\/Balwanek-Lawa-1.jpg","contentUrl":"https:\/\/www.woodlegs.pl\/wp-content\/uploads\/2023\/03\/Balwanek-Lawa-1.jpg","width":1000,"height":1000,"caption":"Nogi-drewniane-bukowe-Ba\u0142wanek-nogi-do-stolika-kawowego-wykonane-przez-producenta-n\u00f3g-drewnianych"},{"@type":"BreadcrumbList","@id":"https:\/\/www.woodlegs.pl\/nogi-toczone\/nogi-do-stolika-balwanek-lawa\/#breadcrumb","itemListElement":[{"@type":"ListItem","position":1,"name":"Strona g\u0142\u00f3wna","item":"http:\/\/www.woodlegs.pl\/"},{"@type":"ListItem","position":2,"name":"Sklep","item":"http:\/\/www.woodlegs.pl\/sklep\/"},{"@type":"ListItem","position":3,"name":"Nogi do stolika Ba\u0142wanek \u0141awa"}]},{"@type":"WebSite","@id":"http:\/\/www.woodlegs.pl\/#website","url":"http:\/\/www.woodlegs.pl\/","name":"Woodlegs","description":"Producent n\u00f3g drewnianych, produkcja n\u00f3g drewnianych","publisher":{"@id":"http:\/\/www.woodlegs.pl\/#organization"},"potentialAction":[{"@type":"SearchAction","target":{"@type":"EntryPoint","urlTemplate":"http:\/\/www.woodlegs.pl\/?s={search_term_string}"},"query-input":{"@type":"PropertyValueSpecification","valueRequired":true,"valueName":"search_term_string"}}],"inLanguage":"en-GB"},{"@type":"Organization","@id":"http:\/\/www.woodlegs.pl\/#organization","name":"Woodlegs Company","url":"http:\/\/www.woodlegs.pl\/","logo":{"@type":"ImageObject","inLanguage":"en-GB","@id":"http:\/\/www.woodlegs.pl\/#\/schema\/logo\/image\/","url":"https:\/\/www.woodlegs.pl\/wp-content\/uploads\/2023\/03\/logo-3.png","contentUrl":"https:\/\/www.woodlegs.pl\/wp-content\/uploads\/2023\/03\/logo-3.png","width":605,"height":234,"caption":"Woodlegs Company"},"image":{"@id":"http:\/\/www.woodlegs.pl\/#\/schema\/logo\/image\/"},"sameAs":["https:\/\/www.facebook.com\/woodlegs.company","https:\/\/www.instagram.com\/woodlegs_company\/"]}]}},"_links":{"self":[{"href":"https:\/\/www.woodlegs.pl\/eng\/wp-json\/wp\/v2\/product\/2501","targetHints":{"allow":["GET"]}}],"collection":[{"href":"https:\/\/www.woodlegs.pl\/eng\/wp-json\/wp\/v2\/product"}],"about":[{"href":"https:\/\/www.woodlegs.pl\/eng\/wp-json\/wp\/v2\/types\/product"}],"wp:featuredmedia":[{"embeddable":true,"href":"https:\/\/www.woodlegs.pl\/eng\/wp-json\/wp\/v2\/media\/4703"}],"wp:attachment":[{"href":"https:\/\/www.woodlegs.pl\/eng\/wp-json\/wp\/v2\/media?parent=2501"}],"wp:term":[{"taxonomy":"product_brand","embeddable":true,"href":"https:\/\/www.woodlegs.pl\/eng\/wp-json\/wp\/v2\/product_brand?post=2501"},{"taxonomy":"product_cat","embeddable":true,"href":"https:\/\/www.woodlegs.pl\/eng\/wp-json\/wp\/v2\/product_cat?post=2501"},{"taxonomy":"product_tag","embeddable":true,"href":"https:\/\/www.woodlegs.pl\/eng\/wp-json\/wp\/v2\/product_tag?post=2501"}],"curies":[{"name":"wp","href":"https:\/\/api.w.org\/{rel}","templated":true}]}}