{"id":2507,"date":"2023-03-02T20:41:38","date_gmt":"2023-03-02T19:41:38","guid":{"rendered":"http:\/\/serwer174992.lh.pl\/autoinstalator\/serwer174992.lh.pl\/wordpress14552\/?post_type=product&#038;p=2507"},"modified":"2026-03-23T19:30:21","modified_gmt":"2026-03-23T18:30:21","slug":"nogi-drewniane-lili","status":"publish","type":"product","link":"https:\/\/www.woodlegs.pl\/eng\/nogi-toczone\/nogi-drewniane-lili\/","title":{"rendered":"Wooden legs Lili"},"content":{"rendered":"<div class=\"row\">\n<div class=\"col-md-7\">\n<div class=\"product_text_container\"><strong>Beechwood leg<\/strong> The raw turned Lili has a very subtle teardrop shape, which makes it very special and elegant.<br \/>\n<strong>Modern turned wooden leg Lili<\/strong>, made <u>of beech wood<\/u>.<br \/>\n<strong>Wooden table legs<\/strong> have a height of 730 mm, with an upper base of 80 mm and a fi at the largest point of 120 mm.<br \/>\nIt is possible to make <strong>wooden legs of beech, ash and oak.<\/strong><br \/>\n<strong>Turned leg Lili<\/strong> is suitably prepared for further refinishing.<strong>Beech wood legs<\/strong> are <u>dispatched the following working day.<\/u><br \/>\n<strong>Oak wooden legs<\/strong> and <u>ash<\/u> are made to order. Waiting time is up to 4 weeks.Are you an architect? Do you use our wooden leg models for your visualisations and realisations?<br \/>\nGet back to us!<\/div>\n<\/div>\n<\/div>\n<div class=\"products_slider_container\">\n<div class=\"title\"><\/div>\n<\/div>","protected":false},"excerpt":{"rendered":"<p>The Lili raw beech wood turned leg has a very subtle teardrop shape, which makes it very unique and elegant. The modern Lili turned wooden leg, made of beech wood. The wooden legs for the table are 730 mm high, with 80 mm at the top base and 120 mm fi at the largest point. It is possible to make a beech, ash and oak wooden leg. Turned leg Lili...<\/p>","protected":false},"featured_media":3956,"template":"","meta":[],"product_brand":[],"product_cat":[79,66],"product_tag":[],"class_list":{"0":"post-2507","1":"product","2":"type-product","3":"status-publish","4":"has-post-thumbnail","6":"product_cat-nogi-do-stolu","7":"product_cat-nogi-toczone","9":"first","10":"instock","11":"taxable","12":"shipping-taxable","13":"purchasable","14":"product-type-variable"},"yoast_head":"<!-- This site is optimized with the Yoast SEO plugin v26.2 - https:\/\/yoast.com\/wordpress\/plugins\/seo\/ -->\n<title>Nogi drewniane Lili - Nowoczesne toczone nogi do sto\u0142u<\/title>\n<meta name=\"description\" content=\"W naszej ofercie znajdziesz toczone nogi drewniane Lili. Nogi wykonane z drewna bukowego lub d\u0119bowego o subtelnym kszta\u0142cie nadadz\u0105 indywidualnego stylu.\" \/>\n<meta name=\"robots\" content=\"index, follow, max-snippet:-1, max-image-preview:large, max-video-preview:-1\" \/>\n<link rel=\"canonical\" href=\"https:\/\/www.woodlegs.pl\/eng\/nogi-toczone\/nogi-drewniane-lili\/\" \/>\n<meta property=\"og:locale\" content=\"en_GB\" \/>\n<meta property=\"og:type\" content=\"article\" \/>\n<meta property=\"og:title\" content=\"Nogi drewniane Lili - Nowoczesne toczone nogi do sto\u0142u\" \/>\n<meta property=\"og:description\" content=\"W naszej ofercie znajdziesz toczone nogi drewniane Lili. Nogi wykonane z drewna bukowego lub d\u0119bowego o subtelnym kszta\u0142cie nadadz\u0105 indywidualnego stylu.\" \/>\n<meta property=\"og:url\" content=\"https:\/\/www.woodlegs.pl\/eng\/nogi-toczone\/nogi-drewniane-lili\/\" \/>\n<meta property=\"og:site_name\" content=\"Woodlegs Company\" \/>\n<meta property=\"article:publisher\" content=\"https:\/\/www.facebook.com\/woodlegs.company\" \/>\n<meta property=\"article:modified_time\" content=\"2026-03-23T18:30:21+00:00\" \/>\n<meta property=\"og:image\" content=\"https:\/\/www.woodlegs.pl\/wp-content\/uploads\/2023\/03\/Lili.jpg\" \/>\n\t<meta property=\"og:image:width\" content=\"1000\" \/>\n\t<meta property=\"og:image:height\" content=\"1000\" \/>\n\t<meta property=\"og:image:type\" content=\"image\/jpeg\" \/>\n<meta name=\"twitter:card\" content=\"summary_large_image\" \/>\n<meta name=\"twitter:label1\" content=\"Estimated reading time\" \/>\n\t<meta name=\"twitter:data1\" content=\"1 minute\" \/>\n<script type=\"application\/ld+json\" class=\"yoast-schema-graph\">{\"@context\":\"https:\/\/schema.org\",\"@graph\":[{\"@type\":\"WebPage\",\"@id\":\"https:\/\/www.woodlegs.pl\/nogi-toczone\/nogi-drewniane-lili\/\",\"url\":\"https:\/\/www.woodlegs.pl\/nogi-toczone\/nogi-drewniane-lili\/\",\"name\":\"Nogi drewniane Lili - Nowoczesne toczone nogi do sto\u0142u\",\"isPartOf\":{\"@id\":\"http:\/\/www.woodlegs.pl\/#website\"},\"primaryImageOfPage\":{\"@id\":\"https:\/\/www.woodlegs.pl\/nogi-toczone\/nogi-drewniane-lili\/#primaryimage\"},\"image\":{\"@id\":\"https:\/\/www.woodlegs.pl\/nogi-toczone\/nogi-drewniane-lili\/#primaryimage\"},\"thumbnailUrl\":\"https:\/\/www.woodlegs.pl\/wp-content\/uploads\/2023\/03\/Lili.jpg\",\"datePublished\":\"2023-03-02T19:41:38+00:00\",\"dateModified\":\"2026-03-23T18:30:21+00:00\",\"description\":\"W naszej ofercie znajdziesz toczone nogi drewniane Lili. Nogi wykonane z drewna bukowego lub d\u0119bowego o subtelnym kszta\u0142cie nadadz\u0105 indywidualnego stylu.\",\"breadcrumb\":{\"@id\":\"https:\/\/www.woodlegs.pl\/nogi-toczone\/nogi-drewniane-lili\/#breadcrumb\"},\"inLanguage\":\"en-GB\",\"potentialAction\":[{\"@type\":\"ReadAction\",\"target\":[\"https:\/\/www.woodlegs.pl\/nogi-toczone\/nogi-drewniane-lili\/\"]}]},{\"@type\":\"ImageObject\",\"inLanguage\":\"en-GB\",\"@id\":\"https:\/\/www.woodlegs.pl\/nogi-toczone\/nogi-drewniane-lili\/#primaryimage\",\"url\":\"https:\/\/www.woodlegs.pl\/wp-content\/uploads\/2023\/03\/Lili.jpg\",\"contentUrl\":\"https:\/\/www.woodlegs.pl\/wp-content\/uploads\/2023\/03\/Lili.jpg\",\"width\":1000,\"height\":1000,\"caption\":\"nogi-drewniane-lili-nogi-toczone-do-sto\u0142u-nogi-t\u0142oczone-wysoko\u015b\u0107-73-cm-75-cm-producent-nog-drewnianych-nowoczesne-modele-noga-drewniana-producent-woodlegs-company-\"},{\"@type\":\"BreadcrumbList\",\"@id\":\"https:\/\/www.woodlegs.pl\/nogi-toczone\/nogi-drewniane-lili\/#breadcrumb\",\"itemListElement\":[{\"@type\":\"ListItem\",\"position\":1,\"name\":\"Strona g\u0142\u00f3wna\",\"item\":\"http:\/\/www.woodlegs.pl\/\"},{\"@type\":\"ListItem\",\"position\":2,\"name\":\"Sklep\",\"item\":\"http:\/\/www.woodlegs.pl\/sklep\/\"},{\"@type\":\"ListItem\",\"position\":3,\"name\":\"Nogi drewniane Lili\"}]},{\"@type\":\"WebSite\",\"@id\":\"http:\/\/www.woodlegs.pl\/#website\",\"url\":\"http:\/\/www.woodlegs.pl\/\",\"name\":\"Woodlegs\",\"description\":\"Producent n\u00f3g drewnianych, produkcja n\u00f3g drewnianych\",\"publisher\":{\"@id\":\"http:\/\/www.woodlegs.pl\/#organization\"},\"potentialAction\":[{\"@type\":\"SearchAction\",\"target\":{\"@type\":\"EntryPoint\",\"urlTemplate\":\"http:\/\/www.woodlegs.pl\/?s={search_term_string}\"},\"query-input\":{\"@type\":\"PropertyValueSpecification\",\"valueRequired\":true,\"valueName\":\"search_term_string\"}}],\"inLanguage\":\"en-GB\"},{\"@type\":\"Organization\",\"@id\":\"http:\/\/www.woodlegs.pl\/#organization\",\"name\":\"Woodlegs Company\",\"url\":\"http:\/\/www.woodlegs.pl\/\",\"logo\":{\"@type\":\"ImageObject\",\"inLanguage\":\"en-GB\",\"@id\":\"http:\/\/www.woodlegs.pl\/#\/schema\/logo\/image\/\",\"url\":\"https:\/\/www.woodlegs.pl\/wp-content\/uploads\/2023\/03\/logo-3.png\",\"contentUrl\":\"https:\/\/www.woodlegs.pl\/wp-content\/uploads\/2023\/03\/logo-3.png\",\"width\":605,\"height\":234,\"caption\":\"Woodlegs Company\"},\"image\":{\"@id\":\"http:\/\/www.woodlegs.pl\/#\/schema\/logo\/image\/\"},\"sameAs\":[\"https:\/\/www.facebook.com\/woodlegs.company\",\"https:\/\/www.instagram.com\/woodlegs_company\/\"]}]}<\/script>\n<!-- \/ Yoast SEO plugin. -->","yoast_head_json":{"title":"Nogi drewniane Lili - Nowoczesne toczone nogi do sto\u0142u","description":"W naszej ofercie znajdziesz toczone nogi drewniane Lili. Nogi wykonane z drewna bukowego lub d\u0119bowego o subtelnym kszta\u0142cie nadadz\u0105 indywidualnego stylu.","robots":{"index":"index","follow":"follow","max-snippet":"max-snippet:-1","max-image-preview":"max-image-preview:large","max-video-preview":"max-video-preview:-1"},"canonical":"https:\/\/www.woodlegs.pl\/eng\/nogi-toczone\/nogi-drewniane-lili\/","og_locale":"en_GB","og_type":"article","og_title":"Nogi drewniane Lili - Nowoczesne toczone nogi do sto\u0142u","og_description":"W naszej ofercie znajdziesz toczone nogi drewniane Lili. Nogi wykonane z drewna bukowego lub d\u0119bowego o subtelnym kszta\u0142cie nadadz\u0105 indywidualnego stylu.","og_url":"https:\/\/www.woodlegs.pl\/eng\/nogi-toczone\/nogi-drewniane-lili\/","og_site_name":"Woodlegs Company","article_publisher":"https:\/\/www.facebook.com\/woodlegs.company","article_modified_time":"2026-03-23T18:30:21+00:00","og_image":[{"width":1000,"height":1000,"url":"https:\/\/www.woodlegs.pl\/wp-content\/uploads\/2023\/03\/Lili.jpg","type":"image\/jpeg"}],"twitter_card":"summary_large_image","twitter_misc":{"Estimated reading time":"1 minute"},"schema":{"@context":"https:\/\/schema.org","@graph":[{"@type":"WebPage","@id":"https:\/\/www.woodlegs.pl\/nogi-toczone\/nogi-drewniane-lili\/","url":"https:\/\/www.woodlegs.pl\/nogi-toczone\/nogi-drewniane-lili\/","name":"Nogi drewniane Lili - Nowoczesne toczone nogi do sto\u0142u","isPartOf":{"@id":"http:\/\/www.woodlegs.pl\/#website"},"primaryImageOfPage":{"@id":"https:\/\/www.woodlegs.pl\/nogi-toczone\/nogi-drewniane-lili\/#primaryimage"},"image":{"@id":"https:\/\/www.woodlegs.pl\/nogi-toczone\/nogi-drewniane-lili\/#primaryimage"},"thumbnailUrl":"https:\/\/www.woodlegs.pl\/wp-content\/uploads\/2023\/03\/Lili.jpg","datePublished":"2023-03-02T19:41:38+00:00","dateModified":"2026-03-23T18:30:21+00:00","description":"W naszej ofercie znajdziesz toczone nogi drewniane Lili. Nogi wykonane z drewna bukowego lub d\u0119bowego o subtelnym kszta\u0142cie nadadz\u0105 indywidualnego stylu.","breadcrumb":{"@id":"https:\/\/www.woodlegs.pl\/nogi-toczone\/nogi-drewniane-lili\/#breadcrumb"},"inLanguage":"en-GB","potentialAction":[{"@type":"ReadAction","target":["https:\/\/www.woodlegs.pl\/nogi-toczone\/nogi-drewniane-lili\/"]}]},{"@type":"ImageObject","inLanguage":"en-GB","@id":"https:\/\/www.woodlegs.pl\/nogi-toczone\/nogi-drewniane-lili\/#primaryimage","url":"https:\/\/www.woodlegs.pl\/wp-content\/uploads\/2023\/03\/Lili.jpg","contentUrl":"https:\/\/www.woodlegs.pl\/wp-content\/uploads\/2023\/03\/Lili.jpg","width":1000,"height":1000,"caption":"nogi-drewniane-lili-nogi-toczone-do-sto\u0142u-nogi-t\u0142oczone-wysoko\u015b\u0107-73-cm-75-cm-producent-nog-drewnianych-nowoczesne-modele-noga-drewniana-producent-woodlegs-company-"},{"@type":"BreadcrumbList","@id":"https:\/\/www.woodlegs.pl\/nogi-toczone\/nogi-drewniane-lili\/#breadcrumb","itemListElement":[{"@type":"ListItem","position":1,"name":"Strona g\u0142\u00f3wna","item":"http:\/\/www.woodlegs.pl\/"},{"@type":"ListItem","position":2,"name":"Sklep","item":"http:\/\/www.woodlegs.pl\/sklep\/"},{"@type":"ListItem","position":3,"name":"Nogi drewniane Lili"}]},{"@type":"WebSite","@id":"http:\/\/www.woodlegs.pl\/#website","url":"http:\/\/www.woodlegs.pl\/","name":"Woodlegs","description":"Producent n\u00f3g drewnianych, produkcja n\u00f3g drewnianych","publisher":{"@id":"http:\/\/www.woodlegs.pl\/#organization"},"potentialAction":[{"@type":"SearchAction","target":{"@type":"EntryPoint","urlTemplate":"http:\/\/www.woodlegs.pl\/?s={search_term_string}"},"query-input":{"@type":"PropertyValueSpecification","valueRequired":true,"valueName":"search_term_string"}}],"inLanguage":"en-GB"},{"@type":"Organization","@id":"http:\/\/www.woodlegs.pl\/#organization","name":"Woodlegs Company","url":"http:\/\/www.woodlegs.pl\/","logo":{"@type":"ImageObject","inLanguage":"en-GB","@id":"http:\/\/www.woodlegs.pl\/#\/schema\/logo\/image\/","url":"https:\/\/www.woodlegs.pl\/wp-content\/uploads\/2023\/03\/logo-3.png","contentUrl":"https:\/\/www.woodlegs.pl\/wp-content\/uploads\/2023\/03\/logo-3.png","width":605,"height":234,"caption":"Woodlegs Company"},"image":{"@id":"http:\/\/www.woodlegs.pl\/#\/schema\/logo\/image\/"},"sameAs":["https:\/\/www.facebook.com\/woodlegs.company","https:\/\/www.instagram.com\/woodlegs_company\/"]}]}},"_links":{"self":[{"href":"https:\/\/www.woodlegs.pl\/eng\/wp-json\/wp\/v2\/product\/2507","targetHints":{"allow":["GET"]}}],"collection":[{"href":"https:\/\/www.woodlegs.pl\/eng\/wp-json\/wp\/v2\/product"}],"about":[{"href":"https:\/\/www.woodlegs.pl\/eng\/wp-json\/wp\/v2\/types\/product"}],"wp:featuredmedia":[{"embeddable":true,"href":"https:\/\/www.woodlegs.pl\/eng\/wp-json\/wp\/v2\/media\/3956"}],"wp:attachment":[{"href":"https:\/\/www.woodlegs.pl\/eng\/wp-json\/wp\/v2\/media?parent=2507"}],"wp:term":[{"taxonomy":"product_brand","embeddable":true,"href":"https:\/\/www.woodlegs.pl\/eng\/wp-json\/wp\/v2\/product_brand?post=2507"},{"taxonomy":"product_cat","embeddable":true,"href":"https:\/\/www.woodlegs.pl\/eng\/wp-json\/wp\/v2\/product_cat?post=2507"},{"taxonomy":"product_tag","embeddable":true,"href":"https:\/\/www.woodlegs.pl\/eng\/wp-json\/wp\/v2\/product_tag?post=2507"}],"curies":[{"name":"wp","href":"https:\/\/api.w.org\/{rel}","templated":true}]}}