{"id":2545,"date":"2023-03-02T20:41:45","date_gmt":"2023-03-02T19:41:45","guid":{"rendered":"http:\/\/serwer174992.lh.pl\/autoinstalator\/serwer174992.lh.pl\/wordpress14552\/?post_type=product&#038;p=2545"},"modified":"2026-03-23T16:11:53","modified_gmt":"2026-03-23T15:11:53","slug":"nogi-drewniane-marsylia","status":"publish","type":"product","link":"https:\/\/www.woodlegs.pl\/eng\/nogi-toczone\/nogi-drewniane-marsylia\/","title":{"rendered":"Wooden legs Marseille"},"content":{"rendered":"","protected":false},"excerpt":{"rendered":"<p>Please note that the legs have elongated cut-outs.<\/p>","protected":false},"featured_media":3938,"template":"","meta":[],"product_brand":[],"product_cat":[79,66],"product_tag":[],"class_list":{"0":"post-2545","1":"product","2":"type-product","3":"status-publish","4":"has-post-thumbnail","6":"product_cat-nogi-do-stolu","7":"product_cat-nogi-toczone","9":"first","10":"instock","11":"taxable","12":"shipping-taxable","13":"purchasable","14":"product-type-variable"},"yoast_head":"<!-- This site is optimized with the Yoast SEO plugin v26.2 - https:\/\/yoast.com\/wordpress\/plugins\/seo\/ -->\n<title>Nogi drewniane Marsylia - Nogi drewniane do sto\u0142u - Producent<\/title>\n<meta name=\"description\" content=\"Wybierz nogi drewniane Marsylia i ciesz si\u0119 sto\u0142em w stylu Farmhouse! Jeste\u015bmy od 30 lat na rynku! Kup teraz i ciesz si\u0119 naszymi nogami przez lata!\" \/>\n<meta name=\"robots\" content=\"index, follow, max-snippet:-1, max-image-preview:large, max-video-preview:-1\" \/>\n<link rel=\"canonical\" href=\"https:\/\/www.woodlegs.pl\/eng\/nogi-toczone\/nogi-drewniane-marsylia\/\" \/>\n<meta property=\"og:locale\" content=\"en_GB\" \/>\n<meta property=\"og:type\" content=\"article\" \/>\n<meta property=\"og:title\" content=\"Nogi drewniane Marsylia - Nogi drewniane do sto\u0142u - Producent\" \/>\n<meta property=\"og:description\" content=\"Wybierz nogi drewniane Marsylia i ciesz si\u0119 sto\u0142em w stylu Farmhouse! Jeste\u015bmy od 30 lat na rynku! Kup teraz i ciesz si\u0119 naszymi nogami przez lata!\" \/>\n<meta property=\"og:url\" content=\"https:\/\/www.woodlegs.pl\/eng\/nogi-toczone\/nogi-drewniane-marsylia\/\" \/>\n<meta property=\"og:site_name\" content=\"Woodlegs Company\" \/>\n<meta property=\"article:publisher\" content=\"https:\/\/www.facebook.com\/woodlegs.company\" \/>\n<meta property=\"article:modified_time\" content=\"2026-03-23T15:11:53+00:00\" \/>\n<meta property=\"og:image\" content=\"https:\/\/www.woodlegs.pl\/wp-content\/uploads\/2023\/03\/Marsylia.jpg\" \/>\n\t<meta property=\"og:image:width\" content=\"1000\" \/>\n\t<meta property=\"og:image:height\" content=\"1000\" \/>\n\t<meta property=\"og:image:type\" content=\"image\/jpeg\" \/>\n<meta name=\"twitter:card\" content=\"summary_large_image\" \/>\n<meta name=\"twitter:label1\" content=\"Estimated reading time\" \/>\n\t<meta name=\"twitter:data1\" content=\"1 minute\" \/>\n<script type=\"application\/ld+json\" class=\"yoast-schema-graph\">{\"@context\":\"https:\/\/schema.org\",\"@graph\":[{\"@type\":\"WebPage\",\"@id\":\"https:\/\/www.woodlegs.pl\/nogi-toczone\/nogi-drewniane-marsylia\/\",\"url\":\"https:\/\/www.woodlegs.pl\/nogi-toczone\/nogi-drewniane-marsylia\/\",\"name\":\"Nogi drewniane Marsylia - Nogi drewniane do sto\u0142u - Producent\",\"isPartOf\":{\"@id\":\"http:\/\/www.woodlegs.pl\/#website\"},\"primaryImageOfPage\":{\"@id\":\"https:\/\/www.woodlegs.pl\/nogi-toczone\/nogi-drewniane-marsylia\/#primaryimage\"},\"image\":{\"@id\":\"https:\/\/www.woodlegs.pl\/nogi-toczone\/nogi-drewniane-marsylia\/#primaryimage\"},\"thumbnailUrl\":\"https:\/\/www.woodlegs.pl\/wp-content\/uploads\/2023\/03\/Marsylia.jpg\",\"datePublished\":\"2023-03-02T19:41:45+00:00\",\"dateModified\":\"2026-03-23T15:11:53+00:00\",\"description\":\"Wybierz nogi drewniane Marsylia i ciesz si\u0119 sto\u0142em w stylu Farmhouse! Jeste\u015bmy od 30 lat na rynku! Kup teraz i ciesz si\u0119 naszymi nogami przez lata!\",\"breadcrumb\":{\"@id\":\"https:\/\/www.woodlegs.pl\/nogi-toczone\/nogi-drewniane-marsylia\/#breadcrumb\"},\"inLanguage\":\"en-GB\",\"potentialAction\":[{\"@type\":\"ReadAction\",\"target\":[\"https:\/\/www.woodlegs.pl\/nogi-toczone\/nogi-drewniane-marsylia\/\"]}]},{\"@type\":\"ImageObject\",\"inLanguage\":\"en-GB\",\"@id\":\"https:\/\/www.woodlegs.pl\/nogi-toczone\/nogi-drewniane-marsylia\/#primaryimage\",\"url\":\"https:\/\/www.woodlegs.pl\/wp-content\/uploads\/2023\/03\/Marsylia.jpg\",\"contentUrl\":\"https:\/\/www.woodlegs.pl\/wp-content\/uploads\/2023\/03\/Marsylia.jpg\",\"width\":1000,\"height\":1000,\"caption\":\"Nogi-drewniane-Marsylia-nogi-w-stylu-farmhouse-wybierz-nogi-toczone-do-sto\u0142u-i-ciesz-si\u0119-jego-wygl\u0105dem-i-funkcjonalno\u015bc\u0105-przez-lata.Nogi-drewniane-Marsylia-maj\u0105-pi\u0119kne-toczenia-kt\u00f3re-idealnie-pasuj\u0105-do-stylu-nowoczesnego-wiejskiego-domku\"},{\"@type\":\"BreadcrumbList\",\"@id\":\"https:\/\/www.woodlegs.pl\/nogi-toczone\/nogi-drewniane-marsylia\/#breadcrumb\",\"itemListElement\":[{\"@type\":\"ListItem\",\"position\":1,\"name\":\"Strona g\u0142\u00f3wna\",\"item\":\"http:\/\/www.woodlegs.pl\/\"},{\"@type\":\"ListItem\",\"position\":2,\"name\":\"Sklep\",\"item\":\"http:\/\/www.woodlegs.pl\/sklep\/\"},{\"@type\":\"ListItem\",\"position\":3,\"name\":\"Nogi drewniane Marsylia\"}]},{\"@type\":\"WebSite\",\"@id\":\"http:\/\/www.woodlegs.pl\/#website\",\"url\":\"http:\/\/www.woodlegs.pl\/\",\"name\":\"Woodlegs\",\"description\":\"Producent n\u00f3g drewnianych, produkcja n\u00f3g drewnianych\",\"publisher\":{\"@id\":\"http:\/\/www.woodlegs.pl\/#organization\"},\"potentialAction\":[{\"@type\":\"SearchAction\",\"target\":{\"@type\":\"EntryPoint\",\"urlTemplate\":\"http:\/\/www.woodlegs.pl\/?s={search_term_string}\"},\"query-input\":{\"@type\":\"PropertyValueSpecification\",\"valueRequired\":true,\"valueName\":\"search_term_string\"}}],\"inLanguage\":\"en-GB\"},{\"@type\":\"Organization\",\"@id\":\"http:\/\/www.woodlegs.pl\/#organization\",\"name\":\"Woodlegs Company\",\"url\":\"http:\/\/www.woodlegs.pl\/\",\"logo\":{\"@type\":\"ImageObject\",\"inLanguage\":\"en-GB\",\"@id\":\"http:\/\/www.woodlegs.pl\/#\/schema\/logo\/image\/\",\"url\":\"https:\/\/www.woodlegs.pl\/wp-content\/uploads\/2023\/03\/logo-3.png\",\"contentUrl\":\"https:\/\/www.woodlegs.pl\/wp-content\/uploads\/2023\/03\/logo-3.png\",\"width\":605,\"height\":234,\"caption\":\"Woodlegs Company\"},\"image\":{\"@id\":\"http:\/\/www.woodlegs.pl\/#\/schema\/logo\/image\/\"},\"sameAs\":[\"https:\/\/www.facebook.com\/woodlegs.company\",\"https:\/\/www.instagram.com\/woodlegs_company\/\"]}]}<\/script>\n<!-- \/ Yoast SEO plugin. -->","yoast_head_json":{"title":"Nogi drewniane Marsylia - Nogi drewniane do sto\u0142u - Producent","description":"Wybierz nogi drewniane Marsylia i ciesz si\u0119 sto\u0142em w stylu Farmhouse! Jeste\u015bmy od 30 lat na rynku! Kup teraz i ciesz si\u0119 naszymi nogami przez lata!","robots":{"index":"index","follow":"follow","max-snippet":"max-snippet:-1","max-image-preview":"max-image-preview:large","max-video-preview":"max-video-preview:-1"},"canonical":"https:\/\/www.woodlegs.pl\/eng\/nogi-toczone\/nogi-drewniane-marsylia\/","og_locale":"en_GB","og_type":"article","og_title":"Nogi drewniane Marsylia - Nogi drewniane do sto\u0142u - Producent","og_description":"Wybierz nogi drewniane Marsylia i ciesz si\u0119 sto\u0142em w stylu Farmhouse! Jeste\u015bmy od 30 lat na rynku! Kup teraz i ciesz si\u0119 naszymi nogami przez lata!","og_url":"https:\/\/www.woodlegs.pl\/eng\/nogi-toczone\/nogi-drewniane-marsylia\/","og_site_name":"Woodlegs Company","article_publisher":"https:\/\/www.facebook.com\/woodlegs.company","article_modified_time":"2026-03-23T15:11:53+00:00","og_image":[{"width":1000,"height":1000,"url":"https:\/\/www.woodlegs.pl\/wp-content\/uploads\/2023\/03\/Marsylia.jpg","type":"image\/jpeg"}],"twitter_card":"summary_large_image","twitter_misc":{"Estimated reading time":"1 minute"},"schema":{"@context":"https:\/\/schema.org","@graph":[{"@type":"WebPage","@id":"https:\/\/www.woodlegs.pl\/nogi-toczone\/nogi-drewniane-marsylia\/","url":"https:\/\/www.woodlegs.pl\/nogi-toczone\/nogi-drewniane-marsylia\/","name":"Nogi drewniane Marsylia - Nogi drewniane do sto\u0142u - Producent","isPartOf":{"@id":"http:\/\/www.woodlegs.pl\/#website"},"primaryImageOfPage":{"@id":"https:\/\/www.woodlegs.pl\/nogi-toczone\/nogi-drewniane-marsylia\/#primaryimage"},"image":{"@id":"https:\/\/www.woodlegs.pl\/nogi-toczone\/nogi-drewniane-marsylia\/#primaryimage"},"thumbnailUrl":"https:\/\/www.woodlegs.pl\/wp-content\/uploads\/2023\/03\/Marsylia.jpg","datePublished":"2023-03-02T19:41:45+00:00","dateModified":"2026-03-23T15:11:53+00:00","description":"Wybierz nogi drewniane Marsylia i ciesz si\u0119 sto\u0142em w stylu Farmhouse! Jeste\u015bmy od 30 lat na rynku! Kup teraz i ciesz si\u0119 naszymi nogami przez lata!","breadcrumb":{"@id":"https:\/\/www.woodlegs.pl\/nogi-toczone\/nogi-drewniane-marsylia\/#breadcrumb"},"inLanguage":"en-GB","potentialAction":[{"@type":"ReadAction","target":["https:\/\/www.woodlegs.pl\/nogi-toczone\/nogi-drewniane-marsylia\/"]}]},{"@type":"ImageObject","inLanguage":"en-GB","@id":"https:\/\/www.woodlegs.pl\/nogi-toczone\/nogi-drewniane-marsylia\/#primaryimage","url":"https:\/\/www.woodlegs.pl\/wp-content\/uploads\/2023\/03\/Marsylia.jpg","contentUrl":"https:\/\/www.woodlegs.pl\/wp-content\/uploads\/2023\/03\/Marsylia.jpg","width":1000,"height":1000,"caption":"Nogi-drewniane-Marsylia-nogi-w-stylu-farmhouse-wybierz-nogi-toczone-do-sto\u0142u-i-ciesz-si\u0119-jego-wygl\u0105dem-i-funkcjonalno\u015bc\u0105-przez-lata.Nogi-drewniane-Marsylia-maj\u0105-pi\u0119kne-toczenia-kt\u00f3re-idealnie-pasuj\u0105-do-stylu-nowoczesnego-wiejskiego-domku"},{"@type":"BreadcrumbList","@id":"https:\/\/www.woodlegs.pl\/nogi-toczone\/nogi-drewniane-marsylia\/#breadcrumb","itemListElement":[{"@type":"ListItem","position":1,"name":"Strona g\u0142\u00f3wna","item":"http:\/\/www.woodlegs.pl\/"},{"@type":"ListItem","position":2,"name":"Sklep","item":"http:\/\/www.woodlegs.pl\/sklep\/"},{"@type":"ListItem","position":3,"name":"Nogi drewniane Marsylia"}]},{"@type":"WebSite","@id":"http:\/\/www.woodlegs.pl\/#website","url":"http:\/\/www.woodlegs.pl\/","name":"Woodlegs","description":"Producent n\u00f3g drewnianych, produkcja n\u00f3g drewnianych","publisher":{"@id":"http:\/\/www.woodlegs.pl\/#organization"},"potentialAction":[{"@type":"SearchAction","target":{"@type":"EntryPoint","urlTemplate":"http:\/\/www.woodlegs.pl\/?s={search_term_string}"},"query-input":{"@type":"PropertyValueSpecification","valueRequired":true,"valueName":"search_term_string"}}],"inLanguage":"en-GB"},{"@type":"Organization","@id":"http:\/\/www.woodlegs.pl\/#organization","name":"Woodlegs Company","url":"http:\/\/www.woodlegs.pl\/","logo":{"@type":"ImageObject","inLanguage":"en-GB","@id":"http:\/\/www.woodlegs.pl\/#\/schema\/logo\/image\/","url":"https:\/\/www.woodlegs.pl\/wp-content\/uploads\/2023\/03\/logo-3.png","contentUrl":"https:\/\/www.woodlegs.pl\/wp-content\/uploads\/2023\/03\/logo-3.png","width":605,"height":234,"caption":"Woodlegs Company"},"image":{"@id":"http:\/\/www.woodlegs.pl\/#\/schema\/logo\/image\/"},"sameAs":["https:\/\/www.facebook.com\/woodlegs.company","https:\/\/www.instagram.com\/woodlegs_company\/"]}]}},"_links":{"self":[{"href":"https:\/\/www.woodlegs.pl\/eng\/wp-json\/wp\/v2\/product\/2545","targetHints":{"allow":["GET"]}}],"collection":[{"href":"https:\/\/www.woodlegs.pl\/eng\/wp-json\/wp\/v2\/product"}],"about":[{"href":"https:\/\/www.woodlegs.pl\/eng\/wp-json\/wp\/v2\/types\/product"}],"wp:featuredmedia":[{"embeddable":true,"href":"https:\/\/www.woodlegs.pl\/eng\/wp-json\/wp\/v2\/media\/3938"}],"wp:attachment":[{"href":"https:\/\/www.woodlegs.pl\/eng\/wp-json\/wp\/v2\/media?parent=2545"}],"wp:term":[{"taxonomy":"product_brand","embeddable":true,"href":"https:\/\/www.woodlegs.pl\/eng\/wp-json\/wp\/v2\/product_brand?post=2545"},{"taxonomy":"product_cat","embeddable":true,"href":"https:\/\/www.woodlegs.pl\/eng\/wp-json\/wp\/v2\/product_cat?post=2545"},{"taxonomy":"product_tag","embeddable":true,"href":"https:\/\/www.woodlegs.pl\/eng\/wp-json\/wp\/v2\/product_tag?post=2545"}],"curies":[{"name":"wp","href":"https:\/\/api.w.org\/{rel}","templated":true}]}}