{"id":2563,"date":"2023-03-02T20:41:46","date_gmt":"2023-03-02T19:41:46","guid":{"rendered":"http:\/\/serwer174992.lh.pl\/autoinstalator\/serwer174992.lh.pl\/wordpress14552\/?post_type=product&#038;p=2563"},"modified":"2024-01-23T12:54:38","modified_gmt":"2024-01-23T11:54:38","slug":"nozki-do-mebli-lili-komoda","status":"publish","type":"product","link":"https:\/\/www.woodlegs.pl\/eng\/nogi-toczone\/nozki-do-mebli-lili-komoda\/","title":{"rendered":"Furniture feet Lili chest of drawers"},"content":{"rendered":"<p>The furniture legs of the Lili Chest of Drawers have a very subtle teardrop shape, which makes it very unique and elegant. It is the perfect complement to any armchair or chest of drawers.<br \/>\nThe leg of the Lili Chest of Drawers can be painted with a clear varnish as required or stained in any colour with stain or varnish.<br \/>\nBeech, ash and oak legs are also available.<br \/>\nThe picture shows a leg made of beech wood.<\/p>","protected":false},"excerpt":{"rendered":"<p>The furniture legs of the Lili Chest of Drawers have a very subtle teardrop shape, which makes it very unique and elegant. It is the perfect complement to any armchair or chest of drawers. The Lili Komoda leg can be painted with a colourless varnish or stained in any colour with a stain or varnish. It is possible to make the leg of beech, ash or oak wood. The photo shows a leg made of beech wood.<\/p>","protected":false},"featured_media":3985,"template":"","meta":[],"product_brand":[],"product_cat":[89,66],"product_tag":[],"class_list":{"0":"post-2563","1":"product","2":"type-product","3":"status-publish","4":"has-post-thumbnail","6":"product_cat-nozki-do-mebli","7":"product_cat-nogi-toczone","9":"first","10":"outofstock","11":"taxable","12":"shipping-taxable","13":"product-type-variable"},"yoast_head":"<!-- This site is optimized with the Yoast SEO plugin v26.2 - https:\/\/yoast.com\/wordpress\/plugins\/seo\/ -->\n<title>N\u00f3\u017cki drewniane do mebli - Lili Komoda - Sklep Woodlegs<\/title>\n<meta name=\"description\" content=\"Sprawd\u017a nasze n\u00f3\u017cki do mebli Lili Komoda. Delikatny wz\u00f3r nogi toczonej sprawdzi si\u0119 przy wielu bry\u0142ach meblowych. Gwarantujemy najwy\u017csz\u0105 jako\u015b\u0107 wykonania.\" \/>\n<meta name=\"robots\" content=\"index, follow, max-snippet:-1, max-image-preview:large, max-video-preview:-1\" \/>\n<link rel=\"canonical\" href=\"https:\/\/www.woodlegs.pl\/eng\/nogi-toczone\/nozki-do-mebli-lili-komoda\/\" \/>\n<meta property=\"og:locale\" content=\"en_GB\" \/>\n<meta property=\"og:type\" content=\"article\" \/>\n<meta property=\"og:title\" content=\"N\u00f3\u017cki drewniane do mebli - Lili Komoda - Sklep Woodlegs\" \/>\n<meta property=\"og:description\" content=\"Sprawd\u017a nasze n\u00f3\u017cki do mebli Lili Komoda. Delikatny wz\u00f3r nogi toczonej sprawdzi si\u0119 przy wielu bry\u0142ach meblowych. Gwarantujemy najwy\u017csz\u0105 jako\u015b\u0107 wykonania.\" \/>\n<meta property=\"og:url\" content=\"https:\/\/www.woodlegs.pl\/eng\/nogi-toczone\/nozki-do-mebli-lili-komoda\/\" \/>\n<meta property=\"og:site_name\" content=\"Woodlegs Company\" \/>\n<meta property=\"article:publisher\" content=\"https:\/\/www.facebook.com\/woodlegs.company\" \/>\n<meta property=\"article:modified_time\" content=\"2024-01-23T11:54:38+00:00\" \/>\n<meta property=\"og:image\" content=\"https:\/\/www.woodlegs.pl\/wp-content\/uploads\/2023\/03\/Lili-komoda.jpg\" \/>\n\t<meta property=\"og:image:width\" content=\"1000\" \/>\n\t<meta property=\"og:image:height\" content=\"1000\" \/>\n\t<meta property=\"og:image:type\" content=\"image\/jpeg\" \/>\n<meta name=\"twitter:card\" content=\"summary_large_image\" \/>\n<meta name=\"twitter:label1\" content=\"Estimated reading time\" \/>\n\t<meta name=\"twitter:data1\" content=\"1 minute\" \/>\n<script type=\"application\/ld+json\" class=\"yoast-schema-graph\">{\"@context\":\"https:\/\/schema.org\",\"@graph\":[{\"@type\":\"WebPage\",\"@id\":\"https:\/\/www.woodlegs.pl\/nogi-toczone\/nozki-do-mebli-lili-komoda\/\",\"url\":\"https:\/\/www.woodlegs.pl\/nogi-toczone\/nozki-do-mebli-lili-komoda\/\",\"name\":\"N\u00f3\u017cki drewniane do mebli - Lili Komoda - Sklep Woodlegs\",\"isPartOf\":{\"@id\":\"http:\/\/www.woodlegs.pl\/#website\"},\"primaryImageOfPage\":{\"@id\":\"https:\/\/www.woodlegs.pl\/nogi-toczone\/nozki-do-mebli-lili-komoda\/#primaryimage\"},\"image\":{\"@id\":\"https:\/\/www.woodlegs.pl\/nogi-toczone\/nozki-do-mebli-lili-komoda\/#primaryimage\"},\"thumbnailUrl\":\"https:\/\/www.woodlegs.pl\/wp-content\/uploads\/2023\/03\/Lili-komoda.jpg\",\"datePublished\":\"2023-03-02T19:41:46+00:00\",\"dateModified\":\"2024-01-23T11:54:38+00:00\",\"description\":\"Sprawd\u017a nasze n\u00f3\u017cki do mebli Lili Komoda. Delikatny wz\u00f3r nogi toczonej sprawdzi si\u0119 przy wielu bry\u0142ach meblowych. Gwarantujemy najwy\u017csz\u0105 jako\u015b\u0107 wykonania.\",\"breadcrumb\":{\"@id\":\"https:\/\/www.woodlegs.pl\/nogi-toczone\/nozki-do-mebli-lili-komoda\/#breadcrumb\"},\"inLanguage\":\"en-GB\",\"potentialAction\":[{\"@type\":\"ReadAction\",\"target\":[\"https:\/\/www.woodlegs.pl\/nogi-toczone\/nozki-do-mebli-lili-komoda\/\"]}]},{\"@type\":\"ImageObject\",\"inLanguage\":\"en-GB\",\"@id\":\"https:\/\/www.woodlegs.pl\/nogi-toczone\/nozki-do-mebli-lili-komoda\/#primaryimage\",\"url\":\"https:\/\/www.woodlegs.pl\/wp-content\/uploads\/2023\/03\/Lili-komoda.jpg\",\"contentUrl\":\"https:\/\/www.woodlegs.pl\/wp-content\/uploads\/2023\/03\/Lili-komoda.jpg\",\"width\":1000,\"height\":1000,\"caption\":\"N\u00f3\u017cki-do-mebli-lili-komoda-nogi-drewniane-toczone-delikatny-wz\u00f3r-noga-o-wysoko\u015bci-20cm-woodlegs-wooden-legs\"},{\"@type\":\"BreadcrumbList\",\"@id\":\"https:\/\/www.woodlegs.pl\/nogi-toczone\/nozki-do-mebli-lili-komoda\/#breadcrumb\",\"itemListElement\":[{\"@type\":\"ListItem\",\"position\":1,\"name\":\"Strona g\u0142\u00f3wna\",\"item\":\"http:\/\/www.woodlegs.pl\/\"},{\"@type\":\"ListItem\",\"position\":2,\"name\":\"Sklep\",\"item\":\"http:\/\/www.woodlegs.pl\/sklep\/\"},{\"@type\":\"ListItem\",\"position\":3,\"name\":\"N\u00f3\u017cki do mebli Lili Komoda\"}]},{\"@type\":\"WebSite\",\"@id\":\"http:\/\/www.woodlegs.pl\/#website\",\"url\":\"http:\/\/www.woodlegs.pl\/\",\"name\":\"Woodlegs\",\"description\":\"Producent n\u00f3g drewnianych, produkcja n\u00f3g drewnianych\",\"publisher\":{\"@id\":\"http:\/\/www.woodlegs.pl\/#organization\"},\"potentialAction\":[{\"@type\":\"SearchAction\",\"target\":{\"@type\":\"EntryPoint\",\"urlTemplate\":\"http:\/\/www.woodlegs.pl\/?s={search_term_string}\"},\"query-input\":{\"@type\":\"PropertyValueSpecification\",\"valueRequired\":true,\"valueName\":\"search_term_string\"}}],\"inLanguage\":\"en-GB\"},{\"@type\":\"Organization\",\"@id\":\"http:\/\/www.woodlegs.pl\/#organization\",\"name\":\"Woodlegs Company\",\"url\":\"http:\/\/www.woodlegs.pl\/\",\"logo\":{\"@type\":\"ImageObject\",\"inLanguage\":\"en-GB\",\"@id\":\"http:\/\/www.woodlegs.pl\/#\/schema\/logo\/image\/\",\"url\":\"https:\/\/www.woodlegs.pl\/wp-content\/uploads\/2023\/03\/logo-3.png\",\"contentUrl\":\"https:\/\/www.woodlegs.pl\/wp-content\/uploads\/2023\/03\/logo-3.png\",\"width\":605,\"height\":234,\"caption\":\"Woodlegs Company\"},\"image\":{\"@id\":\"http:\/\/www.woodlegs.pl\/#\/schema\/logo\/image\/\"},\"sameAs\":[\"https:\/\/www.facebook.com\/woodlegs.company\",\"https:\/\/www.instagram.com\/woodlegs_company\/\"]}]}<\/script>\n<!-- \/ Yoast SEO plugin. -->","yoast_head_json":{"title":"N\u00f3\u017cki drewniane do mebli - Lili Komoda - Sklep Woodlegs","description":"Sprawd\u017a nasze n\u00f3\u017cki do mebli Lili Komoda. Delikatny wz\u00f3r nogi toczonej sprawdzi si\u0119 przy wielu bry\u0142ach meblowych. Gwarantujemy najwy\u017csz\u0105 jako\u015b\u0107 wykonania.","robots":{"index":"index","follow":"follow","max-snippet":"max-snippet:-1","max-image-preview":"max-image-preview:large","max-video-preview":"max-video-preview:-1"},"canonical":"https:\/\/www.woodlegs.pl\/eng\/nogi-toczone\/nozki-do-mebli-lili-komoda\/","og_locale":"en_GB","og_type":"article","og_title":"N\u00f3\u017cki drewniane do mebli - Lili Komoda - Sklep Woodlegs","og_description":"Sprawd\u017a nasze n\u00f3\u017cki do mebli Lili Komoda. Delikatny wz\u00f3r nogi toczonej sprawdzi si\u0119 przy wielu bry\u0142ach meblowych. Gwarantujemy najwy\u017csz\u0105 jako\u015b\u0107 wykonania.","og_url":"https:\/\/www.woodlegs.pl\/eng\/nogi-toczone\/nozki-do-mebli-lili-komoda\/","og_site_name":"Woodlegs Company","article_publisher":"https:\/\/www.facebook.com\/woodlegs.company","article_modified_time":"2024-01-23T11:54:38+00:00","og_image":[{"width":1000,"height":1000,"url":"https:\/\/www.woodlegs.pl\/wp-content\/uploads\/2023\/03\/Lili-komoda.jpg","type":"image\/jpeg"}],"twitter_card":"summary_large_image","twitter_misc":{"Estimated reading time":"1 minute"},"schema":{"@context":"https:\/\/schema.org","@graph":[{"@type":"WebPage","@id":"https:\/\/www.woodlegs.pl\/nogi-toczone\/nozki-do-mebli-lili-komoda\/","url":"https:\/\/www.woodlegs.pl\/nogi-toczone\/nozki-do-mebli-lili-komoda\/","name":"N\u00f3\u017cki drewniane do mebli - Lili Komoda - Sklep Woodlegs","isPartOf":{"@id":"http:\/\/www.woodlegs.pl\/#website"},"primaryImageOfPage":{"@id":"https:\/\/www.woodlegs.pl\/nogi-toczone\/nozki-do-mebli-lili-komoda\/#primaryimage"},"image":{"@id":"https:\/\/www.woodlegs.pl\/nogi-toczone\/nozki-do-mebli-lili-komoda\/#primaryimage"},"thumbnailUrl":"https:\/\/www.woodlegs.pl\/wp-content\/uploads\/2023\/03\/Lili-komoda.jpg","datePublished":"2023-03-02T19:41:46+00:00","dateModified":"2024-01-23T11:54:38+00:00","description":"Sprawd\u017a nasze n\u00f3\u017cki do mebli Lili Komoda. Delikatny wz\u00f3r nogi toczonej sprawdzi si\u0119 przy wielu bry\u0142ach meblowych. Gwarantujemy najwy\u017csz\u0105 jako\u015b\u0107 wykonania.","breadcrumb":{"@id":"https:\/\/www.woodlegs.pl\/nogi-toczone\/nozki-do-mebli-lili-komoda\/#breadcrumb"},"inLanguage":"en-GB","potentialAction":[{"@type":"ReadAction","target":["https:\/\/www.woodlegs.pl\/nogi-toczone\/nozki-do-mebli-lili-komoda\/"]}]},{"@type":"ImageObject","inLanguage":"en-GB","@id":"https:\/\/www.woodlegs.pl\/nogi-toczone\/nozki-do-mebli-lili-komoda\/#primaryimage","url":"https:\/\/www.woodlegs.pl\/wp-content\/uploads\/2023\/03\/Lili-komoda.jpg","contentUrl":"https:\/\/www.woodlegs.pl\/wp-content\/uploads\/2023\/03\/Lili-komoda.jpg","width":1000,"height":1000,"caption":"N\u00f3\u017cki-do-mebli-lili-komoda-nogi-drewniane-toczone-delikatny-wz\u00f3r-noga-o-wysoko\u015bci-20cm-woodlegs-wooden-legs"},{"@type":"BreadcrumbList","@id":"https:\/\/www.woodlegs.pl\/nogi-toczone\/nozki-do-mebli-lili-komoda\/#breadcrumb","itemListElement":[{"@type":"ListItem","position":1,"name":"Strona g\u0142\u00f3wna","item":"http:\/\/www.woodlegs.pl\/"},{"@type":"ListItem","position":2,"name":"Sklep","item":"http:\/\/www.woodlegs.pl\/sklep\/"},{"@type":"ListItem","position":3,"name":"N\u00f3\u017cki do mebli Lili Komoda"}]},{"@type":"WebSite","@id":"http:\/\/www.woodlegs.pl\/#website","url":"http:\/\/www.woodlegs.pl\/","name":"Woodlegs","description":"Producent n\u00f3g drewnianych, produkcja n\u00f3g drewnianych","publisher":{"@id":"http:\/\/www.woodlegs.pl\/#organization"},"potentialAction":[{"@type":"SearchAction","target":{"@type":"EntryPoint","urlTemplate":"http:\/\/www.woodlegs.pl\/?s={search_term_string}"},"query-input":{"@type":"PropertyValueSpecification","valueRequired":true,"valueName":"search_term_string"}}],"inLanguage":"en-GB"},{"@type":"Organization","@id":"http:\/\/www.woodlegs.pl\/#organization","name":"Woodlegs Company","url":"http:\/\/www.woodlegs.pl\/","logo":{"@type":"ImageObject","inLanguage":"en-GB","@id":"http:\/\/www.woodlegs.pl\/#\/schema\/logo\/image\/","url":"https:\/\/www.woodlegs.pl\/wp-content\/uploads\/2023\/03\/logo-3.png","contentUrl":"https:\/\/www.woodlegs.pl\/wp-content\/uploads\/2023\/03\/logo-3.png","width":605,"height":234,"caption":"Woodlegs Company"},"image":{"@id":"http:\/\/www.woodlegs.pl\/#\/schema\/logo\/image\/"},"sameAs":["https:\/\/www.facebook.com\/woodlegs.company","https:\/\/www.instagram.com\/woodlegs_company\/"]}]}},"_links":{"self":[{"href":"https:\/\/www.woodlegs.pl\/eng\/wp-json\/wp\/v2\/product\/2563","targetHints":{"allow":["GET"]}}],"collection":[{"href":"https:\/\/www.woodlegs.pl\/eng\/wp-json\/wp\/v2\/product"}],"about":[{"href":"https:\/\/www.woodlegs.pl\/eng\/wp-json\/wp\/v2\/types\/product"}],"wp:featuredmedia":[{"embeddable":true,"href":"https:\/\/www.woodlegs.pl\/eng\/wp-json\/wp\/v2\/media\/3985"}],"wp:attachment":[{"href":"https:\/\/www.woodlegs.pl\/eng\/wp-json\/wp\/v2\/media?parent=2563"}],"wp:term":[{"taxonomy":"product_brand","embeddable":true,"href":"https:\/\/www.woodlegs.pl\/eng\/wp-json\/wp\/v2\/product_brand?post=2563"},{"taxonomy":"product_cat","embeddable":true,"href":"https:\/\/www.woodlegs.pl\/eng\/wp-json\/wp\/v2\/product_cat?post=2563"},{"taxonomy":"product_tag","embeddable":true,"href":"https:\/\/www.woodlegs.pl\/eng\/wp-json\/wp\/v2\/product_tag?post=2563"}],"curies":[{"name":"wp","href":"https:\/\/api.w.org\/{rel}","templated":true}]}}