{"id":2595,"date":"2023-03-02T20:41:52","date_gmt":"2023-03-02T19:41:52","guid":{"rendered":"http:\/\/serwer174992.lh.pl\/autoinstalator\/serwer174992.lh.pl\/wordpress14552\/?post_type=product&#038;p=2595"},"modified":"2026-04-17T07:55:43","modified_gmt":"2026-04-17T05:55:43","slug":"nogi-do-konsoli-lara-80-cm","status":"publish","type":"product","link":"https:\/\/www.woodlegs.pl\/eng\/nogi-do-konsoli\/nogi-do-konsoli-lara-80-cm\/","title":{"rendered":"Legs for Lara console 80 cm"},"content":{"rendered":"","protected":false},"excerpt":{"rendered":"<p>Not enough in stock? - Write to us!<\/p>","protected":false},"featured_media":4741,"template":"","meta":[],"product_brand":[],"product_cat":[66,82,67],"product_tag":[],"class_list":{"0":"post-2595","1":"product","2":"type-product","3":"status-publish","4":"has-post-thumbnail","6":"product_cat-nogi-toczone","7":"product_cat-noga-do-blatu-kuchennego","8":"product_cat-nogi-do-konsoli","10":"first","11":"instock","12":"taxable","13":"shipping-taxable","14":"purchasable","15":"product-type-variable"},"yoast_head":"<!-- This site is optimized with the Yoast SEO plugin v26.2 - https:\/\/yoast.com\/wordpress\/plugins\/seo\/ -->\n<title>Nogi do konsoli Lara 80 cm - nogi drewniane- Woodlegs Company<\/title>\n<meta name=\"description\" content=\"Nogi do konsoli Lara 80 cm zosta\u0142y stworzone z my\u015bl\u0105 o konsoli i toaletce. Pi\u0119kny toczony wz\u00f3r nogi drewnianej nada oryginalno\u015bci Twoi meblom. Kup teraz!\" \/>\n<meta name=\"robots\" content=\"index, follow, max-snippet:-1, max-image-preview:large, max-video-preview:-1\" \/>\n<link rel=\"canonical\" href=\"https:\/\/www.woodlegs.pl\/eng\/nogi-do-konsoli\/nogi-do-konsoli-lara-80-cm\/\" \/>\n<meta property=\"og:locale\" content=\"en_GB\" \/>\n<meta property=\"og:type\" content=\"article\" \/>\n<meta property=\"og:title\" content=\"Nogi do konsoli Lara 80 cm - nogi drewniane- Woodlegs Company\" \/>\n<meta property=\"og:description\" content=\"Nogi do konsoli Lara 80 cm zosta\u0142y stworzone z my\u015bl\u0105 o konsoli i toaletce. Pi\u0119kny toczony wz\u00f3r nogi drewnianej nada oryginalno\u015bci Twoi meblom. Kup teraz!\" \/>\n<meta property=\"og:url\" content=\"https:\/\/www.woodlegs.pl\/eng\/nogi-do-konsoli\/nogi-do-konsoli-lara-80-cm\/\" \/>\n<meta property=\"og:site_name\" content=\"Woodlegs Company\" \/>\n<meta property=\"article:publisher\" content=\"https:\/\/www.facebook.com\/woodlegs.company\" \/>\n<meta property=\"article:modified_time\" content=\"2026-04-17T05:55:43+00:00\" \/>\n<meta property=\"og:image\" content=\"https:\/\/www.woodlegs.pl\/wp-content\/uploads\/2023\/03\/lara-800.png\" \/>\n\t<meta property=\"og:image:width\" content=\"1000\" \/>\n\t<meta property=\"og:image:height\" content=\"1000\" \/>\n\t<meta property=\"og:image:type\" content=\"image\/png\" \/>\n<meta name=\"twitter:card\" content=\"summary_large_image\" \/>\n<meta name=\"twitter:label1\" content=\"Estimated reading time\" \/>\n\t<meta name=\"twitter:data1\" content=\"1 minute\" \/>\n<script type=\"application\/ld+json\" class=\"yoast-schema-graph\">{\"@context\":\"https:\/\/schema.org\",\"@graph\":[{\"@type\":\"WebPage\",\"@id\":\"https:\/\/www.woodlegs.pl\/nogi-do-konsoli\/nogi-do-konsoli-lara-80-cm\/\",\"url\":\"https:\/\/www.woodlegs.pl\/nogi-do-konsoli\/nogi-do-konsoli-lara-80-cm\/\",\"name\":\"Nogi do konsoli Lara 80 cm - nogi drewniane- Woodlegs Company\",\"isPartOf\":{\"@id\":\"http:\/\/www.woodlegs.pl\/#website\"},\"primaryImageOfPage\":{\"@id\":\"https:\/\/www.woodlegs.pl\/nogi-do-konsoli\/nogi-do-konsoli-lara-80-cm\/#primaryimage\"},\"image\":{\"@id\":\"https:\/\/www.woodlegs.pl\/nogi-do-konsoli\/nogi-do-konsoli-lara-80-cm\/#primaryimage\"},\"thumbnailUrl\":\"https:\/\/www.woodlegs.pl\/wp-content\/uploads\/2023\/03\/lara-800.png\",\"datePublished\":\"2023-03-02T19:41:52+00:00\",\"dateModified\":\"2026-04-17T05:55:43+00:00\",\"description\":\"Nogi do konsoli Lara 80 cm zosta\u0142y stworzone z my\u015bl\u0105 o konsoli i toaletce. Pi\u0119kny toczony wz\u00f3r nogi drewnianej nada oryginalno\u015bci Twoi meblom. Kup teraz!\",\"breadcrumb\":{\"@id\":\"https:\/\/www.woodlegs.pl\/nogi-do-konsoli\/nogi-do-konsoli-lara-80-cm\/#breadcrumb\"},\"inLanguage\":\"en-GB\",\"potentialAction\":[{\"@type\":\"ReadAction\",\"target\":[\"https:\/\/www.woodlegs.pl\/nogi-do-konsoli\/nogi-do-konsoli-lara-80-cm\/\"]}]},{\"@type\":\"ImageObject\",\"inLanguage\":\"en-GB\",\"@id\":\"https:\/\/www.woodlegs.pl\/nogi-do-konsoli\/nogi-do-konsoli-lara-80-cm\/#primaryimage\",\"url\":\"https:\/\/www.woodlegs.pl\/wp-content\/uploads\/2023\/03\/lara-800.png\",\"contentUrl\":\"https:\/\/www.woodlegs.pl\/wp-content\/uploads\/2023\/03\/lara-800.png\",\"width\":1000,\"height\":1000,\"caption\":\"nogi-do-konsoli-lara-80-cm-nogi-do-konsoli-nogi-do-toaletki-wykonane-z-drewna-bukowego-nogi-drewniane-wysokie-80-cm-nadaj\u0105-si\u0119-jako-nogi-do-wyspy-kuchennej-nogi-toczone-nogi-drewniane\"},{\"@type\":\"BreadcrumbList\",\"@id\":\"https:\/\/www.woodlegs.pl\/nogi-do-konsoli\/nogi-do-konsoli-lara-80-cm\/#breadcrumb\",\"itemListElement\":[{\"@type\":\"ListItem\",\"position\":1,\"name\":\"Strona g\u0142\u00f3wna\",\"item\":\"http:\/\/www.woodlegs.pl\/\"},{\"@type\":\"ListItem\",\"position\":2,\"name\":\"Sklep\",\"item\":\"http:\/\/www.woodlegs.pl\/sklep\/\"},{\"@type\":\"ListItem\",\"position\":3,\"name\":\"Nogi do konsoli Lara 80 cm\"}]},{\"@type\":\"WebSite\",\"@id\":\"http:\/\/www.woodlegs.pl\/#website\",\"url\":\"http:\/\/www.woodlegs.pl\/\",\"name\":\"Woodlegs\",\"description\":\"Producent n\u00f3g drewnianych, produkcja n\u00f3g drewnianych\",\"publisher\":{\"@id\":\"http:\/\/www.woodlegs.pl\/#organization\"},\"potentialAction\":[{\"@type\":\"SearchAction\",\"target\":{\"@type\":\"EntryPoint\",\"urlTemplate\":\"http:\/\/www.woodlegs.pl\/?s={search_term_string}\"},\"query-input\":{\"@type\":\"PropertyValueSpecification\",\"valueRequired\":true,\"valueName\":\"search_term_string\"}}],\"inLanguage\":\"en-GB\"},{\"@type\":\"Organization\",\"@id\":\"http:\/\/www.woodlegs.pl\/#organization\",\"name\":\"Woodlegs Company\",\"url\":\"http:\/\/www.woodlegs.pl\/\",\"logo\":{\"@type\":\"ImageObject\",\"inLanguage\":\"en-GB\",\"@id\":\"http:\/\/www.woodlegs.pl\/#\/schema\/logo\/image\/\",\"url\":\"https:\/\/www.woodlegs.pl\/wp-content\/uploads\/2023\/03\/logo-3.png\",\"contentUrl\":\"https:\/\/www.woodlegs.pl\/wp-content\/uploads\/2023\/03\/logo-3.png\",\"width\":605,\"height\":234,\"caption\":\"Woodlegs Company\"},\"image\":{\"@id\":\"http:\/\/www.woodlegs.pl\/#\/schema\/logo\/image\/\"},\"sameAs\":[\"https:\/\/www.facebook.com\/woodlegs.company\",\"https:\/\/www.instagram.com\/woodlegs_company\/\"]}]}<\/script>\n<!-- \/ Yoast SEO plugin. -->","yoast_head_json":{"title":"Nogi do konsoli Lara 80 cm - nogi drewniane- Woodlegs Company","description":"Nogi do konsoli Lara 80 cm zosta\u0142y stworzone z my\u015bl\u0105 o konsoli i toaletce. Pi\u0119kny toczony wz\u00f3r nogi drewnianej nada oryginalno\u015bci Twoi meblom. Kup teraz!","robots":{"index":"index","follow":"follow","max-snippet":"max-snippet:-1","max-image-preview":"max-image-preview:large","max-video-preview":"max-video-preview:-1"},"canonical":"https:\/\/www.woodlegs.pl\/eng\/nogi-do-konsoli\/nogi-do-konsoli-lara-80-cm\/","og_locale":"en_GB","og_type":"article","og_title":"Nogi do konsoli Lara 80 cm - nogi drewniane- Woodlegs Company","og_description":"Nogi do konsoli Lara 80 cm zosta\u0142y stworzone z my\u015bl\u0105 o konsoli i toaletce. Pi\u0119kny toczony wz\u00f3r nogi drewnianej nada oryginalno\u015bci Twoi meblom. Kup teraz!","og_url":"https:\/\/www.woodlegs.pl\/eng\/nogi-do-konsoli\/nogi-do-konsoli-lara-80-cm\/","og_site_name":"Woodlegs Company","article_publisher":"https:\/\/www.facebook.com\/woodlegs.company","article_modified_time":"2026-04-17T05:55:43+00:00","og_image":[{"width":1000,"height":1000,"url":"https:\/\/www.woodlegs.pl\/wp-content\/uploads\/2023\/03\/lara-800.png","type":"image\/png"}],"twitter_card":"summary_large_image","twitter_misc":{"Estimated reading time":"1 minute"},"schema":{"@context":"https:\/\/schema.org","@graph":[{"@type":"WebPage","@id":"https:\/\/www.woodlegs.pl\/nogi-do-konsoli\/nogi-do-konsoli-lara-80-cm\/","url":"https:\/\/www.woodlegs.pl\/nogi-do-konsoli\/nogi-do-konsoli-lara-80-cm\/","name":"Nogi do konsoli Lara 80 cm - nogi drewniane- Woodlegs Company","isPartOf":{"@id":"http:\/\/www.woodlegs.pl\/#website"},"primaryImageOfPage":{"@id":"https:\/\/www.woodlegs.pl\/nogi-do-konsoli\/nogi-do-konsoli-lara-80-cm\/#primaryimage"},"image":{"@id":"https:\/\/www.woodlegs.pl\/nogi-do-konsoli\/nogi-do-konsoli-lara-80-cm\/#primaryimage"},"thumbnailUrl":"https:\/\/www.woodlegs.pl\/wp-content\/uploads\/2023\/03\/lara-800.png","datePublished":"2023-03-02T19:41:52+00:00","dateModified":"2026-04-17T05:55:43+00:00","description":"Nogi do konsoli Lara 80 cm zosta\u0142y stworzone z my\u015bl\u0105 o konsoli i toaletce. Pi\u0119kny toczony wz\u00f3r nogi drewnianej nada oryginalno\u015bci Twoi meblom. Kup teraz!","breadcrumb":{"@id":"https:\/\/www.woodlegs.pl\/nogi-do-konsoli\/nogi-do-konsoli-lara-80-cm\/#breadcrumb"},"inLanguage":"en-GB","potentialAction":[{"@type":"ReadAction","target":["https:\/\/www.woodlegs.pl\/nogi-do-konsoli\/nogi-do-konsoli-lara-80-cm\/"]}]},{"@type":"ImageObject","inLanguage":"en-GB","@id":"https:\/\/www.woodlegs.pl\/nogi-do-konsoli\/nogi-do-konsoli-lara-80-cm\/#primaryimage","url":"https:\/\/www.woodlegs.pl\/wp-content\/uploads\/2023\/03\/lara-800.png","contentUrl":"https:\/\/www.woodlegs.pl\/wp-content\/uploads\/2023\/03\/lara-800.png","width":1000,"height":1000,"caption":"nogi-do-konsoli-lara-80-cm-nogi-do-konsoli-nogi-do-toaletki-wykonane-z-drewna-bukowego-nogi-drewniane-wysokie-80-cm-nadaj\u0105-si\u0119-jako-nogi-do-wyspy-kuchennej-nogi-toczone-nogi-drewniane"},{"@type":"BreadcrumbList","@id":"https:\/\/www.woodlegs.pl\/nogi-do-konsoli\/nogi-do-konsoli-lara-80-cm\/#breadcrumb","itemListElement":[{"@type":"ListItem","position":1,"name":"Strona g\u0142\u00f3wna","item":"http:\/\/www.woodlegs.pl\/"},{"@type":"ListItem","position":2,"name":"Sklep","item":"http:\/\/www.woodlegs.pl\/sklep\/"},{"@type":"ListItem","position":3,"name":"Nogi do konsoli Lara 80 cm"}]},{"@type":"WebSite","@id":"http:\/\/www.woodlegs.pl\/#website","url":"http:\/\/www.woodlegs.pl\/","name":"Woodlegs","description":"Producent n\u00f3g drewnianych, produkcja n\u00f3g drewnianych","publisher":{"@id":"http:\/\/www.woodlegs.pl\/#organization"},"potentialAction":[{"@type":"SearchAction","target":{"@type":"EntryPoint","urlTemplate":"http:\/\/www.woodlegs.pl\/?s={search_term_string}"},"query-input":{"@type":"PropertyValueSpecification","valueRequired":true,"valueName":"search_term_string"}}],"inLanguage":"en-GB"},{"@type":"Organization","@id":"http:\/\/www.woodlegs.pl\/#organization","name":"Woodlegs Company","url":"http:\/\/www.woodlegs.pl\/","logo":{"@type":"ImageObject","inLanguage":"en-GB","@id":"http:\/\/www.woodlegs.pl\/#\/schema\/logo\/image\/","url":"https:\/\/www.woodlegs.pl\/wp-content\/uploads\/2023\/03\/logo-3.png","contentUrl":"https:\/\/www.woodlegs.pl\/wp-content\/uploads\/2023\/03\/logo-3.png","width":605,"height":234,"caption":"Woodlegs Company"},"image":{"@id":"http:\/\/www.woodlegs.pl\/#\/schema\/logo\/image\/"},"sameAs":["https:\/\/www.facebook.com\/woodlegs.company","https:\/\/www.instagram.com\/woodlegs_company\/"]}]}},"_links":{"self":[{"href":"https:\/\/www.woodlegs.pl\/eng\/wp-json\/wp\/v2\/product\/2595","targetHints":{"allow":["GET"]}}],"collection":[{"href":"https:\/\/www.woodlegs.pl\/eng\/wp-json\/wp\/v2\/product"}],"about":[{"href":"https:\/\/www.woodlegs.pl\/eng\/wp-json\/wp\/v2\/types\/product"}],"wp:featuredmedia":[{"embeddable":true,"href":"https:\/\/www.woodlegs.pl\/eng\/wp-json\/wp\/v2\/media\/4741"}],"wp:attachment":[{"href":"https:\/\/www.woodlegs.pl\/eng\/wp-json\/wp\/v2\/media?parent=2595"}],"wp:term":[{"taxonomy":"product_brand","embeddable":true,"href":"https:\/\/www.woodlegs.pl\/eng\/wp-json\/wp\/v2\/product_brand?post=2595"},{"taxonomy":"product_cat","embeddable":true,"href":"https:\/\/www.woodlegs.pl\/eng\/wp-json\/wp\/v2\/product_cat?post=2595"},{"taxonomy":"product_tag","embeddable":true,"href":"https:\/\/www.woodlegs.pl\/eng\/wp-json\/wp\/v2\/product_tag?post=2595"}],"curies":[{"name":"wp","href":"https:\/\/api.w.org\/{rel}","templated":true}]}}