{"id":2601,"date":"2023-03-02T20:41:52","date_gmt":"2023-03-02T19:41:52","guid":{"rendered":"http:\/\/serwer174992.lh.pl\/autoinstalator\/serwer174992.lh.pl\/wordpress14552\/?post_type=product&#038;p=2601"},"modified":"2026-01-09T12:15:29","modified_gmt":"2026-01-09T11:15:29","slug":"nogi-drewniane-ludwik-cienki","status":"publish","type":"product","link":"https:\/\/www.woodlegs.pl\/eng\/nogi-drewniane-ludwik\/nogi-drewniane-ludwik-cienki\/","title":{"rendered":"Wooden legs Ludwik Thin"},"content":{"rendered":"","protected":false},"excerpt":{"rendered":"<p>Produkt wycofany z regularnej sprzeda\u017cy. Mo\u017cliwe zam\u00f3wienie tylko dla ilo\u015bci hurtowych.<\/p>\n<p>Zam\u00f3wienia mo\u017cna sk\u0142ada\u0107 przez e-mail.<\/p>","protected":false},"featured_media":3955,"template":"","meta":[],"product_brand":[],"product_cat":[68],"product_tag":[],"class_list":{"0":"post-2601","1":"product","2":"type-product","3":"status-publish","4":"has-post-thumbnail","6":"product_cat-nogi-drewniane-ludwik","8":"first","9":"outofstock","10":"taxable","11":"shipping-taxable","12":"product-type-variable"},"yoast_head":"<!-- This site is optimized with the Yoast SEO plugin v26.2 - https:\/\/yoast.com\/wordpress\/plugins\/seo\/ -->\n<title>Nogi drewniane Ludwik Cienki - Nogi do sto\u0142u Ludwik XVI - Sklep<\/title>\n<meta name=\"description\" content=\"Ponadczasowy wz\u00f3r nogi drewniane Ludwik Cienki inaczej zwane Ludwik XVI. Jeste\u015bmy producentem n\u00f3g drewnianych musisz sprawdzi\u0107 nasz\u0105 ofert\u0119!\" \/>\n<meta name=\"robots\" content=\"index, follow, max-snippet:-1, max-image-preview:large, max-video-preview:-1\" \/>\n<link rel=\"canonical\" href=\"https:\/\/www.woodlegs.pl\/eng\/nogi-drewniane-ludwik\/nogi-drewniane-ludwik-cienki\/\" \/>\n<meta property=\"og:locale\" content=\"en_GB\" \/>\n<meta property=\"og:type\" content=\"article\" \/>\n<meta property=\"og:title\" content=\"Nogi drewniane Ludwik Cienki - Nogi do sto\u0142u Ludwik XVI - Sklep\" \/>\n<meta property=\"og:description\" content=\"Ponadczasowy wz\u00f3r nogi drewniane Ludwik Cienki inaczej zwane Ludwik XVI. Jeste\u015bmy producentem n\u00f3g drewnianych musisz sprawdzi\u0107 nasz\u0105 ofert\u0119!\" \/>\n<meta property=\"og:url\" content=\"https:\/\/www.woodlegs.pl\/eng\/nogi-drewniane-ludwik\/nogi-drewniane-ludwik-cienki\/\" \/>\n<meta property=\"og:site_name\" content=\"Woodlegs Company\" \/>\n<meta property=\"article:publisher\" content=\"https:\/\/www.facebook.com\/woodlegs.company\" \/>\n<meta property=\"article:modified_time\" content=\"2026-01-09T11:15:29+00:00\" \/>\n<meta property=\"og:image\" content=\"https:\/\/www.woodlegs.pl\/wp-content\/uploads\/2023\/03\/Ludwik-Cienki.jpg\" \/>\n\t<meta property=\"og:image:width\" content=\"1000\" \/>\n\t<meta property=\"og:image:height\" content=\"1000\" \/>\n\t<meta property=\"og:image:type\" content=\"image\/jpeg\" \/>\n<meta name=\"twitter:card\" content=\"summary_large_image\" \/>\n<meta name=\"twitter:label1\" content=\"Estimated reading time\" \/>\n\t<meta name=\"twitter:data1\" content=\"1 minute\" \/>\n<script type=\"application\/ld+json\" class=\"yoast-schema-graph\">{\"@context\":\"https:\/\/schema.org\",\"@graph\":[{\"@type\":\"WebPage\",\"@id\":\"https:\/\/www.woodlegs.pl\/nogi-drewniane-ludwik\/nogi-drewniane-ludwik-cienki\/\",\"url\":\"https:\/\/www.woodlegs.pl\/nogi-drewniane-ludwik\/nogi-drewniane-ludwik-cienki\/\",\"name\":\"Nogi drewniane Ludwik Cienki - Nogi do sto\u0142u Ludwik XVI - Sklep\",\"isPartOf\":{\"@id\":\"http:\/\/www.woodlegs.pl\/#website\"},\"primaryImageOfPage\":{\"@id\":\"https:\/\/www.woodlegs.pl\/nogi-drewniane-ludwik\/nogi-drewniane-ludwik-cienki\/#primaryimage\"},\"image\":{\"@id\":\"https:\/\/www.woodlegs.pl\/nogi-drewniane-ludwik\/nogi-drewniane-ludwik-cienki\/#primaryimage\"},\"thumbnailUrl\":\"https:\/\/www.woodlegs.pl\/wp-content\/uploads\/2023\/03\/Ludwik-Cienki.jpg\",\"datePublished\":\"2023-03-02T19:41:52+00:00\",\"dateModified\":\"2026-01-09T11:15:29+00:00\",\"description\":\"Ponadczasowy wz\u00f3r nogi drewniane Ludwik Cienki inaczej zwane Ludwik XVI. Jeste\u015bmy producentem n\u00f3g drewnianych musisz sprawdzi\u0107 nasz\u0105 ofert\u0119!\",\"breadcrumb\":{\"@id\":\"https:\/\/www.woodlegs.pl\/nogi-drewniane-ludwik\/nogi-drewniane-ludwik-cienki\/#breadcrumb\"},\"inLanguage\":\"en-GB\",\"potentialAction\":[{\"@type\":\"ReadAction\",\"target\":[\"https:\/\/www.woodlegs.pl\/nogi-drewniane-ludwik\/nogi-drewniane-ludwik-cienki\/\"]}]},{\"@type\":\"ImageObject\",\"inLanguage\":\"en-GB\",\"@id\":\"https:\/\/www.woodlegs.pl\/nogi-drewniane-ludwik\/nogi-drewniane-ludwik-cienki\/#primaryimage\",\"url\":\"https:\/\/www.woodlegs.pl\/wp-content\/uploads\/2023\/03\/Ludwik-Cienki.jpg\",\"contentUrl\":\"https:\/\/www.woodlegs.pl\/wp-content\/uploads\/2023\/03\/Ludwik-Cienki.jpg\",\"width\":1000,\"height\":1000,\"caption\":\"nogi-dreniane-ludwik-Cienki-nogi-do-sto\u0142u-nogi-drewniane-do-toaletki-producent-n\u00f3g-drewnianych-ngi-ludwikXVI-woodlegs-company\"},{\"@type\":\"BreadcrumbList\",\"@id\":\"https:\/\/www.woodlegs.pl\/nogi-drewniane-ludwik\/nogi-drewniane-ludwik-cienki\/#breadcrumb\",\"itemListElement\":[{\"@type\":\"ListItem\",\"position\":1,\"name\":\"Strona g\u0142\u00f3wna\",\"item\":\"http:\/\/www.woodlegs.pl\/\"},{\"@type\":\"ListItem\",\"position\":2,\"name\":\"Sklep\",\"item\":\"http:\/\/www.woodlegs.pl\/sklep\/\"},{\"@type\":\"ListItem\",\"position\":3,\"name\":\"Nogi drewniane Ludwik Cienki\"}]},{\"@type\":\"WebSite\",\"@id\":\"http:\/\/www.woodlegs.pl\/#website\",\"url\":\"http:\/\/www.woodlegs.pl\/\",\"name\":\"Woodlegs\",\"description\":\"Producent n\u00f3g drewnianych, produkcja n\u00f3g drewnianych\",\"publisher\":{\"@id\":\"http:\/\/www.woodlegs.pl\/#organization\"},\"potentialAction\":[{\"@type\":\"SearchAction\",\"target\":{\"@type\":\"EntryPoint\",\"urlTemplate\":\"http:\/\/www.woodlegs.pl\/?s={search_term_string}\"},\"query-input\":{\"@type\":\"PropertyValueSpecification\",\"valueRequired\":true,\"valueName\":\"search_term_string\"}}],\"inLanguage\":\"en-GB\"},{\"@type\":\"Organization\",\"@id\":\"http:\/\/www.woodlegs.pl\/#organization\",\"name\":\"Woodlegs Company\",\"url\":\"http:\/\/www.woodlegs.pl\/\",\"logo\":{\"@type\":\"ImageObject\",\"inLanguage\":\"en-GB\",\"@id\":\"http:\/\/www.woodlegs.pl\/#\/schema\/logo\/image\/\",\"url\":\"https:\/\/www.woodlegs.pl\/wp-content\/uploads\/2023\/03\/logo-3.png\",\"contentUrl\":\"https:\/\/www.woodlegs.pl\/wp-content\/uploads\/2023\/03\/logo-3.png\",\"width\":605,\"height\":234,\"caption\":\"Woodlegs Company\"},\"image\":{\"@id\":\"http:\/\/www.woodlegs.pl\/#\/schema\/logo\/image\/\"},\"sameAs\":[\"https:\/\/www.facebook.com\/woodlegs.company\",\"https:\/\/www.instagram.com\/woodlegs_company\/\"]}]}<\/script>\n<!-- \/ Yoast SEO plugin. -->","yoast_head_json":{"title":"Nogi drewniane Ludwik Cienki - Nogi do sto\u0142u Ludwik XVI - Sklep","description":"Ponadczasowy wz\u00f3r nogi drewniane Ludwik Cienki inaczej zwane Ludwik XVI. Jeste\u015bmy producentem n\u00f3g drewnianych musisz sprawdzi\u0107 nasz\u0105 ofert\u0119!","robots":{"index":"index","follow":"follow","max-snippet":"max-snippet:-1","max-image-preview":"max-image-preview:large","max-video-preview":"max-video-preview:-1"},"canonical":"https:\/\/www.woodlegs.pl\/eng\/nogi-drewniane-ludwik\/nogi-drewniane-ludwik-cienki\/","og_locale":"en_GB","og_type":"article","og_title":"Nogi drewniane Ludwik Cienki - Nogi do sto\u0142u Ludwik XVI - Sklep","og_description":"Ponadczasowy wz\u00f3r nogi drewniane Ludwik Cienki inaczej zwane Ludwik XVI. Jeste\u015bmy producentem n\u00f3g drewnianych musisz sprawdzi\u0107 nasz\u0105 ofert\u0119!","og_url":"https:\/\/www.woodlegs.pl\/eng\/nogi-drewniane-ludwik\/nogi-drewniane-ludwik-cienki\/","og_site_name":"Woodlegs Company","article_publisher":"https:\/\/www.facebook.com\/woodlegs.company","article_modified_time":"2026-01-09T11:15:29+00:00","og_image":[{"width":1000,"height":1000,"url":"https:\/\/www.woodlegs.pl\/wp-content\/uploads\/2023\/03\/Ludwik-Cienki.jpg","type":"image\/jpeg"}],"twitter_card":"summary_large_image","twitter_misc":{"Estimated reading time":"1 minute"},"schema":{"@context":"https:\/\/schema.org","@graph":[{"@type":"WebPage","@id":"https:\/\/www.woodlegs.pl\/nogi-drewniane-ludwik\/nogi-drewniane-ludwik-cienki\/","url":"https:\/\/www.woodlegs.pl\/nogi-drewniane-ludwik\/nogi-drewniane-ludwik-cienki\/","name":"Nogi drewniane Ludwik Cienki - Nogi do sto\u0142u Ludwik XVI - Sklep","isPartOf":{"@id":"http:\/\/www.woodlegs.pl\/#website"},"primaryImageOfPage":{"@id":"https:\/\/www.woodlegs.pl\/nogi-drewniane-ludwik\/nogi-drewniane-ludwik-cienki\/#primaryimage"},"image":{"@id":"https:\/\/www.woodlegs.pl\/nogi-drewniane-ludwik\/nogi-drewniane-ludwik-cienki\/#primaryimage"},"thumbnailUrl":"https:\/\/www.woodlegs.pl\/wp-content\/uploads\/2023\/03\/Ludwik-Cienki.jpg","datePublished":"2023-03-02T19:41:52+00:00","dateModified":"2026-01-09T11:15:29+00:00","description":"Ponadczasowy wz\u00f3r nogi drewniane Ludwik Cienki inaczej zwane Ludwik XVI. Jeste\u015bmy producentem n\u00f3g drewnianych musisz sprawdzi\u0107 nasz\u0105 ofert\u0119!","breadcrumb":{"@id":"https:\/\/www.woodlegs.pl\/nogi-drewniane-ludwik\/nogi-drewniane-ludwik-cienki\/#breadcrumb"},"inLanguage":"en-GB","potentialAction":[{"@type":"ReadAction","target":["https:\/\/www.woodlegs.pl\/nogi-drewniane-ludwik\/nogi-drewniane-ludwik-cienki\/"]}]},{"@type":"ImageObject","inLanguage":"en-GB","@id":"https:\/\/www.woodlegs.pl\/nogi-drewniane-ludwik\/nogi-drewniane-ludwik-cienki\/#primaryimage","url":"https:\/\/www.woodlegs.pl\/wp-content\/uploads\/2023\/03\/Ludwik-Cienki.jpg","contentUrl":"https:\/\/www.woodlegs.pl\/wp-content\/uploads\/2023\/03\/Ludwik-Cienki.jpg","width":1000,"height":1000,"caption":"nogi-dreniane-ludwik-Cienki-nogi-do-sto\u0142u-nogi-drewniane-do-toaletki-producent-n\u00f3g-drewnianych-ngi-ludwikXVI-woodlegs-company"},{"@type":"BreadcrumbList","@id":"https:\/\/www.woodlegs.pl\/nogi-drewniane-ludwik\/nogi-drewniane-ludwik-cienki\/#breadcrumb","itemListElement":[{"@type":"ListItem","position":1,"name":"Strona g\u0142\u00f3wna","item":"http:\/\/www.woodlegs.pl\/"},{"@type":"ListItem","position":2,"name":"Sklep","item":"http:\/\/www.woodlegs.pl\/sklep\/"},{"@type":"ListItem","position":3,"name":"Nogi drewniane Ludwik Cienki"}]},{"@type":"WebSite","@id":"http:\/\/www.woodlegs.pl\/#website","url":"http:\/\/www.woodlegs.pl\/","name":"Woodlegs","description":"Producent n\u00f3g drewnianych, produkcja n\u00f3g drewnianych","publisher":{"@id":"http:\/\/www.woodlegs.pl\/#organization"},"potentialAction":[{"@type":"SearchAction","target":{"@type":"EntryPoint","urlTemplate":"http:\/\/www.woodlegs.pl\/?s={search_term_string}"},"query-input":{"@type":"PropertyValueSpecification","valueRequired":true,"valueName":"search_term_string"}}],"inLanguage":"en-GB"},{"@type":"Organization","@id":"http:\/\/www.woodlegs.pl\/#organization","name":"Woodlegs Company","url":"http:\/\/www.woodlegs.pl\/","logo":{"@type":"ImageObject","inLanguage":"en-GB","@id":"http:\/\/www.woodlegs.pl\/#\/schema\/logo\/image\/","url":"https:\/\/www.woodlegs.pl\/wp-content\/uploads\/2023\/03\/logo-3.png","contentUrl":"https:\/\/www.woodlegs.pl\/wp-content\/uploads\/2023\/03\/logo-3.png","width":605,"height":234,"caption":"Woodlegs Company"},"image":{"@id":"http:\/\/www.woodlegs.pl\/#\/schema\/logo\/image\/"},"sameAs":["https:\/\/www.facebook.com\/woodlegs.company","https:\/\/www.instagram.com\/woodlegs_company\/"]}]}},"_links":{"self":[{"href":"https:\/\/www.woodlegs.pl\/eng\/wp-json\/wp\/v2\/product\/2601","targetHints":{"allow":["GET"]}}],"collection":[{"href":"https:\/\/www.woodlegs.pl\/eng\/wp-json\/wp\/v2\/product"}],"about":[{"href":"https:\/\/www.woodlegs.pl\/eng\/wp-json\/wp\/v2\/types\/product"}],"wp:featuredmedia":[{"embeddable":true,"href":"https:\/\/www.woodlegs.pl\/eng\/wp-json\/wp\/v2\/media\/3955"}],"wp:attachment":[{"href":"https:\/\/www.woodlegs.pl\/eng\/wp-json\/wp\/v2\/media?parent=2601"}],"wp:term":[{"taxonomy":"product_brand","embeddable":true,"href":"https:\/\/www.woodlegs.pl\/eng\/wp-json\/wp\/v2\/product_brand?post=2601"},{"taxonomy":"product_cat","embeddable":true,"href":"https:\/\/www.woodlegs.pl\/eng\/wp-json\/wp\/v2\/product_cat?post=2601"},{"taxonomy":"product_tag","embeddable":true,"href":"https:\/\/www.woodlegs.pl\/eng\/wp-json\/wp\/v2\/product_tag?post=2601"}],"curies":[{"name":"wp","href":"https:\/\/api.w.org\/{rel}","templated":true}]}}