{"id":2658,"date":"2023-03-02T20:42:02","date_gmt":"2023-03-02T19:42:02","guid":{"rendered":"http:\/\/serwer174992.lh.pl\/autoinstalator\/serwer174992.lh.pl\/wordpress14552\/?post_type=product&#038;p=2658"},"modified":"2025-08-12T18:44:59","modified_gmt":"2025-08-12T16:44:59","slug":"nogi-do-stolika-pajak-lawa","status":"publish","type":"product","link":"https:\/\/www.woodlegs.pl\/eng\/nogi-drewniane-pajak\/nogi-do-stolika-pajak-lawa\/","title":{"rendered":"Table legs Pajak Bench"},"content":{"rendered":"<p>The legs for the Pajak Bench table are raw milled beech legs reminiscent of the S lister.<br \/>\nIt is 90 mm at the top base and 40 mm at the bottom.<br \/>\nHeight 470 mm. ideally suited for a coffee table<br \/>\nThe Pajak Bench leg can be painted with a clear varnish as required or stained in any colour with a stain or varnish.<\/p>\n<p>&nbsp;<\/p>","protected":false},"excerpt":{"rendered":"<p>The legs for the Pajak Bench table are raw milled beech legs reminiscent of the S lister. It has 90 mm at the upper base and 40 mm at the lower base. Height 470 mm. Ideally suited for a coffee table, the Pajak Bench leg can be painted with a clear varnish as required or stained in any colour with stain or varnish. &nbsp;<\/p>","protected":false},"featured_media":3976,"template":"","meta":[],"product_brand":[],"product_cat":[88,70],"product_tag":[],"class_list":{"0":"post-2658","1":"product","2":"type-product","3":"status-publish","4":"has-post-thumbnail","6":"product_cat-nogi-do-stolika","7":"product_cat-nogi-drewniane-pajak","9":"first","10":"outofstock","11":"taxable","12":"shipping-taxable","13":"product-type-variable"},"yoast_head":"<!-- This site is optimized with the Yoast SEO plugin v26.2 - https:\/\/yoast.com\/wordpress\/plugins\/seo\/ -->\n<title>Nogi do stolika Paj\u0105k \u0141awa 58 cm - Producent Woodlegs Company<\/title>\n<meta name=\"description\" content=\"Sprawd\u017a nasze nowoczesne nogi do stolika Paj\u0105k \u0141awa! Maj\u0105 58 cm wysoko\u015bci wi\u0119c idealnie sprawdz\u0105 si\u0119 jako nogi do stolika kawowego. Zobacz teraz!\" \/>\n<meta name=\"robots\" content=\"index, follow, max-snippet:-1, max-image-preview:large, max-video-preview:-1\" \/>\n<link rel=\"canonical\" href=\"https:\/\/www.woodlegs.pl\/eng\/nogi-drewniane-pajak\/nogi-do-stolika-pajak-lawa\/\" \/>\n<meta property=\"og:locale\" content=\"en_GB\" \/>\n<meta property=\"og:type\" content=\"article\" \/>\n<meta property=\"og:title\" content=\"Nogi do stolika Paj\u0105k \u0141awa 58 cm - Producent Woodlegs Company\" \/>\n<meta property=\"og:description\" content=\"Sprawd\u017a nasze nowoczesne nogi do stolika Paj\u0105k \u0141awa! Maj\u0105 58 cm wysoko\u015bci wi\u0119c idealnie sprawdz\u0105 si\u0119 jako nogi do stolika kawowego. Zobacz teraz!\" \/>\n<meta property=\"og:url\" content=\"https:\/\/www.woodlegs.pl\/eng\/nogi-drewniane-pajak\/nogi-do-stolika-pajak-lawa\/\" \/>\n<meta property=\"og:site_name\" content=\"Woodlegs Company\" \/>\n<meta property=\"article:publisher\" content=\"https:\/\/www.facebook.com\/woodlegs.company\" \/>\n<meta property=\"article:modified_time\" content=\"2025-08-12T16:44:59+00:00\" \/>\n<meta property=\"og:image\" content=\"https:\/\/www.woodlegs.pl\/wp-content\/uploads\/2023\/03\/Pajak-Lawa.jpg\" \/>\n\t<meta property=\"og:image:width\" content=\"1000\" \/>\n\t<meta property=\"og:image:height\" content=\"1000\" \/>\n\t<meta property=\"og:image:type\" content=\"image\/jpeg\" \/>\n<meta name=\"twitter:card\" content=\"summary_large_image\" \/>\n<meta name=\"twitter:label1\" content=\"Estimated reading time\" \/>\n\t<meta name=\"twitter:data1\" content=\"1 minute\" \/>\n<script type=\"application\/ld+json\" class=\"yoast-schema-graph\">{\"@context\":\"https:\/\/schema.org\",\"@graph\":[{\"@type\":\"WebPage\",\"@id\":\"https:\/\/www.woodlegs.pl\/nogi-drewniane-pajak\/nogi-do-stolika-pajak-lawa\/\",\"url\":\"https:\/\/www.woodlegs.pl\/nogi-drewniane-pajak\/nogi-do-stolika-pajak-lawa\/\",\"name\":\"Nogi do stolika Paj\u0105k \u0141awa 58 cm - Producent Woodlegs Company\",\"isPartOf\":{\"@id\":\"http:\/\/www.woodlegs.pl\/#website\"},\"primaryImageOfPage\":{\"@id\":\"https:\/\/www.woodlegs.pl\/nogi-drewniane-pajak\/nogi-do-stolika-pajak-lawa\/#primaryimage\"},\"image\":{\"@id\":\"https:\/\/www.woodlegs.pl\/nogi-drewniane-pajak\/nogi-do-stolika-pajak-lawa\/#primaryimage\"},\"thumbnailUrl\":\"https:\/\/www.woodlegs.pl\/wp-content\/uploads\/2023\/03\/Pajak-Lawa.jpg\",\"datePublished\":\"2023-03-02T19:42:02+00:00\",\"dateModified\":\"2025-08-12T16:44:59+00:00\",\"description\":\"Sprawd\u017a nasze nowoczesne nogi do stolika Paj\u0105k \u0141awa! Maj\u0105 58 cm wysoko\u015bci wi\u0119c idealnie sprawdz\u0105 si\u0119 jako nogi do stolika kawowego. Zobacz teraz!\",\"breadcrumb\":{\"@id\":\"https:\/\/www.woodlegs.pl\/nogi-drewniane-pajak\/nogi-do-stolika-pajak-lawa\/#breadcrumb\"},\"inLanguage\":\"en-GB\",\"potentialAction\":[{\"@type\":\"ReadAction\",\"target\":[\"https:\/\/www.woodlegs.pl\/nogi-drewniane-pajak\/nogi-do-stolika-pajak-lawa\/\"]}]},{\"@type\":\"ImageObject\",\"inLanguage\":\"en-GB\",\"@id\":\"https:\/\/www.woodlegs.pl\/nogi-drewniane-pajak\/nogi-do-stolika-pajak-lawa\/#primaryimage\",\"url\":\"https:\/\/www.woodlegs.pl\/wp-content\/uploads\/2023\/03\/Pajak-Lawa.jpg\",\"contentUrl\":\"https:\/\/www.woodlegs.pl\/wp-content\/uploads\/2023\/03\/Pajak-Lawa.jpg\",\"width\":1000,\"height\":1000,\"caption\":\"nogi-do-stolika-paj\u0105k-\u0142awa-to-nowoczesny-wz\u00f3r-nogi-drewnianej-kt\u00f3ra-wpasuje-si\u0119-w-ka\u017cde-wn\u0119trze-stworzona-przez-nas-noga-do-stolika-swoim-kszta\u0142tem-przypomina-liter\u0119-s-nogi-drewniane-bukowe-d\u0119bowe-jesionowe-producent-element\u00f3w-drewnianych\"},{\"@type\":\"BreadcrumbList\",\"@id\":\"https:\/\/www.woodlegs.pl\/nogi-drewniane-pajak\/nogi-do-stolika-pajak-lawa\/#breadcrumb\",\"itemListElement\":[{\"@type\":\"ListItem\",\"position\":1,\"name\":\"Strona g\u0142\u00f3wna\",\"item\":\"http:\/\/www.woodlegs.pl\/\"},{\"@type\":\"ListItem\",\"position\":2,\"name\":\"Sklep\",\"item\":\"http:\/\/www.woodlegs.pl\/sklep\/\"},{\"@type\":\"ListItem\",\"position\":3,\"name\":\"Nogi do stolika Paj\u0105k \u0141awa\"}]},{\"@type\":\"WebSite\",\"@id\":\"http:\/\/www.woodlegs.pl\/#website\",\"url\":\"http:\/\/www.woodlegs.pl\/\",\"name\":\"Woodlegs\",\"description\":\"Producent n\u00f3g drewnianych, produkcja n\u00f3g drewnianych\",\"publisher\":{\"@id\":\"http:\/\/www.woodlegs.pl\/#organization\"},\"potentialAction\":[{\"@type\":\"SearchAction\",\"target\":{\"@type\":\"EntryPoint\",\"urlTemplate\":\"http:\/\/www.woodlegs.pl\/?s={search_term_string}\"},\"query-input\":{\"@type\":\"PropertyValueSpecification\",\"valueRequired\":true,\"valueName\":\"search_term_string\"}}],\"inLanguage\":\"en-GB\"},{\"@type\":\"Organization\",\"@id\":\"http:\/\/www.woodlegs.pl\/#organization\",\"name\":\"Woodlegs Company\",\"url\":\"http:\/\/www.woodlegs.pl\/\",\"logo\":{\"@type\":\"ImageObject\",\"inLanguage\":\"en-GB\",\"@id\":\"http:\/\/www.woodlegs.pl\/#\/schema\/logo\/image\/\",\"url\":\"https:\/\/www.woodlegs.pl\/wp-content\/uploads\/2023\/03\/logo-3.png\",\"contentUrl\":\"https:\/\/www.woodlegs.pl\/wp-content\/uploads\/2023\/03\/logo-3.png\",\"width\":605,\"height\":234,\"caption\":\"Woodlegs Company\"},\"image\":{\"@id\":\"http:\/\/www.woodlegs.pl\/#\/schema\/logo\/image\/\"},\"sameAs\":[\"https:\/\/www.facebook.com\/woodlegs.company\",\"https:\/\/www.instagram.com\/woodlegs_company\/\"]}]}<\/script>\n<!-- \/ Yoast SEO plugin. -->","yoast_head_json":{"title":"Nogi do stolika Paj\u0105k \u0141awa 58 cm - Producent Woodlegs Company","description":"Sprawd\u017a nasze nowoczesne nogi do stolika Paj\u0105k \u0141awa! Maj\u0105 58 cm wysoko\u015bci wi\u0119c idealnie sprawdz\u0105 si\u0119 jako nogi do stolika kawowego. Zobacz teraz!","robots":{"index":"index","follow":"follow","max-snippet":"max-snippet:-1","max-image-preview":"max-image-preview:large","max-video-preview":"max-video-preview:-1"},"canonical":"https:\/\/www.woodlegs.pl\/eng\/nogi-drewniane-pajak\/nogi-do-stolika-pajak-lawa\/","og_locale":"en_GB","og_type":"article","og_title":"Nogi do stolika Paj\u0105k \u0141awa 58 cm - Producent Woodlegs Company","og_description":"Sprawd\u017a nasze nowoczesne nogi do stolika Paj\u0105k \u0141awa! Maj\u0105 58 cm wysoko\u015bci wi\u0119c idealnie sprawdz\u0105 si\u0119 jako nogi do stolika kawowego. Zobacz teraz!","og_url":"https:\/\/www.woodlegs.pl\/eng\/nogi-drewniane-pajak\/nogi-do-stolika-pajak-lawa\/","og_site_name":"Woodlegs Company","article_publisher":"https:\/\/www.facebook.com\/woodlegs.company","article_modified_time":"2025-08-12T16:44:59+00:00","og_image":[{"width":1000,"height":1000,"url":"https:\/\/www.woodlegs.pl\/wp-content\/uploads\/2023\/03\/Pajak-Lawa.jpg","type":"image\/jpeg"}],"twitter_card":"summary_large_image","twitter_misc":{"Estimated reading time":"1 minute"},"schema":{"@context":"https:\/\/schema.org","@graph":[{"@type":"WebPage","@id":"https:\/\/www.woodlegs.pl\/nogi-drewniane-pajak\/nogi-do-stolika-pajak-lawa\/","url":"https:\/\/www.woodlegs.pl\/nogi-drewniane-pajak\/nogi-do-stolika-pajak-lawa\/","name":"Nogi do stolika Paj\u0105k \u0141awa 58 cm - Producent Woodlegs Company","isPartOf":{"@id":"http:\/\/www.woodlegs.pl\/#website"},"primaryImageOfPage":{"@id":"https:\/\/www.woodlegs.pl\/nogi-drewniane-pajak\/nogi-do-stolika-pajak-lawa\/#primaryimage"},"image":{"@id":"https:\/\/www.woodlegs.pl\/nogi-drewniane-pajak\/nogi-do-stolika-pajak-lawa\/#primaryimage"},"thumbnailUrl":"https:\/\/www.woodlegs.pl\/wp-content\/uploads\/2023\/03\/Pajak-Lawa.jpg","datePublished":"2023-03-02T19:42:02+00:00","dateModified":"2025-08-12T16:44:59+00:00","description":"Sprawd\u017a nasze nowoczesne nogi do stolika Paj\u0105k \u0141awa! Maj\u0105 58 cm wysoko\u015bci wi\u0119c idealnie sprawdz\u0105 si\u0119 jako nogi do stolika kawowego. Zobacz teraz!","breadcrumb":{"@id":"https:\/\/www.woodlegs.pl\/nogi-drewniane-pajak\/nogi-do-stolika-pajak-lawa\/#breadcrumb"},"inLanguage":"en-GB","potentialAction":[{"@type":"ReadAction","target":["https:\/\/www.woodlegs.pl\/nogi-drewniane-pajak\/nogi-do-stolika-pajak-lawa\/"]}]},{"@type":"ImageObject","inLanguage":"en-GB","@id":"https:\/\/www.woodlegs.pl\/nogi-drewniane-pajak\/nogi-do-stolika-pajak-lawa\/#primaryimage","url":"https:\/\/www.woodlegs.pl\/wp-content\/uploads\/2023\/03\/Pajak-Lawa.jpg","contentUrl":"https:\/\/www.woodlegs.pl\/wp-content\/uploads\/2023\/03\/Pajak-Lawa.jpg","width":1000,"height":1000,"caption":"nogi-do-stolika-paj\u0105k-\u0142awa-to-nowoczesny-wz\u00f3r-nogi-drewnianej-kt\u00f3ra-wpasuje-si\u0119-w-ka\u017cde-wn\u0119trze-stworzona-przez-nas-noga-do-stolika-swoim-kszta\u0142tem-przypomina-liter\u0119-s-nogi-drewniane-bukowe-d\u0119bowe-jesionowe-producent-element\u00f3w-drewnianych"},{"@type":"BreadcrumbList","@id":"https:\/\/www.woodlegs.pl\/nogi-drewniane-pajak\/nogi-do-stolika-pajak-lawa\/#breadcrumb","itemListElement":[{"@type":"ListItem","position":1,"name":"Strona g\u0142\u00f3wna","item":"http:\/\/www.woodlegs.pl\/"},{"@type":"ListItem","position":2,"name":"Sklep","item":"http:\/\/www.woodlegs.pl\/sklep\/"},{"@type":"ListItem","position":3,"name":"Nogi do stolika Paj\u0105k \u0141awa"}]},{"@type":"WebSite","@id":"http:\/\/www.woodlegs.pl\/#website","url":"http:\/\/www.woodlegs.pl\/","name":"Woodlegs","description":"Producent n\u00f3g drewnianych, produkcja n\u00f3g drewnianych","publisher":{"@id":"http:\/\/www.woodlegs.pl\/#organization"},"potentialAction":[{"@type":"SearchAction","target":{"@type":"EntryPoint","urlTemplate":"http:\/\/www.woodlegs.pl\/?s={search_term_string}"},"query-input":{"@type":"PropertyValueSpecification","valueRequired":true,"valueName":"search_term_string"}}],"inLanguage":"en-GB"},{"@type":"Organization","@id":"http:\/\/www.woodlegs.pl\/#organization","name":"Woodlegs Company","url":"http:\/\/www.woodlegs.pl\/","logo":{"@type":"ImageObject","inLanguage":"en-GB","@id":"http:\/\/www.woodlegs.pl\/#\/schema\/logo\/image\/","url":"https:\/\/www.woodlegs.pl\/wp-content\/uploads\/2023\/03\/logo-3.png","contentUrl":"https:\/\/www.woodlegs.pl\/wp-content\/uploads\/2023\/03\/logo-3.png","width":605,"height":234,"caption":"Woodlegs Company"},"image":{"@id":"http:\/\/www.woodlegs.pl\/#\/schema\/logo\/image\/"},"sameAs":["https:\/\/www.facebook.com\/woodlegs.company","https:\/\/www.instagram.com\/woodlegs_company\/"]}]}},"_links":{"self":[{"href":"https:\/\/www.woodlegs.pl\/eng\/wp-json\/wp\/v2\/product\/2658","targetHints":{"allow":["GET"]}}],"collection":[{"href":"https:\/\/www.woodlegs.pl\/eng\/wp-json\/wp\/v2\/product"}],"about":[{"href":"https:\/\/www.woodlegs.pl\/eng\/wp-json\/wp\/v2\/types\/product"}],"wp:featuredmedia":[{"embeddable":true,"href":"https:\/\/www.woodlegs.pl\/eng\/wp-json\/wp\/v2\/media\/3976"}],"wp:attachment":[{"href":"https:\/\/www.woodlegs.pl\/eng\/wp-json\/wp\/v2\/media?parent=2658"}],"wp:term":[{"taxonomy":"product_brand","embeddable":true,"href":"https:\/\/www.woodlegs.pl\/eng\/wp-json\/wp\/v2\/product_brand?post=2658"},{"taxonomy":"product_cat","embeddable":true,"href":"https:\/\/www.woodlegs.pl\/eng\/wp-json\/wp\/v2\/product_cat?post=2658"},{"taxonomy":"product_tag","embeddable":true,"href":"https:\/\/www.woodlegs.pl\/eng\/wp-json\/wp\/v2\/product_tag?post=2658"}],"curies":[{"name":"wp","href":"https:\/\/api.w.org\/{rel}","templated":true}]}}