{"id":2662,"date":"2023-03-02T20:42:02","date_gmt":"2023-03-02T19:42:02","guid":{"rendered":"http:\/\/serwer174992.lh.pl\/autoinstalator\/serwer174992.lh.pl\/wordpress14552\/?post_type=product&#038;p=2662"},"modified":"2026-03-23T19:53:10","modified_gmt":"2026-03-23T18:53:10","slug":"nozki-meblowe-pajak-20-cm","status":"publish","type":"product","link":"https:\/\/www.woodlegs.pl\/eng\/nogi-drewniane-pajak\/nozki-meblowe-pajak-20-cm\/","title":{"rendered":"Furniture feet Pajak 20 cm"},"content":{"rendered":"<p>Beech raw milled leg Spider 200 mm resembles S-leaf.<br \/>\nIt is 65 mm at the top base and 40 mm at the bottom.<br \/>\nThe 200 mm height is ideal for all kinds of dressers and armchairs.<br \/>\nThe Pajak leg can be painted as desired with a clear varnish or stained in any colour with a stain or varnish.<\/p>\n<p>Beech, ash and oak legs are available.<br \/>\nThe picture shows a leg made of beech wood.<\/p>","protected":false},"excerpt":{"rendered":"<p>The beech raw milled leg of the Spider 200 mm resembles an S-leaf. It is 65 mm at the upper base and 40 mm at the lower base. The 200 mm height is ideal for all kinds of chests of drawers and armchairs. The Pajak leg can be painted with a clear varnish as required or stained in any colour with a stain or varnish. The leg can also be made of beech, ash or oak. On...<\/p>","protected":false},"featured_media":3974,"template":"","meta":[],"product_brand":[],"product_cat":[89,70],"product_tag":[],"class_list":{"0":"post-2662","1":"product","2":"type-product","3":"status-publish","4":"has-post-thumbnail","6":"product_cat-nozki-do-mebli","7":"product_cat-nogi-drewniane-pajak","9":"first","10":"instock","11":"taxable","12":"shipping-taxable","13":"purchasable","14":"product-type-variable"},"yoast_head":"<!-- This site is optimized with the Yoast SEO plugin v26.2 - https:\/\/yoast.com\/wordpress\/plugins\/seo\/ -->\n<title>N\u00f3\u017cki meblowe Paj\u0105k 20 cm - N\u00f3\u017cki do mebli-Producent Woodlegs<\/title>\n<meta name=\"description\" content=\"Poznaj nasz\u0105 szerok\u0105 ofert\u0119 n\u00f3\u017cek meblowych. Jeste\u015bmy przekonani, \u017ce znajdziesz odpowiednie dla siebie n\u00f3\u017cki do mebli. Sprawd\u017a ju\u017c teraz.\" \/>\n<meta name=\"robots\" content=\"index, follow, max-snippet:-1, max-image-preview:large, max-video-preview:-1\" \/>\n<link rel=\"canonical\" href=\"https:\/\/www.woodlegs.pl\/eng\/nogi-drewniane-pajak\/nozki-meblowe-pajak-20-cm\/\" \/>\n<meta property=\"og:locale\" content=\"en_GB\" \/>\n<meta property=\"og:type\" content=\"article\" \/>\n<meta property=\"og:title\" content=\"N\u00f3\u017cki meblowe Paj\u0105k 20 cm - N\u00f3\u017cki do mebli-Producent Woodlegs\" \/>\n<meta property=\"og:description\" content=\"Poznaj nasz\u0105 szerok\u0105 ofert\u0119 n\u00f3\u017cek meblowych. Jeste\u015bmy przekonani, \u017ce znajdziesz odpowiednie dla siebie n\u00f3\u017cki do mebli. Sprawd\u017a ju\u017c teraz.\" \/>\n<meta property=\"og:url\" content=\"https:\/\/www.woodlegs.pl\/eng\/nogi-drewniane-pajak\/nozki-meblowe-pajak-20-cm\/\" \/>\n<meta property=\"og:site_name\" content=\"Woodlegs Company\" \/>\n<meta property=\"article:publisher\" content=\"https:\/\/www.facebook.com\/woodlegs.company\" \/>\n<meta property=\"article:modified_time\" content=\"2026-03-23T18:53:10+00:00\" \/>\n<meta property=\"og:image\" content=\"https:\/\/www.woodlegs.pl\/wp-content\/uploads\/2023\/03\/Pajak-200-mm.jpg\" \/>\n\t<meta property=\"og:image:width\" content=\"1000\" \/>\n\t<meta property=\"og:image:height\" content=\"1000\" \/>\n\t<meta property=\"og:image:type\" content=\"image\/jpeg\" \/>\n<meta name=\"twitter:card\" content=\"summary_large_image\" \/>\n<meta name=\"twitter:label1\" content=\"Estimated reading time\" \/>\n\t<meta name=\"twitter:data1\" content=\"1 minute\" \/>\n<script type=\"application\/ld+json\" class=\"yoast-schema-graph\">{\"@context\":\"https:\/\/schema.org\",\"@graph\":[{\"@type\":\"WebPage\",\"@id\":\"https:\/\/www.woodlegs.pl\/nogi-drewniane-pajak\/nozki-meblowe-pajak-20-cm\/\",\"url\":\"https:\/\/www.woodlegs.pl\/nogi-drewniane-pajak\/nozki-meblowe-pajak-20-cm\/\",\"name\":\"N\u00f3\u017cki meblowe Paj\u0105k 20 cm - N\u00f3\u017cki do mebli-Producent Woodlegs\",\"isPartOf\":{\"@id\":\"http:\/\/www.woodlegs.pl\/#website\"},\"primaryImageOfPage\":{\"@id\":\"https:\/\/www.woodlegs.pl\/nogi-drewniane-pajak\/nozki-meblowe-pajak-20-cm\/#primaryimage\"},\"image\":{\"@id\":\"https:\/\/www.woodlegs.pl\/nogi-drewniane-pajak\/nozki-meblowe-pajak-20-cm\/#primaryimage\"},\"thumbnailUrl\":\"https:\/\/www.woodlegs.pl\/wp-content\/uploads\/2023\/03\/Pajak-200-mm.jpg\",\"datePublished\":\"2023-03-02T19:42:02+00:00\",\"dateModified\":\"2026-03-23T18:53:10+00:00\",\"description\":\"Poznaj nasz\u0105 szerok\u0105 ofert\u0119 n\u00f3\u017cek meblowych. Jeste\u015bmy przekonani, \u017ce znajdziesz odpowiednie dla siebie n\u00f3\u017cki do mebli. Sprawd\u017a ju\u017c teraz.\",\"breadcrumb\":{\"@id\":\"https:\/\/www.woodlegs.pl\/nogi-drewniane-pajak\/nozki-meblowe-pajak-20-cm\/#breadcrumb\"},\"inLanguage\":\"en-GB\",\"potentialAction\":[{\"@type\":\"ReadAction\",\"target\":[\"https:\/\/www.woodlegs.pl\/nogi-drewniane-pajak\/nozki-meblowe-pajak-20-cm\/\"]}]},{\"@type\":\"ImageObject\",\"inLanguage\":\"en-GB\",\"@id\":\"https:\/\/www.woodlegs.pl\/nogi-drewniane-pajak\/nozki-meblowe-pajak-20-cm\/#primaryimage\",\"url\":\"https:\/\/www.woodlegs.pl\/wp-content\/uploads\/2023\/03\/Pajak-200-mm.jpg\",\"contentUrl\":\"https:\/\/www.woodlegs.pl\/wp-content\/uploads\/2023\/03\/Pajak-200-mm.jpg\",\"width\":1000,\"height\":1000,\"caption\":\"n\u00f3\u017cki-meblowe-paj\u0105k-20-cm-n\u00f3\u017cki-do-mebli-noga-do-komody-noga-20-cm-drewniane-n\u00f3\u017cki-meblowe-producent-nog-drewnianych-woodlegs-company\"},{\"@type\":\"BreadcrumbList\",\"@id\":\"https:\/\/www.woodlegs.pl\/nogi-drewniane-pajak\/nozki-meblowe-pajak-20-cm\/#breadcrumb\",\"itemListElement\":[{\"@type\":\"ListItem\",\"position\":1,\"name\":\"Strona g\u0142\u00f3wna\",\"item\":\"http:\/\/www.woodlegs.pl\/\"},{\"@type\":\"ListItem\",\"position\":2,\"name\":\"Sklep\",\"item\":\"http:\/\/www.woodlegs.pl\/sklep\/\"},{\"@type\":\"ListItem\",\"position\":3,\"name\":\"N\u00f3\u017cki meblowe Paj\u0105k 20 cm\"}]},{\"@type\":\"WebSite\",\"@id\":\"http:\/\/www.woodlegs.pl\/#website\",\"url\":\"http:\/\/www.woodlegs.pl\/\",\"name\":\"Woodlegs\",\"description\":\"Producent n\u00f3g drewnianych, produkcja n\u00f3g drewnianych\",\"publisher\":{\"@id\":\"http:\/\/www.woodlegs.pl\/#organization\"},\"potentialAction\":[{\"@type\":\"SearchAction\",\"target\":{\"@type\":\"EntryPoint\",\"urlTemplate\":\"http:\/\/www.woodlegs.pl\/?s={search_term_string}\"},\"query-input\":{\"@type\":\"PropertyValueSpecification\",\"valueRequired\":true,\"valueName\":\"search_term_string\"}}],\"inLanguage\":\"en-GB\"},{\"@type\":\"Organization\",\"@id\":\"http:\/\/www.woodlegs.pl\/#organization\",\"name\":\"Woodlegs Company\",\"url\":\"http:\/\/www.woodlegs.pl\/\",\"logo\":{\"@type\":\"ImageObject\",\"inLanguage\":\"en-GB\",\"@id\":\"http:\/\/www.woodlegs.pl\/#\/schema\/logo\/image\/\",\"url\":\"https:\/\/www.woodlegs.pl\/wp-content\/uploads\/2023\/03\/logo-3.png\",\"contentUrl\":\"https:\/\/www.woodlegs.pl\/wp-content\/uploads\/2023\/03\/logo-3.png\",\"width\":605,\"height\":234,\"caption\":\"Woodlegs Company\"},\"image\":{\"@id\":\"http:\/\/www.woodlegs.pl\/#\/schema\/logo\/image\/\"},\"sameAs\":[\"https:\/\/www.facebook.com\/woodlegs.company\",\"https:\/\/www.instagram.com\/woodlegs_company\/\"]}]}<\/script>\n<!-- \/ Yoast SEO plugin. -->","yoast_head_json":{"title":"N\u00f3\u017cki meblowe Paj\u0105k 20 cm - N\u00f3\u017cki do mebli-Producent Woodlegs","description":"Poznaj nasz\u0105 szerok\u0105 ofert\u0119 n\u00f3\u017cek meblowych. Jeste\u015bmy przekonani, \u017ce znajdziesz odpowiednie dla siebie n\u00f3\u017cki do mebli. Sprawd\u017a ju\u017c teraz.","robots":{"index":"index","follow":"follow","max-snippet":"max-snippet:-1","max-image-preview":"max-image-preview:large","max-video-preview":"max-video-preview:-1"},"canonical":"https:\/\/www.woodlegs.pl\/eng\/nogi-drewniane-pajak\/nozki-meblowe-pajak-20-cm\/","og_locale":"en_GB","og_type":"article","og_title":"N\u00f3\u017cki meblowe Paj\u0105k 20 cm - N\u00f3\u017cki do mebli-Producent Woodlegs","og_description":"Poznaj nasz\u0105 szerok\u0105 ofert\u0119 n\u00f3\u017cek meblowych. Jeste\u015bmy przekonani, \u017ce znajdziesz odpowiednie dla siebie n\u00f3\u017cki do mebli. Sprawd\u017a ju\u017c teraz.","og_url":"https:\/\/www.woodlegs.pl\/eng\/nogi-drewniane-pajak\/nozki-meblowe-pajak-20-cm\/","og_site_name":"Woodlegs Company","article_publisher":"https:\/\/www.facebook.com\/woodlegs.company","article_modified_time":"2026-03-23T18:53:10+00:00","og_image":[{"width":1000,"height":1000,"url":"https:\/\/www.woodlegs.pl\/wp-content\/uploads\/2023\/03\/Pajak-200-mm.jpg","type":"image\/jpeg"}],"twitter_card":"summary_large_image","twitter_misc":{"Estimated reading time":"1 minute"},"schema":{"@context":"https:\/\/schema.org","@graph":[{"@type":"WebPage","@id":"https:\/\/www.woodlegs.pl\/nogi-drewniane-pajak\/nozki-meblowe-pajak-20-cm\/","url":"https:\/\/www.woodlegs.pl\/nogi-drewniane-pajak\/nozki-meblowe-pajak-20-cm\/","name":"N\u00f3\u017cki meblowe Paj\u0105k 20 cm - N\u00f3\u017cki do mebli-Producent Woodlegs","isPartOf":{"@id":"http:\/\/www.woodlegs.pl\/#website"},"primaryImageOfPage":{"@id":"https:\/\/www.woodlegs.pl\/nogi-drewniane-pajak\/nozki-meblowe-pajak-20-cm\/#primaryimage"},"image":{"@id":"https:\/\/www.woodlegs.pl\/nogi-drewniane-pajak\/nozki-meblowe-pajak-20-cm\/#primaryimage"},"thumbnailUrl":"https:\/\/www.woodlegs.pl\/wp-content\/uploads\/2023\/03\/Pajak-200-mm.jpg","datePublished":"2023-03-02T19:42:02+00:00","dateModified":"2026-03-23T18:53:10+00:00","description":"Poznaj nasz\u0105 szerok\u0105 ofert\u0119 n\u00f3\u017cek meblowych. Jeste\u015bmy przekonani, \u017ce znajdziesz odpowiednie dla siebie n\u00f3\u017cki do mebli. Sprawd\u017a ju\u017c teraz.","breadcrumb":{"@id":"https:\/\/www.woodlegs.pl\/nogi-drewniane-pajak\/nozki-meblowe-pajak-20-cm\/#breadcrumb"},"inLanguage":"en-GB","potentialAction":[{"@type":"ReadAction","target":["https:\/\/www.woodlegs.pl\/nogi-drewniane-pajak\/nozki-meblowe-pajak-20-cm\/"]}]},{"@type":"ImageObject","inLanguage":"en-GB","@id":"https:\/\/www.woodlegs.pl\/nogi-drewniane-pajak\/nozki-meblowe-pajak-20-cm\/#primaryimage","url":"https:\/\/www.woodlegs.pl\/wp-content\/uploads\/2023\/03\/Pajak-200-mm.jpg","contentUrl":"https:\/\/www.woodlegs.pl\/wp-content\/uploads\/2023\/03\/Pajak-200-mm.jpg","width":1000,"height":1000,"caption":"n\u00f3\u017cki-meblowe-paj\u0105k-20-cm-n\u00f3\u017cki-do-mebli-noga-do-komody-noga-20-cm-drewniane-n\u00f3\u017cki-meblowe-producent-nog-drewnianych-woodlegs-company"},{"@type":"BreadcrumbList","@id":"https:\/\/www.woodlegs.pl\/nogi-drewniane-pajak\/nozki-meblowe-pajak-20-cm\/#breadcrumb","itemListElement":[{"@type":"ListItem","position":1,"name":"Strona g\u0142\u00f3wna","item":"http:\/\/www.woodlegs.pl\/"},{"@type":"ListItem","position":2,"name":"Sklep","item":"http:\/\/www.woodlegs.pl\/sklep\/"},{"@type":"ListItem","position":3,"name":"N\u00f3\u017cki meblowe Paj\u0105k 20 cm"}]},{"@type":"WebSite","@id":"http:\/\/www.woodlegs.pl\/#website","url":"http:\/\/www.woodlegs.pl\/","name":"Woodlegs","description":"Producent n\u00f3g drewnianych, produkcja n\u00f3g drewnianych","publisher":{"@id":"http:\/\/www.woodlegs.pl\/#organization"},"potentialAction":[{"@type":"SearchAction","target":{"@type":"EntryPoint","urlTemplate":"http:\/\/www.woodlegs.pl\/?s={search_term_string}"},"query-input":{"@type":"PropertyValueSpecification","valueRequired":true,"valueName":"search_term_string"}}],"inLanguage":"en-GB"},{"@type":"Organization","@id":"http:\/\/www.woodlegs.pl\/#organization","name":"Woodlegs Company","url":"http:\/\/www.woodlegs.pl\/","logo":{"@type":"ImageObject","inLanguage":"en-GB","@id":"http:\/\/www.woodlegs.pl\/#\/schema\/logo\/image\/","url":"https:\/\/www.woodlegs.pl\/wp-content\/uploads\/2023\/03\/logo-3.png","contentUrl":"https:\/\/www.woodlegs.pl\/wp-content\/uploads\/2023\/03\/logo-3.png","width":605,"height":234,"caption":"Woodlegs Company"},"image":{"@id":"http:\/\/www.woodlegs.pl\/#\/schema\/logo\/image\/"},"sameAs":["https:\/\/www.facebook.com\/woodlegs.company","https:\/\/www.instagram.com\/woodlegs_company\/"]}]}},"_links":{"self":[{"href":"https:\/\/www.woodlegs.pl\/eng\/wp-json\/wp\/v2\/product\/2662","targetHints":{"allow":["GET"]}}],"collection":[{"href":"https:\/\/www.woodlegs.pl\/eng\/wp-json\/wp\/v2\/product"}],"about":[{"href":"https:\/\/www.woodlegs.pl\/eng\/wp-json\/wp\/v2\/types\/product"}],"wp:featuredmedia":[{"embeddable":true,"href":"https:\/\/www.woodlegs.pl\/eng\/wp-json\/wp\/v2\/media\/3974"}],"wp:attachment":[{"href":"https:\/\/www.woodlegs.pl\/eng\/wp-json\/wp\/v2\/media?parent=2662"}],"wp:term":[{"taxonomy":"product_brand","embeddable":true,"href":"https:\/\/www.woodlegs.pl\/eng\/wp-json\/wp\/v2\/product_brand?post=2662"},{"taxonomy":"product_cat","embeddable":true,"href":"https:\/\/www.woodlegs.pl\/eng\/wp-json\/wp\/v2\/product_cat?post=2662"},{"taxonomy":"product_tag","embeddable":true,"href":"https:\/\/www.woodlegs.pl\/eng\/wp-json\/wp\/v2\/product_tag?post=2662"}],"curies":[{"name":"wp","href":"https:\/\/api.w.org\/{rel}","templated":true}]}}