{"id":2692,"date":"2023-03-02T20:42:09","date_gmt":"2023-03-02T19:42:09","guid":{"rendered":"http:\/\/serwer174992.lh.pl\/autoinstalator\/serwer174992.lh.pl\/wordpress14552\/?post_type=product&#038;p=2692"},"modified":"2026-03-23T20:12:35","modified_gmt":"2026-03-23T19:12:35","slug":"noga-drewniana-kwadrat-8x8","status":"publish","type":"product","link":"https:\/\/www.woodlegs.pl\/eng\/nogi-drewniane-kwadrat\/noga-drewniana-kwadrat-8x8\/","title":{"rendered":"Wooden table legs Square 8\u00d78 cm"},"content":{"rendered":"<p>The price is for legs made of 6 mm fins.<br \/>\nThere are three blocks in the centre - two 70 mm and one 120 mm long. The bottom of the leg is finished with a delicate chamfer.<\/p>\n<p>&nbsp;<\/p>","protected":false},"excerpt":{"rendered":"<p>The price is for legs made of 6 mm fins. There are three blocks in the centre - two 70 mm and one 120 mm long. The bottom of the leg is finished with a delicate chamfer. &nbsp;<\/p>","protected":false},"featured_media":3966,"template":"","meta":[],"product_brand":[],"product_cat":[79,71],"product_tag":[],"class_list":{"0":"post-2692","1":"product","2":"type-product","3":"status-publish","4":"has-post-thumbnail","6":"product_cat-nogi-do-stolu","7":"product_cat-nogi-drewniane-kwadrat","9":"first","10":"instock","11":"taxable","12":"shipping-taxable","13":"purchasable","14":"product-type-variable"},"yoast_head":"<!-- This site is optimized with the Yoast SEO plugin v26.2 - https:\/\/yoast.com\/wordpress\/plugins\/seo\/ -->\n<title>Drewniane nogi do sto\u0142u Kwadrat 8x8 cm - Woodlegs Company<\/title>\n<meta name=\"robots\" content=\"index, follow, max-snippet:-1, max-image-preview:large, max-video-preview:-1\" \/>\n<link rel=\"canonical\" href=\"https:\/\/www.woodlegs.pl\/eng\/nogi-drewniane-kwadrat\/noga-drewniana-kwadrat-8x8\/\" \/>\n<meta property=\"og:locale\" content=\"en_GB\" \/>\n<meta property=\"og:type\" content=\"article\" \/>\n<meta property=\"og:title\" content=\"Drewniane nogi do sto\u0142u Kwadrat 8x8 cm - Woodlegs Company\" \/>\n<meta property=\"og:description\" content=\"Cena\u00a0dotyczy\u00a0n\u00f3g\u00a0wykonanych\u00a0z\u00a06\u00a0mm\u00a0lameli. W \u015brodku znajduj\u0105 si\u0119 trzy klocki- dwa o d\u0142ugo\u015bci 70 mm oraz 120 mm. D\u00f3\u0142 nogi wyko\u0144czony jest delikatn\u0105 faz\u0105. &nbsp;\" \/>\n<meta property=\"og:url\" content=\"https:\/\/www.woodlegs.pl\/eng\/nogi-drewniane-kwadrat\/noga-drewniana-kwadrat-8x8\/\" \/>\n<meta property=\"og:site_name\" content=\"Woodlegs Company\" \/>\n<meta property=\"article:publisher\" content=\"https:\/\/www.facebook.com\/woodlegs.company\" \/>\n<meta property=\"article:modified_time\" content=\"2026-03-23T19:12:35+00:00\" \/>\n<meta property=\"og:image\" content=\"https:\/\/www.woodlegs.pl\/wp-content\/uploads\/2023\/03\/Kwadrat-80x80-1.jpg\" \/>\n\t<meta property=\"og:image:width\" content=\"1000\" \/>\n\t<meta property=\"og:image:height\" content=\"1000\" \/>\n\t<meta property=\"og:image:type\" content=\"image\/jpeg\" \/>\n<meta name=\"twitter:card\" content=\"summary_large_image\" \/>\n<meta name=\"twitter:label1\" content=\"Estimated reading time\" \/>\n\t<meta name=\"twitter:data1\" content=\"1 minute\" \/>\n<script type=\"application\/ld+json\" class=\"yoast-schema-graph\">{\"@context\":\"https:\/\/schema.org\",\"@graph\":[{\"@type\":\"WebPage\",\"@id\":\"https:\/\/www.woodlegs.pl\/eng\/nogi-drewniane-kwadrat\/noga-drewniana-kwadrat-8x8\/\",\"url\":\"https:\/\/www.woodlegs.pl\/eng\/nogi-drewniane-kwadrat\/noga-drewniana-kwadrat-8x8\/\",\"name\":\"Drewniane nogi do sto\u0142u Kwadrat 8x8 cm - Woodlegs Company\",\"isPartOf\":{\"@id\":\"http:\/\/www.woodlegs.pl\/#website\"},\"primaryImageOfPage\":{\"@id\":\"https:\/\/www.woodlegs.pl\/eng\/nogi-drewniane-kwadrat\/noga-drewniana-kwadrat-8x8\/#primaryimage\"},\"image\":{\"@id\":\"https:\/\/www.woodlegs.pl\/eng\/nogi-drewniane-kwadrat\/noga-drewniana-kwadrat-8x8\/#primaryimage\"},\"thumbnailUrl\":\"https:\/\/www.woodlegs.pl\/wp-content\/uploads\/2023\/03\/Kwadrat-80x80-1.jpg\",\"datePublished\":\"2023-03-02T19:42:09+00:00\",\"dateModified\":\"2026-03-23T19:12:35+00:00\",\"breadcrumb\":{\"@id\":\"https:\/\/www.woodlegs.pl\/eng\/nogi-drewniane-kwadrat\/noga-drewniana-kwadrat-8x8\/#breadcrumb\"},\"inLanguage\":\"en-GB\",\"potentialAction\":[{\"@type\":\"ReadAction\",\"target\":[\"https:\/\/www.woodlegs.pl\/eng\/nogi-drewniane-kwadrat\/noga-drewniana-kwadrat-8x8\/\"]}]},{\"@type\":\"ImageObject\",\"inLanguage\":\"en-GB\",\"@id\":\"https:\/\/www.woodlegs.pl\/eng\/nogi-drewniane-kwadrat\/noga-drewniana-kwadrat-8x8\/#primaryimage\",\"url\":\"https:\/\/www.woodlegs.pl\/wp-content\/uploads\/2023\/03\/Kwadrat-80x80-1.jpg\",\"contentUrl\":\"https:\/\/www.woodlegs.pl\/wp-content\/uploads\/2023\/03\/Kwadrat-80x80-1.jpg\",\"width\":1000,\"height\":1000,\"caption\":\"nogi-drewniane-do-stolu-kwadrat-8x8-cm-woodlegs-producent-nog-drewnianych-noga-kwadrat-noga-do-stolu-nogi-bukowe-woodlegscompany\"},{\"@type\":\"BreadcrumbList\",\"@id\":\"https:\/\/www.woodlegs.pl\/eng\/nogi-drewniane-kwadrat\/noga-drewniana-kwadrat-8x8\/#breadcrumb\",\"itemListElement\":[{\"@type\":\"ListItem\",\"position\":1,\"name\":\"Strona g\u0142\u00f3wna\",\"item\":\"http:\/\/www.woodlegs.pl\/\"},{\"@type\":\"ListItem\",\"position\":2,\"name\":\"Sklep\",\"item\":\"http:\/\/www.woodlegs.pl\/sklep\/\"},{\"@type\":\"ListItem\",\"position\":3,\"name\":\"Drewniane nogi do sto\u0142u Kwadrat 8&#215;8 cm\"}]},{\"@type\":\"WebSite\",\"@id\":\"http:\/\/www.woodlegs.pl\/#website\",\"url\":\"http:\/\/www.woodlegs.pl\/\",\"name\":\"Woodlegs\",\"description\":\"Producent n\u00f3g drewnianych, produkcja n\u00f3g drewnianych\",\"publisher\":{\"@id\":\"http:\/\/www.woodlegs.pl\/#organization\"},\"potentialAction\":[{\"@type\":\"SearchAction\",\"target\":{\"@type\":\"EntryPoint\",\"urlTemplate\":\"http:\/\/www.woodlegs.pl\/?s={search_term_string}\"},\"query-input\":{\"@type\":\"PropertyValueSpecification\",\"valueRequired\":true,\"valueName\":\"search_term_string\"}}],\"inLanguage\":\"en-GB\"},{\"@type\":\"Organization\",\"@id\":\"http:\/\/www.woodlegs.pl\/#organization\",\"name\":\"Woodlegs Company\",\"url\":\"http:\/\/www.woodlegs.pl\/\",\"logo\":{\"@type\":\"ImageObject\",\"inLanguage\":\"en-GB\",\"@id\":\"http:\/\/www.woodlegs.pl\/#\/schema\/logo\/image\/\",\"url\":\"https:\/\/www.woodlegs.pl\/wp-content\/uploads\/2023\/03\/logo-3.png\",\"contentUrl\":\"https:\/\/www.woodlegs.pl\/wp-content\/uploads\/2023\/03\/logo-3.png\",\"width\":605,\"height\":234,\"caption\":\"Woodlegs Company\"},\"image\":{\"@id\":\"http:\/\/www.woodlegs.pl\/#\/schema\/logo\/image\/\"},\"sameAs\":[\"https:\/\/www.facebook.com\/woodlegs.company\",\"https:\/\/www.instagram.com\/woodlegs_company\/\"]}]}<\/script>\n<!-- \/ Yoast SEO plugin. -->","yoast_head_json":{"title":"Drewniane nogi do sto\u0142u Kwadrat 8x8 cm - Woodlegs Company","robots":{"index":"index","follow":"follow","max-snippet":"max-snippet:-1","max-image-preview":"max-image-preview:large","max-video-preview":"max-video-preview:-1"},"canonical":"https:\/\/www.woodlegs.pl\/eng\/nogi-drewniane-kwadrat\/noga-drewniana-kwadrat-8x8\/","og_locale":"en_GB","og_type":"article","og_title":"Drewniane nogi do sto\u0142u Kwadrat 8x8 cm - Woodlegs Company","og_description":"Cena\u00a0dotyczy\u00a0n\u00f3g\u00a0wykonanych\u00a0z\u00a06\u00a0mm\u00a0lameli. W \u015brodku znajduj\u0105 si\u0119 trzy klocki- dwa o d\u0142ugo\u015bci 70 mm oraz 120 mm. D\u00f3\u0142 nogi wyko\u0144czony jest delikatn\u0105 faz\u0105. &nbsp;","og_url":"https:\/\/www.woodlegs.pl\/eng\/nogi-drewniane-kwadrat\/noga-drewniana-kwadrat-8x8\/","og_site_name":"Woodlegs Company","article_publisher":"https:\/\/www.facebook.com\/woodlegs.company","article_modified_time":"2026-03-23T19:12:35+00:00","og_image":[{"width":1000,"height":1000,"url":"https:\/\/www.woodlegs.pl\/wp-content\/uploads\/2023\/03\/Kwadrat-80x80-1.jpg","type":"image\/jpeg"}],"twitter_card":"summary_large_image","twitter_misc":{"Estimated reading time":"1 minute"},"schema":{"@context":"https:\/\/schema.org","@graph":[{"@type":"WebPage","@id":"https:\/\/www.woodlegs.pl\/eng\/nogi-drewniane-kwadrat\/noga-drewniana-kwadrat-8x8\/","url":"https:\/\/www.woodlegs.pl\/eng\/nogi-drewniane-kwadrat\/noga-drewniana-kwadrat-8x8\/","name":"Drewniane nogi do sto\u0142u Kwadrat 8x8 cm - Woodlegs Company","isPartOf":{"@id":"http:\/\/www.woodlegs.pl\/#website"},"primaryImageOfPage":{"@id":"https:\/\/www.woodlegs.pl\/eng\/nogi-drewniane-kwadrat\/noga-drewniana-kwadrat-8x8\/#primaryimage"},"image":{"@id":"https:\/\/www.woodlegs.pl\/eng\/nogi-drewniane-kwadrat\/noga-drewniana-kwadrat-8x8\/#primaryimage"},"thumbnailUrl":"https:\/\/www.woodlegs.pl\/wp-content\/uploads\/2023\/03\/Kwadrat-80x80-1.jpg","datePublished":"2023-03-02T19:42:09+00:00","dateModified":"2026-03-23T19:12:35+00:00","breadcrumb":{"@id":"https:\/\/www.woodlegs.pl\/eng\/nogi-drewniane-kwadrat\/noga-drewniana-kwadrat-8x8\/#breadcrumb"},"inLanguage":"en-GB","potentialAction":[{"@type":"ReadAction","target":["https:\/\/www.woodlegs.pl\/eng\/nogi-drewniane-kwadrat\/noga-drewniana-kwadrat-8x8\/"]}]},{"@type":"ImageObject","inLanguage":"en-GB","@id":"https:\/\/www.woodlegs.pl\/eng\/nogi-drewniane-kwadrat\/noga-drewniana-kwadrat-8x8\/#primaryimage","url":"https:\/\/www.woodlegs.pl\/wp-content\/uploads\/2023\/03\/Kwadrat-80x80-1.jpg","contentUrl":"https:\/\/www.woodlegs.pl\/wp-content\/uploads\/2023\/03\/Kwadrat-80x80-1.jpg","width":1000,"height":1000,"caption":"nogi-drewniane-do-stolu-kwadrat-8x8-cm-woodlegs-producent-nog-drewnianych-noga-kwadrat-noga-do-stolu-nogi-bukowe-woodlegscompany"},{"@type":"BreadcrumbList","@id":"https:\/\/www.woodlegs.pl\/eng\/nogi-drewniane-kwadrat\/noga-drewniana-kwadrat-8x8\/#breadcrumb","itemListElement":[{"@type":"ListItem","position":1,"name":"Strona g\u0142\u00f3wna","item":"http:\/\/www.woodlegs.pl\/"},{"@type":"ListItem","position":2,"name":"Sklep","item":"http:\/\/www.woodlegs.pl\/sklep\/"},{"@type":"ListItem","position":3,"name":"Drewniane nogi do sto\u0142u Kwadrat 8&#215;8 cm"}]},{"@type":"WebSite","@id":"http:\/\/www.woodlegs.pl\/#website","url":"http:\/\/www.woodlegs.pl\/","name":"Woodlegs","description":"Producent n\u00f3g drewnianych, produkcja n\u00f3g drewnianych","publisher":{"@id":"http:\/\/www.woodlegs.pl\/#organization"},"potentialAction":[{"@type":"SearchAction","target":{"@type":"EntryPoint","urlTemplate":"http:\/\/www.woodlegs.pl\/?s={search_term_string}"},"query-input":{"@type":"PropertyValueSpecification","valueRequired":true,"valueName":"search_term_string"}}],"inLanguage":"en-GB"},{"@type":"Organization","@id":"http:\/\/www.woodlegs.pl\/#organization","name":"Woodlegs Company","url":"http:\/\/www.woodlegs.pl\/","logo":{"@type":"ImageObject","inLanguage":"en-GB","@id":"http:\/\/www.woodlegs.pl\/#\/schema\/logo\/image\/","url":"https:\/\/www.woodlegs.pl\/wp-content\/uploads\/2023\/03\/logo-3.png","contentUrl":"https:\/\/www.woodlegs.pl\/wp-content\/uploads\/2023\/03\/logo-3.png","width":605,"height":234,"caption":"Woodlegs Company"},"image":{"@id":"http:\/\/www.woodlegs.pl\/#\/schema\/logo\/image\/"},"sameAs":["https:\/\/www.facebook.com\/woodlegs.company","https:\/\/www.instagram.com\/woodlegs_company\/"]}]}},"_links":{"self":[{"href":"https:\/\/www.woodlegs.pl\/eng\/wp-json\/wp\/v2\/product\/2692","targetHints":{"allow":["GET"]}}],"collection":[{"href":"https:\/\/www.woodlegs.pl\/eng\/wp-json\/wp\/v2\/product"}],"about":[{"href":"https:\/\/www.woodlegs.pl\/eng\/wp-json\/wp\/v2\/types\/product"}],"wp:featuredmedia":[{"embeddable":true,"href":"https:\/\/www.woodlegs.pl\/eng\/wp-json\/wp\/v2\/media\/3966"}],"wp:attachment":[{"href":"https:\/\/www.woodlegs.pl\/eng\/wp-json\/wp\/v2\/media?parent=2692"}],"wp:term":[{"taxonomy":"product_brand","embeddable":true,"href":"https:\/\/www.woodlegs.pl\/eng\/wp-json\/wp\/v2\/product_brand?post=2692"},{"taxonomy":"product_cat","embeddable":true,"href":"https:\/\/www.woodlegs.pl\/eng\/wp-json\/wp\/v2\/product_cat?post=2692"},{"taxonomy":"product_tag","embeddable":true,"href":"https:\/\/www.woodlegs.pl\/eng\/wp-json\/wp\/v2\/product_tag?post=2692"}],"curies":[{"name":"wp","href":"https:\/\/api.w.org\/{rel}","templated":true}]}}