{"id":2694,"date":"2023-03-02T20:42:09","date_gmt":"2023-03-02T19:42:09","guid":{"rendered":"http:\/\/serwer174992.lh.pl\/autoinstalator\/serwer174992.lh.pl\/wordpress14552\/?post_type=product&#038;p=2694"},"modified":"2026-03-23T20:13:31","modified_gmt":"2026-03-23T19:13:31","slug":"nogi-do-stolika-kwadrat-8x8-cm","status":"publish","type":"product","link":"https:\/\/www.woodlegs.pl\/eng\/nogi-do-stolika\/nogi-do-stolika-kwadrat-8x8-cm\/","title":{"rendered":"Table legs Square 8\u00d78 cm"},"content":{"rendered":"<p><strong>Table legs Square 8\u00d78<\/strong> is a timeless and simple design. The wooden legs are made of beech or oak. It is possible to order legs made of ash wood, please contact us by e-mail. Beech wood is characterised by its light colouring with hardly visible grains. We like to use this material for wooden legs because of its hardness and durability. During everyday use, it is much harder to bruise furniture in this material than in legs made of pine, which is a soft wood. As a manufacturer of wooden legs, we recommend wooden legs made of beech wood. <strong>Table legs Square 8\u00d78<\/strong> made of oak are ideal if you want to preserve the natural shade of the wood. Oak wood is characterised by its unique grain, high wood porosity and golden colour.<\/p>\n<p>Not sure which leg material to choose? If you plan to varnish the leg in an opaque colour and don't care about the grain, choose a beech wood leg. This is a cheaper option and you won't be able to see under the varnish what wood it is made of anyway. If you want to keep the natural golden shade of the wood or you are varnishing while keeping the grain visible, opt for oak.<\/p>\n<p><strong>Table legs Square 8\u00d78\u00a0<\/strong>are solid wood legs made of solid wood with a section of 8\u00d78 cm and a height of 58 cm. This is the height designed for coffee tables. You can cut the leg to any size if required. We take care of the details, that's why each vertical edge has been gently broken so that you don't feel the sharpness of the leg, additionally we took care of finishing the bottom of the leg by making an R 2 chamfer.<\/p>\n<p>Are you looking for square wooden table legs with the same cross-section? Click on this <em><strong><a href=\"https:\/\/www.woodlegs.pl\/eng\/nogi-drewniane-kwadrat\/noga-drewniana-kwadrat-8x8\/\">link<\/a><\/strong><\/em> .<\/p>\n<p>&nbsp;<\/p>\n<p>&nbsp;<\/p>","protected":false},"excerpt":{"rendered":"<p>A simple and timeless coffee table model that will find its way into any interior is the Square wooden leg coffee table. If you want a coffee table that will be with you for many years and will match your interior, choose the Square coffee table legs.<\/p>","protected":false},"featured_media":3967,"template":"","meta":[],"product_brand":[],"product_cat":[88,71],"product_tag":[],"class_list":{"0":"post-2694","1":"product","2":"type-product","3":"status-publish","4":"has-post-thumbnail","6":"product_cat-nogi-do-stolika","7":"product_cat-nogi-drewniane-kwadrat","9":"first","10":"instock","11":"taxable","12":"shipping-taxable","13":"purchasable","14":"product-type-variable"},"yoast_head":"<!-- This site is optimized with the Yoast SEO plugin v26.2 - https:\/\/yoast.com\/wordpress\/plugins\/seo\/ -->\n<title>Nogi do stolika Kwadrat 8x8 cm-producent element\u00f3w drewnianych<\/title>\n<meta name=\"description\" content=\"Nogi do stolika Kwadrat 8x8 cm to prosty klasyczny wz\u00f3r n\u00f3g. Idealnie nadaj\u0105 si\u0119 do stolika kawowego. Gwarantujemy \u015bwietn\u0105 jako\u015b\u0107 i szybk\u0105 dostaw\u0119.\" \/>\n<meta name=\"robots\" content=\"index, follow, max-snippet:-1, max-image-preview:large, max-video-preview:-1\" \/>\n<link rel=\"canonical\" href=\"https:\/\/www.woodlegs.pl\/eng\/nogi-do-stolika\/nogi-do-stolika-kwadrat-8x8-cm\/\" \/>\n<meta property=\"og:locale\" content=\"en_GB\" \/>\n<meta property=\"og:type\" content=\"article\" \/>\n<meta property=\"og:title\" content=\"Nogi do stolika Kwadrat 8x8 cm-producent element\u00f3w drewnianych\" \/>\n<meta property=\"og:description\" content=\"Nogi do stolika Kwadrat 8x8 cm to prosty klasyczny wz\u00f3r n\u00f3g. Idealnie nadaj\u0105 si\u0119 do stolika kawowego. Gwarantujemy \u015bwietn\u0105 jako\u015b\u0107 i szybk\u0105 dostaw\u0119.\" \/>\n<meta property=\"og:url\" content=\"https:\/\/www.woodlegs.pl\/eng\/nogi-do-stolika\/nogi-do-stolika-kwadrat-8x8-cm\/\" \/>\n<meta property=\"og:site_name\" content=\"Woodlegs Company\" \/>\n<meta property=\"article:publisher\" content=\"https:\/\/www.facebook.com\/woodlegs.company\" \/>\n<meta property=\"article:modified_time\" content=\"2026-03-23T19:13:31+00:00\" \/>\n<meta property=\"og:image\" content=\"https:\/\/www.woodlegs.pl\/wp-content\/uploads\/2023\/03\/Kwadrat-80x80-Lawa.jpg\" \/>\n\t<meta property=\"og:image:width\" content=\"1000\" \/>\n\t<meta property=\"og:image:height\" content=\"1000\" \/>\n\t<meta property=\"og:image:type\" content=\"image\/jpeg\" \/>\n<meta name=\"twitter:card\" content=\"summary_large_image\" \/>\n<meta name=\"twitter:label1\" content=\"Estimated reading time\" \/>\n\t<meta name=\"twitter:data1\" content=\"2 minutes\" \/>\n<script type=\"application\/ld+json\" class=\"yoast-schema-graph\">{\"@context\":\"https:\/\/schema.org\",\"@graph\":[{\"@type\":\"WebPage\",\"@id\":\"https:\/\/www.woodlegs.pl\/nogi-do-stolika\/nogi-do-stolika-kwadrat-8x8-cm\/\",\"url\":\"https:\/\/www.woodlegs.pl\/nogi-do-stolika\/nogi-do-stolika-kwadrat-8x8-cm\/\",\"name\":\"Nogi do stolika Kwadrat 8x8 cm-producent element\u00f3w drewnianych\",\"isPartOf\":{\"@id\":\"http:\/\/www.woodlegs.pl\/#website\"},\"primaryImageOfPage\":{\"@id\":\"https:\/\/www.woodlegs.pl\/nogi-do-stolika\/nogi-do-stolika-kwadrat-8x8-cm\/#primaryimage\"},\"image\":{\"@id\":\"https:\/\/www.woodlegs.pl\/nogi-do-stolika\/nogi-do-stolika-kwadrat-8x8-cm\/#primaryimage\"},\"thumbnailUrl\":\"https:\/\/www.woodlegs.pl\/wp-content\/uploads\/2023\/03\/Kwadrat-80x80-Lawa.jpg\",\"datePublished\":\"2023-03-02T19:42:09+00:00\",\"dateModified\":\"2026-03-23T19:13:31+00:00\",\"description\":\"Nogi do stolika Kwadrat 8x8 cm to prosty klasyczny wz\u00f3r n\u00f3g. Idealnie nadaj\u0105 si\u0119 do stolika kawowego. Gwarantujemy \u015bwietn\u0105 jako\u015b\u0107 i szybk\u0105 dostaw\u0119.\",\"breadcrumb\":{\"@id\":\"https:\/\/www.woodlegs.pl\/nogi-do-stolika\/nogi-do-stolika-kwadrat-8x8-cm\/#breadcrumb\"},\"inLanguage\":\"en-GB\",\"potentialAction\":[{\"@type\":\"ReadAction\",\"target\":[\"https:\/\/www.woodlegs.pl\/nogi-do-stolika\/nogi-do-stolika-kwadrat-8x8-cm\/\"]}]},{\"@type\":\"ImageObject\",\"inLanguage\":\"en-GB\",\"@id\":\"https:\/\/www.woodlegs.pl\/nogi-do-stolika\/nogi-do-stolika-kwadrat-8x8-cm\/#primaryimage\",\"url\":\"https:\/\/www.woodlegs.pl\/wp-content\/uploads\/2023\/03\/Kwadrat-80x80-Lawa.jpg\",\"contentUrl\":\"https:\/\/www.woodlegs.pl\/wp-content\/uploads\/2023\/03\/Kwadrat-80x80-Lawa.jpg\",\"width\":1000,\"height\":1000,\"caption\":\"nogi-do-stolika-kwadrat-8x8-cm-nogi-drewniane-bukowe-producent-n\u00f3g-drewnianych-producent element\u00f3w-drewnianych-nogi-d\u0119bowe-bukowe-jesionowe\"},{\"@type\":\"BreadcrumbList\",\"@id\":\"https:\/\/www.woodlegs.pl\/nogi-do-stolika\/nogi-do-stolika-kwadrat-8x8-cm\/#breadcrumb\",\"itemListElement\":[{\"@type\":\"ListItem\",\"position\":1,\"name\":\"Strona g\u0142\u00f3wna\",\"item\":\"http:\/\/www.woodlegs.pl\/\"},{\"@type\":\"ListItem\",\"position\":2,\"name\":\"Sklep\",\"item\":\"http:\/\/www.woodlegs.pl\/sklep\/\"},{\"@type\":\"ListItem\",\"position\":3,\"name\":\"Nogi do stolika Kwadrat 8&#215;8 cm\"}]},{\"@type\":\"WebSite\",\"@id\":\"http:\/\/www.woodlegs.pl\/#website\",\"url\":\"http:\/\/www.woodlegs.pl\/\",\"name\":\"Woodlegs\",\"description\":\"Producent n\u00f3g drewnianych, produkcja n\u00f3g drewnianych\",\"publisher\":{\"@id\":\"http:\/\/www.woodlegs.pl\/#organization\"},\"potentialAction\":[{\"@type\":\"SearchAction\",\"target\":{\"@type\":\"EntryPoint\",\"urlTemplate\":\"http:\/\/www.woodlegs.pl\/?s={search_term_string}\"},\"query-input\":{\"@type\":\"PropertyValueSpecification\",\"valueRequired\":true,\"valueName\":\"search_term_string\"}}],\"inLanguage\":\"en-GB\"},{\"@type\":\"Organization\",\"@id\":\"http:\/\/www.woodlegs.pl\/#organization\",\"name\":\"Woodlegs Company\",\"url\":\"http:\/\/www.woodlegs.pl\/\",\"logo\":{\"@type\":\"ImageObject\",\"inLanguage\":\"en-GB\",\"@id\":\"http:\/\/www.woodlegs.pl\/#\/schema\/logo\/image\/\",\"url\":\"https:\/\/www.woodlegs.pl\/wp-content\/uploads\/2023\/03\/logo-3.png\",\"contentUrl\":\"https:\/\/www.woodlegs.pl\/wp-content\/uploads\/2023\/03\/logo-3.png\",\"width\":605,\"height\":234,\"caption\":\"Woodlegs Company\"},\"image\":{\"@id\":\"http:\/\/www.woodlegs.pl\/#\/schema\/logo\/image\/\"},\"sameAs\":[\"https:\/\/www.facebook.com\/woodlegs.company\",\"https:\/\/www.instagram.com\/woodlegs_company\/\"]}]}<\/script>\n<!-- \/ Yoast SEO plugin. -->","yoast_head_json":{"title":"Nogi do stolika Kwadrat 8x8 cm-producent element\u00f3w drewnianych","description":"Nogi do stolika Kwadrat 8x8 cm to prosty klasyczny wz\u00f3r n\u00f3g. Idealnie nadaj\u0105 si\u0119 do stolika kawowego. Gwarantujemy \u015bwietn\u0105 jako\u015b\u0107 i szybk\u0105 dostaw\u0119.","robots":{"index":"index","follow":"follow","max-snippet":"max-snippet:-1","max-image-preview":"max-image-preview:large","max-video-preview":"max-video-preview:-1"},"canonical":"https:\/\/www.woodlegs.pl\/eng\/nogi-do-stolika\/nogi-do-stolika-kwadrat-8x8-cm\/","og_locale":"en_GB","og_type":"article","og_title":"Nogi do stolika Kwadrat 8x8 cm-producent element\u00f3w drewnianych","og_description":"Nogi do stolika Kwadrat 8x8 cm to prosty klasyczny wz\u00f3r n\u00f3g. Idealnie nadaj\u0105 si\u0119 do stolika kawowego. Gwarantujemy \u015bwietn\u0105 jako\u015b\u0107 i szybk\u0105 dostaw\u0119.","og_url":"https:\/\/www.woodlegs.pl\/eng\/nogi-do-stolika\/nogi-do-stolika-kwadrat-8x8-cm\/","og_site_name":"Woodlegs Company","article_publisher":"https:\/\/www.facebook.com\/woodlegs.company","article_modified_time":"2026-03-23T19:13:31+00:00","og_image":[{"width":1000,"height":1000,"url":"https:\/\/www.woodlegs.pl\/wp-content\/uploads\/2023\/03\/Kwadrat-80x80-Lawa.jpg","type":"image\/jpeg"}],"twitter_card":"summary_large_image","twitter_misc":{"Estimated reading time":"2 minutes"},"schema":{"@context":"https:\/\/schema.org","@graph":[{"@type":"WebPage","@id":"https:\/\/www.woodlegs.pl\/nogi-do-stolika\/nogi-do-stolika-kwadrat-8x8-cm\/","url":"https:\/\/www.woodlegs.pl\/nogi-do-stolika\/nogi-do-stolika-kwadrat-8x8-cm\/","name":"Nogi do stolika Kwadrat 8x8 cm-producent element\u00f3w drewnianych","isPartOf":{"@id":"http:\/\/www.woodlegs.pl\/#website"},"primaryImageOfPage":{"@id":"https:\/\/www.woodlegs.pl\/nogi-do-stolika\/nogi-do-stolika-kwadrat-8x8-cm\/#primaryimage"},"image":{"@id":"https:\/\/www.woodlegs.pl\/nogi-do-stolika\/nogi-do-stolika-kwadrat-8x8-cm\/#primaryimage"},"thumbnailUrl":"https:\/\/www.woodlegs.pl\/wp-content\/uploads\/2023\/03\/Kwadrat-80x80-Lawa.jpg","datePublished":"2023-03-02T19:42:09+00:00","dateModified":"2026-03-23T19:13:31+00:00","description":"Nogi do stolika Kwadrat 8x8 cm to prosty klasyczny wz\u00f3r n\u00f3g. Idealnie nadaj\u0105 si\u0119 do stolika kawowego. Gwarantujemy \u015bwietn\u0105 jako\u015b\u0107 i szybk\u0105 dostaw\u0119.","breadcrumb":{"@id":"https:\/\/www.woodlegs.pl\/nogi-do-stolika\/nogi-do-stolika-kwadrat-8x8-cm\/#breadcrumb"},"inLanguage":"en-GB","potentialAction":[{"@type":"ReadAction","target":["https:\/\/www.woodlegs.pl\/nogi-do-stolika\/nogi-do-stolika-kwadrat-8x8-cm\/"]}]},{"@type":"ImageObject","inLanguage":"en-GB","@id":"https:\/\/www.woodlegs.pl\/nogi-do-stolika\/nogi-do-stolika-kwadrat-8x8-cm\/#primaryimage","url":"https:\/\/www.woodlegs.pl\/wp-content\/uploads\/2023\/03\/Kwadrat-80x80-Lawa.jpg","contentUrl":"https:\/\/www.woodlegs.pl\/wp-content\/uploads\/2023\/03\/Kwadrat-80x80-Lawa.jpg","width":1000,"height":1000,"caption":"nogi-do-stolika-kwadrat-8x8-cm-nogi-drewniane-bukowe-producent-n\u00f3g-drewnianych-producent element\u00f3w-drewnianych-nogi-d\u0119bowe-bukowe-jesionowe"},{"@type":"BreadcrumbList","@id":"https:\/\/www.woodlegs.pl\/nogi-do-stolika\/nogi-do-stolika-kwadrat-8x8-cm\/#breadcrumb","itemListElement":[{"@type":"ListItem","position":1,"name":"Strona g\u0142\u00f3wna","item":"http:\/\/www.woodlegs.pl\/"},{"@type":"ListItem","position":2,"name":"Sklep","item":"http:\/\/www.woodlegs.pl\/sklep\/"},{"@type":"ListItem","position":3,"name":"Nogi do stolika Kwadrat 8&#215;8 cm"}]},{"@type":"WebSite","@id":"http:\/\/www.woodlegs.pl\/#website","url":"http:\/\/www.woodlegs.pl\/","name":"Woodlegs","description":"Producent n\u00f3g drewnianych, produkcja n\u00f3g drewnianych","publisher":{"@id":"http:\/\/www.woodlegs.pl\/#organization"},"potentialAction":[{"@type":"SearchAction","target":{"@type":"EntryPoint","urlTemplate":"http:\/\/www.woodlegs.pl\/?s={search_term_string}"},"query-input":{"@type":"PropertyValueSpecification","valueRequired":true,"valueName":"search_term_string"}}],"inLanguage":"en-GB"},{"@type":"Organization","@id":"http:\/\/www.woodlegs.pl\/#organization","name":"Woodlegs Company","url":"http:\/\/www.woodlegs.pl\/","logo":{"@type":"ImageObject","inLanguage":"en-GB","@id":"http:\/\/www.woodlegs.pl\/#\/schema\/logo\/image\/","url":"https:\/\/www.woodlegs.pl\/wp-content\/uploads\/2023\/03\/logo-3.png","contentUrl":"https:\/\/www.woodlegs.pl\/wp-content\/uploads\/2023\/03\/logo-3.png","width":605,"height":234,"caption":"Woodlegs Company"},"image":{"@id":"http:\/\/www.woodlegs.pl\/#\/schema\/logo\/image\/"},"sameAs":["https:\/\/www.facebook.com\/woodlegs.company","https:\/\/www.instagram.com\/woodlegs_company\/"]}]}},"_links":{"self":[{"href":"https:\/\/www.woodlegs.pl\/eng\/wp-json\/wp\/v2\/product\/2694","targetHints":{"allow":["GET"]}}],"collection":[{"href":"https:\/\/www.woodlegs.pl\/eng\/wp-json\/wp\/v2\/product"}],"about":[{"href":"https:\/\/www.woodlegs.pl\/eng\/wp-json\/wp\/v2\/types\/product"}],"wp:featuredmedia":[{"embeddable":true,"href":"https:\/\/www.woodlegs.pl\/eng\/wp-json\/wp\/v2\/media\/3967"}],"wp:attachment":[{"href":"https:\/\/www.woodlegs.pl\/eng\/wp-json\/wp\/v2\/media?parent=2694"}],"wp:term":[{"taxonomy":"product_brand","embeddable":true,"href":"https:\/\/www.woodlegs.pl\/eng\/wp-json\/wp\/v2\/product_brand?post=2694"},{"taxonomy":"product_cat","embeddable":true,"href":"https:\/\/www.woodlegs.pl\/eng\/wp-json\/wp\/v2\/product_cat?post=2694"},{"taxonomy":"product_tag","embeddable":true,"href":"https:\/\/www.woodlegs.pl\/eng\/wp-json\/wp\/v2\/product_tag?post=2694"}],"curies":[{"name":"wp","href":"https:\/\/api.w.org\/{rel}","templated":true}]}}