{"id":2704,"date":"2023-03-02T20:42:09","date_gmt":"2023-03-02T19:42:09","guid":{"rendered":"http:\/\/serwer174992.lh.pl\/autoinstalator\/serwer174992.lh.pl\/wordpress14552\/?post_type=product&#038;p=2704"},"modified":"2023-10-04T12:58:14","modified_gmt":"2023-10-04T10:58:14","slug":"nozki-do-mebli-kwadrat-zaciety","status":"publish","type":"product","link":"https:\/\/www.woodlegs.pl\/eng\/nozki-do-mebli\/nozki-do-mebli-kwadrat-zaciety\/","title":{"rendered":"Furniture feet Square Fierce"},"content":{"rendered":"<p>The leg for the square-type chest of drawers has been jammed at a 10-degree angle on both sides.<br \/>\nThe leg in cross-section is 45\u00d735 mm, leg height 200 mm.<\/p>\n<p>&nbsp;<\/p>","protected":false},"excerpt":{"rendered":"<p>The leg for the square-type chest of drawers has been jammed at an angle of 10 degrees on both sides. The leg in cross-section is 45\u00d735 mm, leg height 200 mm. &nbsp;<\/p>","protected":false},"featured_media":3991,"template":"","meta":[],"product_brand":[],"product_cat":[89,71],"product_tag":[],"class_list":{"0":"post-2704","1":"product","2":"type-product","3":"status-publish","4":"has-post-thumbnail","6":"product_cat-nozki-do-mebli","7":"product_cat-nogi-drewniane-kwadrat","9":"first","10":"outofstock","11":"taxable","12":"shipping-taxable","13":"product-type-variable"},"yoast_head":"<!-- This site is optimized with the Yoast SEO plugin v26.2 - https:\/\/yoast.com\/wordpress\/plugins\/seo\/ -->\n<title>N\u00f3\u017cki do mebli Kwadrat Zaci\u0119ty - Woodlegs Company<\/title>\n<meta name=\"description\" content=\"N\u00f3\u017cki do mebli Kwadrat Zaci\u0119ty to n\u00f3\u017cki o prostym wzorze, zw\u0119\u017cane do do\u0142u. Zobacz sklep producenta n\u00f3g i element\u00f3w drewnianych Woodlegs Company.\" \/>\n<meta name=\"robots\" content=\"index, follow, max-snippet:-1, max-image-preview:large, max-video-preview:-1\" \/>\n<link rel=\"canonical\" href=\"https:\/\/www.woodlegs.pl\/eng\/nozki-do-mebli\/nozki-do-mebli-kwadrat-zaciety\/\" \/>\n<meta property=\"og:locale\" content=\"en_GB\" \/>\n<meta property=\"og:type\" content=\"article\" \/>\n<meta property=\"og:title\" content=\"N\u00f3\u017cki do mebli Kwadrat Zaci\u0119ty - Woodlegs Company\" \/>\n<meta property=\"og:description\" content=\"N\u00f3\u017cki do mebli Kwadrat Zaci\u0119ty to n\u00f3\u017cki o prostym wzorze, zw\u0119\u017cane do do\u0142u. Zobacz sklep producenta n\u00f3g i element\u00f3w drewnianych Woodlegs Company.\" \/>\n<meta property=\"og:url\" content=\"https:\/\/www.woodlegs.pl\/eng\/nozki-do-mebli\/nozki-do-mebli-kwadrat-zaciety\/\" \/>\n<meta property=\"og:site_name\" content=\"Woodlegs Company\" \/>\n<meta property=\"article:publisher\" content=\"https:\/\/www.facebook.com\/woodlegs.company\" \/>\n<meta property=\"article:modified_time\" content=\"2023-10-04T10:58:14+00:00\" \/>\n<meta property=\"og:image\" content=\"https:\/\/www.woodlegs.pl\/wp-content\/uploads\/2023\/03\/Komoda-Zacieta.jpg\" \/>\n\t<meta property=\"og:image:width\" content=\"1000\" \/>\n\t<meta property=\"og:image:height\" content=\"1000\" \/>\n\t<meta property=\"og:image:type\" content=\"image\/jpeg\" \/>\n<meta name=\"twitter:card\" content=\"summary_large_image\" \/>\n<meta name=\"twitter:label1\" content=\"Estimated reading time\" \/>\n\t<meta name=\"twitter:data1\" content=\"1 minute\" \/>\n<script type=\"application\/ld+json\" class=\"yoast-schema-graph\">{\"@context\":\"https:\/\/schema.org\",\"@graph\":[{\"@type\":\"WebPage\",\"@id\":\"https:\/\/www.woodlegs.pl\/nozki-do-mebli\/nozki-do-mebli-kwadrat-zaciety\/\",\"url\":\"https:\/\/www.woodlegs.pl\/nozki-do-mebli\/nozki-do-mebli-kwadrat-zaciety\/\",\"name\":\"N\u00f3\u017cki do mebli Kwadrat Zaci\u0119ty - Woodlegs Company\",\"isPartOf\":{\"@id\":\"http:\/\/www.woodlegs.pl\/#website\"},\"primaryImageOfPage\":{\"@id\":\"https:\/\/www.woodlegs.pl\/nozki-do-mebli\/nozki-do-mebli-kwadrat-zaciety\/#primaryimage\"},\"image\":{\"@id\":\"https:\/\/www.woodlegs.pl\/nozki-do-mebli\/nozki-do-mebli-kwadrat-zaciety\/#primaryimage\"},\"thumbnailUrl\":\"https:\/\/www.woodlegs.pl\/wp-content\/uploads\/2023\/03\/Komoda-Zacieta.jpg\",\"datePublished\":\"2023-03-02T19:42:09+00:00\",\"dateModified\":\"2023-10-04T10:58:14+00:00\",\"description\":\"N\u00f3\u017cki do mebli Kwadrat Zaci\u0119ty to n\u00f3\u017cki o prostym wzorze, zw\u0119\u017cane do do\u0142u. Zobacz sklep producenta n\u00f3g i element\u00f3w drewnianych Woodlegs Company.\",\"breadcrumb\":{\"@id\":\"https:\/\/www.woodlegs.pl\/nozki-do-mebli\/nozki-do-mebli-kwadrat-zaciety\/#breadcrumb\"},\"inLanguage\":\"en-GB\",\"potentialAction\":[{\"@type\":\"ReadAction\",\"target\":[\"https:\/\/www.woodlegs.pl\/nozki-do-mebli\/nozki-do-mebli-kwadrat-zaciety\/\"]}]},{\"@type\":\"ImageObject\",\"inLanguage\":\"en-GB\",\"@id\":\"https:\/\/www.woodlegs.pl\/nozki-do-mebli\/nozki-do-mebli-kwadrat-zaciety\/#primaryimage\",\"url\":\"https:\/\/www.woodlegs.pl\/wp-content\/uploads\/2023\/03\/Komoda-Zacieta.jpg\",\"contentUrl\":\"https:\/\/www.woodlegs.pl\/wp-content\/uploads\/2023\/03\/Komoda-Zacieta.jpg\",\"width\":1000,\"height\":1000,\"caption\":\"nogi-drewniane-kwadrat-komoda-zaciete-pod-skosem-n\u00f3\u017cki-meblowe-nogi-do-mebli\"},{\"@type\":\"BreadcrumbList\",\"@id\":\"https:\/\/www.woodlegs.pl\/nozki-do-mebli\/nozki-do-mebli-kwadrat-zaciety\/#breadcrumb\",\"itemListElement\":[{\"@type\":\"ListItem\",\"position\":1,\"name\":\"Strona g\u0142\u00f3wna\",\"item\":\"http:\/\/www.woodlegs.pl\/\"},{\"@type\":\"ListItem\",\"position\":2,\"name\":\"Sklep\",\"item\":\"http:\/\/www.woodlegs.pl\/sklep\/\"},{\"@type\":\"ListItem\",\"position\":3,\"name\":\"N\u00f3\u017cki do mebli Kwadrat Zaci\u0119ty\"}]},{\"@type\":\"WebSite\",\"@id\":\"http:\/\/www.woodlegs.pl\/#website\",\"url\":\"http:\/\/www.woodlegs.pl\/\",\"name\":\"Woodlegs\",\"description\":\"Producent n\u00f3g drewnianych, produkcja n\u00f3g drewnianych\",\"publisher\":{\"@id\":\"http:\/\/www.woodlegs.pl\/#organization\"},\"potentialAction\":[{\"@type\":\"SearchAction\",\"target\":{\"@type\":\"EntryPoint\",\"urlTemplate\":\"http:\/\/www.woodlegs.pl\/?s={search_term_string}\"},\"query-input\":{\"@type\":\"PropertyValueSpecification\",\"valueRequired\":true,\"valueName\":\"search_term_string\"}}],\"inLanguage\":\"en-GB\"},{\"@type\":\"Organization\",\"@id\":\"http:\/\/www.woodlegs.pl\/#organization\",\"name\":\"Woodlegs Company\",\"url\":\"http:\/\/www.woodlegs.pl\/\",\"logo\":{\"@type\":\"ImageObject\",\"inLanguage\":\"en-GB\",\"@id\":\"http:\/\/www.woodlegs.pl\/#\/schema\/logo\/image\/\",\"url\":\"https:\/\/www.woodlegs.pl\/wp-content\/uploads\/2023\/03\/logo-3.png\",\"contentUrl\":\"https:\/\/www.woodlegs.pl\/wp-content\/uploads\/2023\/03\/logo-3.png\",\"width\":605,\"height\":234,\"caption\":\"Woodlegs Company\"},\"image\":{\"@id\":\"http:\/\/www.woodlegs.pl\/#\/schema\/logo\/image\/\"},\"sameAs\":[\"https:\/\/www.facebook.com\/woodlegs.company\",\"https:\/\/www.instagram.com\/woodlegs_company\/\"]}]}<\/script>\n<!-- \/ Yoast SEO plugin. -->","yoast_head_json":{"title":"N\u00f3\u017cki do mebli Kwadrat Zaci\u0119ty - Woodlegs Company","description":"N\u00f3\u017cki do mebli Kwadrat Zaci\u0119ty to n\u00f3\u017cki o prostym wzorze, zw\u0119\u017cane do do\u0142u. Zobacz sklep producenta n\u00f3g i element\u00f3w drewnianych Woodlegs Company.","robots":{"index":"index","follow":"follow","max-snippet":"max-snippet:-1","max-image-preview":"max-image-preview:large","max-video-preview":"max-video-preview:-1"},"canonical":"https:\/\/www.woodlegs.pl\/eng\/nozki-do-mebli\/nozki-do-mebli-kwadrat-zaciety\/","og_locale":"en_GB","og_type":"article","og_title":"N\u00f3\u017cki do mebli Kwadrat Zaci\u0119ty - Woodlegs Company","og_description":"N\u00f3\u017cki do mebli Kwadrat Zaci\u0119ty to n\u00f3\u017cki o prostym wzorze, zw\u0119\u017cane do do\u0142u. Zobacz sklep producenta n\u00f3g i element\u00f3w drewnianych Woodlegs Company.","og_url":"https:\/\/www.woodlegs.pl\/eng\/nozki-do-mebli\/nozki-do-mebli-kwadrat-zaciety\/","og_site_name":"Woodlegs Company","article_publisher":"https:\/\/www.facebook.com\/woodlegs.company","article_modified_time":"2023-10-04T10:58:14+00:00","og_image":[{"width":1000,"height":1000,"url":"https:\/\/www.woodlegs.pl\/wp-content\/uploads\/2023\/03\/Komoda-Zacieta.jpg","type":"image\/jpeg"}],"twitter_card":"summary_large_image","twitter_misc":{"Estimated reading time":"1 minute"},"schema":{"@context":"https:\/\/schema.org","@graph":[{"@type":"WebPage","@id":"https:\/\/www.woodlegs.pl\/nozki-do-mebli\/nozki-do-mebli-kwadrat-zaciety\/","url":"https:\/\/www.woodlegs.pl\/nozki-do-mebli\/nozki-do-mebli-kwadrat-zaciety\/","name":"N\u00f3\u017cki do mebli Kwadrat Zaci\u0119ty - Woodlegs Company","isPartOf":{"@id":"http:\/\/www.woodlegs.pl\/#website"},"primaryImageOfPage":{"@id":"https:\/\/www.woodlegs.pl\/nozki-do-mebli\/nozki-do-mebli-kwadrat-zaciety\/#primaryimage"},"image":{"@id":"https:\/\/www.woodlegs.pl\/nozki-do-mebli\/nozki-do-mebli-kwadrat-zaciety\/#primaryimage"},"thumbnailUrl":"https:\/\/www.woodlegs.pl\/wp-content\/uploads\/2023\/03\/Komoda-Zacieta.jpg","datePublished":"2023-03-02T19:42:09+00:00","dateModified":"2023-10-04T10:58:14+00:00","description":"N\u00f3\u017cki do mebli Kwadrat Zaci\u0119ty to n\u00f3\u017cki o prostym wzorze, zw\u0119\u017cane do do\u0142u. Zobacz sklep producenta n\u00f3g i element\u00f3w drewnianych Woodlegs Company.","breadcrumb":{"@id":"https:\/\/www.woodlegs.pl\/nozki-do-mebli\/nozki-do-mebli-kwadrat-zaciety\/#breadcrumb"},"inLanguage":"en-GB","potentialAction":[{"@type":"ReadAction","target":["https:\/\/www.woodlegs.pl\/nozki-do-mebli\/nozki-do-mebli-kwadrat-zaciety\/"]}]},{"@type":"ImageObject","inLanguage":"en-GB","@id":"https:\/\/www.woodlegs.pl\/nozki-do-mebli\/nozki-do-mebli-kwadrat-zaciety\/#primaryimage","url":"https:\/\/www.woodlegs.pl\/wp-content\/uploads\/2023\/03\/Komoda-Zacieta.jpg","contentUrl":"https:\/\/www.woodlegs.pl\/wp-content\/uploads\/2023\/03\/Komoda-Zacieta.jpg","width":1000,"height":1000,"caption":"nogi-drewniane-kwadrat-komoda-zaciete-pod-skosem-n\u00f3\u017cki-meblowe-nogi-do-mebli"},{"@type":"BreadcrumbList","@id":"https:\/\/www.woodlegs.pl\/nozki-do-mebli\/nozki-do-mebli-kwadrat-zaciety\/#breadcrumb","itemListElement":[{"@type":"ListItem","position":1,"name":"Strona g\u0142\u00f3wna","item":"http:\/\/www.woodlegs.pl\/"},{"@type":"ListItem","position":2,"name":"Sklep","item":"http:\/\/www.woodlegs.pl\/sklep\/"},{"@type":"ListItem","position":3,"name":"N\u00f3\u017cki do mebli Kwadrat Zaci\u0119ty"}]},{"@type":"WebSite","@id":"http:\/\/www.woodlegs.pl\/#website","url":"http:\/\/www.woodlegs.pl\/","name":"Woodlegs","description":"Producent n\u00f3g drewnianych, produkcja n\u00f3g drewnianych","publisher":{"@id":"http:\/\/www.woodlegs.pl\/#organization"},"potentialAction":[{"@type":"SearchAction","target":{"@type":"EntryPoint","urlTemplate":"http:\/\/www.woodlegs.pl\/?s={search_term_string}"},"query-input":{"@type":"PropertyValueSpecification","valueRequired":true,"valueName":"search_term_string"}}],"inLanguage":"en-GB"},{"@type":"Organization","@id":"http:\/\/www.woodlegs.pl\/#organization","name":"Woodlegs Company","url":"http:\/\/www.woodlegs.pl\/","logo":{"@type":"ImageObject","inLanguage":"en-GB","@id":"http:\/\/www.woodlegs.pl\/#\/schema\/logo\/image\/","url":"https:\/\/www.woodlegs.pl\/wp-content\/uploads\/2023\/03\/logo-3.png","contentUrl":"https:\/\/www.woodlegs.pl\/wp-content\/uploads\/2023\/03\/logo-3.png","width":605,"height":234,"caption":"Woodlegs Company"},"image":{"@id":"http:\/\/www.woodlegs.pl\/#\/schema\/logo\/image\/"},"sameAs":["https:\/\/www.facebook.com\/woodlegs.company","https:\/\/www.instagram.com\/woodlegs_company\/"]}]}},"_links":{"self":[{"href":"https:\/\/www.woodlegs.pl\/eng\/wp-json\/wp\/v2\/product\/2704","targetHints":{"allow":["GET"]}}],"collection":[{"href":"https:\/\/www.woodlegs.pl\/eng\/wp-json\/wp\/v2\/product"}],"about":[{"href":"https:\/\/www.woodlegs.pl\/eng\/wp-json\/wp\/v2\/types\/product"}],"wp:featuredmedia":[{"embeddable":true,"href":"https:\/\/www.woodlegs.pl\/eng\/wp-json\/wp\/v2\/media\/3991"}],"wp:attachment":[{"href":"https:\/\/www.woodlegs.pl\/eng\/wp-json\/wp\/v2\/media?parent=2704"}],"wp:term":[{"taxonomy":"product_brand","embeddable":true,"href":"https:\/\/www.woodlegs.pl\/eng\/wp-json\/wp\/v2\/product_brand?post=2704"},{"taxonomy":"product_cat","embeddable":true,"href":"https:\/\/www.woodlegs.pl\/eng\/wp-json\/wp\/v2\/product_cat?post=2704"},{"taxonomy":"product_tag","embeddable":true,"href":"https:\/\/www.woodlegs.pl\/eng\/wp-json\/wp\/v2\/product_tag?post=2704"}],"curies":[{"name":"wp","href":"https:\/\/api.w.org\/{rel}","templated":true}]}}