{"id":2716,"date":"2023-03-02T20:42:10","date_gmt":"2023-03-02T19:42:10","guid":{"rendered":"http:\/\/serwer174992.lh.pl\/autoinstalator\/serwer174992.lh.pl\/wordpress14552\/?post_type=product&#038;p=2716"},"modified":"2026-03-23T19:11:36","modified_gmt":"2026-03-23T18:11:36","slug":"nogi-drewniane-diament-1-4","status":"publish","type":"product","link":"https:\/\/www.woodlegs.pl\/eng\/nogi-drewniane-diament\/nogi-drewniane-diament-1-4\/","title":{"rendered":"Wooden legs Diamond 1\/4"},"content":{"rendered":"<div class=\"row\">\n<div class=\"col-md-7\">\n<div class=\"product_text_container\">\n<div class=\"row\">\n<div class=\"col-md-7\">\n<div class=\"product_text_container\">The Diamond 1\/4 is a milled leg enhanced with a delicate mill to add charm and style.<br \/>\nThis leg model is ideal for large tables, thanks to the ability to extend the leg which promotes better stability.<br \/>\nThe top section of the leg is 90\u00d790 mm, while the bottom section is 60\u00d760 mm.<br \/>\nThe leg height measures 730 mm and is matched to the standard table height.<\/div>\n<\/div>\n<\/div>\n<\/div>\n<\/div>\n<\/div>\n<div class=\"products_slider_container\">\n<div class=\"title\"><\/div>\n<\/div>","protected":false},"excerpt":{"rendered":"<p>The Diamond 1\/4 is a milled leg enriched with a delicate mill to add charm and style. This leg model is ideal for large tables, thanks to the possibility of extending the leg which promotes better stability. The top section of the leg is 90\u00d790 mm, while the bottom section is 60\u00d760 mm. The height of the leg measures 730 mm and is adapted to the standard height of the table.<\/p>","protected":false},"featured_media":3951,"template":"","meta":[],"product_brand":[],"product_cat":[79,72],"product_tag":[],"class_list":{"0":"post-2716","1":"product","2":"type-product","3":"status-publish","4":"has-post-thumbnail","6":"product_cat-nogi-do-stolu","7":"product_cat-nogi-drewniane-diament","9":"first","10":"instock","11":"taxable","12":"shipping-taxable","13":"purchasable","14":"product-type-variable"},"yoast_head":"<!-- This site is optimized with the Yoast SEO plugin v26.2 - https:\/\/yoast.com\/wordpress\/plugins\/seo\/ -->\n<title>Nogi drewniane Diament 1\/4 - Nogi rozsuwane do du\u017cego sto\u0142u<\/title>\n<meta name=\"description\" content=\"Wybierz nogi drewniane Diament 1\/4 i stw\u00f3rz z ma\u0142ego sto\u0142u, wielki! Nogi rozsuwane gwarantuj\u0105 stabilno\u015b\u0107 przy du\u017cych sto\u0142ach. Sprawd\u017a!\" \/>\n<meta name=\"robots\" content=\"index, follow, max-snippet:-1, max-image-preview:large, max-video-preview:-1\" \/>\n<link rel=\"canonical\" href=\"https:\/\/www.woodlegs.pl\/eng\/nogi-drewniane-diament\/nogi-drewniane-diament-1-4\/\" \/>\n<meta property=\"og:locale\" content=\"en_GB\" \/>\n<meta property=\"og:type\" content=\"article\" \/>\n<meta property=\"og:title\" content=\"Nogi drewniane Diament 1\/4 - Nogi rozsuwane do du\u017cego sto\u0142u\" \/>\n<meta property=\"og:description\" content=\"Wybierz nogi drewniane Diament 1\/4 i stw\u00f3rz z ma\u0142ego sto\u0142u, wielki! Nogi rozsuwane gwarantuj\u0105 stabilno\u015b\u0107 przy du\u017cych sto\u0142ach. Sprawd\u017a!\" \/>\n<meta property=\"og:url\" content=\"https:\/\/www.woodlegs.pl\/eng\/nogi-drewniane-diament\/nogi-drewniane-diament-1-4\/\" \/>\n<meta property=\"og:site_name\" content=\"Woodlegs Company\" \/>\n<meta property=\"article:publisher\" content=\"https:\/\/www.facebook.com\/woodlegs.company\" \/>\n<meta property=\"article:modified_time\" content=\"2026-03-23T18:11:36+00:00\" \/>\n<meta property=\"og:image\" content=\"https:\/\/www.woodlegs.pl\/wp-content\/uploads\/2023\/03\/Diament-1-4.png\" \/>\n\t<meta property=\"og:image:width\" content=\"1000\" \/>\n\t<meta property=\"og:image:height\" content=\"1000\" \/>\n\t<meta property=\"og:image:type\" content=\"image\/png\" \/>\n<meta name=\"twitter:card\" content=\"summary_large_image\" \/>\n<meta name=\"twitter:label1\" content=\"Estimated reading time\" \/>\n\t<meta name=\"twitter:data1\" content=\"1 minute\" \/>\n<script type=\"application\/ld+json\" class=\"yoast-schema-graph\">{\"@context\":\"https:\/\/schema.org\",\"@graph\":[{\"@type\":\"WebPage\",\"@id\":\"https:\/\/www.woodlegs.pl\/nogi-drewniane-diament\/nogi-drewniane-diament-1-4\/\",\"url\":\"https:\/\/www.woodlegs.pl\/nogi-drewniane-diament\/nogi-drewniane-diament-1-4\/\",\"name\":\"Nogi drewniane Diament 1\/4 - Nogi rozsuwane do du\u017cego sto\u0142u\",\"isPartOf\":{\"@id\":\"http:\/\/www.woodlegs.pl\/#website\"},\"primaryImageOfPage\":{\"@id\":\"https:\/\/www.woodlegs.pl\/nogi-drewniane-diament\/nogi-drewniane-diament-1-4\/#primaryimage\"},\"image\":{\"@id\":\"https:\/\/www.woodlegs.pl\/nogi-drewniane-diament\/nogi-drewniane-diament-1-4\/#primaryimage\"},\"thumbnailUrl\":\"https:\/\/www.woodlegs.pl\/wp-content\/uploads\/2023\/03\/Diament-1-4.png\",\"datePublished\":\"2023-03-02T19:42:10+00:00\",\"dateModified\":\"2026-03-23T18:11:36+00:00\",\"description\":\"Wybierz nogi drewniane Diament 1\/4 i stw\u00f3rz z ma\u0142ego sto\u0142u, wielki! Nogi rozsuwane gwarantuj\u0105 stabilno\u015b\u0107 przy du\u017cych sto\u0142ach. Sprawd\u017a!\",\"breadcrumb\":{\"@id\":\"https:\/\/www.woodlegs.pl\/nogi-drewniane-diament\/nogi-drewniane-diament-1-4\/#breadcrumb\"},\"inLanguage\":\"en-GB\",\"potentialAction\":[{\"@type\":\"ReadAction\",\"target\":[\"https:\/\/www.woodlegs.pl\/nogi-drewniane-diament\/nogi-drewniane-diament-1-4\/\"]}]},{\"@type\":\"ImageObject\",\"inLanguage\":\"en-GB\",\"@id\":\"https:\/\/www.woodlegs.pl\/nogi-drewniane-diament\/nogi-drewniane-diament-1-4\/#primaryimage\",\"url\":\"https:\/\/www.woodlegs.pl\/wp-content\/uploads\/2023\/03\/Diament-1-4.png\",\"contentUrl\":\"https:\/\/www.woodlegs.pl\/wp-content\/uploads\/2023\/03\/Diament-1-4.png\",\"width\":1000,\"height\":1000},{\"@type\":\"BreadcrumbList\",\"@id\":\"https:\/\/www.woodlegs.pl\/nogi-drewniane-diament\/nogi-drewniane-diament-1-4\/#breadcrumb\",\"itemListElement\":[{\"@type\":\"ListItem\",\"position\":1,\"name\":\"Strona g\u0142\u00f3wna\",\"item\":\"http:\/\/www.woodlegs.pl\/\"},{\"@type\":\"ListItem\",\"position\":2,\"name\":\"Sklep\",\"item\":\"http:\/\/www.woodlegs.pl\/sklep\/\"},{\"@type\":\"ListItem\",\"position\":3,\"name\":\"Nogi drewniane Diament 1\/4\"}]},{\"@type\":\"WebSite\",\"@id\":\"http:\/\/www.woodlegs.pl\/#website\",\"url\":\"http:\/\/www.woodlegs.pl\/\",\"name\":\"Woodlegs\",\"description\":\"Producent n\u00f3g drewnianych, produkcja n\u00f3g drewnianych\",\"publisher\":{\"@id\":\"http:\/\/www.woodlegs.pl\/#organization\"},\"potentialAction\":[{\"@type\":\"SearchAction\",\"target\":{\"@type\":\"EntryPoint\",\"urlTemplate\":\"http:\/\/www.woodlegs.pl\/?s={search_term_string}\"},\"query-input\":{\"@type\":\"PropertyValueSpecification\",\"valueRequired\":true,\"valueName\":\"search_term_string\"}}],\"inLanguage\":\"en-GB\"},{\"@type\":\"Organization\",\"@id\":\"http:\/\/www.woodlegs.pl\/#organization\",\"name\":\"Woodlegs Company\",\"url\":\"http:\/\/www.woodlegs.pl\/\",\"logo\":{\"@type\":\"ImageObject\",\"inLanguage\":\"en-GB\",\"@id\":\"http:\/\/www.woodlegs.pl\/#\/schema\/logo\/image\/\",\"url\":\"https:\/\/www.woodlegs.pl\/wp-content\/uploads\/2023\/03\/logo-3.png\",\"contentUrl\":\"https:\/\/www.woodlegs.pl\/wp-content\/uploads\/2023\/03\/logo-3.png\",\"width\":605,\"height\":234,\"caption\":\"Woodlegs Company\"},\"image\":{\"@id\":\"http:\/\/www.woodlegs.pl\/#\/schema\/logo\/image\/\"},\"sameAs\":[\"https:\/\/www.facebook.com\/woodlegs.company\",\"https:\/\/www.instagram.com\/woodlegs_company\/\"]}]}<\/script>\n<!-- \/ Yoast SEO plugin. -->","yoast_head_json":{"title":"Nogi drewniane Diament 1\/4 - Nogi rozsuwane do du\u017cego sto\u0142u","description":"Wybierz nogi drewniane Diament 1\/4 i stw\u00f3rz z ma\u0142ego sto\u0142u, wielki! Nogi rozsuwane gwarantuj\u0105 stabilno\u015b\u0107 przy du\u017cych sto\u0142ach. Sprawd\u017a!","robots":{"index":"index","follow":"follow","max-snippet":"max-snippet:-1","max-image-preview":"max-image-preview:large","max-video-preview":"max-video-preview:-1"},"canonical":"https:\/\/www.woodlegs.pl\/eng\/nogi-drewniane-diament\/nogi-drewniane-diament-1-4\/","og_locale":"en_GB","og_type":"article","og_title":"Nogi drewniane Diament 1\/4 - Nogi rozsuwane do du\u017cego sto\u0142u","og_description":"Wybierz nogi drewniane Diament 1\/4 i stw\u00f3rz z ma\u0142ego sto\u0142u, wielki! Nogi rozsuwane gwarantuj\u0105 stabilno\u015b\u0107 przy du\u017cych sto\u0142ach. Sprawd\u017a!","og_url":"https:\/\/www.woodlegs.pl\/eng\/nogi-drewniane-diament\/nogi-drewniane-diament-1-4\/","og_site_name":"Woodlegs Company","article_publisher":"https:\/\/www.facebook.com\/woodlegs.company","article_modified_time":"2026-03-23T18:11:36+00:00","og_image":[{"width":1000,"height":1000,"url":"https:\/\/www.woodlegs.pl\/wp-content\/uploads\/2023\/03\/Diament-1-4.png","type":"image\/png"}],"twitter_card":"summary_large_image","twitter_misc":{"Estimated reading time":"1 minute"},"schema":{"@context":"https:\/\/schema.org","@graph":[{"@type":"WebPage","@id":"https:\/\/www.woodlegs.pl\/nogi-drewniane-diament\/nogi-drewniane-diament-1-4\/","url":"https:\/\/www.woodlegs.pl\/nogi-drewniane-diament\/nogi-drewniane-diament-1-4\/","name":"Nogi drewniane Diament 1\/4 - Nogi rozsuwane do du\u017cego sto\u0142u","isPartOf":{"@id":"http:\/\/www.woodlegs.pl\/#website"},"primaryImageOfPage":{"@id":"https:\/\/www.woodlegs.pl\/nogi-drewniane-diament\/nogi-drewniane-diament-1-4\/#primaryimage"},"image":{"@id":"https:\/\/www.woodlegs.pl\/nogi-drewniane-diament\/nogi-drewniane-diament-1-4\/#primaryimage"},"thumbnailUrl":"https:\/\/www.woodlegs.pl\/wp-content\/uploads\/2023\/03\/Diament-1-4.png","datePublished":"2023-03-02T19:42:10+00:00","dateModified":"2026-03-23T18:11:36+00:00","description":"Wybierz nogi drewniane Diament 1\/4 i stw\u00f3rz z ma\u0142ego sto\u0142u, wielki! Nogi rozsuwane gwarantuj\u0105 stabilno\u015b\u0107 przy du\u017cych sto\u0142ach. Sprawd\u017a!","breadcrumb":{"@id":"https:\/\/www.woodlegs.pl\/nogi-drewniane-diament\/nogi-drewniane-diament-1-4\/#breadcrumb"},"inLanguage":"en-GB","potentialAction":[{"@type":"ReadAction","target":["https:\/\/www.woodlegs.pl\/nogi-drewniane-diament\/nogi-drewniane-diament-1-4\/"]}]},{"@type":"ImageObject","inLanguage":"en-GB","@id":"https:\/\/www.woodlegs.pl\/nogi-drewniane-diament\/nogi-drewniane-diament-1-4\/#primaryimage","url":"https:\/\/www.woodlegs.pl\/wp-content\/uploads\/2023\/03\/Diament-1-4.png","contentUrl":"https:\/\/www.woodlegs.pl\/wp-content\/uploads\/2023\/03\/Diament-1-4.png","width":1000,"height":1000},{"@type":"BreadcrumbList","@id":"https:\/\/www.woodlegs.pl\/nogi-drewniane-diament\/nogi-drewniane-diament-1-4\/#breadcrumb","itemListElement":[{"@type":"ListItem","position":1,"name":"Strona g\u0142\u00f3wna","item":"http:\/\/www.woodlegs.pl\/"},{"@type":"ListItem","position":2,"name":"Sklep","item":"http:\/\/www.woodlegs.pl\/sklep\/"},{"@type":"ListItem","position":3,"name":"Nogi drewniane Diament 1\/4"}]},{"@type":"WebSite","@id":"http:\/\/www.woodlegs.pl\/#website","url":"http:\/\/www.woodlegs.pl\/","name":"Woodlegs","description":"Producent n\u00f3g drewnianych, produkcja n\u00f3g drewnianych","publisher":{"@id":"http:\/\/www.woodlegs.pl\/#organization"},"potentialAction":[{"@type":"SearchAction","target":{"@type":"EntryPoint","urlTemplate":"http:\/\/www.woodlegs.pl\/?s={search_term_string}"},"query-input":{"@type":"PropertyValueSpecification","valueRequired":true,"valueName":"search_term_string"}}],"inLanguage":"en-GB"},{"@type":"Organization","@id":"http:\/\/www.woodlegs.pl\/#organization","name":"Woodlegs Company","url":"http:\/\/www.woodlegs.pl\/","logo":{"@type":"ImageObject","inLanguage":"en-GB","@id":"http:\/\/www.woodlegs.pl\/#\/schema\/logo\/image\/","url":"https:\/\/www.woodlegs.pl\/wp-content\/uploads\/2023\/03\/logo-3.png","contentUrl":"https:\/\/www.woodlegs.pl\/wp-content\/uploads\/2023\/03\/logo-3.png","width":605,"height":234,"caption":"Woodlegs Company"},"image":{"@id":"http:\/\/www.woodlegs.pl\/#\/schema\/logo\/image\/"},"sameAs":["https:\/\/www.facebook.com\/woodlegs.company","https:\/\/www.instagram.com\/woodlegs_company\/"]}]}},"_links":{"self":[{"href":"https:\/\/www.woodlegs.pl\/eng\/wp-json\/wp\/v2\/product\/2716","targetHints":{"allow":["GET"]}}],"collection":[{"href":"https:\/\/www.woodlegs.pl\/eng\/wp-json\/wp\/v2\/product"}],"about":[{"href":"https:\/\/www.woodlegs.pl\/eng\/wp-json\/wp\/v2\/types\/product"}],"wp:featuredmedia":[{"embeddable":true,"href":"https:\/\/www.woodlegs.pl\/eng\/wp-json\/wp\/v2\/media\/3951"}],"wp:attachment":[{"href":"https:\/\/www.woodlegs.pl\/eng\/wp-json\/wp\/v2\/media?parent=2716"}],"wp:term":[{"taxonomy":"product_brand","embeddable":true,"href":"https:\/\/www.woodlegs.pl\/eng\/wp-json\/wp\/v2\/product_brand?post=2716"},{"taxonomy":"product_cat","embeddable":true,"href":"https:\/\/www.woodlegs.pl\/eng\/wp-json\/wp\/v2\/product_cat?post=2716"},{"taxonomy":"product_tag","embeddable":true,"href":"https:\/\/www.woodlegs.pl\/eng\/wp-json\/wp\/v2\/product_tag?post=2716"}],"curies":[{"name":"wp","href":"https:\/\/api.w.org\/{rel}","templated":true}]}}