{"id":2754,"date":"2023-03-02T20:42:22","date_gmt":"2023-03-02T19:42:22","guid":{"rendered":"http:\/\/serwer174992.lh.pl\/autoinstalator\/serwer174992.lh.pl\/wordpress14552\/?post_type=product&#038;p=2754"},"modified":"2026-03-23T19:56:42","modified_gmt":"2026-03-23T18:56:42","slug":"drewniana-podstawa-do-stolu-lena","status":"publish","type":"product","link":"https:\/\/www.woodlegs.pl\/eng\/podstawy-do-stolu\/drewniana-podstawa-do-stolu-lena\/","title":{"rendered":"Wooden table stand Lena"},"content":{"rendered":"<p>The wooden base for the Lena table is ideal for square and round tops. The largest possible diameter of the top is 70-100 cm.<\/p>\n<p>The leg is disassembled, the package contains the main base, 3 paws, dowels and glue for assembly. The holes are made, all you need to do is to glue the lugs into the base.<\/p>","protected":false},"excerpt":{"rendered":"<p>The wooden base for the Lena table is ideal for square and round table tops. The largest possible diameter of the top is 70-100 cm. The leg is unfolded, the package contains the main base, 3 paws, dowels and glue for assembly. The holes are made, all you need to do is glue the feet into the base.<\/p>","protected":false},"featured_media":2784,"template":"","meta":[],"product_brand":[],"product_cat":[79,74],"product_tag":[],"class_list":{"0":"post-2754","1":"product","2":"type-product","3":"status-publish","4":"has-post-thumbnail","6":"product_cat-nogi-do-stolu","7":"product_cat-podstawy-do-stolu","9":"first","10":"instock","11":"taxable","12":"shipping-taxable","13":"purchasable","14":"product-type-variable"},"yoast_head":"<!-- This site is optimized with the Yoast SEO plugin v26.2 - https:\/\/yoast.com\/wordpress\/plugins\/seo\/ -->\n<title>Podstawa do sto\u0142u okr\u0105g\u0142ego Lena - Woodlegs Company<\/title>\n<meta name=\"description\" content=\"Drewniana podstawa do sto\u0142u Lena - idealna do okr\u0105g\u0142ego lub kwadratowego blatu. Zobacz nasze modele podstaw do sto\u0142u i zam\u00f3w ju\u017c teraz!\" \/>\n<meta name=\"robots\" content=\"index, follow, max-snippet:-1, max-image-preview:large, max-video-preview:-1\" \/>\n<link rel=\"canonical\" href=\"https:\/\/www.woodlegs.pl\/eng\/podstawy-do-stolu\/drewniana-podstawa-do-stolu-lena\/\" \/>\n<meta property=\"og:locale\" content=\"en_GB\" \/>\n<meta property=\"og:type\" content=\"article\" \/>\n<meta property=\"og:title\" content=\"Podstawa do sto\u0142u okr\u0105g\u0142ego Lena - Woodlegs Company\" \/>\n<meta property=\"og:description\" content=\"Drewniana podstawa do sto\u0142u Lena - idealna do okr\u0105g\u0142ego lub kwadratowego blatu. Zobacz nasze modele podstaw do sto\u0142u i zam\u00f3w ju\u017c teraz!\" \/>\n<meta property=\"og:url\" content=\"https:\/\/www.woodlegs.pl\/eng\/podstawy-do-stolu\/drewniana-podstawa-do-stolu-lena\/\" \/>\n<meta property=\"og:site_name\" content=\"Woodlegs Company\" \/>\n<meta property=\"article:publisher\" content=\"https:\/\/www.facebook.com\/woodlegs.company\" \/>\n<meta property=\"article:modified_time\" content=\"2026-03-23T18:56:42+00:00\" \/>\n<meta property=\"og:image\" content=\"https:\/\/www.woodlegs.pl\/wp-content\/uploads\/2023\/03\/12b-noga-drewniana-46670.jpg\" \/>\n\t<meta property=\"og:image:width\" content=\"768\" \/>\n\t<meta property=\"og:image:height\" content=\"768\" \/>\n\t<meta property=\"og:image:type\" content=\"image\/jpeg\" \/>\n<meta name=\"twitter:card\" content=\"summary_large_image\" \/>\n<meta name=\"twitter:label1\" content=\"Estimated reading time\" \/>\n\t<meta name=\"twitter:data1\" content=\"1 minute\" \/>\n<script type=\"application\/ld+json\" class=\"yoast-schema-graph\">{\"@context\":\"https:\/\/schema.org\",\"@graph\":[{\"@type\":\"WebPage\",\"@id\":\"https:\/\/www.woodlegs.pl\/eng\/podstawy-do-stolu\/drewniana-podstawa-do-stolu-lena\/\",\"url\":\"https:\/\/www.woodlegs.pl\/eng\/podstawy-do-stolu\/drewniana-podstawa-do-stolu-lena\/\",\"name\":\"Podstawa do sto\u0142u okr\u0105g\u0142ego Lena - Woodlegs Company\",\"isPartOf\":{\"@id\":\"https:\/\/www.woodlegs.pl\/#website\"},\"primaryImageOfPage\":{\"@id\":\"https:\/\/www.woodlegs.pl\/eng\/podstawy-do-stolu\/drewniana-podstawa-do-stolu-lena\/#primaryimage\"},\"image\":{\"@id\":\"https:\/\/www.woodlegs.pl\/eng\/podstawy-do-stolu\/drewniana-podstawa-do-stolu-lena\/#primaryimage\"},\"thumbnailUrl\":\"https:\/\/www.woodlegs.pl\/wp-content\/uploads\/2023\/03\/12b-noga-drewniana-46670.jpg\",\"datePublished\":\"2023-03-02T19:42:22+00:00\",\"dateModified\":\"2026-03-23T18:56:42+00:00\",\"description\":\"Drewniana podstawa do sto\u0142u Lena - idealna do okr\u0105g\u0142ego lub kwadratowego blatu. Zobacz nasze modele podstaw do sto\u0142u i zam\u00f3w ju\u017c teraz!\",\"breadcrumb\":{\"@id\":\"https:\/\/www.woodlegs.pl\/eng\/podstawy-do-stolu\/drewniana-podstawa-do-stolu-lena\/#breadcrumb\"},\"inLanguage\":\"en-GB\",\"potentialAction\":[{\"@type\":\"ReadAction\",\"target\":[\"https:\/\/www.woodlegs.pl\/eng\/podstawy-do-stolu\/drewniana-podstawa-do-stolu-lena\/\"]}]},{\"@type\":\"ImageObject\",\"inLanguage\":\"en-GB\",\"@id\":\"https:\/\/www.woodlegs.pl\/eng\/podstawy-do-stolu\/drewniana-podstawa-do-stolu-lena\/#primaryimage\",\"url\":\"https:\/\/www.woodlegs.pl\/wp-content\/uploads\/2023\/03\/12b-noga-drewniana-46670.jpg\",\"contentUrl\":\"https:\/\/www.woodlegs.pl\/wp-content\/uploads\/2023\/03\/12b-noga-drewniana-46670.jpg\",\"width\":768,\"height\":768,\"caption\":\"drewniana-podstawa-do-stolu-lena-sto-okragly-producent-nog-drewnianych-podstaw-do-stolu\"},{\"@type\":\"BreadcrumbList\",\"@id\":\"https:\/\/www.woodlegs.pl\/eng\/podstawy-do-stolu\/drewniana-podstawa-do-stolu-lena\/#breadcrumb\",\"itemListElement\":[{\"@type\":\"ListItem\",\"position\":1,\"name\":\"Strona g\u0142\u00f3wna\",\"item\":\"https:\/\/www.woodlegs.pl\/\"},{\"@type\":\"ListItem\",\"position\":2,\"name\":\"Sklep\",\"item\":\"https:\/\/www.woodlegs.pl\/sklep\/\"},{\"@type\":\"ListItem\",\"position\":3,\"name\":\"Drewniana podstawa do sto\u0142u Lena\"}]},{\"@type\":\"WebSite\",\"@id\":\"https:\/\/www.woodlegs.pl\/#website\",\"url\":\"https:\/\/www.woodlegs.pl\/\",\"name\":\"Woodlegs\",\"description\":\"Producent n\u00f3g drewnianych, produkcja n\u00f3g drewnianych\",\"publisher\":{\"@id\":\"https:\/\/www.woodlegs.pl\/#organization\"},\"potentialAction\":[{\"@type\":\"SearchAction\",\"target\":{\"@type\":\"EntryPoint\",\"urlTemplate\":\"https:\/\/www.woodlegs.pl\/?s={search_term_string}\"},\"query-input\":{\"@type\":\"PropertyValueSpecification\",\"valueRequired\":true,\"valueName\":\"search_term_string\"}}],\"inLanguage\":\"en-GB\"},{\"@type\":\"Organization\",\"@id\":\"https:\/\/www.woodlegs.pl\/#organization\",\"name\":\"Woodlegs Company\",\"url\":\"https:\/\/www.woodlegs.pl\/\",\"logo\":{\"@type\":\"ImageObject\",\"inLanguage\":\"en-GB\",\"@id\":\"https:\/\/www.woodlegs.pl\/#\/schema\/logo\/image\/\",\"url\":\"https:\/\/www.woodlegs.pl\/wp-content\/uploads\/2023\/03\/logo-3.png\",\"contentUrl\":\"https:\/\/www.woodlegs.pl\/wp-content\/uploads\/2023\/03\/logo-3.png\",\"width\":605,\"height\":234,\"caption\":\"Woodlegs Company\"},\"image\":{\"@id\":\"https:\/\/www.woodlegs.pl\/#\/schema\/logo\/image\/\"},\"sameAs\":[\"https:\/\/www.facebook.com\/woodlegs.company\",\"https:\/\/www.instagram.com\/woodlegs_company\/\"]}]}<\/script>\n<!-- \/ Yoast SEO plugin. -->","yoast_head_json":{"title":"Podstawa do sto\u0142u okr\u0105g\u0142ego Lena - Woodlegs Company","description":"Drewniana podstawa do sto\u0142u Lena - idealna do okr\u0105g\u0142ego lub kwadratowego blatu. Zobacz nasze modele podstaw do sto\u0142u i zam\u00f3w ju\u017c teraz!","robots":{"index":"index","follow":"follow","max-snippet":"max-snippet:-1","max-image-preview":"max-image-preview:large","max-video-preview":"max-video-preview:-1"},"canonical":"https:\/\/www.woodlegs.pl\/eng\/podstawy-do-stolu\/drewniana-podstawa-do-stolu-lena\/","og_locale":"en_GB","og_type":"article","og_title":"Podstawa do sto\u0142u okr\u0105g\u0142ego Lena - Woodlegs Company","og_description":"Drewniana podstawa do sto\u0142u Lena - idealna do okr\u0105g\u0142ego lub kwadratowego blatu. Zobacz nasze modele podstaw do sto\u0142u i zam\u00f3w ju\u017c teraz!","og_url":"https:\/\/www.woodlegs.pl\/eng\/podstawy-do-stolu\/drewniana-podstawa-do-stolu-lena\/","og_site_name":"Woodlegs Company","article_publisher":"https:\/\/www.facebook.com\/woodlegs.company","article_modified_time":"2026-03-23T18:56:42+00:00","og_image":[{"width":768,"height":768,"url":"https:\/\/www.woodlegs.pl\/wp-content\/uploads\/2023\/03\/12b-noga-drewniana-46670.jpg","type":"image\/jpeg"}],"twitter_card":"summary_large_image","twitter_misc":{"Estimated reading time":"1 minute"},"schema":{"@context":"https:\/\/schema.org","@graph":[{"@type":"WebPage","@id":"https:\/\/www.woodlegs.pl\/eng\/podstawy-do-stolu\/drewniana-podstawa-do-stolu-lena\/","url":"https:\/\/www.woodlegs.pl\/eng\/podstawy-do-stolu\/drewniana-podstawa-do-stolu-lena\/","name":"Podstawa do sto\u0142u okr\u0105g\u0142ego Lena - Woodlegs Company","isPartOf":{"@id":"https:\/\/www.woodlegs.pl\/#website"},"primaryImageOfPage":{"@id":"https:\/\/www.woodlegs.pl\/eng\/podstawy-do-stolu\/drewniana-podstawa-do-stolu-lena\/#primaryimage"},"image":{"@id":"https:\/\/www.woodlegs.pl\/eng\/podstawy-do-stolu\/drewniana-podstawa-do-stolu-lena\/#primaryimage"},"thumbnailUrl":"https:\/\/www.woodlegs.pl\/wp-content\/uploads\/2023\/03\/12b-noga-drewniana-46670.jpg","datePublished":"2023-03-02T19:42:22+00:00","dateModified":"2026-03-23T18:56:42+00:00","description":"Drewniana podstawa do sto\u0142u Lena - idealna do okr\u0105g\u0142ego lub kwadratowego blatu. Zobacz nasze modele podstaw do sto\u0142u i zam\u00f3w ju\u017c teraz!","breadcrumb":{"@id":"https:\/\/www.woodlegs.pl\/eng\/podstawy-do-stolu\/drewniana-podstawa-do-stolu-lena\/#breadcrumb"},"inLanguage":"en-GB","potentialAction":[{"@type":"ReadAction","target":["https:\/\/www.woodlegs.pl\/eng\/podstawy-do-stolu\/drewniana-podstawa-do-stolu-lena\/"]}]},{"@type":"ImageObject","inLanguage":"en-GB","@id":"https:\/\/www.woodlegs.pl\/eng\/podstawy-do-stolu\/drewniana-podstawa-do-stolu-lena\/#primaryimage","url":"https:\/\/www.woodlegs.pl\/wp-content\/uploads\/2023\/03\/12b-noga-drewniana-46670.jpg","contentUrl":"https:\/\/www.woodlegs.pl\/wp-content\/uploads\/2023\/03\/12b-noga-drewniana-46670.jpg","width":768,"height":768,"caption":"drewniana-podstawa-do-stolu-lena-sto-okragly-producent-nog-drewnianych-podstaw-do-stolu"},{"@type":"BreadcrumbList","@id":"https:\/\/www.woodlegs.pl\/eng\/podstawy-do-stolu\/drewniana-podstawa-do-stolu-lena\/#breadcrumb","itemListElement":[{"@type":"ListItem","position":1,"name":"Strona g\u0142\u00f3wna","item":"https:\/\/www.woodlegs.pl\/"},{"@type":"ListItem","position":2,"name":"Sklep","item":"https:\/\/www.woodlegs.pl\/sklep\/"},{"@type":"ListItem","position":3,"name":"Drewniana podstawa do sto\u0142u Lena"}]},{"@type":"WebSite","@id":"https:\/\/www.woodlegs.pl\/#website","url":"https:\/\/www.woodlegs.pl\/","name":"Woodlegs","description":"Producent n\u00f3g drewnianych, produkcja n\u00f3g drewnianych","publisher":{"@id":"https:\/\/www.woodlegs.pl\/#organization"},"potentialAction":[{"@type":"SearchAction","target":{"@type":"EntryPoint","urlTemplate":"https:\/\/www.woodlegs.pl\/?s={search_term_string}"},"query-input":{"@type":"PropertyValueSpecification","valueRequired":true,"valueName":"search_term_string"}}],"inLanguage":"en-GB"},{"@type":"Organization","@id":"https:\/\/www.woodlegs.pl\/#organization","name":"Woodlegs Company","url":"https:\/\/www.woodlegs.pl\/","logo":{"@type":"ImageObject","inLanguage":"en-GB","@id":"https:\/\/www.woodlegs.pl\/#\/schema\/logo\/image\/","url":"https:\/\/www.woodlegs.pl\/wp-content\/uploads\/2023\/03\/logo-3.png","contentUrl":"https:\/\/www.woodlegs.pl\/wp-content\/uploads\/2023\/03\/logo-3.png","width":605,"height":234,"caption":"Woodlegs Company"},"image":{"@id":"https:\/\/www.woodlegs.pl\/#\/schema\/logo\/image\/"},"sameAs":["https:\/\/www.facebook.com\/woodlegs.company","https:\/\/www.instagram.com\/woodlegs_company\/"]}]}},"_links":{"self":[{"href":"https:\/\/www.woodlegs.pl\/eng\/wp-json\/wp\/v2\/product\/2754","targetHints":{"allow":["GET"]}}],"collection":[{"href":"https:\/\/www.woodlegs.pl\/eng\/wp-json\/wp\/v2\/product"}],"about":[{"href":"https:\/\/www.woodlegs.pl\/eng\/wp-json\/wp\/v2\/types\/product"}],"wp:featuredmedia":[{"embeddable":true,"href":"https:\/\/www.woodlegs.pl\/eng\/wp-json\/wp\/v2\/media\/2784"}],"wp:attachment":[{"href":"https:\/\/www.woodlegs.pl\/eng\/wp-json\/wp\/v2\/media?parent=2754"}],"wp:term":[{"taxonomy":"product_brand","embeddable":true,"href":"https:\/\/www.woodlegs.pl\/eng\/wp-json\/wp\/v2\/product_brand?post=2754"},{"taxonomy":"product_cat","embeddable":true,"href":"https:\/\/www.woodlegs.pl\/eng\/wp-json\/wp\/v2\/product_cat?post=2754"},{"taxonomy":"product_tag","embeddable":true,"href":"https:\/\/www.woodlegs.pl\/eng\/wp-json\/wp\/v2\/product_tag?post=2754"}],"curies":[{"name":"wp","href":"https:\/\/api.w.org\/{rel}","templated":true}]}}