{"id":2760,"date":"2023-03-02T20:42:22","date_gmt":"2023-03-02T19:42:22","guid":{"rendered":"http:\/\/serwer174992.lh.pl\/autoinstalator\/serwer174992.lh.pl\/wordpress14552\/?post_type=product&#038;p=2760"},"modified":"2026-04-01T14:06:25","modified_gmt":"2026-04-01T12:06:25","slug":"nogi-drewniane-diana","status":"publish","type":"product","link":"https:\/\/www.woodlegs.pl\/eng\/nogi-do-stolu\/nogi-drewniane-diana\/","title":{"rendered":"Diana wooden legs"},"content":{"rendered":"<h1>Diana wooden legs - a classic and timeless design<\/h1>\n<p><strong>Diana wooden legs<\/strong> is a popular choice of leg model used in classic yet modern interiors. The leg is characterised by delicate milling at the top and bottom of the leg and an elegant pointed indentation made at a 45-degree angle. The leg has gained lightness thanks to the tapering towards the bottom. The total height of the leg is 73 cm. The height of a standard table is in the range of 75-78 cm, of which the top is approximately 2 cm thick. The leg height is therefore standard. The top cross-section of the leg is 8\u00d78 cm and the bottom cross-section is 4\u00d74 cm.<\/p>\n<p>We pay particular attention to the details and final sanding of the leg. This ensures that the products you purchase go directly to the paint shop. What do you gain from this? Time savings and high product quality. We select the best possible grain for each product so that consistency is maintained.<\/p>\n<p>Wood used in the production of <strong>Diana wooden legs<\/strong> is FSC-certified timber, which proves the legal and conscious sourcing of timber from State forests. Our company sources sawn timber in the highest quality class and with the correct moisture content not exceeding 8-10%. Properly dried wood does not cause cracks over time due to temperature differences in the rooms.<\/p>\n<p>Do you have a kitchen with an island open to the living room? Do you want consistency in your interior? Choose <em><strong><a href=\"https:\/\/www.woodlegs.pl\/eng\/noga-do-blatu-kuchennego\/nogi-drewniane-diana-100-cm\/\">Diana wooden legs 100 cm<\/a><\/strong>\u00a0 <\/em>and create a compatible interior.<\/p>\n<p>&nbsp;<\/p>\n<p>We also offer accessories for mounting the legs. If you need plates, screws or a complete set, please follow this link <strong><em><a href=\"https:\/\/www.woodlegs.pl\/eng\/akcesoria-do-montazu\/\">Mounting accessories<\/a>.<\/em><\/strong><\/p>","protected":false},"excerpt":{"rendered":"<p>A classic modern room requires a timeless design. The Diana table legs are in a class of their own. Delicate decorative fretwork at the top and bottom of the leg, a deep cutout and tapering of the leg towards the bottom. Delight everyone with your table or any other piece of furniture.<\/p>\n<p>&nbsp;<\/p>","protected":false},"featured_media":4179,"template":"","meta":[],"product_brand":[],"product_cat":[79,75],"product_tag":[],"class_list":{"0":"post-2760","1":"product","2":"type-product","3":"status-publish","4":"has-post-thumbnail","6":"product_cat-nogi-do-stolu","7":"product_cat-nogi-drewniane-pozostale","9":"first","10":"instock","11":"taxable","12":"shipping-taxable","13":"purchasable","14":"product-type-variable"},"yoast_head":"<!-- This site is optimized with the Yoast SEO plugin v26.2 - https:\/\/yoast.com\/wordpress\/plugins\/seo\/ -->\n<title>Nogi drewniane Diana - Woodlegs Company - Sklep producenta<\/title>\n<meta name=\"description\" content=\"Nogi drewniane Diana to nowoczesny wz\u00f3r, kt\u00f3ry dopasuje si\u0119 do ka\u017cdego wn\u0119trza! Wejd\u017a i zobacz nasze kolekcje. Gwarancja szybkiej dostawy!\" \/>\n<meta name=\"robots\" content=\"index, follow, max-snippet:-1, max-image-preview:large, max-video-preview:-1\" \/>\n<link rel=\"canonical\" href=\"https:\/\/www.woodlegs.pl\/eng\/nogi-do-stolu\/nogi-drewniane-diana\/\" \/>\n<meta property=\"og:locale\" content=\"en_GB\" \/>\n<meta property=\"og:type\" content=\"article\" \/>\n<meta property=\"og:title\" content=\"Nogi drewniane Diana - Woodlegs Company - Sklep producenta\" \/>\n<meta property=\"og:description\" content=\"Nogi drewniane Diana to nowoczesny wz\u00f3r, kt\u00f3ry dopasuje si\u0119 do ka\u017cdego wn\u0119trza! Wejd\u017a i zobacz nasze kolekcje. Gwarancja szybkiej dostawy!\" \/>\n<meta property=\"og:url\" content=\"https:\/\/www.woodlegs.pl\/eng\/nogi-do-stolu\/nogi-drewniane-diana\/\" \/>\n<meta property=\"og:site_name\" content=\"Woodlegs Company\" \/>\n<meta property=\"article:publisher\" content=\"https:\/\/www.facebook.com\/woodlegs.company\" \/>\n<meta property=\"article:modified_time\" content=\"2026-04-01T12:06:25+00:00\" \/>\n<meta property=\"og:image\" content=\"https:\/\/www.woodlegs.pl\/wp-content\/uploads\/2023\/03\/DIANA.jpg\" \/>\n\t<meta property=\"og:image:width\" content=\"1000\" \/>\n\t<meta property=\"og:image:height\" content=\"1000\" \/>\n\t<meta property=\"og:image:type\" content=\"image\/jpeg\" \/>\n<meta name=\"twitter:card\" content=\"summary_large_image\" \/>\n<meta name=\"twitter:label1\" content=\"Estimated reading time\" \/>\n\t<meta name=\"twitter:data1\" content=\"2 minutes\" \/>\n<script type=\"application\/ld+json\" class=\"yoast-schema-graph\">{\"@context\":\"https:\/\/schema.org\",\"@graph\":[{\"@type\":\"WebPage\",\"@id\":\"https:\/\/www.woodlegs.pl\/nogi-do-stolu\/nogi-drewniane-diana\/\",\"url\":\"https:\/\/www.woodlegs.pl\/nogi-do-stolu\/nogi-drewniane-diana\/\",\"name\":\"Nogi drewniane Diana - Woodlegs Company - Sklep producenta\",\"isPartOf\":{\"@id\":\"http:\/\/www.woodlegs.pl\/#website\"},\"primaryImageOfPage\":{\"@id\":\"https:\/\/www.woodlegs.pl\/nogi-do-stolu\/nogi-drewniane-diana\/#primaryimage\"},\"image\":{\"@id\":\"https:\/\/www.woodlegs.pl\/nogi-do-stolu\/nogi-drewniane-diana\/#primaryimage\"},\"thumbnailUrl\":\"https:\/\/www.woodlegs.pl\/wp-content\/uploads\/2023\/03\/DIANA.jpg\",\"datePublished\":\"2023-03-02T19:42:22+00:00\",\"dateModified\":\"2026-04-01T12:06:25+00:00\",\"description\":\"Nogi drewniane Diana to nowoczesny wz\u00f3r, kt\u00f3ry dopasuje si\u0119 do ka\u017cdego wn\u0119trza! Wejd\u017a i zobacz nasze kolekcje. Gwarancja szybkiej dostawy!\",\"breadcrumb\":{\"@id\":\"https:\/\/www.woodlegs.pl\/nogi-do-stolu\/nogi-drewniane-diana\/#breadcrumb\"},\"inLanguage\":\"en-GB\",\"potentialAction\":[{\"@type\":\"ReadAction\",\"target\":[\"https:\/\/www.woodlegs.pl\/nogi-do-stolu\/nogi-drewniane-diana\/\"]}]},{\"@type\":\"ImageObject\",\"inLanguage\":\"en-GB\",\"@id\":\"https:\/\/www.woodlegs.pl\/nogi-do-stolu\/nogi-drewniane-diana\/#primaryimage\",\"url\":\"https:\/\/www.woodlegs.pl\/wp-content\/uploads\/2023\/03\/DIANA.jpg\",\"contentUrl\":\"https:\/\/www.woodlegs.pl\/wp-content\/uploads\/2023\/03\/DIANA.jpg\",\"width\":1000,\"height\":1000,\"caption\":\"nogi-drewniane-diana-o-wysoko\u015bci-73-cm-grubo\u015bci-8-cm-noga-do-sto\u0142u-z-ozdobnymi-frezami-i-wyci\u0119ciami-noga-drewniana-diana-zw\u0119\u017ca-si\u0119-ku-do\u0142owi-nadaj\u0105c-delikatny-wygl\u0105d\"},{\"@type\":\"BreadcrumbList\",\"@id\":\"https:\/\/www.woodlegs.pl\/nogi-do-stolu\/nogi-drewniane-diana\/#breadcrumb\",\"itemListElement\":[{\"@type\":\"ListItem\",\"position\":1,\"name\":\"Strona g\u0142\u00f3wna\",\"item\":\"http:\/\/www.woodlegs.pl\/\"},{\"@type\":\"ListItem\",\"position\":2,\"name\":\"Sklep\",\"item\":\"http:\/\/www.woodlegs.pl\/sklep\/\"},{\"@type\":\"ListItem\",\"position\":3,\"name\":\"Nogi drewniane Diana\"}]},{\"@type\":\"WebSite\",\"@id\":\"http:\/\/www.woodlegs.pl\/#website\",\"url\":\"http:\/\/www.woodlegs.pl\/\",\"name\":\"Woodlegs\",\"description\":\"Producent n\u00f3g drewnianych, produkcja n\u00f3g drewnianych\",\"publisher\":{\"@id\":\"http:\/\/www.woodlegs.pl\/#organization\"},\"potentialAction\":[{\"@type\":\"SearchAction\",\"target\":{\"@type\":\"EntryPoint\",\"urlTemplate\":\"http:\/\/www.woodlegs.pl\/?s={search_term_string}\"},\"query-input\":{\"@type\":\"PropertyValueSpecification\",\"valueRequired\":true,\"valueName\":\"search_term_string\"}}],\"inLanguage\":\"en-GB\"},{\"@type\":\"Organization\",\"@id\":\"http:\/\/www.woodlegs.pl\/#organization\",\"name\":\"Woodlegs Company\",\"url\":\"http:\/\/www.woodlegs.pl\/\",\"logo\":{\"@type\":\"ImageObject\",\"inLanguage\":\"en-GB\",\"@id\":\"http:\/\/www.woodlegs.pl\/#\/schema\/logo\/image\/\",\"url\":\"https:\/\/www.woodlegs.pl\/wp-content\/uploads\/2023\/03\/logo-3.png\",\"contentUrl\":\"https:\/\/www.woodlegs.pl\/wp-content\/uploads\/2023\/03\/logo-3.png\",\"width\":605,\"height\":234,\"caption\":\"Woodlegs Company\"},\"image\":{\"@id\":\"http:\/\/www.woodlegs.pl\/#\/schema\/logo\/image\/\"},\"sameAs\":[\"https:\/\/www.facebook.com\/woodlegs.company\",\"https:\/\/www.instagram.com\/woodlegs_company\/\"]}]}<\/script>\n<!-- \/ Yoast SEO plugin. -->","yoast_head_json":{"title":"Nogi drewniane Diana - Woodlegs Company - Sklep producenta","description":"Nogi drewniane Diana to nowoczesny wz\u00f3r, kt\u00f3ry dopasuje si\u0119 do ka\u017cdego wn\u0119trza! Wejd\u017a i zobacz nasze kolekcje. Gwarancja szybkiej dostawy!","robots":{"index":"index","follow":"follow","max-snippet":"max-snippet:-1","max-image-preview":"max-image-preview:large","max-video-preview":"max-video-preview:-1"},"canonical":"https:\/\/www.woodlegs.pl\/eng\/nogi-do-stolu\/nogi-drewniane-diana\/","og_locale":"en_GB","og_type":"article","og_title":"Nogi drewniane Diana - Woodlegs Company - Sklep producenta","og_description":"Nogi drewniane Diana to nowoczesny wz\u00f3r, kt\u00f3ry dopasuje si\u0119 do ka\u017cdego wn\u0119trza! Wejd\u017a i zobacz nasze kolekcje. Gwarancja szybkiej dostawy!","og_url":"https:\/\/www.woodlegs.pl\/eng\/nogi-do-stolu\/nogi-drewniane-diana\/","og_site_name":"Woodlegs Company","article_publisher":"https:\/\/www.facebook.com\/woodlegs.company","article_modified_time":"2026-04-01T12:06:25+00:00","og_image":[{"width":1000,"height":1000,"url":"https:\/\/www.woodlegs.pl\/wp-content\/uploads\/2023\/03\/DIANA.jpg","type":"image\/jpeg"}],"twitter_card":"summary_large_image","twitter_misc":{"Estimated reading time":"2 minutes"},"schema":{"@context":"https:\/\/schema.org","@graph":[{"@type":"WebPage","@id":"https:\/\/www.woodlegs.pl\/nogi-do-stolu\/nogi-drewniane-diana\/","url":"https:\/\/www.woodlegs.pl\/nogi-do-stolu\/nogi-drewniane-diana\/","name":"Nogi drewniane Diana - Woodlegs Company - Sklep producenta","isPartOf":{"@id":"http:\/\/www.woodlegs.pl\/#website"},"primaryImageOfPage":{"@id":"https:\/\/www.woodlegs.pl\/nogi-do-stolu\/nogi-drewniane-diana\/#primaryimage"},"image":{"@id":"https:\/\/www.woodlegs.pl\/nogi-do-stolu\/nogi-drewniane-diana\/#primaryimage"},"thumbnailUrl":"https:\/\/www.woodlegs.pl\/wp-content\/uploads\/2023\/03\/DIANA.jpg","datePublished":"2023-03-02T19:42:22+00:00","dateModified":"2026-04-01T12:06:25+00:00","description":"Nogi drewniane Diana to nowoczesny wz\u00f3r, kt\u00f3ry dopasuje si\u0119 do ka\u017cdego wn\u0119trza! Wejd\u017a i zobacz nasze kolekcje. Gwarancja szybkiej dostawy!","breadcrumb":{"@id":"https:\/\/www.woodlegs.pl\/nogi-do-stolu\/nogi-drewniane-diana\/#breadcrumb"},"inLanguage":"en-GB","potentialAction":[{"@type":"ReadAction","target":["https:\/\/www.woodlegs.pl\/nogi-do-stolu\/nogi-drewniane-diana\/"]}]},{"@type":"ImageObject","inLanguage":"en-GB","@id":"https:\/\/www.woodlegs.pl\/nogi-do-stolu\/nogi-drewniane-diana\/#primaryimage","url":"https:\/\/www.woodlegs.pl\/wp-content\/uploads\/2023\/03\/DIANA.jpg","contentUrl":"https:\/\/www.woodlegs.pl\/wp-content\/uploads\/2023\/03\/DIANA.jpg","width":1000,"height":1000,"caption":"nogi-drewniane-diana-o-wysoko\u015bci-73-cm-grubo\u015bci-8-cm-noga-do-sto\u0142u-z-ozdobnymi-frezami-i-wyci\u0119ciami-noga-drewniana-diana-zw\u0119\u017ca-si\u0119-ku-do\u0142owi-nadaj\u0105c-delikatny-wygl\u0105d"},{"@type":"BreadcrumbList","@id":"https:\/\/www.woodlegs.pl\/nogi-do-stolu\/nogi-drewniane-diana\/#breadcrumb","itemListElement":[{"@type":"ListItem","position":1,"name":"Strona g\u0142\u00f3wna","item":"http:\/\/www.woodlegs.pl\/"},{"@type":"ListItem","position":2,"name":"Sklep","item":"http:\/\/www.woodlegs.pl\/sklep\/"},{"@type":"ListItem","position":3,"name":"Nogi drewniane Diana"}]},{"@type":"WebSite","@id":"http:\/\/www.woodlegs.pl\/#website","url":"http:\/\/www.woodlegs.pl\/","name":"Woodlegs","description":"Producent n\u00f3g drewnianych, produkcja n\u00f3g drewnianych","publisher":{"@id":"http:\/\/www.woodlegs.pl\/#organization"},"potentialAction":[{"@type":"SearchAction","target":{"@type":"EntryPoint","urlTemplate":"http:\/\/www.woodlegs.pl\/?s={search_term_string}"},"query-input":{"@type":"PropertyValueSpecification","valueRequired":true,"valueName":"search_term_string"}}],"inLanguage":"en-GB"},{"@type":"Organization","@id":"http:\/\/www.woodlegs.pl\/#organization","name":"Woodlegs Company","url":"http:\/\/www.woodlegs.pl\/","logo":{"@type":"ImageObject","inLanguage":"en-GB","@id":"http:\/\/www.woodlegs.pl\/#\/schema\/logo\/image\/","url":"https:\/\/www.woodlegs.pl\/wp-content\/uploads\/2023\/03\/logo-3.png","contentUrl":"https:\/\/www.woodlegs.pl\/wp-content\/uploads\/2023\/03\/logo-3.png","width":605,"height":234,"caption":"Woodlegs Company"},"image":{"@id":"http:\/\/www.woodlegs.pl\/#\/schema\/logo\/image\/"},"sameAs":["https:\/\/www.facebook.com\/woodlegs.company","https:\/\/www.instagram.com\/woodlegs_company\/"]}]}},"_links":{"self":[{"href":"https:\/\/www.woodlegs.pl\/eng\/wp-json\/wp\/v2\/product\/2760","targetHints":{"allow":["GET"]}}],"collection":[{"href":"https:\/\/www.woodlegs.pl\/eng\/wp-json\/wp\/v2\/product"}],"about":[{"href":"https:\/\/www.woodlegs.pl\/eng\/wp-json\/wp\/v2\/types\/product"}],"wp:featuredmedia":[{"embeddable":true,"href":"https:\/\/www.woodlegs.pl\/eng\/wp-json\/wp\/v2\/media\/4179"}],"wp:attachment":[{"href":"https:\/\/www.woodlegs.pl\/eng\/wp-json\/wp\/v2\/media?parent=2760"}],"wp:term":[{"taxonomy":"product_brand","embeddable":true,"href":"https:\/\/www.woodlegs.pl\/eng\/wp-json\/wp\/v2\/product_brand?post=2760"},{"taxonomy":"product_cat","embeddable":true,"href":"https:\/\/www.woodlegs.pl\/eng\/wp-json\/wp\/v2\/product_cat?post=2760"},{"taxonomy":"product_tag","embeddable":true,"href":"https:\/\/www.woodlegs.pl\/eng\/wp-json\/wp\/v2\/product_tag?post=2760"}],"curies":[{"name":"wp","href":"https:\/\/api.w.org\/{rel}","templated":true}]}}