{"id":2764,"date":"2023-03-02T20:42:22","date_gmt":"2023-03-02T19:42:22","guid":{"rendered":"http:\/\/serwer174992.lh.pl\/autoinstalator\/serwer174992.lh.pl\/wordpress14552\/?post_type=product&#038;p=2764"},"modified":"2026-04-08T07:58:45","modified_gmt":"2026-04-08T05:58:45","slug":"nogi-drewniane-milano","status":"publish","type":"product","link":"https:\/\/www.woodlegs.pl\/eng\/nogi-do-stolu\/nogi-drewniane-milano\/","title":{"rendered":"Milano wooden legs"},"content":{"rendered":"<h2 class=\"text-xl font-bold text-text-200 mt-1 -mb-0.5\">Why choose Milano wooden legs?<\/h2>\n<p class=\"whitespace-pre-wrap break-words\">If you are looking for exceptional wooden legs that combine classic elegance with the highest quality workmanship, Milano wooden legs are just for you. Each leg is the result of precise carpentry work, where attention to detail is combined with the use of the finest materials.<\/p>\n<h2 class=\"text-xl font-bold text-text-200 mt-1 -mb-0.5\">What makes the Milano wooden legs stand out?<\/h2>\n<p class=\"whitespace-pre-wrap break-words\">Above all, the characteristic turned shape with subtle grooves that run along the entire length of the leg. In the upper part there is a classic ring, adding nobility and a unique character to the furniture. Thanks to this, the Milano wooden legs become not only a structural element, but a real ornament of each piece of furniture.<\/p>\n<h2 class=\"text-xl font-bold text-text-200 mt-1 -mb-0.5\">What materials are Milano legs made of?<\/h2>\n<p class=\"whitespace-pre-wrap break-words\">We only use selected solid wood for our legs:<\/p>\n<ul class=\"[&amp;:not(:last-child)_ul]:pb-1 [&amp;:not(:last-child)_ol]:pb-1 list-disc space-y-1.5 pl-7\">\n<li class=\"whitespace-normal break-words\">Beech wood - valued for its unrivalled durability and beautiful light shade<\/li>\n<li class=\"whitespace-normal break-words\">Oak wood - a symbol of timeless elegance with a characteristic warm grain<\/li>\n<\/ul>\n<h2 class=\"text-xl font-bold text-text-200 mt-1 -mb-0.5\">Where will the Milano wooden legs work best?<\/h2>\n<p class=\"whitespace-pre-wrap break-words\">Our legs blend in perfectly:<\/p>\n<ul class=\"[&amp;:not(:last-child)_ul]:pb-1 [&amp;:not(:last-child)_ol]:pb-1 list-disc space-y-1.5 pl-7\">\n<li class=\"whitespace-normal break-words\">Classical interiors - where they emphasise the elegance and nobility of the arrangement<\/li>\n<li class=\"whitespace-normal break-words\">Retro\/vintage styling - where furniture inspired by by bygone eras will complement wonderfully<\/li>\n<li class=\"whitespace-normal break-words\">Eclectic compositions - where they create a fascinating contrast with modern elements<\/li>\n<\/ul>\n<h2 class=\"text-xl font-bold text-text-200 mt-1 -mb-0.5\">What are the options for the Milano legs?<\/h2>\n<p class=\"whitespace-pre-wrap break-words\">They will work perfectly as a basis for:<\/p>\n<ul class=\"[&amp;:not(:last-child)_ul]:pb-1 [&amp;:not(:last-child)_ol]:pb-1 list-disc space-y-1.5 pl-7\">\n<li class=\"whitespace-normal break-words\">Stylish dining tables<\/li>\n<li class=\"whitespace-normal break-words\">Elegant coffee tables<\/li>\n<li class=\"whitespace-normal break-words\">Classic consoles<\/li>\n<li class=\"whitespace-normal break-words\">Sophisticated dressing tables<\/li>\n<\/ul>\n<h2 class=\"text-xl font-bold text-text-200 mt-1 -mb-0.5\">Technical parameters of Milano wooden legs<\/h2>\n<p class=\"whitespace-pre-wrap break-words\">Wondering about the dimensions? Here are the highlights:<\/p>\n<ul class=\"[&amp;:not(:last-child)_ul]:pb-1 [&amp;:not(:last-child)_ol]:pb-1 list-disc space-y-1.5 pl-7\">\n<li class=\"whitespace-normal break-words\">Height: 73 cm - perfect for dining tables<\/li>\n<li class=\"whitespace-normal break-words\">Precision surface finish - sanding at the highest level so you pass the product directly to the paint shop;<\/li>\n<li>every detail of the finishing touches taken care of.<\/li>\n<\/ul>\n<h2 class=\"text-xl font-bold text-text-200 mt-1 -mb-0.5\">What do you gain by choosing Milano legs?<\/h2>\n<ol class=\"[&amp;:not(:last-child)_ul]:pb-1 [&amp;:not(:last-child)_ol]:pb-1 list-decimal space-y-1.5 pl-7\">\n<li class=\"whitespace-normal break-words\">Timeless design - a classic form always on trend<\/li>\n<li class=\"whitespace-normal break-words\">Highest quality workmanship - the result of precise craftsmanship<\/li>\n<li class=\"whitespace-normal break-words\">Precious materials - carefully selected woods<\/li>\n<li class=\"whitespace-normal break-words\">Extremely durable - robust construction ensures stability<\/li>\n<li class=\"whitespace-normal break-words\">Personalisation options - various finish options<\/li>\n<\/ol>\n<h2 class=\"text-xl font-bold text-text-200 mt-1 -mb-0.5\">Guarantee of the highest quality<\/h2>\n<p class=\"whitespace-pre-wrap break-words\">Before the Milano table legs reach you, they go through a detailed quality check. We make every effort to ensure that the product arrives to you in perfect condition. We offer professional advice on choosing the right variant and finish.<\/p>\n<h2 class=\"text-xl font-bold text-text-200 mt-1 -mb-0.5\">Create a unique interior with Milano legs<\/h2>\n<p class=\"whitespace-pre-wrap break-words\">If you value classic aesthetics, top quality workmanship and durability, Milano wooden legs are made for you. Invest in a product that will transform your furniture into true works of art and indulge in a touch of timeless luxury.<\/p>\n<p class=\"whitespace-pre-wrap break-words\">So don't wait - choose the Milano model and bring into your interior the quintessence of classic elegance that will please the eye for years to come.<\/p>\n<p>In our offer you will also find\u00a0<a href=\"https:\/\/www.woodlegs.pl\/eng\/nogi-toczone\/nozki-meblowe-milano-komoda\/\">Milano dresser furniture feet<\/a> and\u00a0<a href=\"https:\/\/www.woodlegs.pl\/eng\/nogi-drewniane-pozostale\/nogi-do-stolika-milano-lawa\/\">Legs for Milano coffee table Bench<\/a>and there will also be something for the kitchen\u00a0<a href=\"https:\/\/www.woodlegs.pl\/eng\/noga-do-blatu-kuchennego\/noga-do-blatu-kuchennego-milano-92-cm\/\">Milano kitchen worktop leg 92 cm<\/a>.<\/p>","protected":false},"excerpt":{"rendered":"<p>Are you looking for elegant wooden table legs? Milano wooden legs are the perfect choice for your interior. Made of solid beech or oak wood and 73 cm high, they impress with their precision turned finish. Check out how they will transform your retro, vintage and classic style furniture.<\/p>","protected":false},"featured_media":3982,"template":"","meta":[],"product_brand":[],"product_cat":[79,75],"product_tag":[],"class_list":{"0":"post-2764","1":"product","2":"type-product","3":"status-publish","4":"has-post-thumbnail","6":"product_cat-nogi-do-stolu","7":"product_cat-nogi-drewniane-pozostale","9":"first","10":"instock","11":"taxable","12":"shipping-taxable","13":"purchasable","14":"product-type-variable"},"yoast_head":"<!-- This site is optimized with the Yoast SEO plugin v26.2 - https:\/\/yoast.com\/wordpress\/plugins\/seo\/ -->\n<title>Nogi drewniane Milano - Woodlegs - Sklep z nogami do sto\u0142u<\/title>\n<meta name=\"description\" content=\"Poszukujesz nogi drewniane Milano? A mo\u017ce innej nogi do sto\u0142u? Zobacz nasz\u0105 ofert\u0119! Jeste\u015bmy producentem n\u00f3g drewnianych.\" \/>\n<meta name=\"robots\" content=\"index, follow, max-snippet:-1, max-image-preview:large, max-video-preview:-1\" \/>\n<link rel=\"canonical\" href=\"https:\/\/www.woodlegs.pl\/eng\/nogi-do-stolu\/nogi-drewniane-milano\/\" \/>\n<meta property=\"og:locale\" content=\"en_GB\" \/>\n<meta property=\"og:type\" content=\"article\" \/>\n<meta property=\"og:title\" content=\"Nogi drewniane Milano - Woodlegs - Sklep z nogami do sto\u0142u\" \/>\n<meta property=\"og:description\" content=\"Poszukujesz nogi drewniane Milano? A mo\u017ce innej nogi do sto\u0142u? Zobacz nasz\u0105 ofert\u0119! Jeste\u015bmy producentem n\u00f3g drewnianych.\" \/>\n<meta property=\"og:url\" content=\"https:\/\/www.woodlegs.pl\/eng\/nogi-do-stolu\/nogi-drewniane-milano\/\" \/>\n<meta property=\"og:site_name\" content=\"Woodlegs Company\" \/>\n<meta property=\"article:publisher\" content=\"https:\/\/www.facebook.com\/woodlegs.company\" \/>\n<meta property=\"article:modified_time\" content=\"2026-04-08T05:58:45+00:00\" \/>\n<meta property=\"og:image\" content=\"https:\/\/www.woodlegs.pl\/wp-content\/uploads\/2023\/03\/Milano.jpg\" \/>\n\t<meta property=\"og:image:width\" content=\"1000\" \/>\n\t<meta property=\"og:image:height\" content=\"1000\" \/>\n\t<meta property=\"og:image:type\" content=\"image\/jpeg\" \/>\n<meta name=\"twitter:card\" content=\"summary_large_image\" \/>\n<meta name=\"twitter:label1\" content=\"Estimated reading time\" \/>\n\t<meta name=\"twitter:data1\" content=\"3 minutes\" \/>\n<script type=\"application\/ld+json\" class=\"yoast-schema-graph\">{\"@context\":\"https:\/\/schema.org\",\"@graph\":[{\"@type\":\"WebPage\",\"@id\":\"https:\/\/www.woodlegs.pl\/nogi-do-stolu\/nogi-drewniane-milano\/\",\"url\":\"https:\/\/www.woodlegs.pl\/nogi-do-stolu\/nogi-drewniane-milano\/\",\"name\":\"Nogi drewniane Milano - Woodlegs - Sklep z nogami do sto\u0142u\",\"isPartOf\":{\"@id\":\"http:\/\/www.woodlegs.pl\/#website\"},\"primaryImageOfPage\":{\"@id\":\"https:\/\/www.woodlegs.pl\/nogi-do-stolu\/nogi-drewniane-milano\/#primaryimage\"},\"image\":{\"@id\":\"https:\/\/www.woodlegs.pl\/nogi-do-stolu\/nogi-drewniane-milano\/#primaryimage\"},\"thumbnailUrl\":\"https:\/\/www.woodlegs.pl\/wp-content\/uploads\/2023\/03\/Milano.jpg\",\"datePublished\":\"2023-03-02T19:42:22+00:00\",\"dateModified\":\"2026-04-08T05:58:45+00:00\",\"description\":\"Poszukujesz nogi drewniane Milano? A mo\u017ce innej nogi do sto\u0142u? Zobacz nasz\u0105 ofert\u0119! Jeste\u015bmy producentem n\u00f3g drewnianych.\",\"breadcrumb\":{\"@id\":\"https:\/\/www.woodlegs.pl\/nogi-do-stolu\/nogi-drewniane-milano\/#breadcrumb\"},\"inLanguage\":\"en-GB\",\"potentialAction\":[{\"@type\":\"ReadAction\",\"target\":[\"https:\/\/www.woodlegs.pl\/nogi-do-stolu\/nogi-drewniane-milano\/\"]}]},{\"@type\":\"ImageObject\",\"inLanguage\":\"en-GB\",\"@id\":\"https:\/\/www.woodlegs.pl\/nogi-do-stolu\/nogi-drewniane-milano\/#primaryimage\",\"url\":\"https:\/\/www.woodlegs.pl\/wp-content\/uploads\/2023\/03\/Milano.jpg\",\"contentUrl\":\"https:\/\/www.woodlegs.pl\/wp-content\/uploads\/2023\/03\/Milano.jpg\",\"width\":1000,\"height\":1000,\"caption\":\"nogi-drewniane-milano-nogi-bukowe-frezowane-nogi-do-sto\u0142u-producent-element\u00f3w-drewnianych-producent-n\u00f3g-drewnianych\"},{\"@type\":\"BreadcrumbList\",\"@id\":\"https:\/\/www.woodlegs.pl\/nogi-do-stolu\/nogi-drewniane-milano\/#breadcrumb\",\"itemListElement\":[{\"@type\":\"ListItem\",\"position\":1,\"name\":\"Strona g\u0142\u00f3wna\",\"item\":\"http:\/\/www.woodlegs.pl\/\"},{\"@type\":\"ListItem\",\"position\":2,\"name\":\"Sklep\",\"item\":\"http:\/\/www.woodlegs.pl\/sklep\/\"},{\"@type\":\"ListItem\",\"position\":3,\"name\":\"Nogi drewniane Milano\"}]},{\"@type\":\"WebSite\",\"@id\":\"http:\/\/www.woodlegs.pl\/#website\",\"url\":\"http:\/\/www.woodlegs.pl\/\",\"name\":\"Woodlegs\",\"description\":\"Producent n\u00f3g drewnianych, produkcja n\u00f3g drewnianych\",\"publisher\":{\"@id\":\"http:\/\/www.woodlegs.pl\/#organization\"},\"potentialAction\":[{\"@type\":\"SearchAction\",\"target\":{\"@type\":\"EntryPoint\",\"urlTemplate\":\"http:\/\/www.woodlegs.pl\/?s={search_term_string}\"},\"query-input\":{\"@type\":\"PropertyValueSpecification\",\"valueRequired\":true,\"valueName\":\"search_term_string\"}}],\"inLanguage\":\"en-GB\"},{\"@type\":\"Organization\",\"@id\":\"http:\/\/www.woodlegs.pl\/#organization\",\"name\":\"Woodlegs Company\",\"url\":\"http:\/\/www.woodlegs.pl\/\",\"logo\":{\"@type\":\"ImageObject\",\"inLanguage\":\"en-GB\",\"@id\":\"http:\/\/www.woodlegs.pl\/#\/schema\/logo\/image\/\",\"url\":\"https:\/\/www.woodlegs.pl\/wp-content\/uploads\/2023\/03\/logo-3.png\",\"contentUrl\":\"https:\/\/www.woodlegs.pl\/wp-content\/uploads\/2023\/03\/logo-3.png\",\"width\":605,\"height\":234,\"caption\":\"Woodlegs Company\"},\"image\":{\"@id\":\"http:\/\/www.woodlegs.pl\/#\/schema\/logo\/image\/\"},\"sameAs\":[\"https:\/\/www.facebook.com\/woodlegs.company\",\"https:\/\/www.instagram.com\/woodlegs_company\/\"]}]}<\/script>\n<!-- \/ Yoast SEO plugin. -->","yoast_head_json":{"title":"Nogi drewniane Milano - Woodlegs - Sklep z nogami do sto\u0142u","description":"Poszukujesz nogi drewniane Milano? A mo\u017ce innej nogi do sto\u0142u? Zobacz nasz\u0105 ofert\u0119! Jeste\u015bmy producentem n\u00f3g drewnianych.","robots":{"index":"index","follow":"follow","max-snippet":"max-snippet:-1","max-image-preview":"max-image-preview:large","max-video-preview":"max-video-preview:-1"},"canonical":"https:\/\/www.woodlegs.pl\/eng\/nogi-do-stolu\/nogi-drewniane-milano\/","og_locale":"en_GB","og_type":"article","og_title":"Nogi drewniane Milano - Woodlegs - Sklep z nogami do sto\u0142u","og_description":"Poszukujesz nogi drewniane Milano? A mo\u017ce innej nogi do sto\u0142u? Zobacz nasz\u0105 ofert\u0119! Jeste\u015bmy producentem n\u00f3g drewnianych.","og_url":"https:\/\/www.woodlegs.pl\/eng\/nogi-do-stolu\/nogi-drewniane-milano\/","og_site_name":"Woodlegs Company","article_publisher":"https:\/\/www.facebook.com\/woodlegs.company","article_modified_time":"2026-04-08T05:58:45+00:00","og_image":[{"width":1000,"height":1000,"url":"https:\/\/www.woodlegs.pl\/wp-content\/uploads\/2023\/03\/Milano.jpg","type":"image\/jpeg"}],"twitter_card":"summary_large_image","twitter_misc":{"Estimated reading time":"3 minutes"},"schema":{"@context":"https:\/\/schema.org","@graph":[{"@type":"WebPage","@id":"https:\/\/www.woodlegs.pl\/nogi-do-stolu\/nogi-drewniane-milano\/","url":"https:\/\/www.woodlegs.pl\/nogi-do-stolu\/nogi-drewniane-milano\/","name":"Nogi drewniane Milano - Woodlegs - Sklep z nogami do sto\u0142u","isPartOf":{"@id":"http:\/\/www.woodlegs.pl\/#website"},"primaryImageOfPage":{"@id":"https:\/\/www.woodlegs.pl\/nogi-do-stolu\/nogi-drewniane-milano\/#primaryimage"},"image":{"@id":"https:\/\/www.woodlegs.pl\/nogi-do-stolu\/nogi-drewniane-milano\/#primaryimage"},"thumbnailUrl":"https:\/\/www.woodlegs.pl\/wp-content\/uploads\/2023\/03\/Milano.jpg","datePublished":"2023-03-02T19:42:22+00:00","dateModified":"2026-04-08T05:58:45+00:00","description":"Poszukujesz nogi drewniane Milano? A mo\u017ce innej nogi do sto\u0142u? Zobacz nasz\u0105 ofert\u0119! Jeste\u015bmy producentem n\u00f3g drewnianych.","breadcrumb":{"@id":"https:\/\/www.woodlegs.pl\/nogi-do-stolu\/nogi-drewniane-milano\/#breadcrumb"},"inLanguage":"en-GB","potentialAction":[{"@type":"ReadAction","target":["https:\/\/www.woodlegs.pl\/nogi-do-stolu\/nogi-drewniane-milano\/"]}]},{"@type":"ImageObject","inLanguage":"en-GB","@id":"https:\/\/www.woodlegs.pl\/nogi-do-stolu\/nogi-drewniane-milano\/#primaryimage","url":"https:\/\/www.woodlegs.pl\/wp-content\/uploads\/2023\/03\/Milano.jpg","contentUrl":"https:\/\/www.woodlegs.pl\/wp-content\/uploads\/2023\/03\/Milano.jpg","width":1000,"height":1000,"caption":"nogi-drewniane-milano-nogi-bukowe-frezowane-nogi-do-sto\u0142u-producent-element\u00f3w-drewnianych-producent-n\u00f3g-drewnianych"},{"@type":"BreadcrumbList","@id":"https:\/\/www.woodlegs.pl\/nogi-do-stolu\/nogi-drewniane-milano\/#breadcrumb","itemListElement":[{"@type":"ListItem","position":1,"name":"Strona g\u0142\u00f3wna","item":"http:\/\/www.woodlegs.pl\/"},{"@type":"ListItem","position":2,"name":"Sklep","item":"http:\/\/www.woodlegs.pl\/sklep\/"},{"@type":"ListItem","position":3,"name":"Nogi drewniane Milano"}]},{"@type":"WebSite","@id":"http:\/\/www.woodlegs.pl\/#website","url":"http:\/\/www.woodlegs.pl\/","name":"Woodlegs","description":"Producent n\u00f3g drewnianych, produkcja n\u00f3g drewnianych","publisher":{"@id":"http:\/\/www.woodlegs.pl\/#organization"},"potentialAction":[{"@type":"SearchAction","target":{"@type":"EntryPoint","urlTemplate":"http:\/\/www.woodlegs.pl\/?s={search_term_string}"},"query-input":{"@type":"PropertyValueSpecification","valueRequired":true,"valueName":"search_term_string"}}],"inLanguage":"en-GB"},{"@type":"Organization","@id":"http:\/\/www.woodlegs.pl\/#organization","name":"Woodlegs Company","url":"http:\/\/www.woodlegs.pl\/","logo":{"@type":"ImageObject","inLanguage":"en-GB","@id":"http:\/\/www.woodlegs.pl\/#\/schema\/logo\/image\/","url":"https:\/\/www.woodlegs.pl\/wp-content\/uploads\/2023\/03\/logo-3.png","contentUrl":"https:\/\/www.woodlegs.pl\/wp-content\/uploads\/2023\/03\/logo-3.png","width":605,"height":234,"caption":"Woodlegs Company"},"image":{"@id":"http:\/\/www.woodlegs.pl\/#\/schema\/logo\/image\/"},"sameAs":["https:\/\/www.facebook.com\/woodlegs.company","https:\/\/www.instagram.com\/woodlegs_company\/"]}]}},"_links":{"self":[{"href":"https:\/\/www.woodlegs.pl\/eng\/wp-json\/wp\/v2\/product\/2764","targetHints":{"allow":["GET"]}}],"collection":[{"href":"https:\/\/www.woodlegs.pl\/eng\/wp-json\/wp\/v2\/product"}],"about":[{"href":"https:\/\/www.woodlegs.pl\/eng\/wp-json\/wp\/v2\/types\/product"}],"wp:featuredmedia":[{"embeddable":true,"href":"https:\/\/www.woodlegs.pl\/eng\/wp-json\/wp\/v2\/media\/3982"}],"wp:attachment":[{"href":"https:\/\/www.woodlegs.pl\/eng\/wp-json\/wp\/v2\/media?parent=2764"}],"wp:term":[{"taxonomy":"product_brand","embeddable":true,"href":"https:\/\/www.woodlegs.pl\/eng\/wp-json\/wp\/v2\/product_brand?post=2764"},{"taxonomy":"product_cat","embeddable":true,"href":"https:\/\/www.woodlegs.pl\/eng\/wp-json\/wp\/v2\/product_cat?post=2764"},{"taxonomy":"product_tag","embeddable":true,"href":"https:\/\/www.woodlegs.pl\/eng\/wp-json\/wp\/v2\/product_tag?post=2764"}],"curies":[{"name":"wp","href":"https:\/\/api.w.org\/{rel}","templated":true}]}}