{"id":2766,"date":"2023-03-02T20:42:22","date_gmt":"2023-03-02T19:42:22","guid":{"rendered":"http:\/\/serwer174992.lh.pl\/autoinstalator\/serwer174992.lh.pl\/wordpress14552\/?post_type=product&#038;p=2766"},"modified":"2026-04-08T09:41:13","modified_gmt":"2026-04-08T07:41:13","slug":"nogi-do-stolika-milano-lawa","status":"publish","type":"product","link":"https:\/\/www.woodlegs.pl\/eng\/nogi-drewniane-pozostale\/nogi-do-stolika-milano-lawa\/","title":{"rendered":"Legs for Milano coffee table Bench"},"content":{"rendered":"","protected":false},"excerpt":{"rendered":"<p class=\"whitespace-pre-wrap break-words\"><strong>Discover the secret of timeless elegance - Milano table legs Bench<\/strong><\/p>\n<p class=\"whitespace-pre-wrap break-words\">Wyobra\u017a sobie mebel, kt\u00f3ry przyci\u0105ga spojrzenia i budzi zachwyt. Nogi do stolika Milano \u0141awa, z charakterystycznym zw\u0119\u017ceniem od g\u00f3rnego przekroju 6&#215;6 cm, to bez w\u0105tpienia mistrzowskie po\u0142\u0105czenie formy i funkcji. Wykonane z certyfikowanego drewna bukowego lub d\u0119bowego, zachwycaj\u0105 nie tylko precyzyjnym frezowaniem, ale przede wszystkim finezyjnym elementem toczonym w postaci dekoracyjnej kuli. Ta 56-centymetrowa konstrukcja to wi\u0119cej ni\u017c zwyk\u0142a podstawa mebla &#8211; to klucz do stworzenia \u0142awy, kt\u00f3ra stanie si\u0119 centralnym punktem Twojego salonu. W ko\u0144cu, czy nie tego w\u0142a\u015bnie szukasz &#8211; elementu, kt\u00f3ry nada Twoim meblom charakteru i sprawi, \u017ce go\u015bcie b\u0119d\u0105 pyta\u0107: &#8222;Gdzie znalaz\u0142e\u015b tak wyj\u0105tkowy mebel?&#8221;<\/p>","protected":false},"featured_media":3984,"template":"","meta":[],"product_brand":[],"product_cat":[88,75],"product_tag":[],"class_list":{"0":"post-2766","1":"product","2":"type-product","3":"status-publish","4":"has-post-thumbnail","6":"product_cat-nogi-do-stolika","7":"product_cat-nogi-drewniane-pozostale","9":"first","10":"instock","11":"taxable","12":"shipping-taxable","13":"purchasable","14":"product-type-variable"},"yoast_head":"<!-- This site is optimized with the Yoast SEO plugin v26.2 - https:\/\/yoast.com\/wordpress\/plugins\/seo\/ -->\n<title>Noga do stolika Milano \u0141awa - sklep z nogami drewnianymi<\/title>\n<meta name=\"description\" content=\"Nogi do stolika Milano \u0141awa sprawdz\u0105 si\u0119 w zar\u00f3wno w klasycznym wn\u0119trzu jak i nowoczesnym. Sprawd\u017a nasz\u0105 kolekcj\u0119 Milano. Gwarantujemy szybk\u0105 dostaw\u0119!\" \/>\n<meta name=\"robots\" content=\"index, follow, max-snippet:-1, max-image-preview:large, max-video-preview:-1\" \/>\n<link rel=\"canonical\" href=\"https:\/\/www.woodlegs.pl\/eng\/nogi-drewniane-pozostale\/nogi-do-stolika-milano-lawa\/\" \/>\n<meta property=\"og:locale\" content=\"en_GB\" \/>\n<meta property=\"og:type\" content=\"article\" \/>\n<meta property=\"og:title\" content=\"Noga do stolika Milano \u0141awa - sklep z nogami drewnianymi\" \/>\n<meta property=\"og:description\" content=\"Nogi do stolika Milano \u0141awa sprawdz\u0105 si\u0119 w zar\u00f3wno w klasycznym wn\u0119trzu jak i nowoczesnym. Sprawd\u017a nasz\u0105 kolekcj\u0119 Milano. Gwarantujemy szybk\u0105 dostaw\u0119!\" \/>\n<meta property=\"og:url\" content=\"https:\/\/www.woodlegs.pl\/eng\/nogi-drewniane-pozostale\/nogi-do-stolika-milano-lawa\/\" \/>\n<meta property=\"og:site_name\" content=\"Woodlegs Company\" \/>\n<meta property=\"article:publisher\" content=\"https:\/\/www.facebook.com\/woodlegs.company\" \/>\n<meta property=\"article:modified_time\" content=\"2026-04-08T07:41:13+00:00\" \/>\n<meta property=\"og:image\" content=\"https:\/\/www.woodlegs.pl\/wp-content\/uploads\/2023\/03\/Milano-Lawa.jpg\" \/>\n\t<meta property=\"og:image:width\" content=\"1000\" \/>\n\t<meta property=\"og:image:height\" content=\"1000\" \/>\n\t<meta property=\"og:image:type\" content=\"image\/jpeg\" \/>\n<meta name=\"twitter:card\" content=\"summary_large_image\" \/>\n<meta name=\"twitter:label1\" content=\"Estimated reading time\" \/>\n\t<meta name=\"twitter:data1\" content=\"1 minute\" \/>\n<script type=\"application\/ld+json\" class=\"yoast-schema-graph\">{\"@context\":\"https:\/\/schema.org\",\"@graph\":[{\"@type\":\"WebPage\",\"@id\":\"https:\/\/www.woodlegs.pl\/nogi-drewniane-pozostale\/nogi-do-stolika-milano-lawa\/\",\"url\":\"https:\/\/www.woodlegs.pl\/nogi-drewniane-pozostale\/nogi-do-stolika-milano-lawa\/\",\"name\":\"Noga do stolika Milano \u0141awa - sklep z nogami drewnianymi\",\"isPartOf\":{\"@id\":\"http:\/\/www.woodlegs.pl\/#website\"},\"primaryImageOfPage\":{\"@id\":\"https:\/\/www.woodlegs.pl\/nogi-drewniane-pozostale\/nogi-do-stolika-milano-lawa\/#primaryimage\"},\"image\":{\"@id\":\"https:\/\/www.woodlegs.pl\/nogi-drewniane-pozostale\/nogi-do-stolika-milano-lawa\/#primaryimage\"},\"thumbnailUrl\":\"https:\/\/www.woodlegs.pl\/wp-content\/uploads\/2023\/03\/Milano-Lawa.jpg\",\"datePublished\":\"2023-03-02T19:42:22+00:00\",\"dateModified\":\"2026-04-08T07:41:13+00:00\",\"description\":\"Nogi do stolika Milano \u0141awa sprawdz\u0105 si\u0119 w zar\u00f3wno w klasycznym wn\u0119trzu jak i nowoczesnym. Sprawd\u017a nasz\u0105 kolekcj\u0119 Milano. Gwarantujemy szybk\u0105 dostaw\u0119!\",\"breadcrumb\":{\"@id\":\"https:\/\/www.woodlegs.pl\/nogi-drewniane-pozostale\/nogi-do-stolika-milano-lawa\/#breadcrumb\"},\"inLanguage\":\"en-GB\",\"potentialAction\":[{\"@type\":\"ReadAction\",\"target\":[\"https:\/\/www.woodlegs.pl\/nogi-drewniane-pozostale\/nogi-do-stolika-milano-lawa\/\"]}]},{\"@type\":\"ImageObject\",\"inLanguage\":\"en-GB\",\"@id\":\"https:\/\/www.woodlegs.pl\/nogi-drewniane-pozostale\/nogi-do-stolika-milano-lawa\/#primaryimage\",\"url\":\"https:\/\/www.woodlegs.pl\/wp-content\/uploads\/2023\/03\/Milano-Lawa.jpg\",\"contentUrl\":\"https:\/\/www.woodlegs.pl\/wp-content\/uploads\/2023\/03\/Milano-Lawa.jpg\",\"width\":1000,\"height\":1000,\"caption\":\"nogi-do-stolika-milano-\u0142awa-nogi-do-stolika-kawowego-bukowe-d\u0119bowe-z-litego drewna-nogi-do-stolika-frezowane-nogi-toczone-nogi-do-\u0142awy\"},{\"@type\":\"BreadcrumbList\",\"@id\":\"https:\/\/www.woodlegs.pl\/nogi-drewniane-pozostale\/nogi-do-stolika-milano-lawa\/#breadcrumb\",\"itemListElement\":[{\"@type\":\"ListItem\",\"position\":1,\"name\":\"Strona g\u0142\u00f3wna\",\"item\":\"http:\/\/www.woodlegs.pl\/\"},{\"@type\":\"ListItem\",\"position\":2,\"name\":\"Sklep\",\"item\":\"http:\/\/www.woodlegs.pl\/sklep\/\"},{\"@type\":\"ListItem\",\"position\":3,\"name\":\"Nogi do stolika Milano \u0141awa\"}]},{\"@type\":\"WebSite\",\"@id\":\"http:\/\/www.woodlegs.pl\/#website\",\"url\":\"http:\/\/www.woodlegs.pl\/\",\"name\":\"Woodlegs\",\"description\":\"Producent n\u00f3g drewnianych, produkcja n\u00f3g drewnianych\",\"publisher\":{\"@id\":\"http:\/\/www.woodlegs.pl\/#organization\"},\"potentialAction\":[{\"@type\":\"SearchAction\",\"target\":{\"@type\":\"EntryPoint\",\"urlTemplate\":\"http:\/\/www.woodlegs.pl\/?s={search_term_string}\"},\"query-input\":{\"@type\":\"PropertyValueSpecification\",\"valueRequired\":true,\"valueName\":\"search_term_string\"}}],\"inLanguage\":\"en-GB\"},{\"@type\":\"Organization\",\"@id\":\"http:\/\/www.woodlegs.pl\/#organization\",\"name\":\"Woodlegs Company\",\"url\":\"http:\/\/www.woodlegs.pl\/\",\"logo\":{\"@type\":\"ImageObject\",\"inLanguage\":\"en-GB\",\"@id\":\"http:\/\/www.woodlegs.pl\/#\/schema\/logo\/image\/\",\"url\":\"https:\/\/www.woodlegs.pl\/wp-content\/uploads\/2023\/03\/logo-3.png\",\"contentUrl\":\"https:\/\/www.woodlegs.pl\/wp-content\/uploads\/2023\/03\/logo-3.png\",\"width\":605,\"height\":234,\"caption\":\"Woodlegs Company\"},\"image\":{\"@id\":\"http:\/\/www.woodlegs.pl\/#\/schema\/logo\/image\/\"},\"sameAs\":[\"https:\/\/www.facebook.com\/woodlegs.company\",\"https:\/\/www.instagram.com\/woodlegs_company\/\"]}]}<\/script>\n<!-- \/ Yoast SEO plugin. -->","yoast_head_json":{"title":"Noga do stolika Milano \u0141awa - sklep z nogami drewnianymi","description":"Nogi do stolika Milano \u0141awa sprawdz\u0105 si\u0119 w zar\u00f3wno w klasycznym wn\u0119trzu jak i nowoczesnym. Sprawd\u017a nasz\u0105 kolekcj\u0119 Milano. Gwarantujemy szybk\u0105 dostaw\u0119!","robots":{"index":"index","follow":"follow","max-snippet":"max-snippet:-1","max-image-preview":"max-image-preview:large","max-video-preview":"max-video-preview:-1"},"canonical":"https:\/\/www.woodlegs.pl\/eng\/nogi-drewniane-pozostale\/nogi-do-stolika-milano-lawa\/","og_locale":"en_GB","og_type":"article","og_title":"Noga do stolika Milano \u0141awa - sklep z nogami drewnianymi","og_description":"Nogi do stolika Milano \u0141awa sprawdz\u0105 si\u0119 w zar\u00f3wno w klasycznym wn\u0119trzu jak i nowoczesnym. Sprawd\u017a nasz\u0105 kolekcj\u0119 Milano. Gwarantujemy szybk\u0105 dostaw\u0119!","og_url":"https:\/\/www.woodlegs.pl\/eng\/nogi-drewniane-pozostale\/nogi-do-stolika-milano-lawa\/","og_site_name":"Woodlegs Company","article_publisher":"https:\/\/www.facebook.com\/woodlegs.company","article_modified_time":"2026-04-08T07:41:13+00:00","og_image":[{"width":1000,"height":1000,"url":"https:\/\/www.woodlegs.pl\/wp-content\/uploads\/2023\/03\/Milano-Lawa.jpg","type":"image\/jpeg"}],"twitter_card":"summary_large_image","twitter_misc":{"Estimated reading time":"1 minute"},"schema":{"@context":"https:\/\/schema.org","@graph":[{"@type":"WebPage","@id":"https:\/\/www.woodlegs.pl\/nogi-drewniane-pozostale\/nogi-do-stolika-milano-lawa\/","url":"https:\/\/www.woodlegs.pl\/nogi-drewniane-pozostale\/nogi-do-stolika-milano-lawa\/","name":"Noga do stolika Milano \u0141awa - sklep z nogami drewnianymi","isPartOf":{"@id":"http:\/\/www.woodlegs.pl\/#website"},"primaryImageOfPage":{"@id":"https:\/\/www.woodlegs.pl\/nogi-drewniane-pozostale\/nogi-do-stolika-milano-lawa\/#primaryimage"},"image":{"@id":"https:\/\/www.woodlegs.pl\/nogi-drewniane-pozostale\/nogi-do-stolika-milano-lawa\/#primaryimage"},"thumbnailUrl":"https:\/\/www.woodlegs.pl\/wp-content\/uploads\/2023\/03\/Milano-Lawa.jpg","datePublished":"2023-03-02T19:42:22+00:00","dateModified":"2026-04-08T07:41:13+00:00","description":"Nogi do stolika Milano \u0141awa sprawdz\u0105 si\u0119 w zar\u00f3wno w klasycznym wn\u0119trzu jak i nowoczesnym. Sprawd\u017a nasz\u0105 kolekcj\u0119 Milano. Gwarantujemy szybk\u0105 dostaw\u0119!","breadcrumb":{"@id":"https:\/\/www.woodlegs.pl\/nogi-drewniane-pozostale\/nogi-do-stolika-milano-lawa\/#breadcrumb"},"inLanguage":"en-GB","potentialAction":[{"@type":"ReadAction","target":["https:\/\/www.woodlegs.pl\/nogi-drewniane-pozostale\/nogi-do-stolika-milano-lawa\/"]}]},{"@type":"ImageObject","inLanguage":"en-GB","@id":"https:\/\/www.woodlegs.pl\/nogi-drewniane-pozostale\/nogi-do-stolika-milano-lawa\/#primaryimage","url":"https:\/\/www.woodlegs.pl\/wp-content\/uploads\/2023\/03\/Milano-Lawa.jpg","contentUrl":"https:\/\/www.woodlegs.pl\/wp-content\/uploads\/2023\/03\/Milano-Lawa.jpg","width":1000,"height":1000,"caption":"nogi-do-stolika-milano-\u0142awa-nogi-do-stolika-kawowego-bukowe-d\u0119bowe-z-litego drewna-nogi-do-stolika-frezowane-nogi-toczone-nogi-do-\u0142awy"},{"@type":"BreadcrumbList","@id":"https:\/\/www.woodlegs.pl\/nogi-drewniane-pozostale\/nogi-do-stolika-milano-lawa\/#breadcrumb","itemListElement":[{"@type":"ListItem","position":1,"name":"Strona g\u0142\u00f3wna","item":"http:\/\/www.woodlegs.pl\/"},{"@type":"ListItem","position":2,"name":"Sklep","item":"http:\/\/www.woodlegs.pl\/sklep\/"},{"@type":"ListItem","position":3,"name":"Nogi do stolika Milano \u0141awa"}]},{"@type":"WebSite","@id":"http:\/\/www.woodlegs.pl\/#website","url":"http:\/\/www.woodlegs.pl\/","name":"Woodlegs","description":"Producent n\u00f3g drewnianych, produkcja n\u00f3g drewnianych","publisher":{"@id":"http:\/\/www.woodlegs.pl\/#organization"},"potentialAction":[{"@type":"SearchAction","target":{"@type":"EntryPoint","urlTemplate":"http:\/\/www.woodlegs.pl\/?s={search_term_string}"},"query-input":{"@type":"PropertyValueSpecification","valueRequired":true,"valueName":"search_term_string"}}],"inLanguage":"en-GB"},{"@type":"Organization","@id":"http:\/\/www.woodlegs.pl\/#organization","name":"Woodlegs Company","url":"http:\/\/www.woodlegs.pl\/","logo":{"@type":"ImageObject","inLanguage":"en-GB","@id":"http:\/\/www.woodlegs.pl\/#\/schema\/logo\/image\/","url":"https:\/\/www.woodlegs.pl\/wp-content\/uploads\/2023\/03\/logo-3.png","contentUrl":"https:\/\/www.woodlegs.pl\/wp-content\/uploads\/2023\/03\/logo-3.png","width":605,"height":234,"caption":"Woodlegs Company"},"image":{"@id":"http:\/\/www.woodlegs.pl\/#\/schema\/logo\/image\/"},"sameAs":["https:\/\/www.facebook.com\/woodlegs.company","https:\/\/www.instagram.com\/woodlegs_company\/"]}]}},"_links":{"self":[{"href":"https:\/\/www.woodlegs.pl\/eng\/wp-json\/wp\/v2\/product\/2766","targetHints":{"allow":["GET"]}}],"collection":[{"href":"https:\/\/www.woodlegs.pl\/eng\/wp-json\/wp\/v2\/product"}],"about":[{"href":"https:\/\/www.woodlegs.pl\/eng\/wp-json\/wp\/v2\/types\/product"}],"wp:featuredmedia":[{"embeddable":true,"href":"https:\/\/www.woodlegs.pl\/eng\/wp-json\/wp\/v2\/media\/3984"}],"wp:attachment":[{"href":"https:\/\/www.woodlegs.pl\/eng\/wp-json\/wp\/v2\/media?parent=2766"}],"wp:term":[{"taxonomy":"product_brand","embeddable":true,"href":"https:\/\/www.woodlegs.pl\/eng\/wp-json\/wp\/v2\/product_brand?post=2766"},{"taxonomy":"product_cat","embeddable":true,"href":"https:\/\/www.woodlegs.pl\/eng\/wp-json\/wp\/v2\/product_cat?post=2766"},{"taxonomy":"product_tag","embeddable":true,"href":"https:\/\/www.woodlegs.pl\/eng\/wp-json\/wp\/v2\/product_tag?post=2766"}],"curies":[{"name":"wp","href":"https:\/\/api.w.org\/{rel}","templated":true}]}}