{"id":2770,"date":"2023-03-02T20:42:22","date_gmt":"2023-03-02T19:42:22","guid":{"rendered":"http:\/\/serwer174992.lh.pl\/autoinstalator\/serwer174992.lh.pl\/wordpress14552\/?post_type=product&#038;p=2770"},"modified":"2026-04-14T21:37:47","modified_gmt":"2026-04-14T19:37:47","slug":"nogi-drewniane-tomi","status":"publish","type":"product","link":"https:\/\/www.woodlegs.pl\/eng\/nogi-drewniane-pozostale\/nogi-drewniane-tomi\/","title":{"rendered":"Tomi wooden legs"},"content":{"rendered":"","protected":false},"excerpt":{"rendered":"","protected":false},"featured_media":7945,"template":"","meta":[],"product_brand":[],"product_cat":[79,75],"product_tag":[],"class_list":{"0":"post-2770","1":"product","2":"type-product","3":"status-publish","4":"has-post-thumbnail","6":"product_cat-nogi-do-stolu","7":"product_cat-nogi-drewniane-pozostale","9":"first","10":"instock","11":"taxable","12":"shipping-taxable","13":"purchasable","14":"product-type-variable"},"yoast_head":"<!-- This site is optimized with the Yoast SEO plugin v26.2 - https:\/\/yoast.com\/wordpress\/plugins\/seo\/ -->\n<title>Nogi drewniane Tomi - Noga do sto\u0142u - Szybka wysy\u0142ka - Sklep<\/title>\n<meta name=\"description\" content=\"Nogi drewniane Tomi to prosty delikatny wz\u00f3r. Nogi do sto\u0142u zw\u0119\u017caj\u0105 si\u0119 ku do\u0142owi, a g\u00f3ra ozdobiona jest delikatnym frezem. Zobacz sklep producenta!\" \/>\n<meta name=\"robots\" content=\"index, follow, max-snippet:-1, max-image-preview:large, max-video-preview:-1\" \/>\n<link rel=\"canonical\" href=\"http:\/\/www.woodlegs.pl\/eng\/nogi-drewniane-pozostale\/nogi-drewniane-tomi\/\" \/>\n<meta property=\"og:locale\" content=\"en_GB\" \/>\n<meta property=\"og:type\" content=\"article\" \/>\n<meta property=\"og:title\" content=\"Nogi drewniane Tomi - Noga do sto\u0142u - Szybka wysy\u0142ka - Sklep\" \/>\n<meta property=\"og:description\" content=\"Nogi drewniane Tomi to prosty delikatny wz\u00f3r. Nogi do sto\u0142u zw\u0119\u017caj\u0105 si\u0119 ku do\u0142owi, a g\u00f3ra ozdobiona jest delikatnym frezem. Zobacz sklep producenta!\" \/>\n<meta property=\"og:url\" content=\"http:\/\/www.woodlegs.pl\/eng\/nogi-drewniane-pozostale\/nogi-drewniane-tomi\/\" \/>\n<meta property=\"og:site_name\" content=\"Woodlegs Company\" \/>\n<meta property=\"article:publisher\" content=\"https:\/\/www.facebook.com\/woodlegs.company\" \/>\n<meta property=\"article:modified_time\" content=\"2026-04-14T19:37:47+00:00\" \/>\n<meta property=\"og:image\" content=\"https:\/\/www.woodlegs.pl\/wp-content\/uploads\/2023\/03\/Nogi-drewniane-Tomi.jpg\" \/>\n\t<meta property=\"og:image:width\" content=\"1000\" \/>\n\t<meta property=\"og:image:height\" content=\"1000\" \/>\n\t<meta property=\"og:image:type\" content=\"image\/jpeg\" \/>\n<meta name=\"twitter:card\" content=\"summary_large_image\" \/>\n<meta name=\"twitter:label1\" content=\"Estimated reading time\" \/>\n\t<meta name=\"twitter:data1\" content=\"1 minute\" \/>\n<script type=\"application\/ld+json\" class=\"yoast-schema-graph\">{\"@context\":\"https:\/\/schema.org\",\"@graph\":[{\"@type\":\"WebPage\",\"@id\":\"http:\/\/www.woodlegs.pl\/nogi-drewniane-pozostale\/nogi-drewniane-tomi\/\",\"url\":\"http:\/\/www.woodlegs.pl\/nogi-drewniane-pozostale\/nogi-drewniane-tomi\/\",\"name\":\"Nogi drewniane Tomi - Noga do sto\u0142u - Szybka wysy\u0142ka - Sklep\",\"isPartOf\":{\"@id\":\"http:\/\/www.woodlegs.pl\/#website\"},\"primaryImageOfPage\":{\"@id\":\"http:\/\/www.woodlegs.pl\/nogi-drewniane-pozostale\/nogi-drewniane-tomi\/#primaryimage\"},\"image\":{\"@id\":\"http:\/\/www.woodlegs.pl\/nogi-drewniane-pozostale\/nogi-drewniane-tomi\/#primaryimage\"},\"thumbnailUrl\":\"https:\/\/www.woodlegs.pl\/wp-content\/uploads\/2023\/03\/Nogi-drewniane-Tomi.jpg\",\"datePublished\":\"2023-03-02T19:42:22+00:00\",\"dateModified\":\"2026-04-14T19:37:47+00:00\",\"description\":\"Nogi drewniane Tomi to prosty delikatny wz\u00f3r. Nogi do sto\u0142u zw\u0119\u017caj\u0105 si\u0119 ku do\u0142owi, a g\u00f3ra ozdobiona jest delikatnym frezem. Zobacz sklep producenta!\",\"breadcrumb\":{\"@id\":\"http:\/\/www.woodlegs.pl\/nogi-drewniane-pozostale\/nogi-drewniane-tomi\/#breadcrumb\"},\"inLanguage\":\"en-GB\",\"potentialAction\":[{\"@type\":\"ReadAction\",\"target\":[\"http:\/\/www.woodlegs.pl\/nogi-drewniane-pozostale\/nogi-drewniane-tomi\/\"]}]},{\"@type\":\"ImageObject\",\"inLanguage\":\"en-GB\",\"@id\":\"http:\/\/www.woodlegs.pl\/nogi-drewniane-pozostale\/nogi-drewniane-tomi\/#primaryimage\",\"url\":\"https:\/\/www.woodlegs.pl\/wp-content\/uploads\/2023\/03\/Nogi-drewniane-Tomi.jpg\",\"contentUrl\":\"https:\/\/www.woodlegs.pl\/wp-content\/uploads\/2023\/03\/Nogi-drewniane-Tomi.jpg\",\"width\":1000,\"height\":1000,\"caption\":\"nogi-drewniane-tomi-prosta-zw\u0119\u017caj\u0105ca-si\u0119-noga-z-delikatnym-subtelnym-frezem-nogi-do-sto\u0142u-kuchennego-nogi-do-toaletki-nogi-drewniane-do-konsoli-sklep-producenta-n\u00f3g-drewnianych\"},{\"@type\":\"BreadcrumbList\",\"@id\":\"http:\/\/www.woodlegs.pl\/nogi-drewniane-pozostale\/nogi-drewniane-tomi\/#breadcrumb\",\"itemListElement\":[{\"@type\":\"ListItem\",\"position\":1,\"name\":\"Strona g\u0142\u00f3wna\",\"item\":\"http:\/\/www.woodlegs.pl\/\"},{\"@type\":\"ListItem\",\"position\":2,\"name\":\"Sklep\",\"item\":\"http:\/\/www.woodlegs.pl\/sklep\/\"},{\"@type\":\"ListItem\",\"position\":3,\"name\":\"Nogi drewniane Tomi\"}]},{\"@type\":\"WebSite\",\"@id\":\"http:\/\/www.woodlegs.pl\/#website\",\"url\":\"http:\/\/www.woodlegs.pl\/\",\"name\":\"Woodlegs\",\"description\":\"Producent n\u00f3g drewnianych, produkcja n\u00f3g drewnianych\",\"publisher\":{\"@id\":\"http:\/\/www.woodlegs.pl\/#organization\"},\"potentialAction\":[{\"@type\":\"SearchAction\",\"target\":{\"@type\":\"EntryPoint\",\"urlTemplate\":\"http:\/\/www.woodlegs.pl\/?s={search_term_string}\"},\"query-input\":{\"@type\":\"PropertyValueSpecification\",\"valueRequired\":true,\"valueName\":\"search_term_string\"}}],\"inLanguage\":\"en-GB\"},{\"@type\":\"Organization\",\"@id\":\"http:\/\/www.woodlegs.pl\/#organization\",\"name\":\"Woodlegs Company\",\"url\":\"http:\/\/www.woodlegs.pl\/\",\"logo\":{\"@type\":\"ImageObject\",\"inLanguage\":\"en-GB\",\"@id\":\"http:\/\/www.woodlegs.pl\/#\/schema\/logo\/image\/\",\"url\":\"https:\/\/www.woodlegs.pl\/wp-content\/uploads\/2023\/03\/logo-3.png\",\"contentUrl\":\"https:\/\/www.woodlegs.pl\/wp-content\/uploads\/2023\/03\/logo-3.png\",\"width\":605,\"height\":234,\"caption\":\"Woodlegs Company\"},\"image\":{\"@id\":\"http:\/\/www.woodlegs.pl\/#\/schema\/logo\/image\/\"},\"sameAs\":[\"https:\/\/www.facebook.com\/woodlegs.company\",\"https:\/\/www.instagram.com\/woodlegs_company\/\"]}]}<\/script>\n<!-- \/ Yoast SEO plugin. -->","yoast_head_json":{"title":"Nogi drewniane Tomi - Noga do sto\u0142u - Szybka wysy\u0142ka - Sklep","description":"Nogi drewniane Tomi to prosty delikatny wz\u00f3r. Nogi do sto\u0142u zw\u0119\u017caj\u0105 si\u0119 ku do\u0142owi, a g\u00f3ra ozdobiona jest delikatnym frezem. Zobacz sklep producenta!","robots":{"index":"index","follow":"follow","max-snippet":"max-snippet:-1","max-image-preview":"max-image-preview:large","max-video-preview":"max-video-preview:-1"},"canonical":"http:\/\/www.woodlegs.pl\/eng\/nogi-drewniane-pozostale\/nogi-drewniane-tomi\/","og_locale":"en_GB","og_type":"article","og_title":"Nogi drewniane Tomi - Noga do sto\u0142u - Szybka wysy\u0142ka - Sklep","og_description":"Nogi drewniane Tomi to prosty delikatny wz\u00f3r. Nogi do sto\u0142u zw\u0119\u017caj\u0105 si\u0119 ku do\u0142owi, a g\u00f3ra ozdobiona jest delikatnym frezem. Zobacz sklep producenta!","og_url":"http:\/\/www.woodlegs.pl\/eng\/nogi-drewniane-pozostale\/nogi-drewniane-tomi\/","og_site_name":"Woodlegs Company","article_publisher":"https:\/\/www.facebook.com\/woodlegs.company","article_modified_time":"2026-04-14T19:37:47+00:00","og_image":[{"width":1000,"height":1000,"url":"https:\/\/www.woodlegs.pl\/wp-content\/uploads\/2023\/03\/Nogi-drewniane-Tomi.jpg","type":"image\/jpeg"}],"twitter_card":"summary_large_image","twitter_misc":{"Estimated reading time":"1 minute"},"schema":{"@context":"https:\/\/schema.org","@graph":[{"@type":"WebPage","@id":"http:\/\/www.woodlegs.pl\/nogi-drewniane-pozostale\/nogi-drewniane-tomi\/","url":"http:\/\/www.woodlegs.pl\/nogi-drewniane-pozostale\/nogi-drewniane-tomi\/","name":"Nogi drewniane Tomi - Noga do sto\u0142u - Szybka wysy\u0142ka - Sklep","isPartOf":{"@id":"http:\/\/www.woodlegs.pl\/#website"},"primaryImageOfPage":{"@id":"http:\/\/www.woodlegs.pl\/nogi-drewniane-pozostale\/nogi-drewniane-tomi\/#primaryimage"},"image":{"@id":"http:\/\/www.woodlegs.pl\/nogi-drewniane-pozostale\/nogi-drewniane-tomi\/#primaryimage"},"thumbnailUrl":"https:\/\/www.woodlegs.pl\/wp-content\/uploads\/2023\/03\/Nogi-drewniane-Tomi.jpg","datePublished":"2023-03-02T19:42:22+00:00","dateModified":"2026-04-14T19:37:47+00:00","description":"Nogi drewniane Tomi to prosty delikatny wz\u00f3r. Nogi do sto\u0142u zw\u0119\u017caj\u0105 si\u0119 ku do\u0142owi, a g\u00f3ra ozdobiona jest delikatnym frezem. Zobacz sklep producenta!","breadcrumb":{"@id":"http:\/\/www.woodlegs.pl\/nogi-drewniane-pozostale\/nogi-drewniane-tomi\/#breadcrumb"},"inLanguage":"en-GB","potentialAction":[{"@type":"ReadAction","target":["http:\/\/www.woodlegs.pl\/nogi-drewniane-pozostale\/nogi-drewniane-tomi\/"]}]},{"@type":"ImageObject","inLanguage":"en-GB","@id":"http:\/\/www.woodlegs.pl\/nogi-drewniane-pozostale\/nogi-drewniane-tomi\/#primaryimage","url":"https:\/\/www.woodlegs.pl\/wp-content\/uploads\/2023\/03\/Nogi-drewniane-Tomi.jpg","contentUrl":"https:\/\/www.woodlegs.pl\/wp-content\/uploads\/2023\/03\/Nogi-drewniane-Tomi.jpg","width":1000,"height":1000,"caption":"nogi-drewniane-tomi-prosta-zw\u0119\u017caj\u0105ca-si\u0119-noga-z-delikatnym-subtelnym-frezem-nogi-do-sto\u0142u-kuchennego-nogi-do-toaletki-nogi-drewniane-do-konsoli-sklep-producenta-n\u00f3g-drewnianych"},{"@type":"BreadcrumbList","@id":"http:\/\/www.woodlegs.pl\/nogi-drewniane-pozostale\/nogi-drewniane-tomi\/#breadcrumb","itemListElement":[{"@type":"ListItem","position":1,"name":"Strona g\u0142\u00f3wna","item":"http:\/\/www.woodlegs.pl\/"},{"@type":"ListItem","position":2,"name":"Sklep","item":"http:\/\/www.woodlegs.pl\/sklep\/"},{"@type":"ListItem","position":3,"name":"Nogi drewniane Tomi"}]},{"@type":"WebSite","@id":"http:\/\/www.woodlegs.pl\/#website","url":"http:\/\/www.woodlegs.pl\/","name":"Woodlegs","description":"Producent n\u00f3g drewnianych, produkcja n\u00f3g drewnianych","publisher":{"@id":"http:\/\/www.woodlegs.pl\/#organization"},"potentialAction":[{"@type":"SearchAction","target":{"@type":"EntryPoint","urlTemplate":"http:\/\/www.woodlegs.pl\/?s={search_term_string}"},"query-input":{"@type":"PropertyValueSpecification","valueRequired":true,"valueName":"search_term_string"}}],"inLanguage":"en-GB"},{"@type":"Organization","@id":"http:\/\/www.woodlegs.pl\/#organization","name":"Woodlegs Company","url":"http:\/\/www.woodlegs.pl\/","logo":{"@type":"ImageObject","inLanguage":"en-GB","@id":"http:\/\/www.woodlegs.pl\/#\/schema\/logo\/image\/","url":"https:\/\/www.woodlegs.pl\/wp-content\/uploads\/2023\/03\/logo-3.png","contentUrl":"https:\/\/www.woodlegs.pl\/wp-content\/uploads\/2023\/03\/logo-3.png","width":605,"height":234,"caption":"Woodlegs Company"},"image":{"@id":"http:\/\/www.woodlegs.pl\/#\/schema\/logo\/image\/"},"sameAs":["https:\/\/www.facebook.com\/woodlegs.company","https:\/\/www.instagram.com\/woodlegs_company\/"]}]}},"_links":{"self":[{"href":"https:\/\/www.woodlegs.pl\/eng\/wp-json\/wp\/v2\/product\/2770","targetHints":{"allow":["GET"]}}],"collection":[{"href":"https:\/\/www.woodlegs.pl\/eng\/wp-json\/wp\/v2\/product"}],"about":[{"href":"https:\/\/www.woodlegs.pl\/eng\/wp-json\/wp\/v2\/types\/product"}],"wp:featuredmedia":[{"embeddable":true,"href":"https:\/\/www.woodlegs.pl\/eng\/wp-json\/wp\/v2\/media\/7945"}],"wp:attachment":[{"href":"https:\/\/www.woodlegs.pl\/eng\/wp-json\/wp\/v2\/media?parent=2770"}],"wp:term":[{"taxonomy":"product_brand","embeddable":true,"href":"https:\/\/www.woodlegs.pl\/eng\/wp-json\/wp\/v2\/product_brand?post=2770"},{"taxonomy":"product_cat","embeddable":true,"href":"https:\/\/www.woodlegs.pl\/eng\/wp-json\/wp\/v2\/product_cat?post=2770"},{"taxonomy":"product_tag","embeddable":true,"href":"https:\/\/www.woodlegs.pl\/eng\/wp-json\/wp\/v2\/product_tag?post=2770"}],"curies":[{"name":"wp","href":"https:\/\/api.w.org\/{rel}","templated":true}]}}