{"id":2774,"date":"2023-03-02T20:42:22","date_gmt":"2023-03-02T19:42:22","guid":{"rendered":"http:\/\/serwer174992.lh.pl\/autoinstalator\/serwer174992.lh.pl\/wordpress14552\/?post_type=product&#038;p=2774"},"modified":"2023-10-03T14:57:30","modified_gmt":"2023-10-03T12:57:30","slug":"nogi-drewniane-hokej","status":"publish","type":"product","link":"https:\/\/www.woodlegs.pl\/eng\/nogi-drewniane-pozostale\/nogi-drewniane-hokej\/","title":{"rendered":"Wooden legs Hockey"},"content":{"rendered":"<p>It is possible to order legs made of ash or oak.<br \/>\nPlease contact us in this regard.<\/p>","protected":false},"excerpt":{"rendered":"<p>It is possible to order legs made of ash or oak. Please contact us about this.<\/p>","protected":false},"featured_media":3978,"template":"","meta":[],"product_brand":[],"product_cat":[75],"product_tag":[],"class_list":{"0":"post-2774","1":"product","2":"type-product","3":"status-publish","4":"has-post-thumbnail","6":"product_cat-nogi-drewniane-pozostale","8":"first","9":"outofstock","10":"taxable","11":"shipping-taxable","12":"purchasable","13":"product-type-variable"},"yoast_head":"<!-- This site is optimized with the Yoast SEO plugin v26.2 - https:\/\/yoast.com\/wordpress\/plugins\/seo\/ -->\n<title>Nogi drewniane Hokej - Nogi do sto\u0142u - Sklep Online - Woodlegs<\/title>\n<meta name=\"description\" content=\"Szukasz nogi do sto\u0142u? Zobacz nasze nogi drewniane Hokej. Nogi wykonane z drewna bukowego lub d\u0119bowego. Szybka wysy\u0142ka. Gwarancja jako\u015bci.\" \/>\n<meta name=\"robots\" content=\"index, follow, max-snippet:-1, max-image-preview:large, max-video-preview:-1\" \/>\n<link rel=\"canonical\" href=\"https:\/\/www.woodlegs.pl\/eng\/nogi-drewniane-pozostale\/nogi-drewniane-hokej\/\" \/>\n<meta property=\"og:locale\" content=\"en_GB\" \/>\n<meta property=\"og:type\" content=\"article\" \/>\n<meta property=\"og:title\" content=\"Nogi drewniane Hokej - Nogi do sto\u0142u - Sklep Online - Woodlegs\" \/>\n<meta property=\"og:description\" content=\"Szukasz nogi do sto\u0142u? Zobacz nasze nogi drewniane Hokej. Nogi wykonane z drewna bukowego lub d\u0119bowego. Szybka wysy\u0142ka. Gwarancja jako\u015bci.\" \/>\n<meta property=\"og:url\" content=\"https:\/\/www.woodlegs.pl\/eng\/nogi-drewniane-pozostale\/nogi-drewniane-hokej\/\" \/>\n<meta property=\"og:site_name\" content=\"Woodlegs Company\" \/>\n<meta property=\"article:publisher\" content=\"https:\/\/www.facebook.com\/woodlegs.company\" \/>\n<meta property=\"article:modified_time\" content=\"2023-10-03T12:57:30+00:00\" \/>\n<meta property=\"og:image\" content=\"https:\/\/www.woodlegs.pl\/wp-content\/uploads\/2023\/03\/Hokej.jpg\" \/>\n\t<meta property=\"og:image:width\" content=\"1000\" \/>\n\t<meta property=\"og:image:height\" content=\"1000\" \/>\n\t<meta property=\"og:image:type\" content=\"image\/jpeg\" \/>\n<meta name=\"twitter:card\" content=\"summary_large_image\" \/>\n<meta name=\"twitter:label1\" content=\"Estimated reading time\" \/>\n\t<meta name=\"twitter:data1\" content=\"1 minute\" \/>\n<script type=\"application\/ld+json\" class=\"yoast-schema-graph\">{\"@context\":\"https:\/\/schema.org\",\"@graph\":[{\"@type\":\"WebPage\",\"@id\":\"https:\/\/www.woodlegs.pl\/eng\/nogi-drewniane-pozostale\/nogi-drewniane-hokej\/\",\"url\":\"https:\/\/www.woodlegs.pl\/eng\/nogi-drewniane-pozostale\/nogi-drewniane-hokej\/\",\"name\":\"Nogi drewniane Hokej - Nogi do sto\u0142u - Sklep Online - Woodlegs\",\"isPartOf\":{\"@id\":\"https:\/\/www.woodlegs.pl\/#website\"},\"primaryImageOfPage\":{\"@id\":\"https:\/\/www.woodlegs.pl\/eng\/nogi-drewniane-pozostale\/nogi-drewniane-hokej\/#primaryimage\"},\"image\":{\"@id\":\"https:\/\/www.woodlegs.pl\/eng\/nogi-drewniane-pozostale\/nogi-drewniane-hokej\/#primaryimage\"},\"thumbnailUrl\":\"https:\/\/www.woodlegs.pl\/wp-content\/uploads\/2023\/03\/Hokej.jpg\",\"datePublished\":\"2023-03-02T19:42:22+00:00\",\"dateModified\":\"2023-10-03T12:57:30+00:00\",\"description\":\"Szukasz nogi do sto\u0142u? Zobacz nasze nogi drewniane Hokej. Nogi wykonane z drewna bukowego lub d\u0119bowego. Szybka wysy\u0142ka. Gwarancja jako\u015bci.\",\"breadcrumb\":{\"@id\":\"https:\/\/www.woodlegs.pl\/eng\/nogi-drewniane-pozostale\/nogi-drewniane-hokej\/#breadcrumb\"},\"inLanguage\":\"en-GB\",\"potentialAction\":[{\"@type\":\"ReadAction\",\"target\":[\"https:\/\/www.woodlegs.pl\/eng\/nogi-drewniane-pozostale\/nogi-drewniane-hokej\/\"]}]},{\"@type\":\"ImageObject\",\"inLanguage\":\"en-GB\",\"@id\":\"https:\/\/www.woodlegs.pl\/eng\/nogi-drewniane-pozostale\/nogi-drewniane-hokej\/#primaryimage\",\"url\":\"https:\/\/www.woodlegs.pl\/wp-content\/uploads\/2023\/03\/Hokej.jpg\",\"contentUrl\":\"https:\/\/www.woodlegs.pl\/wp-content\/uploads\/2023\/03\/Hokej.jpg\",\"width\":1000,\"height\":1000,\"caption\":\"nogi-drewniane-hokej-nogi-do-stolu-producent-n\u00f3g-drewnianych-producent-element\u00f3w-drewnianych\"},{\"@type\":\"BreadcrumbList\",\"@id\":\"https:\/\/www.woodlegs.pl\/eng\/nogi-drewniane-pozostale\/nogi-drewniane-hokej\/#breadcrumb\",\"itemListElement\":[{\"@type\":\"ListItem\",\"position\":1,\"name\":\"Strona g\u0142\u00f3wna\",\"item\":\"https:\/\/www.woodlegs.pl\/\"},{\"@type\":\"ListItem\",\"position\":2,\"name\":\"Sklep\",\"item\":\"https:\/\/www.woodlegs.pl\/sklep\/\"},{\"@type\":\"ListItem\",\"position\":3,\"name\":\"Nogi drewniane Hokej\"}]},{\"@type\":\"WebSite\",\"@id\":\"https:\/\/www.woodlegs.pl\/#website\",\"url\":\"https:\/\/www.woodlegs.pl\/\",\"name\":\"Woodlegs\",\"description\":\"Producent n\u00f3g drewnianych, produkcja n\u00f3g drewnianych\",\"publisher\":{\"@id\":\"https:\/\/www.woodlegs.pl\/#organization\"},\"potentialAction\":[{\"@type\":\"SearchAction\",\"target\":{\"@type\":\"EntryPoint\",\"urlTemplate\":\"https:\/\/www.woodlegs.pl\/?s={search_term_string}\"},\"query-input\":{\"@type\":\"PropertyValueSpecification\",\"valueRequired\":true,\"valueName\":\"search_term_string\"}}],\"inLanguage\":\"en-GB\"},{\"@type\":\"Organization\",\"@id\":\"https:\/\/www.woodlegs.pl\/#organization\",\"name\":\"Woodlegs Company\",\"url\":\"https:\/\/www.woodlegs.pl\/\",\"logo\":{\"@type\":\"ImageObject\",\"inLanguage\":\"en-GB\",\"@id\":\"https:\/\/www.woodlegs.pl\/#\/schema\/logo\/image\/\",\"url\":\"https:\/\/www.woodlegs.pl\/wp-content\/uploads\/2023\/03\/logo-3.png\",\"contentUrl\":\"https:\/\/www.woodlegs.pl\/wp-content\/uploads\/2023\/03\/logo-3.png\",\"width\":605,\"height\":234,\"caption\":\"Woodlegs Company\"},\"image\":{\"@id\":\"https:\/\/www.woodlegs.pl\/#\/schema\/logo\/image\/\"},\"sameAs\":[\"https:\/\/www.facebook.com\/woodlegs.company\",\"https:\/\/www.instagram.com\/woodlegs_company\/\"]}]}<\/script>\n<!-- \/ Yoast SEO plugin. -->","yoast_head_json":{"title":"Nogi drewniane Hokej - Nogi do sto\u0142u - Sklep Online - Woodlegs","description":"Szukasz nogi do sto\u0142u? Zobacz nasze nogi drewniane Hokej. Nogi wykonane z drewna bukowego lub d\u0119bowego. Szybka wysy\u0142ka. Gwarancja jako\u015bci.","robots":{"index":"index","follow":"follow","max-snippet":"max-snippet:-1","max-image-preview":"max-image-preview:large","max-video-preview":"max-video-preview:-1"},"canonical":"https:\/\/www.woodlegs.pl\/eng\/nogi-drewniane-pozostale\/nogi-drewniane-hokej\/","og_locale":"en_GB","og_type":"article","og_title":"Nogi drewniane Hokej - Nogi do sto\u0142u - Sklep Online - Woodlegs","og_description":"Szukasz nogi do sto\u0142u? Zobacz nasze nogi drewniane Hokej. Nogi wykonane z drewna bukowego lub d\u0119bowego. Szybka wysy\u0142ka. Gwarancja jako\u015bci.","og_url":"https:\/\/www.woodlegs.pl\/eng\/nogi-drewniane-pozostale\/nogi-drewniane-hokej\/","og_site_name":"Woodlegs Company","article_publisher":"https:\/\/www.facebook.com\/woodlegs.company","article_modified_time":"2023-10-03T12:57:30+00:00","og_image":[{"width":1000,"height":1000,"url":"https:\/\/www.woodlegs.pl\/wp-content\/uploads\/2023\/03\/Hokej.jpg","type":"image\/jpeg"}],"twitter_card":"summary_large_image","twitter_misc":{"Estimated reading time":"1 minute"},"schema":{"@context":"https:\/\/schema.org","@graph":[{"@type":"WebPage","@id":"https:\/\/www.woodlegs.pl\/eng\/nogi-drewniane-pozostale\/nogi-drewniane-hokej\/","url":"https:\/\/www.woodlegs.pl\/eng\/nogi-drewniane-pozostale\/nogi-drewniane-hokej\/","name":"Nogi drewniane Hokej - Nogi do sto\u0142u - Sklep Online - Woodlegs","isPartOf":{"@id":"https:\/\/www.woodlegs.pl\/#website"},"primaryImageOfPage":{"@id":"https:\/\/www.woodlegs.pl\/eng\/nogi-drewniane-pozostale\/nogi-drewniane-hokej\/#primaryimage"},"image":{"@id":"https:\/\/www.woodlegs.pl\/eng\/nogi-drewniane-pozostale\/nogi-drewniane-hokej\/#primaryimage"},"thumbnailUrl":"https:\/\/www.woodlegs.pl\/wp-content\/uploads\/2023\/03\/Hokej.jpg","datePublished":"2023-03-02T19:42:22+00:00","dateModified":"2023-10-03T12:57:30+00:00","description":"Szukasz nogi do sto\u0142u? Zobacz nasze nogi drewniane Hokej. Nogi wykonane z drewna bukowego lub d\u0119bowego. Szybka wysy\u0142ka. Gwarancja jako\u015bci.","breadcrumb":{"@id":"https:\/\/www.woodlegs.pl\/eng\/nogi-drewniane-pozostale\/nogi-drewniane-hokej\/#breadcrumb"},"inLanguage":"en-GB","potentialAction":[{"@type":"ReadAction","target":["https:\/\/www.woodlegs.pl\/eng\/nogi-drewniane-pozostale\/nogi-drewniane-hokej\/"]}]},{"@type":"ImageObject","inLanguage":"en-GB","@id":"https:\/\/www.woodlegs.pl\/eng\/nogi-drewniane-pozostale\/nogi-drewniane-hokej\/#primaryimage","url":"https:\/\/www.woodlegs.pl\/wp-content\/uploads\/2023\/03\/Hokej.jpg","contentUrl":"https:\/\/www.woodlegs.pl\/wp-content\/uploads\/2023\/03\/Hokej.jpg","width":1000,"height":1000,"caption":"nogi-drewniane-hokej-nogi-do-stolu-producent-n\u00f3g-drewnianych-producent-element\u00f3w-drewnianych"},{"@type":"BreadcrumbList","@id":"https:\/\/www.woodlegs.pl\/eng\/nogi-drewniane-pozostale\/nogi-drewniane-hokej\/#breadcrumb","itemListElement":[{"@type":"ListItem","position":1,"name":"Strona g\u0142\u00f3wna","item":"https:\/\/www.woodlegs.pl\/"},{"@type":"ListItem","position":2,"name":"Sklep","item":"https:\/\/www.woodlegs.pl\/sklep\/"},{"@type":"ListItem","position":3,"name":"Nogi drewniane Hokej"}]},{"@type":"WebSite","@id":"https:\/\/www.woodlegs.pl\/#website","url":"https:\/\/www.woodlegs.pl\/","name":"Woodlegs","description":"Producent n\u00f3g drewnianych, produkcja n\u00f3g drewnianych","publisher":{"@id":"https:\/\/www.woodlegs.pl\/#organization"},"potentialAction":[{"@type":"SearchAction","target":{"@type":"EntryPoint","urlTemplate":"https:\/\/www.woodlegs.pl\/?s={search_term_string}"},"query-input":{"@type":"PropertyValueSpecification","valueRequired":true,"valueName":"search_term_string"}}],"inLanguage":"en-GB"},{"@type":"Organization","@id":"https:\/\/www.woodlegs.pl\/#organization","name":"Woodlegs Company","url":"https:\/\/www.woodlegs.pl\/","logo":{"@type":"ImageObject","inLanguage":"en-GB","@id":"https:\/\/www.woodlegs.pl\/#\/schema\/logo\/image\/","url":"https:\/\/www.woodlegs.pl\/wp-content\/uploads\/2023\/03\/logo-3.png","contentUrl":"https:\/\/www.woodlegs.pl\/wp-content\/uploads\/2023\/03\/logo-3.png","width":605,"height":234,"caption":"Woodlegs Company"},"image":{"@id":"https:\/\/www.woodlegs.pl\/#\/schema\/logo\/image\/"},"sameAs":["https:\/\/www.facebook.com\/woodlegs.company","https:\/\/www.instagram.com\/woodlegs_company\/"]}]}},"_links":{"self":[{"href":"https:\/\/www.woodlegs.pl\/eng\/wp-json\/wp\/v2\/product\/2774","targetHints":{"allow":["GET"]}}],"collection":[{"href":"https:\/\/www.woodlegs.pl\/eng\/wp-json\/wp\/v2\/product"}],"about":[{"href":"https:\/\/www.woodlegs.pl\/eng\/wp-json\/wp\/v2\/types\/product"}],"wp:featuredmedia":[{"embeddable":true,"href":"https:\/\/www.woodlegs.pl\/eng\/wp-json\/wp\/v2\/media\/3978"}],"wp:attachment":[{"href":"https:\/\/www.woodlegs.pl\/eng\/wp-json\/wp\/v2\/media?parent=2774"}],"wp:term":[{"taxonomy":"product_brand","embeddable":true,"href":"https:\/\/www.woodlegs.pl\/eng\/wp-json\/wp\/v2\/product_brand?post=2774"},{"taxonomy":"product_cat","embeddable":true,"href":"https:\/\/www.woodlegs.pl\/eng\/wp-json\/wp\/v2\/product_cat?post=2774"},{"taxonomy":"product_tag","embeddable":true,"href":"https:\/\/www.woodlegs.pl\/eng\/wp-json\/wp\/v2\/product_tag?post=2774"}],"curies":[{"name":"wp","href":"https:\/\/api.w.org\/{rel}","templated":true}]}}