{"id":2810,"date":"2023-03-02T20:42:29","date_gmt":"2023-03-02T19:42:29","guid":{"rendered":"http:\/\/serwer174992.lh.pl\/autoinstalator\/serwer174992.lh.pl\/wordpress14552\/?post_type=product&#038;p=2810"},"modified":"2025-08-07T12:58:52","modified_gmt":"2025-08-07T10:58:52","slug":"nozki-meblowe-stozek-16-cm","status":"publish","type":"product","link":"https:\/\/www.woodlegs.pl\/eng\/nozki-do-mebli\/nozki-meblowe-stozek-16-cm\/","title":{"rendered":"Furniture feet Cone 16 cm"},"content":{"rendered":"","protected":false},"excerpt":{"rendered":"","protected":false},"featured_media":4486,"template":"","meta":[],"product_brand":[],"product_cat":[89,76],"product_tag":[],"class_list":{"0":"post-2810","1":"product","2":"type-product","3":"status-publish","4":"has-post-thumbnail","6":"product_cat-nozki-do-mebli","7":"product_cat-nogi-drewniane-stozek","9":"first","10":"outofstock","11":"taxable","12":"shipping-taxable","13":"product-type-variable"},"yoast_head":"<!-- This site is optimized with the Yoast SEO plugin v26.2 - https:\/\/yoast.com\/wordpress\/plugins\/seo\/ -->\n<title>N\u00f3\u017cki meblowe sto\u017cek 16 cm - Styl skandynawski - r\u00f3\u017cne wymiary<\/title>\n<meta name=\"description\" content=\"N\u00f3\u017cki meblowe sto\u017cek 16 cm pasuj\u0105 do mebli w stylu skandynawskim. Nogi do mebli zaci\u0119te pod skosem lub proste. Wyb\u00f3r nale\u017cy do Ciebie! Zobacz pe\u0142n\u0105 ofert\u0119!\" \/>\n<meta name=\"robots\" content=\"index, follow, max-snippet:-1, max-image-preview:large, max-video-preview:-1\" \/>\n<link rel=\"canonical\" href=\"https:\/\/www.woodlegs.pl\/eng\/nozki-do-mebli\/nozki-meblowe-stozek-16-cm\/\" \/>\n<meta property=\"og:locale\" content=\"en_GB\" \/>\n<meta property=\"og:type\" content=\"article\" \/>\n<meta property=\"og:title\" content=\"N\u00f3\u017cki meblowe sto\u017cek 16 cm - Styl skandynawski - r\u00f3\u017cne wymiary\" \/>\n<meta property=\"og:description\" content=\"N\u00f3\u017cki meblowe sto\u017cek 16 cm pasuj\u0105 do mebli w stylu skandynawskim. Nogi do mebli zaci\u0119te pod skosem lub proste. Wyb\u00f3r nale\u017cy do Ciebie! Zobacz pe\u0142n\u0105 ofert\u0119!\" \/>\n<meta property=\"og:url\" content=\"https:\/\/www.woodlegs.pl\/eng\/nozki-do-mebli\/nozki-meblowe-stozek-16-cm\/\" \/>\n<meta property=\"og:site_name\" content=\"Woodlegs Company\" \/>\n<meta property=\"article:publisher\" content=\"https:\/\/www.facebook.com\/woodlegs.company\" \/>\n<meta property=\"article:modified_time\" content=\"2025-08-07T10:58:52+00:00\" \/>\n<meta property=\"og:image\" content=\"https:\/\/www.woodlegs.pl\/wp-content\/uploads\/2023\/03\/SZABLON-1.jpg\" \/>\n\t<meta property=\"og:image:width\" content=\"1000\" \/>\n\t<meta property=\"og:image:height\" content=\"1000\" \/>\n\t<meta property=\"og:image:type\" content=\"image\/jpeg\" \/>\n<meta name=\"twitter:card\" content=\"summary_large_image\" \/>\n<meta name=\"twitter:label1\" content=\"Estimated reading time\" \/>\n\t<meta name=\"twitter:data1\" content=\"1 minute\" \/>\n<script type=\"application\/ld+json\" class=\"yoast-schema-graph\">{\"@context\":\"https:\/\/schema.org\",\"@graph\":[{\"@type\":\"WebPage\",\"@id\":\"https:\/\/www.woodlegs.pl\/nozki-do-mebli\/nozki-meblowe-stozek-16-cm\/\",\"url\":\"https:\/\/www.woodlegs.pl\/nozki-do-mebli\/nozki-meblowe-stozek-16-cm\/\",\"name\":\"N\u00f3\u017cki meblowe sto\u017cek 16 cm - Styl skandynawski - r\u00f3\u017cne wymiary\",\"isPartOf\":{\"@id\":\"http:\/\/www.woodlegs.pl\/#website\"},\"primaryImageOfPage\":{\"@id\":\"https:\/\/www.woodlegs.pl\/nozki-do-mebli\/nozki-meblowe-stozek-16-cm\/#primaryimage\"},\"image\":{\"@id\":\"https:\/\/www.woodlegs.pl\/nozki-do-mebli\/nozki-meblowe-stozek-16-cm\/#primaryimage\"},\"thumbnailUrl\":\"https:\/\/www.woodlegs.pl\/wp-content\/uploads\/2023\/03\/SZABLON-1.jpg\",\"datePublished\":\"2023-03-02T19:42:29+00:00\",\"dateModified\":\"2025-08-07T10:58:52+00:00\",\"description\":\"N\u00f3\u017cki meblowe sto\u017cek 16 cm pasuj\u0105 do mebli w stylu skandynawskim. Nogi do mebli zaci\u0119te pod skosem lub proste. Wyb\u00f3r nale\u017cy do Ciebie! Zobacz pe\u0142n\u0105 ofert\u0119!\",\"breadcrumb\":{\"@id\":\"https:\/\/www.woodlegs.pl\/nozki-do-mebli\/nozki-meblowe-stozek-16-cm\/#breadcrumb\"},\"inLanguage\":\"en-GB\",\"potentialAction\":[{\"@type\":\"ReadAction\",\"target\":[\"https:\/\/www.woodlegs.pl\/nozki-do-mebli\/nozki-meblowe-stozek-16-cm\/\"]}]},{\"@type\":\"ImageObject\",\"inLanguage\":\"en-GB\",\"@id\":\"https:\/\/www.woodlegs.pl\/nozki-do-mebli\/nozki-meblowe-stozek-16-cm\/#primaryimage\",\"url\":\"https:\/\/www.woodlegs.pl\/wp-content\/uploads\/2023\/03\/SZABLON-1.jpg\",\"contentUrl\":\"https:\/\/www.woodlegs.pl\/wp-content\/uploads\/2023\/03\/SZABLON-1.jpg\",\"width\":1000,\"height\":1000,\"caption\":\"N\u00f3\u017cka meblowa sto\u017cek 16 cm. Noga do komody wykonana z drewna bukowego, zaci\u0119ta pod skosem.\"},{\"@type\":\"BreadcrumbList\",\"@id\":\"https:\/\/www.woodlegs.pl\/nozki-do-mebli\/nozki-meblowe-stozek-16-cm\/#breadcrumb\",\"itemListElement\":[{\"@type\":\"ListItem\",\"position\":1,\"name\":\"Strona g\u0142\u00f3wna\",\"item\":\"http:\/\/www.woodlegs.pl\/\"},{\"@type\":\"ListItem\",\"position\":2,\"name\":\"Sklep\",\"item\":\"http:\/\/www.woodlegs.pl\/sklep\/\"},{\"@type\":\"ListItem\",\"position\":3,\"name\":\"N\u00f3\u017cki meblowe Sto\u017cek 16 cm\"}]},{\"@type\":\"WebSite\",\"@id\":\"http:\/\/www.woodlegs.pl\/#website\",\"url\":\"http:\/\/www.woodlegs.pl\/\",\"name\":\"Woodlegs\",\"description\":\"Producent n\u00f3g drewnianych, produkcja n\u00f3g drewnianych\",\"publisher\":{\"@id\":\"http:\/\/www.woodlegs.pl\/#organization\"},\"potentialAction\":[{\"@type\":\"SearchAction\",\"target\":{\"@type\":\"EntryPoint\",\"urlTemplate\":\"http:\/\/www.woodlegs.pl\/?s={search_term_string}\"},\"query-input\":{\"@type\":\"PropertyValueSpecification\",\"valueRequired\":true,\"valueName\":\"search_term_string\"}}],\"inLanguage\":\"en-GB\"},{\"@type\":\"Organization\",\"@id\":\"http:\/\/www.woodlegs.pl\/#organization\",\"name\":\"Woodlegs Company\",\"url\":\"http:\/\/www.woodlegs.pl\/\",\"logo\":{\"@type\":\"ImageObject\",\"inLanguage\":\"en-GB\",\"@id\":\"http:\/\/www.woodlegs.pl\/#\/schema\/logo\/image\/\",\"url\":\"https:\/\/www.woodlegs.pl\/wp-content\/uploads\/2023\/03\/logo-3.png\",\"contentUrl\":\"https:\/\/www.woodlegs.pl\/wp-content\/uploads\/2023\/03\/logo-3.png\",\"width\":605,\"height\":234,\"caption\":\"Woodlegs Company\"},\"image\":{\"@id\":\"http:\/\/www.woodlegs.pl\/#\/schema\/logo\/image\/\"},\"sameAs\":[\"https:\/\/www.facebook.com\/woodlegs.company\",\"https:\/\/www.instagram.com\/woodlegs_company\/\"]}]}<\/script>\n<!-- \/ Yoast SEO plugin. -->","yoast_head_json":{"title":"N\u00f3\u017cki meblowe sto\u017cek 16 cm - Styl skandynawski - r\u00f3\u017cne wymiary","description":"N\u00f3\u017cki meblowe sto\u017cek 16 cm pasuj\u0105 do mebli w stylu skandynawskim. Nogi do mebli zaci\u0119te pod skosem lub proste. Wyb\u00f3r nale\u017cy do Ciebie! Zobacz pe\u0142n\u0105 ofert\u0119!","robots":{"index":"index","follow":"follow","max-snippet":"max-snippet:-1","max-image-preview":"max-image-preview:large","max-video-preview":"max-video-preview:-1"},"canonical":"https:\/\/www.woodlegs.pl\/eng\/nozki-do-mebli\/nozki-meblowe-stozek-16-cm\/","og_locale":"en_GB","og_type":"article","og_title":"N\u00f3\u017cki meblowe sto\u017cek 16 cm - Styl skandynawski - r\u00f3\u017cne wymiary","og_description":"N\u00f3\u017cki meblowe sto\u017cek 16 cm pasuj\u0105 do mebli w stylu skandynawskim. Nogi do mebli zaci\u0119te pod skosem lub proste. Wyb\u00f3r nale\u017cy do Ciebie! Zobacz pe\u0142n\u0105 ofert\u0119!","og_url":"https:\/\/www.woodlegs.pl\/eng\/nozki-do-mebli\/nozki-meblowe-stozek-16-cm\/","og_site_name":"Woodlegs Company","article_publisher":"https:\/\/www.facebook.com\/woodlegs.company","article_modified_time":"2025-08-07T10:58:52+00:00","og_image":[{"width":1000,"height":1000,"url":"https:\/\/www.woodlegs.pl\/wp-content\/uploads\/2023\/03\/SZABLON-1.jpg","type":"image\/jpeg"}],"twitter_card":"summary_large_image","twitter_misc":{"Estimated reading time":"1 minute"},"schema":{"@context":"https:\/\/schema.org","@graph":[{"@type":"WebPage","@id":"https:\/\/www.woodlegs.pl\/nozki-do-mebli\/nozki-meblowe-stozek-16-cm\/","url":"https:\/\/www.woodlegs.pl\/nozki-do-mebli\/nozki-meblowe-stozek-16-cm\/","name":"N\u00f3\u017cki meblowe sto\u017cek 16 cm - Styl skandynawski - r\u00f3\u017cne wymiary","isPartOf":{"@id":"http:\/\/www.woodlegs.pl\/#website"},"primaryImageOfPage":{"@id":"https:\/\/www.woodlegs.pl\/nozki-do-mebli\/nozki-meblowe-stozek-16-cm\/#primaryimage"},"image":{"@id":"https:\/\/www.woodlegs.pl\/nozki-do-mebli\/nozki-meblowe-stozek-16-cm\/#primaryimage"},"thumbnailUrl":"https:\/\/www.woodlegs.pl\/wp-content\/uploads\/2023\/03\/SZABLON-1.jpg","datePublished":"2023-03-02T19:42:29+00:00","dateModified":"2025-08-07T10:58:52+00:00","description":"N\u00f3\u017cki meblowe sto\u017cek 16 cm pasuj\u0105 do mebli w stylu skandynawskim. Nogi do mebli zaci\u0119te pod skosem lub proste. Wyb\u00f3r nale\u017cy do Ciebie! Zobacz pe\u0142n\u0105 ofert\u0119!","breadcrumb":{"@id":"https:\/\/www.woodlegs.pl\/nozki-do-mebli\/nozki-meblowe-stozek-16-cm\/#breadcrumb"},"inLanguage":"en-GB","potentialAction":[{"@type":"ReadAction","target":["https:\/\/www.woodlegs.pl\/nozki-do-mebli\/nozki-meblowe-stozek-16-cm\/"]}]},{"@type":"ImageObject","inLanguage":"en-GB","@id":"https:\/\/www.woodlegs.pl\/nozki-do-mebli\/nozki-meblowe-stozek-16-cm\/#primaryimage","url":"https:\/\/www.woodlegs.pl\/wp-content\/uploads\/2023\/03\/SZABLON-1.jpg","contentUrl":"https:\/\/www.woodlegs.pl\/wp-content\/uploads\/2023\/03\/SZABLON-1.jpg","width":1000,"height":1000,"caption":"N\u00f3\u017cka meblowa sto\u017cek 16 cm. Noga do komody wykonana z drewna bukowego, zaci\u0119ta pod skosem."},{"@type":"BreadcrumbList","@id":"https:\/\/www.woodlegs.pl\/nozki-do-mebli\/nozki-meblowe-stozek-16-cm\/#breadcrumb","itemListElement":[{"@type":"ListItem","position":1,"name":"Strona g\u0142\u00f3wna","item":"http:\/\/www.woodlegs.pl\/"},{"@type":"ListItem","position":2,"name":"Sklep","item":"http:\/\/www.woodlegs.pl\/sklep\/"},{"@type":"ListItem","position":3,"name":"N\u00f3\u017cki meblowe Sto\u017cek 16 cm"}]},{"@type":"WebSite","@id":"http:\/\/www.woodlegs.pl\/#website","url":"http:\/\/www.woodlegs.pl\/","name":"Woodlegs","description":"Producent n\u00f3g drewnianych, produkcja n\u00f3g drewnianych","publisher":{"@id":"http:\/\/www.woodlegs.pl\/#organization"},"potentialAction":[{"@type":"SearchAction","target":{"@type":"EntryPoint","urlTemplate":"http:\/\/www.woodlegs.pl\/?s={search_term_string}"},"query-input":{"@type":"PropertyValueSpecification","valueRequired":true,"valueName":"search_term_string"}}],"inLanguage":"en-GB"},{"@type":"Organization","@id":"http:\/\/www.woodlegs.pl\/#organization","name":"Woodlegs Company","url":"http:\/\/www.woodlegs.pl\/","logo":{"@type":"ImageObject","inLanguage":"en-GB","@id":"http:\/\/www.woodlegs.pl\/#\/schema\/logo\/image\/","url":"https:\/\/www.woodlegs.pl\/wp-content\/uploads\/2023\/03\/logo-3.png","contentUrl":"https:\/\/www.woodlegs.pl\/wp-content\/uploads\/2023\/03\/logo-3.png","width":605,"height":234,"caption":"Woodlegs Company"},"image":{"@id":"http:\/\/www.woodlegs.pl\/#\/schema\/logo\/image\/"},"sameAs":["https:\/\/www.facebook.com\/woodlegs.company","https:\/\/www.instagram.com\/woodlegs_company\/"]}]}},"_links":{"self":[{"href":"https:\/\/www.woodlegs.pl\/eng\/wp-json\/wp\/v2\/product\/2810","targetHints":{"allow":["GET"]}}],"collection":[{"href":"https:\/\/www.woodlegs.pl\/eng\/wp-json\/wp\/v2\/product"}],"about":[{"href":"https:\/\/www.woodlegs.pl\/eng\/wp-json\/wp\/v2\/types\/product"}],"wp:featuredmedia":[{"embeddable":true,"href":"https:\/\/www.woodlegs.pl\/eng\/wp-json\/wp\/v2\/media\/4486"}],"wp:attachment":[{"href":"https:\/\/www.woodlegs.pl\/eng\/wp-json\/wp\/v2\/media?parent=2810"}],"wp:term":[{"taxonomy":"product_brand","embeddable":true,"href":"https:\/\/www.woodlegs.pl\/eng\/wp-json\/wp\/v2\/product_brand?post=2810"},{"taxonomy":"product_cat","embeddable":true,"href":"https:\/\/www.woodlegs.pl\/eng\/wp-json\/wp\/v2\/product_cat?post=2810"},{"taxonomy":"product_tag","embeddable":true,"href":"https:\/\/www.woodlegs.pl\/eng\/wp-json\/wp\/v2\/product_tag?post=2810"}],"curies":[{"name":"wp","href":"https:\/\/api.w.org\/{rel}","templated":true}]}}