{"id":2820,"date":"2023-03-02T20:42:30","date_gmt":"2023-03-02T19:42:30","guid":{"rendered":"http:\/\/serwer174992.lh.pl\/autoinstalator\/serwer174992.lh.pl\/wordpress14552\/?post_type=product&#038;p=2820"},"modified":"2026-01-21T12:43:07","modified_gmt":"2026-01-21T11:43:07","slug":"debowa-deska-do-krojenia","status":"publish","type":"product","link":"https:\/\/www.woodlegs.pl\/eng\/deski-do-krojenia\/debowa-deska-do-krojenia\/","title":{"rendered":"Oak cutting board"},"content":{"rendered":"<p>Solid <strong>oakland<\/strong> <strong>cutting board<\/strong> made using the cornice method. The cornice method guarantees us an extraordinary<strong> durable and long-lasting<\/strong> planks thanks to the arrangement of the fibres.<\/p>\n<p>Each board is protected with food-grade oil.<\/p>\n<p>The board stands on rubberised feet so that it does not slip on the worktop when preparing meals. Each <strong>oakland<\/strong> <strong>cutting board<\/strong> has milled handles for portability.<\/p>\n<p>Material: natural oak wood<\/p>\n<p>Dimensions: 35x25x4 cm<\/p>\n<p><strong>What distinguishes our oak cutting boards ?<\/strong><\/p>\n<ul>\n<li><span class=\"x3nfvp2 x1j61x8r x1fcty0u xdj266r xhhsvwb xat24cr xgzva0m xxymvpz xlup9mm x1kky2od\">the work surface is scratch-resistant;<\/span><\/li>\n<li style=\"text-align: left;\"><span class=\"x3nfvp2 x1j61x8r x1fcty0u xdj266r xhhsvwb xat24cr xgzva0m xxymvpz xlup9mm x1kky2od\">The ability to seal microcracks from the knife;<\/span><\/li>\n<li>does not dull knives;<\/li>\n<li>made from natural products;<\/li>\n<li><span class=\"x3nfvp2 x1j61x8r x1fcty0u xdj266r xhhsvwb xat24cr xgzva0m xxymvpz xlup9mm x1kky2od\">made from natural products;<\/span><\/li>\n<li><span class=\"x3nfvp2 x1j61x8r x1fcty0u xdj266r xhhsvwb xat24cr xgzva0m xxymvpz xlup9mm x1kky2od\">bard<\/span><span class=\"x3nfvp2 x1j61x8r x1fcty0u xdj266r xhhsvwb xat24cr xgzva0m xxymvpz xlup9mm x1kky2od\">so they can easily be restored to their original appearance<\/span><\/li>\n<li><span class=\"x3nfvp2 x1j61x8r x1fcty0u xdj266r xhhsvwb xat24cr xgzva0m xxymvpz xlup9mm x1kky2od\">unique appearance, the board on the countertop will be a decoration in the kitchen<\/span><\/li>\n<li style=\"text-align: left;\"><\/li>\n<\/ul>","protected":false},"excerpt":{"rendered":"<p>An oak cutting board is the perfect gift for your contractor as well as a personal gift for your mother, aunt or grandmother! Give a beautiful, solid, natural gift that will last for years. We guarantee a smile on your face!<\/p>","protected":false},"featured_media":2830,"template":"","meta":[],"product_brand":[],"product_cat":[78],"product_tag":[],"class_list":{"0":"post-2820","1":"product","2":"type-product","3":"status-publish","4":"has-post-thumbnail","6":"product_cat-deski-do-krojenia","8":"first","9":"outofstock","10":"taxable","11":"shipping-taxable","12":"product-type-variable"},"yoast_head":"<!-- This site is optimized with the Yoast SEO plugin v26.2 - https:\/\/yoast.com\/wordpress\/plugins\/seo\/ -->\n<title>D\u0119bowa deska do krojenia - Deska kuchenna- Pomys\u0142 na prezent<\/title>\n<meta name=\"description\" content=\"D\u0119bowa deska do krojenia to \u015bwietny pomys\u0142 na prezent zar\u00f3wno prywatny jak i firmowy!Wygraweruj swojego logo i podaruj solidny produkt na lata! Zam\u00f3w teraz!\" \/>\n<meta name=\"robots\" content=\"index, follow, max-snippet:-1, max-image-preview:large, max-video-preview:-1\" \/>\n<link rel=\"canonical\" href=\"https:\/\/www.woodlegs.pl\/eng\/deski-do-krojenia\/debowa-deska-do-krojenia\/\" \/>\n<meta property=\"og:locale\" content=\"en_GB\" \/>\n<meta property=\"og:type\" content=\"article\" \/>\n<meta property=\"og:title\" content=\"D\u0119bowa deska do krojenia - Deska kuchenna- Pomys\u0142 na prezent\" \/>\n<meta property=\"og:description\" content=\"D\u0119bowa deska do krojenia to \u015bwietny pomys\u0142 na prezent zar\u00f3wno prywatny jak i firmowy!Wygraweruj swojego logo i podaruj solidny produkt na lata! Zam\u00f3w teraz!\" \/>\n<meta property=\"og:url\" content=\"https:\/\/www.woodlegs.pl\/eng\/deski-do-krojenia\/debowa-deska-do-krojenia\/\" \/>\n<meta property=\"og:site_name\" content=\"Woodlegs Company\" \/>\n<meta property=\"article:publisher\" content=\"https:\/\/www.facebook.com\/woodlegs.company\" \/>\n<meta property=\"article:modified_time\" content=\"2026-01-21T11:43:07+00:00\" \/>\n<meta property=\"og:image\" content=\"https:\/\/www.woodlegs.pl\/wp-content\/uploads\/2023\/03\/szablon-00426.png\" \/>\n\t<meta property=\"og:image:width\" content=\"768\" \/>\n\t<meta property=\"og:image:height\" content=\"768\" \/>\n\t<meta property=\"og:image:type\" content=\"image\/png\" \/>\n<meta name=\"twitter:card\" content=\"summary_large_image\" \/>\n<meta name=\"twitter:label1\" content=\"Estimated reading time\" \/>\n\t<meta name=\"twitter:data1\" content=\"1 minute\" \/>\n<script type=\"application\/ld+json\" class=\"yoast-schema-graph\">{\"@context\":\"https:\/\/schema.org\",\"@graph\":[{\"@type\":\"WebPage\",\"@id\":\"https:\/\/www.woodlegs.pl\/deski-do-krojenia\/debowa-deska-do-krojenia\/\",\"url\":\"https:\/\/www.woodlegs.pl\/deski-do-krojenia\/debowa-deska-do-krojenia\/\",\"name\":\"D\u0119bowa deska do krojenia - Deska kuchenna- Pomys\u0142 na prezent\",\"isPartOf\":{\"@id\":\"http:\/\/www.woodlegs.pl\/#website\"},\"primaryImageOfPage\":{\"@id\":\"https:\/\/www.woodlegs.pl\/deski-do-krojenia\/debowa-deska-do-krojenia\/#primaryimage\"},\"image\":{\"@id\":\"https:\/\/www.woodlegs.pl\/deski-do-krojenia\/debowa-deska-do-krojenia\/#primaryimage\"},\"thumbnailUrl\":\"https:\/\/www.woodlegs.pl\/wp-content\/uploads\/2023\/03\/szablon-00426.png\",\"datePublished\":\"2023-03-02T19:42:30+00:00\",\"dateModified\":\"2026-01-21T11:43:07+00:00\",\"description\":\"D\u0119bowa deska do krojenia to \u015bwietny pomys\u0142 na prezent zar\u00f3wno prywatny jak i firmowy!Wygraweruj swojego logo i podaruj solidny produkt na lata! Zam\u00f3w teraz!\",\"breadcrumb\":{\"@id\":\"https:\/\/www.woodlegs.pl\/deski-do-krojenia\/debowa-deska-do-krojenia\/#breadcrumb\"},\"inLanguage\":\"en-GB\",\"potentialAction\":[{\"@type\":\"ReadAction\",\"target\":[\"https:\/\/www.woodlegs.pl\/deski-do-krojenia\/debowa-deska-do-krojenia\/\"]}]},{\"@type\":\"ImageObject\",\"inLanguage\":\"en-GB\",\"@id\":\"https:\/\/www.woodlegs.pl\/deski-do-krojenia\/debowa-deska-do-krojenia\/#primaryimage\",\"url\":\"https:\/\/www.woodlegs.pl\/wp-content\/uploads\/2023\/03\/szablon-00426.png\",\"contentUrl\":\"https:\/\/www.woodlegs.pl\/wp-content\/uploads\/2023\/03\/szablon-00426.png\",\"width\":768,\"height\":768},{\"@type\":\"BreadcrumbList\",\"@id\":\"https:\/\/www.woodlegs.pl\/deski-do-krojenia\/debowa-deska-do-krojenia\/#breadcrumb\",\"itemListElement\":[{\"@type\":\"ListItem\",\"position\":1,\"name\":\"Strona g\u0142\u00f3wna\",\"item\":\"http:\/\/www.woodlegs.pl\/\"},{\"@type\":\"ListItem\",\"position\":2,\"name\":\"Sklep\",\"item\":\"http:\/\/www.woodlegs.pl\/sklep\/\"},{\"@type\":\"ListItem\",\"position\":3,\"name\":\"D\u0119bowa deska do krojenia\"}]},{\"@type\":\"WebSite\",\"@id\":\"http:\/\/www.woodlegs.pl\/#website\",\"url\":\"http:\/\/www.woodlegs.pl\/\",\"name\":\"Woodlegs\",\"description\":\"Producent n\u00f3g drewnianych, produkcja n\u00f3g drewnianych\",\"publisher\":{\"@id\":\"http:\/\/www.woodlegs.pl\/#organization\"},\"potentialAction\":[{\"@type\":\"SearchAction\",\"target\":{\"@type\":\"EntryPoint\",\"urlTemplate\":\"http:\/\/www.woodlegs.pl\/?s={search_term_string}\"},\"query-input\":{\"@type\":\"PropertyValueSpecification\",\"valueRequired\":true,\"valueName\":\"search_term_string\"}}],\"inLanguage\":\"en-GB\"},{\"@type\":\"Organization\",\"@id\":\"http:\/\/www.woodlegs.pl\/#organization\",\"name\":\"Woodlegs Company\",\"url\":\"http:\/\/www.woodlegs.pl\/\",\"logo\":{\"@type\":\"ImageObject\",\"inLanguage\":\"en-GB\",\"@id\":\"http:\/\/www.woodlegs.pl\/#\/schema\/logo\/image\/\",\"url\":\"https:\/\/www.woodlegs.pl\/wp-content\/uploads\/2023\/03\/logo-3.png\",\"contentUrl\":\"https:\/\/www.woodlegs.pl\/wp-content\/uploads\/2023\/03\/logo-3.png\",\"width\":605,\"height\":234,\"caption\":\"Woodlegs Company\"},\"image\":{\"@id\":\"http:\/\/www.woodlegs.pl\/#\/schema\/logo\/image\/\"},\"sameAs\":[\"https:\/\/www.facebook.com\/woodlegs.company\",\"https:\/\/www.instagram.com\/woodlegs_company\/\"]}]}<\/script>\n<!-- \/ Yoast SEO plugin. -->","yoast_head_json":{"title":"D\u0119bowa deska do krojenia - Deska kuchenna- Pomys\u0142 na prezent","description":"D\u0119bowa deska do krojenia to \u015bwietny pomys\u0142 na prezent zar\u00f3wno prywatny jak i firmowy!Wygraweruj swojego logo i podaruj solidny produkt na lata! Zam\u00f3w teraz!","robots":{"index":"index","follow":"follow","max-snippet":"max-snippet:-1","max-image-preview":"max-image-preview:large","max-video-preview":"max-video-preview:-1"},"canonical":"https:\/\/www.woodlegs.pl\/eng\/deski-do-krojenia\/debowa-deska-do-krojenia\/","og_locale":"en_GB","og_type":"article","og_title":"D\u0119bowa deska do krojenia - Deska kuchenna- Pomys\u0142 na prezent","og_description":"D\u0119bowa deska do krojenia to \u015bwietny pomys\u0142 na prezent zar\u00f3wno prywatny jak i firmowy!Wygraweruj swojego logo i podaruj solidny produkt na lata! Zam\u00f3w teraz!","og_url":"https:\/\/www.woodlegs.pl\/eng\/deski-do-krojenia\/debowa-deska-do-krojenia\/","og_site_name":"Woodlegs Company","article_publisher":"https:\/\/www.facebook.com\/woodlegs.company","article_modified_time":"2026-01-21T11:43:07+00:00","og_image":[{"width":768,"height":768,"url":"https:\/\/www.woodlegs.pl\/wp-content\/uploads\/2023\/03\/szablon-00426.png","type":"image\/png"}],"twitter_card":"summary_large_image","twitter_misc":{"Estimated reading time":"1 minute"},"schema":{"@context":"https:\/\/schema.org","@graph":[{"@type":"WebPage","@id":"https:\/\/www.woodlegs.pl\/deski-do-krojenia\/debowa-deska-do-krojenia\/","url":"https:\/\/www.woodlegs.pl\/deski-do-krojenia\/debowa-deska-do-krojenia\/","name":"D\u0119bowa deska do krojenia - Deska kuchenna- Pomys\u0142 na prezent","isPartOf":{"@id":"http:\/\/www.woodlegs.pl\/#website"},"primaryImageOfPage":{"@id":"https:\/\/www.woodlegs.pl\/deski-do-krojenia\/debowa-deska-do-krojenia\/#primaryimage"},"image":{"@id":"https:\/\/www.woodlegs.pl\/deski-do-krojenia\/debowa-deska-do-krojenia\/#primaryimage"},"thumbnailUrl":"https:\/\/www.woodlegs.pl\/wp-content\/uploads\/2023\/03\/szablon-00426.png","datePublished":"2023-03-02T19:42:30+00:00","dateModified":"2026-01-21T11:43:07+00:00","description":"D\u0119bowa deska do krojenia to \u015bwietny pomys\u0142 na prezent zar\u00f3wno prywatny jak i firmowy!Wygraweruj swojego logo i podaruj solidny produkt na lata! Zam\u00f3w teraz!","breadcrumb":{"@id":"https:\/\/www.woodlegs.pl\/deski-do-krojenia\/debowa-deska-do-krojenia\/#breadcrumb"},"inLanguage":"en-GB","potentialAction":[{"@type":"ReadAction","target":["https:\/\/www.woodlegs.pl\/deski-do-krojenia\/debowa-deska-do-krojenia\/"]}]},{"@type":"ImageObject","inLanguage":"en-GB","@id":"https:\/\/www.woodlegs.pl\/deski-do-krojenia\/debowa-deska-do-krojenia\/#primaryimage","url":"https:\/\/www.woodlegs.pl\/wp-content\/uploads\/2023\/03\/szablon-00426.png","contentUrl":"https:\/\/www.woodlegs.pl\/wp-content\/uploads\/2023\/03\/szablon-00426.png","width":768,"height":768},{"@type":"BreadcrumbList","@id":"https:\/\/www.woodlegs.pl\/deski-do-krojenia\/debowa-deska-do-krojenia\/#breadcrumb","itemListElement":[{"@type":"ListItem","position":1,"name":"Strona g\u0142\u00f3wna","item":"http:\/\/www.woodlegs.pl\/"},{"@type":"ListItem","position":2,"name":"Sklep","item":"http:\/\/www.woodlegs.pl\/sklep\/"},{"@type":"ListItem","position":3,"name":"D\u0119bowa deska do krojenia"}]},{"@type":"WebSite","@id":"http:\/\/www.woodlegs.pl\/#website","url":"http:\/\/www.woodlegs.pl\/","name":"Woodlegs","description":"Producent n\u00f3g drewnianych, produkcja n\u00f3g drewnianych","publisher":{"@id":"http:\/\/www.woodlegs.pl\/#organization"},"potentialAction":[{"@type":"SearchAction","target":{"@type":"EntryPoint","urlTemplate":"http:\/\/www.woodlegs.pl\/?s={search_term_string}"},"query-input":{"@type":"PropertyValueSpecification","valueRequired":true,"valueName":"search_term_string"}}],"inLanguage":"en-GB"},{"@type":"Organization","@id":"http:\/\/www.woodlegs.pl\/#organization","name":"Woodlegs Company","url":"http:\/\/www.woodlegs.pl\/","logo":{"@type":"ImageObject","inLanguage":"en-GB","@id":"http:\/\/www.woodlegs.pl\/#\/schema\/logo\/image\/","url":"https:\/\/www.woodlegs.pl\/wp-content\/uploads\/2023\/03\/logo-3.png","contentUrl":"https:\/\/www.woodlegs.pl\/wp-content\/uploads\/2023\/03\/logo-3.png","width":605,"height":234,"caption":"Woodlegs Company"},"image":{"@id":"http:\/\/www.woodlegs.pl\/#\/schema\/logo\/image\/"},"sameAs":["https:\/\/www.facebook.com\/woodlegs.company","https:\/\/www.instagram.com\/woodlegs_company\/"]}]}},"_links":{"self":[{"href":"https:\/\/www.woodlegs.pl\/eng\/wp-json\/wp\/v2\/product\/2820","targetHints":{"allow":["GET"]}}],"collection":[{"href":"https:\/\/www.woodlegs.pl\/eng\/wp-json\/wp\/v2\/product"}],"about":[{"href":"https:\/\/www.woodlegs.pl\/eng\/wp-json\/wp\/v2\/types\/product"}],"wp:featuredmedia":[{"embeddable":true,"href":"https:\/\/www.woodlegs.pl\/eng\/wp-json\/wp\/v2\/media\/2830"}],"wp:attachment":[{"href":"https:\/\/www.woodlegs.pl\/eng\/wp-json\/wp\/v2\/media?parent=2820"}],"wp:term":[{"taxonomy":"product_brand","embeddable":true,"href":"https:\/\/www.woodlegs.pl\/eng\/wp-json\/wp\/v2\/product_brand?post=2820"},{"taxonomy":"product_cat","embeddable":true,"href":"https:\/\/www.woodlegs.pl\/eng\/wp-json\/wp\/v2\/product_cat?post=2820"},{"taxonomy":"product_tag","embeddable":true,"href":"https:\/\/www.woodlegs.pl\/eng\/wp-json\/wp\/v2\/product_tag?post=2820"}],"curies":[{"name":"wp","href":"https:\/\/api.w.org\/{rel}","templated":true}]}}