{"id":4430,"date":"2023-03-30T11:48:32","date_gmt":"2023-03-30T09:48:32","guid":{"rendered":"https:\/\/www.woodlegs.pl\/?post_type=product&#038;p=4430"},"modified":"2026-03-27T13:22:58","modified_gmt":"2026-03-27T12:22:58","slug":"nogi-drewniane-stozek-zaciety-73-cm","status":"publish","type":"product","link":"https:\/\/www.woodlegs.pl\/eng\/nogi-drewniane-stozek\/nogi-drewniane-stozek-zaciety-73-cm\/","title":{"rendered":"Wooden legs Cone jammed 73 cm"},"content":{"rendered":"","protected":false},"excerpt":{"rendered":"","protected":false},"featured_media":4606,"template":"","meta":[],"product_brand":[],"product_cat":[79,66,76],"product_tag":[],"class_list":{"0":"post-4430","1":"product","2":"type-product","3":"status-publish","4":"has-post-thumbnail","6":"product_cat-nogi-do-stolu","7":"product_cat-nogi-toczone","8":"product_cat-nogi-drewniane-stozek","10":"first","11":"instock","12":"taxable","13":"shipping-taxable","14":"purchasable","15":"product-type-variable"},"yoast_head":"<!-- This site is optimized with the Yoast SEO plugin v26.2 - https:\/\/yoast.com\/wordpress\/plugins\/seo\/ -->\n<title>Nogi drewniane Sto\u017cek zaci\u0119ty 73 cm - Nogi do sto\u0142u - Woodlegs<\/title>\n<meta name=\"description\" content=\"U nas znajdziesz nogi drewniane sto\u017cek zaci\u0119ty czyli nogi w stylu skandynawskim. Prosty wz\u00f3r okr\u0105g\u0142ej nogi zw\u0119\u017caj\u0105cy si\u0119 ku do\u0142owi. Sprawd\u017a!\" \/>\n<meta name=\"robots\" content=\"index, follow, max-snippet:-1, max-image-preview:large, max-video-preview:-1\" \/>\n<link rel=\"canonical\" href=\"https:\/\/www.woodlegs.pl\/eng\/nogi-drewniane-stozek\/nogi-drewniane-stozek-zaciety-73-cm\/\" \/>\n<meta property=\"og:locale\" content=\"en_GB\" \/>\n<meta property=\"og:type\" content=\"article\" \/>\n<meta property=\"og:title\" content=\"Nogi drewniane Sto\u017cek zaci\u0119ty 73 cm - Nogi do sto\u0142u - Woodlegs\" \/>\n<meta property=\"og:description\" content=\"U nas znajdziesz nogi drewniane sto\u017cek zaci\u0119ty czyli nogi w stylu skandynawskim. Prosty wz\u00f3r okr\u0105g\u0142ej nogi zw\u0119\u017caj\u0105cy si\u0119 ku do\u0142owi. Sprawd\u017a!\" \/>\n<meta property=\"og:url\" content=\"https:\/\/www.woodlegs.pl\/eng\/nogi-drewniane-stozek\/nogi-drewniane-stozek-zaciety-73-cm\/\" \/>\n<meta property=\"og:site_name\" content=\"Woodlegs Company\" \/>\n<meta property=\"article:publisher\" content=\"https:\/\/www.facebook.com\/woodlegs.company\" \/>\n<meta property=\"article:modified_time\" content=\"2026-03-27T12:22:58+00:00\" \/>\n<meta property=\"og:image\" content=\"https:\/\/www.woodlegs.pl\/wp-content\/uploads\/2023\/03\/SZABLON-2.png\" \/>\n\t<meta property=\"og:image:width\" content=\"1000\" \/>\n\t<meta property=\"og:image:height\" content=\"1000\" \/>\n\t<meta property=\"og:image:type\" content=\"image\/png\" \/>\n<meta name=\"twitter:card\" content=\"summary_large_image\" \/>\n<meta name=\"twitter:label1\" content=\"Estimated reading time\" \/>\n\t<meta name=\"twitter:data1\" content=\"1 minute\" \/>\n<script type=\"application\/ld+json\" class=\"yoast-schema-graph\">{\"@context\":\"https:\/\/schema.org\",\"@graph\":[{\"@type\":\"WebPage\",\"@id\":\"https:\/\/www.woodlegs.pl\/nogi-drewniane-stozek\/nogi-drewniane-stozek-zaciety-73-cm\/\",\"url\":\"https:\/\/www.woodlegs.pl\/nogi-drewniane-stozek\/nogi-drewniane-stozek-zaciety-73-cm\/\",\"name\":\"Nogi drewniane Sto\u017cek zaci\u0119ty 73 cm - Nogi do sto\u0142u - Woodlegs\",\"isPartOf\":{\"@id\":\"http:\/\/www.woodlegs.pl\/#website\"},\"primaryImageOfPage\":{\"@id\":\"https:\/\/www.woodlegs.pl\/nogi-drewniane-stozek\/nogi-drewniane-stozek-zaciety-73-cm\/#primaryimage\"},\"image\":{\"@id\":\"https:\/\/www.woodlegs.pl\/nogi-drewniane-stozek\/nogi-drewniane-stozek-zaciety-73-cm\/#primaryimage\"},\"thumbnailUrl\":\"https:\/\/www.woodlegs.pl\/wp-content\/uploads\/2023\/03\/SZABLON-2.png\",\"datePublished\":\"2023-03-30T09:48:32+00:00\",\"dateModified\":\"2026-03-27T12:22:58+00:00\",\"description\":\"U nas znajdziesz nogi drewniane sto\u017cek zaci\u0119ty czyli nogi w stylu skandynawskim. Prosty wz\u00f3r okr\u0105g\u0142ej nogi zw\u0119\u017caj\u0105cy si\u0119 ku do\u0142owi. Sprawd\u017a!\",\"breadcrumb\":{\"@id\":\"https:\/\/www.woodlegs.pl\/nogi-drewniane-stozek\/nogi-drewniane-stozek-zaciety-73-cm\/#breadcrumb\"},\"inLanguage\":\"en-GB\",\"potentialAction\":[{\"@type\":\"ReadAction\",\"target\":[\"https:\/\/www.woodlegs.pl\/nogi-drewniane-stozek\/nogi-drewniane-stozek-zaciety-73-cm\/\"]}]},{\"@type\":\"ImageObject\",\"inLanguage\":\"en-GB\",\"@id\":\"https:\/\/www.woodlegs.pl\/nogi-drewniane-stozek\/nogi-drewniane-stozek-zaciety-73-cm\/#primaryimage\",\"url\":\"https:\/\/www.woodlegs.pl\/wp-content\/uploads\/2023\/03\/SZABLON-2.png\",\"contentUrl\":\"https:\/\/www.woodlegs.pl\/wp-content\/uploads\/2023\/03\/SZABLON-2.png\",\"width\":1000,\"height\":1000,\"caption\":\"nogi-drewniane-sto\u017cek-zaci\u0119ty-bukowa-noga-do-sto\u0142u-wysoka73cm-noga-drewniana-zaci\u0119ta-pod-skosem\"},{\"@type\":\"BreadcrumbList\",\"@id\":\"https:\/\/www.woodlegs.pl\/nogi-drewniane-stozek\/nogi-drewniane-stozek-zaciety-73-cm\/#breadcrumb\",\"itemListElement\":[{\"@type\":\"ListItem\",\"position\":1,\"name\":\"Strona g\u0142\u00f3wna\",\"item\":\"http:\/\/www.woodlegs.pl\/\"},{\"@type\":\"ListItem\",\"position\":2,\"name\":\"Sklep\",\"item\":\"http:\/\/www.woodlegs.pl\/sklep\/\"},{\"@type\":\"ListItem\",\"position\":3,\"name\":\"Nogi drewniane Sto\u017cek Zaci\u0119ty 73 cm\"}]},{\"@type\":\"WebSite\",\"@id\":\"http:\/\/www.woodlegs.pl\/#website\",\"url\":\"http:\/\/www.woodlegs.pl\/\",\"name\":\"Woodlegs\",\"description\":\"Producent n\u00f3g drewnianych, produkcja n\u00f3g drewnianych\",\"publisher\":{\"@id\":\"http:\/\/www.woodlegs.pl\/#organization\"},\"potentialAction\":[{\"@type\":\"SearchAction\",\"target\":{\"@type\":\"EntryPoint\",\"urlTemplate\":\"http:\/\/www.woodlegs.pl\/?s={search_term_string}\"},\"query-input\":{\"@type\":\"PropertyValueSpecification\",\"valueRequired\":true,\"valueName\":\"search_term_string\"}}],\"inLanguage\":\"en-GB\"},{\"@type\":\"Organization\",\"@id\":\"http:\/\/www.woodlegs.pl\/#organization\",\"name\":\"Woodlegs Company\",\"url\":\"http:\/\/www.woodlegs.pl\/\",\"logo\":{\"@type\":\"ImageObject\",\"inLanguage\":\"en-GB\",\"@id\":\"http:\/\/www.woodlegs.pl\/#\/schema\/logo\/image\/\",\"url\":\"https:\/\/www.woodlegs.pl\/wp-content\/uploads\/2023\/03\/logo-3.png\",\"contentUrl\":\"https:\/\/www.woodlegs.pl\/wp-content\/uploads\/2023\/03\/logo-3.png\",\"width\":605,\"height\":234,\"caption\":\"Woodlegs Company\"},\"image\":{\"@id\":\"http:\/\/www.woodlegs.pl\/#\/schema\/logo\/image\/\"},\"sameAs\":[\"https:\/\/www.facebook.com\/woodlegs.company\",\"https:\/\/www.instagram.com\/woodlegs_company\/\"]}]}<\/script>\n<!-- \/ Yoast SEO plugin. -->","yoast_head_json":{"title":"Nogi drewniane Sto\u017cek zaci\u0119ty 73 cm - Nogi do sto\u0142u - Woodlegs","description":"U nas znajdziesz nogi drewniane sto\u017cek zaci\u0119ty czyli nogi w stylu skandynawskim. Prosty wz\u00f3r okr\u0105g\u0142ej nogi zw\u0119\u017caj\u0105cy si\u0119 ku do\u0142owi. Sprawd\u017a!","robots":{"index":"index","follow":"follow","max-snippet":"max-snippet:-1","max-image-preview":"max-image-preview:large","max-video-preview":"max-video-preview:-1"},"canonical":"https:\/\/www.woodlegs.pl\/eng\/nogi-drewniane-stozek\/nogi-drewniane-stozek-zaciety-73-cm\/","og_locale":"en_GB","og_type":"article","og_title":"Nogi drewniane Sto\u017cek zaci\u0119ty 73 cm - Nogi do sto\u0142u - Woodlegs","og_description":"U nas znajdziesz nogi drewniane sto\u017cek zaci\u0119ty czyli nogi w stylu skandynawskim. Prosty wz\u00f3r okr\u0105g\u0142ej nogi zw\u0119\u017caj\u0105cy si\u0119 ku do\u0142owi. Sprawd\u017a!","og_url":"https:\/\/www.woodlegs.pl\/eng\/nogi-drewniane-stozek\/nogi-drewniane-stozek-zaciety-73-cm\/","og_site_name":"Woodlegs Company","article_publisher":"https:\/\/www.facebook.com\/woodlegs.company","article_modified_time":"2026-03-27T12:22:58+00:00","og_image":[{"width":1000,"height":1000,"url":"https:\/\/www.woodlegs.pl\/wp-content\/uploads\/2023\/03\/SZABLON-2.png","type":"image\/png"}],"twitter_card":"summary_large_image","twitter_misc":{"Estimated reading time":"1 minute"},"schema":{"@context":"https:\/\/schema.org","@graph":[{"@type":"WebPage","@id":"https:\/\/www.woodlegs.pl\/nogi-drewniane-stozek\/nogi-drewniane-stozek-zaciety-73-cm\/","url":"https:\/\/www.woodlegs.pl\/nogi-drewniane-stozek\/nogi-drewniane-stozek-zaciety-73-cm\/","name":"Nogi drewniane Sto\u017cek zaci\u0119ty 73 cm - Nogi do sto\u0142u - Woodlegs","isPartOf":{"@id":"http:\/\/www.woodlegs.pl\/#website"},"primaryImageOfPage":{"@id":"https:\/\/www.woodlegs.pl\/nogi-drewniane-stozek\/nogi-drewniane-stozek-zaciety-73-cm\/#primaryimage"},"image":{"@id":"https:\/\/www.woodlegs.pl\/nogi-drewniane-stozek\/nogi-drewniane-stozek-zaciety-73-cm\/#primaryimage"},"thumbnailUrl":"https:\/\/www.woodlegs.pl\/wp-content\/uploads\/2023\/03\/SZABLON-2.png","datePublished":"2023-03-30T09:48:32+00:00","dateModified":"2026-03-27T12:22:58+00:00","description":"U nas znajdziesz nogi drewniane sto\u017cek zaci\u0119ty czyli nogi w stylu skandynawskim. Prosty wz\u00f3r okr\u0105g\u0142ej nogi zw\u0119\u017caj\u0105cy si\u0119 ku do\u0142owi. Sprawd\u017a!","breadcrumb":{"@id":"https:\/\/www.woodlegs.pl\/nogi-drewniane-stozek\/nogi-drewniane-stozek-zaciety-73-cm\/#breadcrumb"},"inLanguage":"en-GB","potentialAction":[{"@type":"ReadAction","target":["https:\/\/www.woodlegs.pl\/nogi-drewniane-stozek\/nogi-drewniane-stozek-zaciety-73-cm\/"]}]},{"@type":"ImageObject","inLanguage":"en-GB","@id":"https:\/\/www.woodlegs.pl\/nogi-drewniane-stozek\/nogi-drewniane-stozek-zaciety-73-cm\/#primaryimage","url":"https:\/\/www.woodlegs.pl\/wp-content\/uploads\/2023\/03\/SZABLON-2.png","contentUrl":"https:\/\/www.woodlegs.pl\/wp-content\/uploads\/2023\/03\/SZABLON-2.png","width":1000,"height":1000,"caption":"nogi-drewniane-sto\u017cek-zaci\u0119ty-bukowa-noga-do-sto\u0142u-wysoka73cm-noga-drewniana-zaci\u0119ta-pod-skosem"},{"@type":"BreadcrumbList","@id":"https:\/\/www.woodlegs.pl\/nogi-drewniane-stozek\/nogi-drewniane-stozek-zaciety-73-cm\/#breadcrumb","itemListElement":[{"@type":"ListItem","position":1,"name":"Strona g\u0142\u00f3wna","item":"http:\/\/www.woodlegs.pl\/"},{"@type":"ListItem","position":2,"name":"Sklep","item":"http:\/\/www.woodlegs.pl\/sklep\/"},{"@type":"ListItem","position":3,"name":"Nogi drewniane Sto\u017cek Zaci\u0119ty 73 cm"}]},{"@type":"WebSite","@id":"http:\/\/www.woodlegs.pl\/#website","url":"http:\/\/www.woodlegs.pl\/","name":"Woodlegs","description":"Producent n\u00f3g drewnianych, produkcja n\u00f3g drewnianych","publisher":{"@id":"http:\/\/www.woodlegs.pl\/#organization"},"potentialAction":[{"@type":"SearchAction","target":{"@type":"EntryPoint","urlTemplate":"http:\/\/www.woodlegs.pl\/?s={search_term_string}"},"query-input":{"@type":"PropertyValueSpecification","valueRequired":true,"valueName":"search_term_string"}}],"inLanguage":"en-GB"},{"@type":"Organization","@id":"http:\/\/www.woodlegs.pl\/#organization","name":"Woodlegs Company","url":"http:\/\/www.woodlegs.pl\/","logo":{"@type":"ImageObject","inLanguage":"en-GB","@id":"http:\/\/www.woodlegs.pl\/#\/schema\/logo\/image\/","url":"https:\/\/www.woodlegs.pl\/wp-content\/uploads\/2023\/03\/logo-3.png","contentUrl":"https:\/\/www.woodlegs.pl\/wp-content\/uploads\/2023\/03\/logo-3.png","width":605,"height":234,"caption":"Woodlegs Company"},"image":{"@id":"http:\/\/www.woodlegs.pl\/#\/schema\/logo\/image\/"},"sameAs":["https:\/\/www.facebook.com\/woodlegs.company","https:\/\/www.instagram.com\/woodlegs_company\/"]}]}},"_links":{"self":[{"href":"https:\/\/www.woodlegs.pl\/eng\/wp-json\/wp\/v2\/product\/4430","targetHints":{"allow":["GET"]}}],"collection":[{"href":"https:\/\/www.woodlegs.pl\/eng\/wp-json\/wp\/v2\/product"}],"about":[{"href":"https:\/\/www.woodlegs.pl\/eng\/wp-json\/wp\/v2\/types\/product"}],"wp:featuredmedia":[{"embeddable":true,"href":"https:\/\/www.woodlegs.pl\/eng\/wp-json\/wp\/v2\/media\/4606"}],"wp:attachment":[{"href":"https:\/\/www.woodlegs.pl\/eng\/wp-json\/wp\/v2\/media?parent=4430"}],"wp:term":[{"taxonomy":"product_brand","embeddable":true,"href":"https:\/\/www.woodlegs.pl\/eng\/wp-json\/wp\/v2\/product_brand?post=4430"},{"taxonomy":"product_cat","embeddable":true,"href":"https:\/\/www.woodlegs.pl\/eng\/wp-json\/wp\/v2\/product_cat?post=4430"},{"taxonomy":"product_tag","embeddable":true,"href":"https:\/\/www.woodlegs.pl\/eng\/wp-json\/wp\/v2\/product_tag?post=4430"}],"curies":[{"name":"wp","href":"https:\/\/api.w.org\/{rel}","templated":true}]}}