{"id":4444,"date":"2023-03-31T14:53:42","date_gmt":"2023-03-31T12:53:42","guid":{"rendered":"https:\/\/www.woodlegs.pl\/?post_type=product&#038;p=4444"},"modified":"2026-04-13T18:29:35","modified_gmt":"2026-04-13T16:29:35","slug":"nozki-meblowe-crystal-mini","status":"publish","type":"product","link":"https:\/\/www.woodlegs.pl\/eng\/nozki-do-mebli\/nozki-meblowe-crystal-mini\/","title":{"rendered":"Crystal Mini furniture feet"},"content":{"rendered":"<h1>Crystal Mini furniture feet - Use them on your furniture!<\/h1>\n<p>Use the Crystal Mini furniture leg in many ways! The 16 cm high leg will fulfil its function as an upholstered furniture leg, a furniture leg for a chest of drawers, an RTV cabinet or a display cabinet. There are actually many possibilities. In addition, you are not limited by the height of the leg! Remember that you can always cut it to any size. Need a lower one? Cut the smallest ball - you have a dimension of 14 cm!<\/p>\n<p>Do you still have any doubts? Give us a call - we'll dispel them all and help you solve your problem.  And if you need individual dimensions and bulk quantities be sure to email us.<\/p>\n<h3>See how easy it is to secure and install Crystal Mini furniture feet<\/h3>\n<p>Properly sanded legs are sold unfinished. When you receive them, you must protect them with varnish, stain or hard oil. If left unprotected, they are prone to damage such as a change in colour from light to yellow as a result of sunlight, cracking, moisture and swelling.<\/p>\n<p>The assembly of the feet is very simple. All you need to do is drill a hole, screw in a M8x60 double-threaded screw - you can find it under this link -&gt; <a href=\"https:\/\/www.woodlegs.pl\/eng\/akcesoria-do-montazu\/sruba-dwugwintowa-8x60\/\"><em>Twin thread screw 8\u00d760 <\/em><\/a>and then screw the leg into the sheet metal attached to your furniture - you can find it at this link -&gt;\u00a0<a href=\"https:\/\/www.woodlegs.pl\/eng\/?attachment_id=6181\/\"><em>Leg connector 0 degree angle<\/em><\/a><\/p>\n<h2>Explore similar products for other applications!<\/h2>\n<p>Do you like the Crystal Mini style?  We have some more legs in this style for you! See below for our suggestions of legs for tables, benches, chests of drawers, dressing tables and even kitchen worktop legs.<\/p>","protected":false},"excerpt":{"rendered":"<p>The Crystal Mini wooden furniture feet are a great solution for people who are creating a new collection or are planning to replace the feet in their sofa or furniture with new ones. The assembly method is very simple! The rounded shapes of the Crystal Mini furniture leg are in line with the latest furniture trends! A must have!<\/p>\n<p>Need more legs than we have in stock? Write to us!<\/p>","protected":false},"featured_media":4448,"template":"","meta":[],"product_brand":[],"product_cat":[89],"product_tag":[],"class_list":{"0":"post-4444","1":"product","2":"type-product","3":"status-publish","4":"has-post-thumbnail","6":"product_cat-nozki-do-mebli","8":"first","9":"instock","10":"taxable","11":"shipping-taxable","12":"purchasable","13":"product-type-variable","14":"has-default-attributes"},"yoast_head":"<!-- This site is optimized with the Yoast SEO plugin v26.2 - https:\/\/yoast.com\/wordpress\/plugins\/seo\/ -->\n<title>N\u00f3\u017cki meblowe Crystal mini - nowoczesny design-sklep producenta<\/title>\n<meta name=\"description\" content=\"Najnowsze trendy kreuj\u0105 ob\u0142e kszta\u0142ty dlatego wybierz n\u00f3\u017cki meblowe Crystal mini i stw\u00f3rz sw\u00f3j nowoczesny mebel! Solidne produkty w zasi\u0119gu Twojej r\u0119ki!\" \/>\n<meta name=\"robots\" content=\"index, follow, max-snippet:-1, max-image-preview:large, max-video-preview:-1\" \/>\n<link rel=\"canonical\" href=\"https:\/\/www.woodlegs.pl\/eng\/nozki-do-mebli\/nozki-meblowe-crystal-mini\/\" \/>\n<meta property=\"og:locale\" content=\"en_GB\" \/>\n<meta property=\"og:type\" content=\"article\" \/>\n<meta property=\"og:title\" content=\"N\u00f3\u017cki meblowe Crystal mini - nowoczesny design-sklep producenta\" \/>\n<meta property=\"og:description\" content=\"Najnowsze trendy kreuj\u0105 ob\u0142e kszta\u0142ty dlatego wybierz n\u00f3\u017cki meblowe Crystal mini i stw\u00f3rz sw\u00f3j nowoczesny mebel! Solidne produkty w zasi\u0119gu Twojej r\u0119ki!\" \/>\n<meta property=\"og:url\" content=\"https:\/\/www.woodlegs.pl\/eng\/nozki-do-mebli\/nozki-meblowe-crystal-mini\/\" \/>\n<meta property=\"og:site_name\" content=\"Woodlegs Company\" \/>\n<meta property=\"article:publisher\" content=\"https:\/\/www.facebook.com\/woodlegs.company\" \/>\n<meta property=\"article:modified_time\" content=\"2026-04-13T16:29:35+00:00\" \/>\n<meta property=\"og:image\" content=\"https:\/\/www.woodlegs.pl\/wp-content\/uploads\/2023\/03\/SZABLON-3.jpg\" \/>\n\t<meta property=\"og:image:width\" content=\"1000\" \/>\n\t<meta property=\"og:image:height\" content=\"1000\" \/>\n\t<meta property=\"og:image:type\" content=\"image\/jpeg\" \/>\n<meta name=\"twitter:card\" content=\"summary_large_image\" \/>\n<meta name=\"twitter:label1\" content=\"Estimated reading time\" \/>\n\t<meta name=\"twitter:data1\" content=\"2 minutes\" \/>\n<script type=\"application\/ld+json\" class=\"yoast-schema-graph\">{\"@context\":\"https:\/\/schema.org\",\"@graph\":[{\"@type\":\"WebPage\",\"@id\":\"https:\/\/www.woodlegs.pl\/nozki-do-mebli\/nozki-meblowe-crystal-mini\/\",\"url\":\"https:\/\/www.woodlegs.pl\/nozki-do-mebli\/nozki-meblowe-crystal-mini\/\",\"name\":\"N\u00f3\u017cki meblowe Crystal mini - nowoczesny design-sklep producenta\",\"isPartOf\":{\"@id\":\"http:\/\/www.woodlegs.pl\/#website\"},\"primaryImageOfPage\":{\"@id\":\"https:\/\/www.woodlegs.pl\/nozki-do-mebli\/nozki-meblowe-crystal-mini\/#primaryimage\"},\"image\":{\"@id\":\"https:\/\/www.woodlegs.pl\/nozki-do-mebli\/nozki-meblowe-crystal-mini\/#primaryimage\"},\"thumbnailUrl\":\"https:\/\/www.woodlegs.pl\/wp-content\/uploads\/2023\/03\/SZABLON-3.jpg\",\"datePublished\":\"2023-03-31T12:53:42+00:00\",\"dateModified\":\"2026-04-13T16:29:35+00:00\",\"description\":\"Najnowsze trendy kreuj\u0105 ob\u0142e kszta\u0142ty dlatego wybierz n\u00f3\u017cki meblowe Crystal mini i stw\u00f3rz sw\u00f3j nowoczesny mebel! Solidne produkty w zasi\u0119gu Twojej r\u0119ki!\",\"breadcrumb\":{\"@id\":\"https:\/\/www.woodlegs.pl\/nozki-do-mebli\/nozki-meblowe-crystal-mini\/#breadcrumb\"},\"inLanguage\":\"en-GB\",\"potentialAction\":[{\"@type\":\"ReadAction\",\"target\":[\"https:\/\/www.woodlegs.pl\/nozki-do-mebli\/nozki-meblowe-crystal-mini\/\"]}]},{\"@type\":\"ImageObject\",\"inLanguage\":\"en-GB\",\"@id\":\"https:\/\/www.woodlegs.pl\/nozki-do-mebli\/nozki-meblowe-crystal-mini\/#primaryimage\",\"url\":\"https:\/\/www.woodlegs.pl\/wp-content\/uploads\/2023\/03\/SZABLON-3.jpg\",\"contentUrl\":\"https:\/\/www.woodlegs.pl\/wp-content\/uploads\/2023\/03\/SZABLON-3.jpg\",\"width\":1000,\"height\":1000,\"caption\":\"N\u00f3\u017cki meblowe wykonane z drewna bukowego. N\u00f3\u017cki toczone maj\u0105 pi\u0119\u0107 kuleczek. N\u00f3\u017cka do komody lub do sofy\"},{\"@type\":\"BreadcrumbList\",\"@id\":\"https:\/\/www.woodlegs.pl\/nozki-do-mebli\/nozki-meblowe-crystal-mini\/#breadcrumb\",\"itemListElement\":[{\"@type\":\"ListItem\",\"position\":1,\"name\":\"Strona g\u0142\u00f3wna\",\"item\":\"http:\/\/www.woodlegs.pl\/\"},{\"@type\":\"ListItem\",\"position\":2,\"name\":\"Sklep\",\"item\":\"http:\/\/www.woodlegs.pl\/sklep\/\"},{\"@type\":\"ListItem\",\"position\":3,\"name\":\"N\u00f3\u017cki meblowe Crystal Mini\"}]},{\"@type\":\"WebSite\",\"@id\":\"http:\/\/www.woodlegs.pl\/#website\",\"url\":\"http:\/\/www.woodlegs.pl\/\",\"name\":\"Woodlegs\",\"description\":\"Producent n\u00f3g drewnianych, produkcja n\u00f3g drewnianych\",\"publisher\":{\"@id\":\"http:\/\/www.woodlegs.pl\/#organization\"},\"potentialAction\":[{\"@type\":\"SearchAction\",\"target\":{\"@type\":\"EntryPoint\",\"urlTemplate\":\"http:\/\/www.woodlegs.pl\/?s={search_term_string}\"},\"query-input\":{\"@type\":\"PropertyValueSpecification\",\"valueRequired\":true,\"valueName\":\"search_term_string\"}}],\"inLanguage\":\"en-GB\"},{\"@type\":\"Organization\",\"@id\":\"http:\/\/www.woodlegs.pl\/#organization\",\"name\":\"Woodlegs Company\",\"url\":\"http:\/\/www.woodlegs.pl\/\",\"logo\":{\"@type\":\"ImageObject\",\"inLanguage\":\"en-GB\",\"@id\":\"http:\/\/www.woodlegs.pl\/#\/schema\/logo\/image\/\",\"url\":\"https:\/\/www.woodlegs.pl\/wp-content\/uploads\/2023\/03\/logo-3.png\",\"contentUrl\":\"https:\/\/www.woodlegs.pl\/wp-content\/uploads\/2023\/03\/logo-3.png\",\"width\":605,\"height\":234,\"caption\":\"Woodlegs Company\"},\"image\":{\"@id\":\"http:\/\/www.woodlegs.pl\/#\/schema\/logo\/image\/\"},\"sameAs\":[\"https:\/\/www.facebook.com\/woodlegs.company\",\"https:\/\/www.instagram.com\/woodlegs_company\/\"]}]}<\/script>\n<!-- \/ Yoast SEO plugin. -->","yoast_head_json":{"title":"N\u00f3\u017cki meblowe Crystal mini - nowoczesny design-sklep producenta","description":"Najnowsze trendy kreuj\u0105 ob\u0142e kszta\u0142ty dlatego wybierz n\u00f3\u017cki meblowe Crystal mini i stw\u00f3rz sw\u00f3j nowoczesny mebel! Solidne produkty w zasi\u0119gu Twojej r\u0119ki!","robots":{"index":"index","follow":"follow","max-snippet":"max-snippet:-1","max-image-preview":"max-image-preview:large","max-video-preview":"max-video-preview:-1"},"canonical":"https:\/\/www.woodlegs.pl\/eng\/nozki-do-mebli\/nozki-meblowe-crystal-mini\/","og_locale":"en_GB","og_type":"article","og_title":"N\u00f3\u017cki meblowe Crystal mini - nowoczesny design-sklep producenta","og_description":"Najnowsze trendy kreuj\u0105 ob\u0142e kszta\u0142ty dlatego wybierz n\u00f3\u017cki meblowe Crystal mini i stw\u00f3rz sw\u00f3j nowoczesny mebel! Solidne produkty w zasi\u0119gu Twojej r\u0119ki!","og_url":"https:\/\/www.woodlegs.pl\/eng\/nozki-do-mebli\/nozki-meblowe-crystal-mini\/","og_site_name":"Woodlegs Company","article_publisher":"https:\/\/www.facebook.com\/woodlegs.company","article_modified_time":"2026-04-13T16:29:35+00:00","og_image":[{"width":1000,"height":1000,"url":"https:\/\/www.woodlegs.pl\/wp-content\/uploads\/2023\/03\/SZABLON-3.jpg","type":"image\/jpeg"}],"twitter_card":"summary_large_image","twitter_misc":{"Estimated reading time":"2 minutes"},"schema":{"@context":"https:\/\/schema.org","@graph":[{"@type":"WebPage","@id":"https:\/\/www.woodlegs.pl\/nozki-do-mebli\/nozki-meblowe-crystal-mini\/","url":"https:\/\/www.woodlegs.pl\/nozki-do-mebli\/nozki-meblowe-crystal-mini\/","name":"N\u00f3\u017cki meblowe Crystal mini - nowoczesny design-sklep producenta","isPartOf":{"@id":"http:\/\/www.woodlegs.pl\/#website"},"primaryImageOfPage":{"@id":"https:\/\/www.woodlegs.pl\/nozki-do-mebli\/nozki-meblowe-crystal-mini\/#primaryimage"},"image":{"@id":"https:\/\/www.woodlegs.pl\/nozki-do-mebli\/nozki-meblowe-crystal-mini\/#primaryimage"},"thumbnailUrl":"https:\/\/www.woodlegs.pl\/wp-content\/uploads\/2023\/03\/SZABLON-3.jpg","datePublished":"2023-03-31T12:53:42+00:00","dateModified":"2026-04-13T16:29:35+00:00","description":"Najnowsze trendy kreuj\u0105 ob\u0142e kszta\u0142ty dlatego wybierz n\u00f3\u017cki meblowe Crystal mini i stw\u00f3rz sw\u00f3j nowoczesny mebel! Solidne produkty w zasi\u0119gu Twojej r\u0119ki!","breadcrumb":{"@id":"https:\/\/www.woodlegs.pl\/nozki-do-mebli\/nozki-meblowe-crystal-mini\/#breadcrumb"},"inLanguage":"en-GB","potentialAction":[{"@type":"ReadAction","target":["https:\/\/www.woodlegs.pl\/nozki-do-mebli\/nozki-meblowe-crystal-mini\/"]}]},{"@type":"ImageObject","inLanguage":"en-GB","@id":"https:\/\/www.woodlegs.pl\/nozki-do-mebli\/nozki-meblowe-crystal-mini\/#primaryimage","url":"https:\/\/www.woodlegs.pl\/wp-content\/uploads\/2023\/03\/SZABLON-3.jpg","contentUrl":"https:\/\/www.woodlegs.pl\/wp-content\/uploads\/2023\/03\/SZABLON-3.jpg","width":1000,"height":1000,"caption":"N\u00f3\u017cki meblowe wykonane z drewna bukowego. N\u00f3\u017cki toczone maj\u0105 pi\u0119\u0107 kuleczek. N\u00f3\u017cka do komody lub do sofy"},{"@type":"BreadcrumbList","@id":"https:\/\/www.woodlegs.pl\/nozki-do-mebli\/nozki-meblowe-crystal-mini\/#breadcrumb","itemListElement":[{"@type":"ListItem","position":1,"name":"Strona g\u0142\u00f3wna","item":"http:\/\/www.woodlegs.pl\/"},{"@type":"ListItem","position":2,"name":"Sklep","item":"http:\/\/www.woodlegs.pl\/sklep\/"},{"@type":"ListItem","position":3,"name":"N\u00f3\u017cki meblowe Crystal Mini"}]},{"@type":"WebSite","@id":"http:\/\/www.woodlegs.pl\/#website","url":"http:\/\/www.woodlegs.pl\/","name":"Woodlegs","description":"Producent n\u00f3g drewnianych, produkcja n\u00f3g drewnianych","publisher":{"@id":"http:\/\/www.woodlegs.pl\/#organization"},"potentialAction":[{"@type":"SearchAction","target":{"@type":"EntryPoint","urlTemplate":"http:\/\/www.woodlegs.pl\/?s={search_term_string}"},"query-input":{"@type":"PropertyValueSpecification","valueRequired":true,"valueName":"search_term_string"}}],"inLanguage":"en-GB"},{"@type":"Organization","@id":"http:\/\/www.woodlegs.pl\/#organization","name":"Woodlegs Company","url":"http:\/\/www.woodlegs.pl\/","logo":{"@type":"ImageObject","inLanguage":"en-GB","@id":"http:\/\/www.woodlegs.pl\/#\/schema\/logo\/image\/","url":"https:\/\/www.woodlegs.pl\/wp-content\/uploads\/2023\/03\/logo-3.png","contentUrl":"https:\/\/www.woodlegs.pl\/wp-content\/uploads\/2023\/03\/logo-3.png","width":605,"height":234,"caption":"Woodlegs Company"},"image":{"@id":"http:\/\/www.woodlegs.pl\/#\/schema\/logo\/image\/"},"sameAs":["https:\/\/www.facebook.com\/woodlegs.company","https:\/\/www.instagram.com\/woodlegs_company\/"]}]}},"_links":{"self":[{"href":"https:\/\/www.woodlegs.pl\/eng\/wp-json\/wp\/v2\/product\/4444","targetHints":{"allow":["GET"]}}],"collection":[{"href":"https:\/\/www.woodlegs.pl\/eng\/wp-json\/wp\/v2\/product"}],"about":[{"href":"https:\/\/www.woodlegs.pl\/eng\/wp-json\/wp\/v2\/types\/product"}],"wp:featuredmedia":[{"embeddable":true,"href":"https:\/\/www.woodlegs.pl\/eng\/wp-json\/wp\/v2\/media\/4448"}],"wp:attachment":[{"href":"https:\/\/www.woodlegs.pl\/eng\/wp-json\/wp\/v2\/media?parent=4444"}],"wp:term":[{"taxonomy":"product_brand","embeddable":true,"href":"https:\/\/www.woodlegs.pl\/eng\/wp-json\/wp\/v2\/product_brand?post=4444"},{"taxonomy":"product_cat","embeddable":true,"href":"https:\/\/www.woodlegs.pl\/eng\/wp-json\/wp\/v2\/product_cat?post=4444"},{"taxonomy":"product_tag","embeddable":true,"href":"https:\/\/www.woodlegs.pl\/eng\/wp-json\/wp\/v2\/product_tag?post=4444"}],"curies":[{"name":"wp","href":"https:\/\/api.w.org\/{rel}","templated":true}]}}