{"id":4450,"date":"2023-03-31T14:59:53","date_gmt":"2023-03-31T12:59:53","guid":{"rendered":"https:\/\/www.woodlegs.pl\/?post_type=product&#038;p=4450"},"modified":"2026-04-07T14:19:26","modified_gmt":"2026-04-07T12:19:26","slug":"nozki-do-mebli-balwanek","status":"publish","type":"product","link":"https:\/\/www.woodlegs.pl\/eng\/nozki-do-mebli\/nozki-do-mebli-balwanek\/","title":{"rendered":"Snowman furniture feet"},"content":{"rendered":"<h1>Snowman furniture feet! - What furniture do you use them for?<\/h1>\n<p>Use the Snowman furniture leg for your furniture ! A furniture leg with a height of 13.5 centimetres and the largest diameter of 7 centimetres. Attach the legs to your chest of drawers, sofa or bed. The easy assembly will allow you to quickly replace the legs by your furniture. Change the look of your furniture in an easy and low-budget way.<\/p>\n<p>Are you in the process of creating a new piece of furniture? The Snowman furniture leg is a hit in cutting-edge design.  In fact, the rounded shape of the furniture leg adds lightness and character.<\/p>\n<p>&nbsp;<\/p>\n<h3>How do you fit and secure the Snowman furniture feet?<\/h3>\n<p>The Snowman furniture legs do not have an imposed assembly method. We leave that decision up to you. One of the easiest assembly methods is to drill a central hole in the middle of the leg and screw in a M8 x 60 double-threaded screw. You can find them in our online shop under this link -&gt; <a href=\"https:\/\/www.woodlegs.pl\/eng\/akcesoria-do-montazu\/sruba-dwugwintowa-8x60\/\"><em>Double threaded bolt M8x60<\/em><\/a>. You can screw the screw onto the sheet metal that you screw onto your furniture. You can find it in our online shop under this link -&gt; <a href=\"https:\/\/www.woodlegs.pl\/eng\/?attachment_id=6181\/\"><em>Leg connector 0 degree angle<\/em><\/a>.<\/p>\n<p>Assembly is straightforward and you can certainly manage it without too much trouble with basic tools that you or a friend is sure to have.<\/p>\n<p>The legs we produce are properly sanded and prepared for further processing. They must certainly be properly protected otherwise they are prone to damage. Colour change, moisture, swelling, cracking. You can varnish, stain, oil or paint our products. Oil only with hard oils intended for wood!<\/p>\n<h2>What are the characteristics of beech wood?<\/h2>\n<p>Beech wood is a hardwood. It is characterised by its high resistance and hardness. According to the well-known wood classification, it is regarded as very hard, with a grade of 5, just like oak wood. In comparison, pine wood is ranked 3 and is regarded as medium-hard and is therefore much more susceptible to bruising. Beech wood has no visible pores as is the case with oak. It is characterised by its light shade of wood, which can be easily and freely varnished.<\/p>","protected":false},"excerpt":{"rendered":"<p>Do you feel the need to replace the feet in your furniture? Or are you currently creating a new furniture collection? We have a suggestion for you see the Snowman furniture legs. The low 13.5 centimetre leg is an ideal choice for a chest of drawers, sofa, bed. Use it according to your needs and preferences.<\/p>\n<p>If the quantity you need is not in stock - write to us.<\/p>","protected":false},"featured_media":4452,"template":"","meta":[],"product_brand":[],"product_cat":[89],"product_tag":[],"class_list":{"0":"post-4450","1":"product","2":"type-product","3":"status-publish","4":"has-post-thumbnail","6":"product_cat-nozki-do-mebli","8":"first","9":"instock","10":"taxable","11":"shipping-taxable","12":"purchasable","13":"product-type-variable"},"yoast_head":"<!-- This site is optimized with the Yoast SEO plugin v26.2 - https:\/\/yoast.com\/wordpress\/plugins\/seo\/ -->\n<title>N\u00f3\u017cki do mebli Ba\u0142wanek- n\u00f3\u017cki meblowe- Woodlegs Company<\/title>\n<meta name=\"description\" content=\"Wybierz n\u00f3\u017cki do mebli Ba\u0142wanek i ciesz si\u0119 pi\u0119knym i nowoczesnym wygl\u0105dem Twojego mebla! Mamy bogat\u0105 ofert\u0119 n\u00f3\u017cek meblowych i szybk\u0105 wysy\u0142k\u0119! Zobacz!\" \/>\n<meta name=\"robots\" content=\"index, follow, max-snippet:-1, max-image-preview:large, max-video-preview:-1\" \/>\n<link rel=\"canonical\" href=\"https:\/\/www.woodlegs.pl\/eng\/nozki-do-mebli\/nozki-do-mebli-balwanek\/\" \/>\n<meta property=\"og:locale\" content=\"en_GB\" \/>\n<meta property=\"og:type\" content=\"article\" \/>\n<meta property=\"og:title\" content=\"N\u00f3\u017cki do mebli Ba\u0142wanek- n\u00f3\u017cki meblowe- Woodlegs Company\" \/>\n<meta property=\"og:description\" content=\"Wybierz n\u00f3\u017cki do mebli Ba\u0142wanek i ciesz si\u0119 pi\u0119knym i nowoczesnym wygl\u0105dem Twojego mebla! Mamy bogat\u0105 ofert\u0119 n\u00f3\u017cek meblowych i szybk\u0105 wysy\u0142k\u0119! Zobacz!\" \/>\n<meta property=\"og:url\" content=\"https:\/\/www.woodlegs.pl\/eng\/nozki-do-mebli\/nozki-do-mebli-balwanek\/\" \/>\n<meta property=\"og:site_name\" content=\"Woodlegs Company\" \/>\n<meta property=\"article:publisher\" content=\"https:\/\/www.facebook.com\/woodlegs.company\" \/>\n<meta property=\"article:modified_time\" content=\"2026-04-07T12:19:26+00:00\" \/>\n<meta property=\"og:image\" content=\"https:\/\/www.woodlegs.pl\/wp-content\/uploads\/2023\/03\/SZABLON-5.jpg\" \/>\n\t<meta property=\"og:image:width\" content=\"1000\" \/>\n\t<meta property=\"og:image:height\" content=\"1000\" \/>\n\t<meta property=\"og:image:type\" content=\"image\/jpeg\" \/>\n<meta name=\"twitter:card\" content=\"summary_large_image\" \/>\n<meta name=\"twitter:label1\" content=\"Estimated reading time\" \/>\n\t<meta name=\"twitter:data1\" content=\"3 minutes\" \/>\n<script type=\"application\/ld+json\" class=\"yoast-schema-graph\">{\"@context\":\"https:\/\/schema.org\",\"@graph\":[{\"@type\":\"WebPage\",\"@id\":\"https:\/\/www.woodlegs.pl\/nozki-do-mebli\/nozki-do-mebli-balwanek\/\",\"url\":\"https:\/\/www.woodlegs.pl\/nozki-do-mebli\/nozki-do-mebli-balwanek\/\",\"name\":\"N\u00f3\u017cki do mebli Ba\u0142wanek- n\u00f3\u017cki meblowe- Woodlegs Company\",\"isPartOf\":{\"@id\":\"http:\/\/www.woodlegs.pl\/#website\"},\"primaryImageOfPage\":{\"@id\":\"https:\/\/www.woodlegs.pl\/nozki-do-mebli\/nozki-do-mebli-balwanek\/#primaryimage\"},\"image\":{\"@id\":\"https:\/\/www.woodlegs.pl\/nozki-do-mebli\/nozki-do-mebli-balwanek\/#primaryimage\"},\"thumbnailUrl\":\"https:\/\/www.woodlegs.pl\/wp-content\/uploads\/2023\/03\/SZABLON-5.jpg\",\"datePublished\":\"2023-03-31T12:59:53+00:00\",\"dateModified\":\"2026-04-07T12:19:26+00:00\",\"description\":\"Wybierz n\u00f3\u017cki do mebli Ba\u0142wanek i ciesz si\u0119 pi\u0119knym i nowoczesnym wygl\u0105dem Twojego mebla! Mamy bogat\u0105 ofert\u0119 n\u00f3\u017cek meblowych i szybk\u0105 wysy\u0142k\u0119! Zobacz!\",\"breadcrumb\":{\"@id\":\"https:\/\/www.woodlegs.pl\/nozki-do-mebli\/nozki-do-mebli-balwanek\/#breadcrumb\"},\"inLanguage\":\"en-GB\",\"potentialAction\":[{\"@type\":\"ReadAction\",\"target\":[\"https:\/\/www.woodlegs.pl\/nozki-do-mebli\/nozki-do-mebli-balwanek\/\"]}]},{\"@type\":\"ImageObject\",\"inLanguage\":\"en-GB\",\"@id\":\"https:\/\/www.woodlegs.pl\/nozki-do-mebli\/nozki-do-mebli-balwanek\/#primaryimage\",\"url\":\"https:\/\/www.woodlegs.pl\/wp-content\/uploads\/2023\/03\/SZABLON-5.jpg\",\"contentUrl\":\"https:\/\/www.woodlegs.pl\/wp-content\/uploads\/2023\/03\/SZABLON-5.jpg\",\"width\":1000,\"height\":1000,\"caption\":\"N\u00f3\u017cki do mebli Ba\u0142wanek, wykonane z drewna bukowego. Charakteryzuj\u0105 si\u0119 trzema kulkami. B\u0119d\u0105 idealne jako nogi do komody oraz n\u00f3\u017cki do sofy.\"},{\"@type\":\"BreadcrumbList\",\"@id\":\"https:\/\/www.woodlegs.pl\/nozki-do-mebli\/nozki-do-mebli-balwanek\/#breadcrumb\",\"itemListElement\":[{\"@type\":\"ListItem\",\"position\":1,\"name\":\"Strona g\u0142\u00f3wna\",\"item\":\"http:\/\/www.woodlegs.pl\/\"},{\"@type\":\"ListItem\",\"position\":2,\"name\":\"Sklep\",\"item\":\"http:\/\/www.woodlegs.pl\/sklep\/\"},{\"@type\":\"ListItem\",\"position\":3,\"name\":\"N\u00f3\u017cki do mebli Ba\u0142wanek\"}]},{\"@type\":\"WebSite\",\"@id\":\"http:\/\/www.woodlegs.pl\/#website\",\"url\":\"http:\/\/www.woodlegs.pl\/\",\"name\":\"Woodlegs\",\"description\":\"Producent n\u00f3g drewnianych, produkcja n\u00f3g drewnianych\",\"publisher\":{\"@id\":\"http:\/\/www.woodlegs.pl\/#organization\"},\"potentialAction\":[{\"@type\":\"SearchAction\",\"target\":{\"@type\":\"EntryPoint\",\"urlTemplate\":\"http:\/\/www.woodlegs.pl\/?s={search_term_string}\"},\"query-input\":{\"@type\":\"PropertyValueSpecification\",\"valueRequired\":true,\"valueName\":\"search_term_string\"}}],\"inLanguage\":\"en-GB\"},{\"@type\":\"Organization\",\"@id\":\"http:\/\/www.woodlegs.pl\/#organization\",\"name\":\"Woodlegs Company\",\"url\":\"http:\/\/www.woodlegs.pl\/\",\"logo\":{\"@type\":\"ImageObject\",\"inLanguage\":\"en-GB\",\"@id\":\"http:\/\/www.woodlegs.pl\/#\/schema\/logo\/image\/\",\"url\":\"https:\/\/www.woodlegs.pl\/wp-content\/uploads\/2023\/03\/logo-3.png\",\"contentUrl\":\"https:\/\/www.woodlegs.pl\/wp-content\/uploads\/2023\/03\/logo-3.png\",\"width\":605,\"height\":234,\"caption\":\"Woodlegs Company\"},\"image\":{\"@id\":\"http:\/\/www.woodlegs.pl\/#\/schema\/logo\/image\/\"},\"sameAs\":[\"https:\/\/www.facebook.com\/woodlegs.company\",\"https:\/\/www.instagram.com\/woodlegs_company\/\"]}]}<\/script>\n<!-- \/ Yoast SEO plugin. -->","yoast_head_json":{"title":"N\u00f3\u017cki do mebli Ba\u0142wanek- n\u00f3\u017cki meblowe- Woodlegs Company","description":"Wybierz n\u00f3\u017cki do mebli Ba\u0142wanek i ciesz si\u0119 pi\u0119knym i nowoczesnym wygl\u0105dem Twojego mebla! Mamy bogat\u0105 ofert\u0119 n\u00f3\u017cek meblowych i szybk\u0105 wysy\u0142k\u0119! Zobacz!","robots":{"index":"index","follow":"follow","max-snippet":"max-snippet:-1","max-image-preview":"max-image-preview:large","max-video-preview":"max-video-preview:-1"},"canonical":"https:\/\/www.woodlegs.pl\/eng\/nozki-do-mebli\/nozki-do-mebli-balwanek\/","og_locale":"en_GB","og_type":"article","og_title":"N\u00f3\u017cki do mebli Ba\u0142wanek- n\u00f3\u017cki meblowe- Woodlegs Company","og_description":"Wybierz n\u00f3\u017cki do mebli Ba\u0142wanek i ciesz si\u0119 pi\u0119knym i nowoczesnym wygl\u0105dem Twojego mebla! Mamy bogat\u0105 ofert\u0119 n\u00f3\u017cek meblowych i szybk\u0105 wysy\u0142k\u0119! Zobacz!","og_url":"https:\/\/www.woodlegs.pl\/eng\/nozki-do-mebli\/nozki-do-mebli-balwanek\/","og_site_name":"Woodlegs Company","article_publisher":"https:\/\/www.facebook.com\/woodlegs.company","article_modified_time":"2026-04-07T12:19:26+00:00","og_image":[{"width":1000,"height":1000,"url":"https:\/\/www.woodlegs.pl\/wp-content\/uploads\/2023\/03\/SZABLON-5.jpg","type":"image\/jpeg"}],"twitter_card":"summary_large_image","twitter_misc":{"Estimated reading time":"3 minutes"},"schema":{"@context":"https:\/\/schema.org","@graph":[{"@type":"WebPage","@id":"https:\/\/www.woodlegs.pl\/nozki-do-mebli\/nozki-do-mebli-balwanek\/","url":"https:\/\/www.woodlegs.pl\/nozki-do-mebli\/nozki-do-mebli-balwanek\/","name":"N\u00f3\u017cki do mebli Ba\u0142wanek- n\u00f3\u017cki meblowe- Woodlegs Company","isPartOf":{"@id":"http:\/\/www.woodlegs.pl\/#website"},"primaryImageOfPage":{"@id":"https:\/\/www.woodlegs.pl\/nozki-do-mebli\/nozki-do-mebli-balwanek\/#primaryimage"},"image":{"@id":"https:\/\/www.woodlegs.pl\/nozki-do-mebli\/nozki-do-mebli-balwanek\/#primaryimage"},"thumbnailUrl":"https:\/\/www.woodlegs.pl\/wp-content\/uploads\/2023\/03\/SZABLON-5.jpg","datePublished":"2023-03-31T12:59:53+00:00","dateModified":"2026-04-07T12:19:26+00:00","description":"Wybierz n\u00f3\u017cki do mebli Ba\u0142wanek i ciesz si\u0119 pi\u0119knym i nowoczesnym wygl\u0105dem Twojego mebla! Mamy bogat\u0105 ofert\u0119 n\u00f3\u017cek meblowych i szybk\u0105 wysy\u0142k\u0119! Zobacz!","breadcrumb":{"@id":"https:\/\/www.woodlegs.pl\/nozki-do-mebli\/nozki-do-mebli-balwanek\/#breadcrumb"},"inLanguage":"en-GB","potentialAction":[{"@type":"ReadAction","target":["https:\/\/www.woodlegs.pl\/nozki-do-mebli\/nozki-do-mebli-balwanek\/"]}]},{"@type":"ImageObject","inLanguage":"en-GB","@id":"https:\/\/www.woodlegs.pl\/nozki-do-mebli\/nozki-do-mebli-balwanek\/#primaryimage","url":"https:\/\/www.woodlegs.pl\/wp-content\/uploads\/2023\/03\/SZABLON-5.jpg","contentUrl":"https:\/\/www.woodlegs.pl\/wp-content\/uploads\/2023\/03\/SZABLON-5.jpg","width":1000,"height":1000,"caption":"N\u00f3\u017cki do mebli Ba\u0142wanek, wykonane z drewna bukowego. Charakteryzuj\u0105 si\u0119 trzema kulkami. B\u0119d\u0105 idealne jako nogi do komody oraz n\u00f3\u017cki do sofy."},{"@type":"BreadcrumbList","@id":"https:\/\/www.woodlegs.pl\/nozki-do-mebli\/nozki-do-mebli-balwanek\/#breadcrumb","itemListElement":[{"@type":"ListItem","position":1,"name":"Strona g\u0142\u00f3wna","item":"http:\/\/www.woodlegs.pl\/"},{"@type":"ListItem","position":2,"name":"Sklep","item":"http:\/\/www.woodlegs.pl\/sklep\/"},{"@type":"ListItem","position":3,"name":"N\u00f3\u017cki do mebli Ba\u0142wanek"}]},{"@type":"WebSite","@id":"http:\/\/www.woodlegs.pl\/#website","url":"http:\/\/www.woodlegs.pl\/","name":"Woodlegs","description":"Producent n\u00f3g drewnianych, produkcja n\u00f3g drewnianych","publisher":{"@id":"http:\/\/www.woodlegs.pl\/#organization"},"potentialAction":[{"@type":"SearchAction","target":{"@type":"EntryPoint","urlTemplate":"http:\/\/www.woodlegs.pl\/?s={search_term_string}"},"query-input":{"@type":"PropertyValueSpecification","valueRequired":true,"valueName":"search_term_string"}}],"inLanguage":"en-GB"},{"@type":"Organization","@id":"http:\/\/www.woodlegs.pl\/#organization","name":"Woodlegs Company","url":"http:\/\/www.woodlegs.pl\/","logo":{"@type":"ImageObject","inLanguage":"en-GB","@id":"http:\/\/www.woodlegs.pl\/#\/schema\/logo\/image\/","url":"https:\/\/www.woodlegs.pl\/wp-content\/uploads\/2023\/03\/logo-3.png","contentUrl":"https:\/\/www.woodlegs.pl\/wp-content\/uploads\/2023\/03\/logo-3.png","width":605,"height":234,"caption":"Woodlegs Company"},"image":{"@id":"http:\/\/www.woodlegs.pl\/#\/schema\/logo\/image\/"},"sameAs":["https:\/\/www.facebook.com\/woodlegs.company","https:\/\/www.instagram.com\/woodlegs_company\/"]}]}},"_links":{"self":[{"href":"https:\/\/www.woodlegs.pl\/eng\/wp-json\/wp\/v2\/product\/4450","targetHints":{"allow":["GET"]}}],"collection":[{"href":"https:\/\/www.woodlegs.pl\/eng\/wp-json\/wp\/v2\/product"}],"about":[{"href":"https:\/\/www.woodlegs.pl\/eng\/wp-json\/wp\/v2\/types\/product"}],"wp:featuredmedia":[{"embeddable":true,"href":"https:\/\/www.woodlegs.pl\/eng\/wp-json\/wp\/v2\/media\/4452"}],"wp:attachment":[{"href":"https:\/\/www.woodlegs.pl\/eng\/wp-json\/wp\/v2\/media?parent=4450"}],"wp:term":[{"taxonomy":"product_brand","embeddable":true,"href":"https:\/\/www.woodlegs.pl\/eng\/wp-json\/wp\/v2\/product_brand?post=4450"},{"taxonomy":"product_cat","embeddable":true,"href":"https:\/\/www.woodlegs.pl\/eng\/wp-json\/wp\/v2\/product_cat?post=4450"},{"taxonomy":"product_tag","embeddable":true,"href":"https:\/\/www.woodlegs.pl\/eng\/wp-json\/wp\/v2\/product_tag?post=4450"}],"curies":[{"name":"wp","href":"https:\/\/api.w.org\/{rel}","templated":true}]}}