{"id":4608,"date":"2023-05-04T13:42:59","date_gmt":"2023-05-04T11:42:59","guid":{"rendered":"https:\/\/www.woodlegs.pl\/?post_type=product&#038;p=4608"},"modified":"2026-04-10T13:33:01","modified_gmt":"2026-04-10T11:33:01","slug":"nogi-drewniane-bilard-82-cm","status":"publish","type":"product","link":"https:\/\/www.woodlegs.pl\/eng\/noga-do-blatu-kuchennego\/nogi-drewniane-bilard-82-cm\/","title":{"rendered":"Wooden legs Billiard 82 cm"},"content":{"rendered":"","protected":false},"excerpt":{"rendered":"","protected":false},"featured_media":4637,"template":"","meta":[],"product_brand":[],"product_cat":[66,82],"product_tag":[],"class_list":{"0":"post-4608","1":"product","2":"type-product","3":"status-publish","4":"has-post-thumbnail","6":"product_cat-nogi-toczone","7":"product_cat-noga-do-blatu-kuchennego","9":"first","10":"instock","11":"taxable","12":"shipping-taxable","13":"purchasable","14":"product-type-variable"},"yoast_head":"<!-- This site is optimized with the Yoast SEO plugin v26.2 - https:\/\/yoast.com\/wordpress\/plugins\/seo\/ -->\n<title>Nogi drewniane Bilard 82 cm - Producent n\u00f3g do wyspy kuchennej<\/title>\n<meta name=\"description\" content=\"Szukasz nogi do wyspy kuchennej? Wybierz nogi drewniane Bilard 82 cm. W naszej ofercie znajdziesz wiele r\u00f3\u017cnych modeli. Wejd\u017a i zobacz ofert\u0119!\" \/>\n<meta name=\"robots\" content=\"index, follow, max-snippet:-1, max-image-preview:large, max-video-preview:-1\" \/>\n<link rel=\"canonical\" href=\"https:\/\/www.woodlegs.pl\/eng\/noga-do-blatu-kuchennego\/nogi-drewniane-bilard-82-cm\/\" \/>\n<meta property=\"og:locale\" content=\"en_GB\" \/>\n<meta property=\"og:type\" content=\"article\" \/>\n<meta property=\"og:title\" content=\"Nogi drewniane Bilard 82 cm - Producent n\u00f3g do wyspy kuchennej\" \/>\n<meta property=\"og:description\" content=\"Szukasz nogi do wyspy kuchennej? Wybierz nogi drewniane Bilard 82 cm. W naszej ofercie znajdziesz wiele r\u00f3\u017cnych modeli. Wejd\u017a i zobacz ofert\u0119!\" \/>\n<meta property=\"og:url\" content=\"https:\/\/www.woodlegs.pl\/eng\/noga-do-blatu-kuchennego\/nogi-drewniane-bilard-82-cm\/\" \/>\n<meta property=\"og:site_name\" content=\"Woodlegs Company\" \/>\n<meta property=\"article:publisher\" content=\"https:\/\/www.facebook.com\/woodlegs.company\" \/>\n<meta property=\"article:modified_time\" content=\"2026-04-10T11:33:01+00:00\" \/>\n<meta property=\"og:image\" content=\"https:\/\/www.woodlegs.pl\/wp-content\/uploads\/2023\/05\/SZABLON-2.png\" \/>\n\t<meta property=\"og:image:width\" content=\"1000\" \/>\n\t<meta property=\"og:image:height\" content=\"1000\" \/>\n\t<meta property=\"og:image:type\" content=\"image\/png\" \/>\n<meta name=\"twitter:card\" content=\"summary_large_image\" \/>\n<meta name=\"twitter:label1\" content=\"Estimated reading time\" \/>\n\t<meta name=\"twitter:data1\" content=\"1 minute\" \/>\n<script type=\"application\/ld+json\" class=\"yoast-schema-graph\">{\"@context\":\"https:\/\/schema.org\",\"@graph\":[{\"@type\":\"WebPage\",\"@id\":\"https:\/\/www.woodlegs.pl\/noga-do-blatu-kuchennego\/nogi-drewniane-bilard-82-cm\/\",\"url\":\"https:\/\/www.woodlegs.pl\/noga-do-blatu-kuchennego\/nogi-drewniane-bilard-82-cm\/\",\"name\":\"Nogi drewniane Bilard 82 cm - Producent n\u00f3g do wyspy kuchennej\",\"isPartOf\":{\"@id\":\"http:\/\/www.woodlegs.pl\/#website\"},\"primaryImageOfPage\":{\"@id\":\"https:\/\/www.woodlegs.pl\/noga-do-blatu-kuchennego\/nogi-drewniane-bilard-82-cm\/#primaryimage\"},\"image\":{\"@id\":\"https:\/\/www.woodlegs.pl\/noga-do-blatu-kuchennego\/nogi-drewniane-bilard-82-cm\/#primaryimage\"},\"thumbnailUrl\":\"https:\/\/www.woodlegs.pl\/wp-content\/uploads\/2023\/05\/SZABLON-2.png\",\"datePublished\":\"2023-05-04T11:42:59+00:00\",\"dateModified\":\"2026-04-10T11:33:01+00:00\",\"description\":\"Szukasz nogi do wyspy kuchennej? Wybierz nogi drewniane Bilard 82 cm. W naszej ofercie znajdziesz wiele r\u00f3\u017cnych modeli. Wejd\u017a i zobacz ofert\u0119!\",\"breadcrumb\":{\"@id\":\"https:\/\/www.woodlegs.pl\/noga-do-blatu-kuchennego\/nogi-drewniane-bilard-82-cm\/#breadcrumb\"},\"inLanguage\":\"en-GB\",\"potentialAction\":[{\"@type\":\"ReadAction\",\"target\":[\"https:\/\/www.woodlegs.pl\/noga-do-blatu-kuchennego\/nogi-drewniane-bilard-82-cm\/\"]}]},{\"@type\":\"ImageObject\",\"inLanguage\":\"en-GB\",\"@id\":\"https:\/\/www.woodlegs.pl\/noga-do-blatu-kuchennego\/nogi-drewniane-bilard-82-cm\/#primaryimage\",\"url\":\"https:\/\/www.woodlegs.pl\/wp-content\/uploads\/2023\/05\/SZABLON-2.png\",\"contentUrl\":\"https:\/\/www.woodlegs.pl\/wp-content\/uploads\/2023\/05\/SZABLON-2.png\",\"width\":1000,\"height\":1000,\"caption\":\"nogi-drewniane-bilard-nogi-do-sto\u0142u-bukowe-wysokie-na-82cm-mo\u017ce-s\u0142u\u017cy\u0107-jako-noga-do-wyspy-kuchennej\"},{\"@type\":\"BreadcrumbList\",\"@id\":\"https:\/\/www.woodlegs.pl\/noga-do-blatu-kuchennego\/nogi-drewniane-bilard-82-cm\/#breadcrumb\",\"itemListElement\":[{\"@type\":\"ListItem\",\"position\":1,\"name\":\"Strona g\u0142\u00f3wna\",\"item\":\"http:\/\/www.woodlegs.pl\/\"},{\"@type\":\"ListItem\",\"position\":2,\"name\":\"Sklep\",\"item\":\"http:\/\/www.woodlegs.pl\/sklep\/\"},{\"@type\":\"ListItem\",\"position\":3,\"name\":\"Nogi drewniane Bilard 82 cm\"}]},{\"@type\":\"WebSite\",\"@id\":\"http:\/\/www.woodlegs.pl\/#website\",\"url\":\"http:\/\/www.woodlegs.pl\/\",\"name\":\"Woodlegs\",\"description\":\"Producent n\u00f3g drewnianych, produkcja n\u00f3g drewnianych\",\"publisher\":{\"@id\":\"http:\/\/www.woodlegs.pl\/#organization\"},\"potentialAction\":[{\"@type\":\"SearchAction\",\"target\":{\"@type\":\"EntryPoint\",\"urlTemplate\":\"http:\/\/www.woodlegs.pl\/?s={search_term_string}\"},\"query-input\":{\"@type\":\"PropertyValueSpecification\",\"valueRequired\":true,\"valueName\":\"search_term_string\"}}],\"inLanguage\":\"en-GB\"},{\"@type\":\"Organization\",\"@id\":\"http:\/\/www.woodlegs.pl\/#organization\",\"name\":\"Woodlegs Company\",\"url\":\"http:\/\/www.woodlegs.pl\/\",\"logo\":{\"@type\":\"ImageObject\",\"inLanguage\":\"en-GB\",\"@id\":\"http:\/\/www.woodlegs.pl\/#\/schema\/logo\/image\/\",\"url\":\"https:\/\/www.woodlegs.pl\/wp-content\/uploads\/2023\/03\/logo-3.png\",\"contentUrl\":\"https:\/\/www.woodlegs.pl\/wp-content\/uploads\/2023\/03\/logo-3.png\",\"width\":605,\"height\":234,\"caption\":\"Woodlegs Company\"},\"image\":{\"@id\":\"http:\/\/www.woodlegs.pl\/#\/schema\/logo\/image\/\"},\"sameAs\":[\"https:\/\/www.facebook.com\/woodlegs.company\",\"https:\/\/www.instagram.com\/woodlegs_company\/\"]}]}<\/script>\n<!-- \/ Yoast SEO plugin. -->","yoast_head_json":{"title":"Nogi drewniane Bilard 82 cm - Producent n\u00f3g do wyspy kuchennej","description":"Szukasz nogi do wyspy kuchennej? Wybierz nogi drewniane Bilard 82 cm. W naszej ofercie znajdziesz wiele r\u00f3\u017cnych modeli. Wejd\u017a i zobacz ofert\u0119!","robots":{"index":"index","follow":"follow","max-snippet":"max-snippet:-1","max-image-preview":"max-image-preview:large","max-video-preview":"max-video-preview:-1"},"canonical":"https:\/\/www.woodlegs.pl\/eng\/noga-do-blatu-kuchennego\/nogi-drewniane-bilard-82-cm\/","og_locale":"en_GB","og_type":"article","og_title":"Nogi drewniane Bilard 82 cm - Producent n\u00f3g do wyspy kuchennej","og_description":"Szukasz nogi do wyspy kuchennej? Wybierz nogi drewniane Bilard 82 cm. W naszej ofercie znajdziesz wiele r\u00f3\u017cnych modeli. Wejd\u017a i zobacz ofert\u0119!","og_url":"https:\/\/www.woodlegs.pl\/eng\/noga-do-blatu-kuchennego\/nogi-drewniane-bilard-82-cm\/","og_site_name":"Woodlegs Company","article_publisher":"https:\/\/www.facebook.com\/woodlegs.company","article_modified_time":"2026-04-10T11:33:01+00:00","og_image":[{"width":1000,"height":1000,"url":"https:\/\/www.woodlegs.pl\/wp-content\/uploads\/2023\/05\/SZABLON-2.png","type":"image\/png"}],"twitter_card":"summary_large_image","twitter_misc":{"Estimated reading time":"1 minute"},"schema":{"@context":"https:\/\/schema.org","@graph":[{"@type":"WebPage","@id":"https:\/\/www.woodlegs.pl\/noga-do-blatu-kuchennego\/nogi-drewniane-bilard-82-cm\/","url":"https:\/\/www.woodlegs.pl\/noga-do-blatu-kuchennego\/nogi-drewniane-bilard-82-cm\/","name":"Nogi drewniane Bilard 82 cm - Producent n\u00f3g do wyspy kuchennej","isPartOf":{"@id":"http:\/\/www.woodlegs.pl\/#website"},"primaryImageOfPage":{"@id":"https:\/\/www.woodlegs.pl\/noga-do-blatu-kuchennego\/nogi-drewniane-bilard-82-cm\/#primaryimage"},"image":{"@id":"https:\/\/www.woodlegs.pl\/noga-do-blatu-kuchennego\/nogi-drewniane-bilard-82-cm\/#primaryimage"},"thumbnailUrl":"https:\/\/www.woodlegs.pl\/wp-content\/uploads\/2023\/05\/SZABLON-2.png","datePublished":"2023-05-04T11:42:59+00:00","dateModified":"2026-04-10T11:33:01+00:00","description":"Szukasz nogi do wyspy kuchennej? Wybierz nogi drewniane Bilard 82 cm. W naszej ofercie znajdziesz wiele r\u00f3\u017cnych modeli. Wejd\u017a i zobacz ofert\u0119!","breadcrumb":{"@id":"https:\/\/www.woodlegs.pl\/noga-do-blatu-kuchennego\/nogi-drewniane-bilard-82-cm\/#breadcrumb"},"inLanguage":"en-GB","potentialAction":[{"@type":"ReadAction","target":["https:\/\/www.woodlegs.pl\/noga-do-blatu-kuchennego\/nogi-drewniane-bilard-82-cm\/"]}]},{"@type":"ImageObject","inLanguage":"en-GB","@id":"https:\/\/www.woodlegs.pl\/noga-do-blatu-kuchennego\/nogi-drewniane-bilard-82-cm\/#primaryimage","url":"https:\/\/www.woodlegs.pl\/wp-content\/uploads\/2023\/05\/SZABLON-2.png","contentUrl":"https:\/\/www.woodlegs.pl\/wp-content\/uploads\/2023\/05\/SZABLON-2.png","width":1000,"height":1000,"caption":"nogi-drewniane-bilard-nogi-do-sto\u0142u-bukowe-wysokie-na-82cm-mo\u017ce-s\u0142u\u017cy\u0107-jako-noga-do-wyspy-kuchennej"},{"@type":"BreadcrumbList","@id":"https:\/\/www.woodlegs.pl\/noga-do-blatu-kuchennego\/nogi-drewniane-bilard-82-cm\/#breadcrumb","itemListElement":[{"@type":"ListItem","position":1,"name":"Strona g\u0142\u00f3wna","item":"http:\/\/www.woodlegs.pl\/"},{"@type":"ListItem","position":2,"name":"Sklep","item":"http:\/\/www.woodlegs.pl\/sklep\/"},{"@type":"ListItem","position":3,"name":"Nogi drewniane Bilard 82 cm"}]},{"@type":"WebSite","@id":"http:\/\/www.woodlegs.pl\/#website","url":"http:\/\/www.woodlegs.pl\/","name":"Woodlegs","description":"Producent n\u00f3g drewnianych, produkcja n\u00f3g drewnianych","publisher":{"@id":"http:\/\/www.woodlegs.pl\/#organization"},"potentialAction":[{"@type":"SearchAction","target":{"@type":"EntryPoint","urlTemplate":"http:\/\/www.woodlegs.pl\/?s={search_term_string}"},"query-input":{"@type":"PropertyValueSpecification","valueRequired":true,"valueName":"search_term_string"}}],"inLanguage":"en-GB"},{"@type":"Organization","@id":"http:\/\/www.woodlegs.pl\/#organization","name":"Woodlegs Company","url":"http:\/\/www.woodlegs.pl\/","logo":{"@type":"ImageObject","inLanguage":"en-GB","@id":"http:\/\/www.woodlegs.pl\/#\/schema\/logo\/image\/","url":"https:\/\/www.woodlegs.pl\/wp-content\/uploads\/2023\/03\/logo-3.png","contentUrl":"https:\/\/www.woodlegs.pl\/wp-content\/uploads\/2023\/03\/logo-3.png","width":605,"height":234,"caption":"Woodlegs Company"},"image":{"@id":"http:\/\/www.woodlegs.pl\/#\/schema\/logo\/image\/"},"sameAs":["https:\/\/www.facebook.com\/woodlegs.company","https:\/\/www.instagram.com\/woodlegs_company\/"]}]}},"_links":{"self":[{"href":"https:\/\/www.woodlegs.pl\/eng\/wp-json\/wp\/v2\/product\/4608","targetHints":{"allow":["GET"]}}],"collection":[{"href":"https:\/\/www.woodlegs.pl\/eng\/wp-json\/wp\/v2\/product"}],"about":[{"href":"https:\/\/www.woodlegs.pl\/eng\/wp-json\/wp\/v2\/types\/product"}],"wp:featuredmedia":[{"embeddable":true,"href":"https:\/\/www.woodlegs.pl\/eng\/wp-json\/wp\/v2\/media\/4637"}],"wp:attachment":[{"href":"https:\/\/www.woodlegs.pl\/eng\/wp-json\/wp\/v2\/media?parent=4608"}],"wp:term":[{"taxonomy":"product_brand","embeddable":true,"href":"https:\/\/www.woodlegs.pl\/eng\/wp-json\/wp\/v2\/product_brand?post=4608"},{"taxonomy":"product_cat","embeddable":true,"href":"https:\/\/www.woodlegs.pl\/eng\/wp-json\/wp\/v2\/product_cat?post=4608"},{"taxonomy":"product_tag","embeddable":true,"href":"https:\/\/www.woodlegs.pl\/eng\/wp-json\/wp\/v2\/product_tag?post=4608"}],"curies":[{"name":"wp","href":"https:\/\/api.w.org\/{rel}","templated":true}]}}