{"id":4796,"date":"2023-07-25T11:10:49","date_gmt":"2023-07-25T09:10:49","guid":{"rendered":"https:\/\/www.woodlegs.pl\/?post_type=product&#038;p=4796"},"modified":"2026-03-23T17:25:42","modified_gmt":"2026-03-23T16:25:42","slug":"nogi-drewniane-tomi-konsolka","status":"publish","type":"product","link":"https:\/\/www.woodlegs.pl\/eng\/nogi-drewniane-pozostale\/nogi-drewniane-tomi-konsolka\/","title":{"rendered":"Wooden Legs Tomi Console"},"content":{"rendered":"","protected":false},"excerpt":{"rendered":"","protected":false},"featured_media":4801,"template":"","meta":[],"product_brand":[],"product_cat":[79,75],"product_tag":[],"class_list":{"0":"post-4796","1":"product","2":"type-product","3":"status-publish","4":"has-post-thumbnail","6":"product_cat-nogi-do-stolu","7":"product_cat-nogi-drewniane-pozostale","9":"first","10":"instock","11":"taxable","12":"shipping-taxable","13":"purchasable","14":"product-type-variable"},"yoast_head":"<!-- This site is optimized with the Yoast SEO plugin v26.2 - https:\/\/yoast.com\/wordpress\/plugins\/seo\/ -->\n<title>Nogi drewniane Tomi Konsolka - Woodlegs Company<\/title>\n<meta name=\"description\" content=\"Nogi drewniane Tomi konsolka idealnie nadaj\u0105 si\u0119 do sekretarzyka, toaletki, biurka czy konsolki. Noga zw\u0119\u017cana ku do\u0142owi z delikatnym ozdobnym frezem sprawd\u017a\" \/>\n<meta name=\"robots\" content=\"index, follow, max-snippet:-1, max-image-preview:large, max-video-preview:-1\" \/>\n<link rel=\"canonical\" href=\"https:\/\/www.woodlegs.pl\/eng\/nogi-drewniane-pozostale\/nogi-drewniane-tomi-konsolka\/\" \/>\n<meta property=\"og:locale\" content=\"en_GB\" \/>\n<meta property=\"og:type\" content=\"article\" \/>\n<meta property=\"og:title\" content=\"Nogi drewniane Tomi Konsolka - Woodlegs Company\" \/>\n<meta property=\"og:description\" content=\"Nogi drewniane Tomi konsolka idealnie nadaj\u0105 si\u0119 do sekretarzyka, toaletki, biurka czy konsolki. Noga zw\u0119\u017cana ku do\u0142owi z delikatnym ozdobnym frezem sprawd\u017a\" \/>\n<meta property=\"og:url\" content=\"https:\/\/www.woodlegs.pl\/eng\/nogi-drewniane-pozostale\/nogi-drewniane-tomi-konsolka\/\" \/>\n<meta property=\"og:site_name\" content=\"Woodlegs Company\" \/>\n<meta property=\"article:publisher\" content=\"https:\/\/www.facebook.com\/woodlegs.company\" \/>\n<meta property=\"article:modified_time\" content=\"2026-03-23T16:25:42+00:00\" \/>\n<meta property=\"og:image\" content=\"https:\/\/www.woodlegs.pl\/wp-content\/uploads\/2023\/07\/SZABLON1.png\" \/>\n\t<meta property=\"og:image:width\" content=\"1000\" \/>\n\t<meta property=\"og:image:height\" content=\"1000\" \/>\n\t<meta property=\"og:image:type\" content=\"image\/png\" \/>\n<meta name=\"twitter:card\" content=\"summary_large_image\" \/>\n<meta name=\"twitter:label1\" content=\"Estimated reading time\" \/>\n\t<meta name=\"twitter:data1\" content=\"1 minute\" \/>\n<script type=\"application\/ld+json\" class=\"yoast-schema-graph\">{\"@context\":\"https:\/\/schema.org\",\"@graph\":[{\"@type\":\"WebPage\",\"@id\":\"https:\/\/www.woodlegs.pl\/nogi-drewniane-pozostale\/nogi-drewniane-tomi-konsolka\/\",\"url\":\"https:\/\/www.woodlegs.pl\/nogi-drewniane-pozostale\/nogi-drewniane-tomi-konsolka\/\",\"name\":\"Nogi drewniane Tomi Konsolka - Woodlegs Company\",\"isPartOf\":{\"@id\":\"http:\/\/www.woodlegs.pl\/#website\"},\"primaryImageOfPage\":{\"@id\":\"https:\/\/www.woodlegs.pl\/nogi-drewniane-pozostale\/nogi-drewniane-tomi-konsolka\/#primaryimage\"},\"image\":{\"@id\":\"https:\/\/www.woodlegs.pl\/nogi-drewniane-pozostale\/nogi-drewniane-tomi-konsolka\/#primaryimage\"},\"thumbnailUrl\":\"https:\/\/www.woodlegs.pl\/wp-content\/uploads\/2023\/07\/SZABLON1.png\",\"datePublished\":\"2023-07-25T09:10:49+00:00\",\"dateModified\":\"2026-03-23T16:25:42+00:00\",\"description\":\"Nogi drewniane Tomi konsolka idealnie nadaj\u0105 si\u0119 do sekretarzyka, toaletki, biurka czy konsolki. Noga zw\u0119\u017cana ku do\u0142owi z delikatnym ozdobnym frezem sprawd\u017a\",\"breadcrumb\":{\"@id\":\"https:\/\/www.woodlegs.pl\/nogi-drewniane-pozostale\/nogi-drewniane-tomi-konsolka\/#breadcrumb\"},\"inLanguage\":\"en-GB\",\"potentialAction\":[{\"@type\":\"ReadAction\",\"target\":[\"https:\/\/www.woodlegs.pl\/nogi-drewniane-pozostale\/nogi-drewniane-tomi-konsolka\/\"]}]},{\"@type\":\"ImageObject\",\"inLanguage\":\"en-GB\",\"@id\":\"https:\/\/www.woodlegs.pl\/nogi-drewniane-pozostale\/nogi-drewniane-tomi-konsolka\/#primaryimage\",\"url\":\"https:\/\/www.woodlegs.pl\/wp-content\/uploads\/2023\/07\/SZABLON1.png\",\"contentUrl\":\"https:\/\/www.woodlegs.pl\/wp-content\/uploads\/2023\/07\/SZABLON1.png\",\"width\":1000,\"height\":1000,\"caption\":\"nogi-drewniane-tomi-konsola-zosta\u0142y-stworzone-zmy\u015bl\u0105-o- konsolkach-do-przedpokoju-oraz-\u0142\u00f3\u017ckach-z-nogami-drewnianymi.\"},{\"@type\":\"BreadcrumbList\",\"@id\":\"https:\/\/www.woodlegs.pl\/nogi-drewniane-pozostale\/nogi-drewniane-tomi-konsolka\/#breadcrumb\",\"itemListElement\":[{\"@type\":\"ListItem\",\"position\":1,\"name\":\"Strona g\u0142\u00f3wna\",\"item\":\"http:\/\/www.woodlegs.pl\/\"},{\"@type\":\"ListItem\",\"position\":2,\"name\":\"Sklep\",\"item\":\"http:\/\/www.woodlegs.pl\/sklep\/\"},{\"@type\":\"ListItem\",\"position\":3,\"name\":\"Nogi drewniane Tomi Konsolka\"}]},{\"@type\":\"WebSite\",\"@id\":\"http:\/\/www.woodlegs.pl\/#website\",\"url\":\"http:\/\/www.woodlegs.pl\/\",\"name\":\"Woodlegs\",\"description\":\"Producent n\u00f3g drewnianych, produkcja n\u00f3g drewnianych\",\"publisher\":{\"@id\":\"http:\/\/www.woodlegs.pl\/#organization\"},\"potentialAction\":[{\"@type\":\"SearchAction\",\"target\":{\"@type\":\"EntryPoint\",\"urlTemplate\":\"http:\/\/www.woodlegs.pl\/?s={search_term_string}\"},\"query-input\":{\"@type\":\"PropertyValueSpecification\",\"valueRequired\":true,\"valueName\":\"search_term_string\"}}],\"inLanguage\":\"en-GB\"},{\"@type\":\"Organization\",\"@id\":\"http:\/\/www.woodlegs.pl\/#organization\",\"name\":\"Woodlegs Company\",\"url\":\"http:\/\/www.woodlegs.pl\/\",\"logo\":{\"@type\":\"ImageObject\",\"inLanguage\":\"en-GB\",\"@id\":\"http:\/\/www.woodlegs.pl\/#\/schema\/logo\/image\/\",\"url\":\"https:\/\/www.woodlegs.pl\/wp-content\/uploads\/2023\/03\/logo-3.png\",\"contentUrl\":\"https:\/\/www.woodlegs.pl\/wp-content\/uploads\/2023\/03\/logo-3.png\",\"width\":605,\"height\":234,\"caption\":\"Woodlegs Company\"},\"image\":{\"@id\":\"http:\/\/www.woodlegs.pl\/#\/schema\/logo\/image\/\"},\"sameAs\":[\"https:\/\/www.facebook.com\/woodlegs.company\",\"https:\/\/www.instagram.com\/woodlegs_company\/\"]}]}<\/script>\n<!-- \/ Yoast SEO plugin. -->","yoast_head_json":{"title":"Nogi drewniane Tomi Konsolka - Woodlegs Company","description":"Nogi drewniane Tomi konsolka idealnie nadaj\u0105 si\u0119 do sekretarzyka, toaletki, biurka czy konsolki. Noga zw\u0119\u017cana ku do\u0142owi z delikatnym ozdobnym frezem sprawd\u017a","robots":{"index":"index","follow":"follow","max-snippet":"max-snippet:-1","max-image-preview":"max-image-preview:large","max-video-preview":"max-video-preview:-1"},"canonical":"https:\/\/www.woodlegs.pl\/eng\/nogi-drewniane-pozostale\/nogi-drewniane-tomi-konsolka\/","og_locale":"en_GB","og_type":"article","og_title":"Nogi drewniane Tomi Konsolka - Woodlegs Company","og_description":"Nogi drewniane Tomi konsolka idealnie nadaj\u0105 si\u0119 do sekretarzyka, toaletki, biurka czy konsolki. Noga zw\u0119\u017cana ku do\u0142owi z delikatnym ozdobnym frezem sprawd\u017a","og_url":"https:\/\/www.woodlegs.pl\/eng\/nogi-drewniane-pozostale\/nogi-drewniane-tomi-konsolka\/","og_site_name":"Woodlegs Company","article_publisher":"https:\/\/www.facebook.com\/woodlegs.company","article_modified_time":"2026-03-23T16:25:42+00:00","og_image":[{"width":1000,"height":1000,"url":"https:\/\/www.woodlegs.pl\/wp-content\/uploads\/2023\/07\/SZABLON1.png","type":"image\/png"}],"twitter_card":"summary_large_image","twitter_misc":{"Estimated reading time":"1 minute"},"schema":{"@context":"https:\/\/schema.org","@graph":[{"@type":"WebPage","@id":"https:\/\/www.woodlegs.pl\/nogi-drewniane-pozostale\/nogi-drewniane-tomi-konsolka\/","url":"https:\/\/www.woodlegs.pl\/nogi-drewniane-pozostale\/nogi-drewniane-tomi-konsolka\/","name":"Nogi drewniane Tomi Konsolka - Woodlegs Company","isPartOf":{"@id":"http:\/\/www.woodlegs.pl\/#website"},"primaryImageOfPage":{"@id":"https:\/\/www.woodlegs.pl\/nogi-drewniane-pozostale\/nogi-drewniane-tomi-konsolka\/#primaryimage"},"image":{"@id":"https:\/\/www.woodlegs.pl\/nogi-drewniane-pozostale\/nogi-drewniane-tomi-konsolka\/#primaryimage"},"thumbnailUrl":"https:\/\/www.woodlegs.pl\/wp-content\/uploads\/2023\/07\/SZABLON1.png","datePublished":"2023-07-25T09:10:49+00:00","dateModified":"2026-03-23T16:25:42+00:00","description":"Nogi drewniane Tomi konsolka idealnie nadaj\u0105 si\u0119 do sekretarzyka, toaletki, biurka czy konsolki. Noga zw\u0119\u017cana ku do\u0142owi z delikatnym ozdobnym frezem sprawd\u017a","breadcrumb":{"@id":"https:\/\/www.woodlegs.pl\/nogi-drewniane-pozostale\/nogi-drewniane-tomi-konsolka\/#breadcrumb"},"inLanguage":"en-GB","potentialAction":[{"@type":"ReadAction","target":["https:\/\/www.woodlegs.pl\/nogi-drewniane-pozostale\/nogi-drewniane-tomi-konsolka\/"]}]},{"@type":"ImageObject","inLanguage":"en-GB","@id":"https:\/\/www.woodlegs.pl\/nogi-drewniane-pozostale\/nogi-drewniane-tomi-konsolka\/#primaryimage","url":"https:\/\/www.woodlegs.pl\/wp-content\/uploads\/2023\/07\/SZABLON1.png","contentUrl":"https:\/\/www.woodlegs.pl\/wp-content\/uploads\/2023\/07\/SZABLON1.png","width":1000,"height":1000,"caption":"nogi-drewniane-tomi-konsola-zosta\u0142y-stworzone-zmy\u015bl\u0105-o- konsolkach-do-przedpokoju-oraz-\u0142\u00f3\u017ckach-z-nogami-drewnianymi."},{"@type":"BreadcrumbList","@id":"https:\/\/www.woodlegs.pl\/nogi-drewniane-pozostale\/nogi-drewniane-tomi-konsolka\/#breadcrumb","itemListElement":[{"@type":"ListItem","position":1,"name":"Strona g\u0142\u00f3wna","item":"http:\/\/www.woodlegs.pl\/"},{"@type":"ListItem","position":2,"name":"Sklep","item":"http:\/\/www.woodlegs.pl\/sklep\/"},{"@type":"ListItem","position":3,"name":"Nogi drewniane Tomi Konsolka"}]},{"@type":"WebSite","@id":"http:\/\/www.woodlegs.pl\/#website","url":"http:\/\/www.woodlegs.pl\/","name":"Woodlegs","description":"Producent n\u00f3g drewnianych, produkcja n\u00f3g drewnianych","publisher":{"@id":"http:\/\/www.woodlegs.pl\/#organization"},"potentialAction":[{"@type":"SearchAction","target":{"@type":"EntryPoint","urlTemplate":"http:\/\/www.woodlegs.pl\/?s={search_term_string}"},"query-input":{"@type":"PropertyValueSpecification","valueRequired":true,"valueName":"search_term_string"}}],"inLanguage":"en-GB"},{"@type":"Organization","@id":"http:\/\/www.woodlegs.pl\/#organization","name":"Woodlegs Company","url":"http:\/\/www.woodlegs.pl\/","logo":{"@type":"ImageObject","inLanguage":"en-GB","@id":"http:\/\/www.woodlegs.pl\/#\/schema\/logo\/image\/","url":"https:\/\/www.woodlegs.pl\/wp-content\/uploads\/2023\/03\/logo-3.png","contentUrl":"https:\/\/www.woodlegs.pl\/wp-content\/uploads\/2023\/03\/logo-3.png","width":605,"height":234,"caption":"Woodlegs Company"},"image":{"@id":"http:\/\/www.woodlegs.pl\/#\/schema\/logo\/image\/"},"sameAs":["https:\/\/www.facebook.com\/woodlegs.company","https:\/\/www.instagram.com\/woodlegs_company\/"]}]}},"_links":{"self":[{"href":"https:\/\/www.woodlegs.pl\/eng\/wp-json\/wp\/v2\/product\/4796","targetHints":{"allow":["GET"]}}],"collection":[{"href":"https:\/\/www.woodlegs.pl\/eng\/wp-json\/wp\/v2\/product"}],"about":[{"href":"https:\/\/www.woodlegs.pl\/eng\/wp-json\/wp\/v2\/types\/product"}],"wp:featuredmedia":[{"embeddable":true,"href":"https:\/\/www.woodlegs.pl\/eng\/wp-json\/wp\/v2\/media\/4801"}],"wp:attachment":[{"href":"https:\/\/www.woodlegs.pl\/eng\/wp-json\/wp\/v2\/media?parent=4796"}],"wp:term":[{"taxonomy":"product_brand","embeddable":true,"href":"https:\/\/www.woodlegs.pl\/eng\/wp-json\/wp\/v2\/product_brand?post=4796"},{"taxonomy":"product_cat","embeddable":true,"href":"https:\/\/www.woodlegs.pl\/eng\/wp-json\/wp\/v2\/product_cat?post=4796"},{"taxonomy":"product_tag","embeddable":true,"href":"https:\/\/www.woodlegs.pl\/eng\/wp-json\/wp\/v2\/product_tag?post=4796"}],"curies":[{"name":"wp","href":"https:\/\/api.w.org\/{rel}","templated":true}]}}