{"id":4947,"date":"2023-08-30T13:48:33","date_gmt":"2023-08-30T11:48:33","guid":{"rendered":"https:\/\/www.woodlegs.pl\/?post_type=product&#038;p=4947"},"modified":"2026-04-16T07:15:30","modified_gmt":"2026-04-16T05:15:30","slug":"nogi-drewniane-coralli","status":"publish","type":"product","link":"https:\/\/www.woodlegs.pl\/eng\/nogi-toczone\/nogi-drewniane-coralli\/","title":{"rendered":"Coralli wooden legs"},"content":{"rendered":"<p>The Coralli wooden legs are guaranteed to fit in with the latest furniture trends of 2024! The total height of the leg is 74 cm, made up of 6 balls of the same diameter of 12 cm. We guarantee you a perfectly sanded piece, thus saving you time and money by sending it straight to the varnish shop! The Coralli turned legs shown in the picture are made of beech wood, which is continuously replenished in our stock. It is possible to order legs in oak and ash wood, waiting time is approximately 5 weeks. Coralli legs made entirely of solid wood.<\/p>\n<p>Need shorter legs? No problem at all - feel free to cut the legs anywhere you like. This gives you 6 balls with a diameter of 12 cm and a height of 12 cm. You can cut the whole leg in half to obtain a leg of 3 balls with a height of 36 cm, which are perfect as table legs.<\/p>\n<p>We are a manufacturer of wooden legs and all our products are made in accordance with forest management, using fully legal certified wood. We know how important the environment is, which is why as a manufacturer of wooden components we make every effort to use the wood we use in harmony with nature.<\/p>\n<p>Do you need a taller leg for your kitchen worktop? In our range you will find <em><strong><a href=\"https:\/\/www.woodlegs.pl\/eng\/noga-do-blatu-kuchennego\/nogi-drewniane-coralli-98-cm\/\">Coralli wooden legs 98 cm<\/a> . <\/strong><\/em><\/p>\n<p>Think no more! Coralli's wooden legs give you complete flexibility - use this model however you need! Choose our wooden legs and we promise they will meet your expectations!<\/p>\n<p>&nbsp;<\/p>","protected":false},"excerpt":{"rendered":"<p>Furniture trends 2024 are definitely about rounded shapes! They cannot be missing from modern and trendy designs, and with this in mind we have created the Coralli wooden legs. They bring an aura of cosiness and harmony to your interior. Are you dreaming of a fashionable interior? Then your living room or bedroom cannot be without the Coralli wooden leg, which will make a furore at your table, desk or dressing table. Turned legs are an integral part of a fashionable interior. It is worth mentioning that furniture with a streamlined shape is not only fashionable, but also very safe because it has no sharp edges that you, your friend or your child could hit.  Bet on product quality, which we guarantee you, fashion and safety!<\/p>","protected":false},"featured_media":5335,"template":"","meta":[],"product_brand":[],"product_cat":[79,66],"product_tag":[],"class_list":{"0":"post-4947","1":"product","2":"type-product","3":"status-publish","4":"has-post-thumbnail","6":"product_cat-nogi-do-stolu","7":"product_cat-nogi-toczone","9":"first","10":"instock","11":"taxable","12":"shipping-taxable","13":"purchasable","14":"product-type-variable"},"yoast_head":"<!-- This site is optimized with the Yoast SEO plugin v26.2 - https:\/\/yoast.com\/wordpress\/plugins\/seo\/ -->\n<title>Nogi drewniane Coralli - Nogi toczone kule - sklep producenta<\/title>\n<meta name=\"description\" content=\"Nogi drewniane Coralli to wz\u00f3r nogi toczonej nowoczesnej. Swoje zastosowanie ma przy sto\u0142ach, biurkach i konsolach. Sprawd\u017a teraz!\" \/>\n<meta name=\"robots\" content=\"index, follow, max-snippet:-1, max-image-preview:large, max-video-preview:-1\" \/>\n<link rel=\"canonical\" href=\"https:\/\/www.woodlegs.pl\/eng\/nogi-toczone\/nogi-drewniane-coralli\/\" \/>\n<meta property=\"og:locale\" content=\"en_GB\" \/>\n<meta property=\"og:type\" content=\"article\" \/>\n<meta property=\"og:title\" content=\"Nogi drewniane Coralli - Nogi toczone kule - sklep producenta\" \/>\n<meta property=\"og:description\" content=\"Nogi drewniane Coralli to wz\u00f3r nogi toczonej nowoczesnej. Swoje zastosowanie ma przy sto\u0142ach, biurkach i konsolach. Sprawd\u017a teraz!\" \/>\n<meta property=\"og:url\" content=\"https:\/\/www.woodlegs.pl\/eng\/nogi-toczone\/nogi-drewniane-coralli\/\" \/>\n<meta property=\"og:site_name\" content=\"Woodlegs Company\" \/>\n<meta property=\"article:publisher\" content=\"https:\/\/www.facebook.com\/woodlegs.company\" \/>\n<meta property=\"article:modified_time\" content=\"2026-04-16T05:15:30+00:00\" \/>\n<meta property=\"og:image\" content=\"https:\/\/www.woodlegs.pl\/wp-content\/uploads\/2023\/08\/Coralli.png\" \/>\n\t<meta property=\"og:image:width\" content=\"1000\" \/>\n\t<meta property=\"og:image:height\" content=\"1000\" \/>\n\t<meta property=\"og:image:type\" content=\"image\/png\" \/>\n<meta name=\"twitter:card\" content=\"summary_large_image\" \/>\n<meta name=\"twitter:label1\" content=\"Estimated reading time\" \/>\n\t<meta name=\"twitter:data1\" content=\"2 minutes\" \/>\n<script type=\"application\/ld+json\" class=\"yoast-schema-graph\">{\"@context\":\"https:\/\/schema.org\",\"@graph\":[{\"@type\":\"WebPage\",\"@id\":\"https:\/\/www.woodlegs.pl\/nogi-toczone\/nogi-drewniane-coralli\/\",\"url\":\"https:\/\/www.woodlegs.pl\/nogi-toczone\/nogi-drewniane-coralli\/\",\"name\":\"Nogi drewniane Coralli - Nogi toczone kule - sklep producenta\",\"isPartOf\":{\"@id\":\"http:\/\/www.woodlegs.pl\/#website\"},\"primaryImageOfPage\":{\"@id\":\"https:\/\/www.woodlegs.pl\/nogi-toczone\/nogi-drewniane-coralli\/#primaryimage\"},\"image\":{\"@id\":\"https:\/\/www.woodlegs.pl\/nogi-toczone\/nogi-drewniane-coralli\/#primaryimage\"},\"thumbnailUrl\":\"https:\/\/www.woodlegs.pl\/wp-content\/uploads\/2023\/08\/Coralli.png\",\"datePublished\":\"2023-08-30T11:48:33+00:00\",\"dateModified\":\"2026-04-16T05:15:30+00:00\",\"description\":\"Nogi drewniane Coralli to wz\u00f3r nogi toczonej nowoczesnej. Swoje zastosowanie ma przy sto\u0142ach, biurkach i konsolach. Sprawd\u017a teraz!\",\"breadcrumb\":{\"@id\":\"https:\/\/www.woodlegs.pl\/nogi-toczone\/nogi-drewniane-coralli\/#breadcrumb\"},\"inLanguage\":\"en-GB\",\"potentialAction\":[{\"@type\":\"ReadAction\",\"target\":[\"https:\/\/www.woodlegs.pl\/nogi-toczone\/nogi-drewniane-coralli\/\"]}]},{\"@type\":\"ImageObject\",\"inLanguage\":\"en-GB\",\"@id\":\"https:\/\/www.woodlegs.pl\/nogi-toczone\/nogi-drewniane-coralli\/#primaryimage\",\"url\":\"https:\/\/www.woodlegs.pl\/wp-content\/uploads\/2023\/08\/Coralli.png\",\"contentUrl\":\"https:\/\/www.woodlegs.pl\/wp-content\/uploads\/2023\/08\/Coralli.png\",\"width\":1000,\"height\":1000,\"caption\":\"nogi-drewniane-kule-nogi-dostolu-producent-nog-drewnianych-producent-elementow-drewnianych-nogi-kule-okragle-nogi-toczone-woodlegs-company- nogi-do-biurka\"},{\"@type\":\"BreadcrumbList\",\"@id\":\"https:\/\/www.woodlegs.pl\/nogi-toczone\/nogi-drewniane-coralli\/#breadcrumb\",\"itemListElement\":[{\"@type\":\"ListItem\",\"position\":1,\"name\":\"Strona g\u0142\u00f3wna\",\"item\":\"http:\/\/www.woodlegs.pl\/\"},{\"@type\":\"ListItem\",\"position\":2,\"name\":\"Sklep\",\"item\":\"http:\/\/www.woodlegs.pl\/sklep\/\"},{\"@type\":\"ListItem\",\"position\":3,\"name\":\"Nogi drewniane Coralli\"}]},{\"@type\":\"WebSite\",\"@id\":\"http:\/\/www.woodlegs.pl\/#website\",\"url\":\"http:\/\/www.woodlegs.pl\/\",\"name\":\"Woodlegs\",\"description\":\"Producent n\u00f3g drewnianych, produkcja n\u00f3g drewnianych\",\"publisher\":{\"@id\":\"http:\/\/www.woodlegs.pl\/#organization\"},\"potentialAction\":[{\"@type\":\"SearchAction\",\"target\":{\"@type\":\"EntryPoint\",\"urlTemplate\":\"http:\/\/www.woodlegs.pl\/?s={search_term_string}\"},\"query-input\":{\"@type\":\"PropertyValueSpecification\",\"valueRequired\":true,\"valueName\":\"search_term_string\"}}],\"inLanguage\":\"en-GB\"},{\"@type\":\"Organization\",\"@id\":\"http:\/\/www.woodlegs.pl\/#organization\",\"name\":\"Woodlegs Company\",\"url\":\"http:\/\/www.woodlegs.pl\/\",\"logo\":{\"@type\":\"ImageObject\",\"inLanguage\":\"en-GB\",\"@id\":\"http:\/\/www.woodlegs.pl\/#\/schema\/logo\/image\/\",\"url\":\"https:\/\/www.woodlegs.pl\/wp-content\/uploads\/2023\/03\/logo-3.png\",\"contentUrl\":\"https:\/\/www.woodlegs.pl\/wp-content\/uploads\/2023\/03\/logo-3.png\",\"width\":605,\"height\":234,\"caption\":\"Woodlegs Company\"},\"image\":{\"@id\":\"http:\/\/www.woodlegs.pl\/#\/schema\/logo\/image\/\"},\"sameAs\":[\"https:\/\/www.facebook.com\/woodlegs.company\",\"https:\/\/www.instagram.com\/woodlegs_company\/\"]}]}<\/script>\n<!-- \/ Yoast SEO plugin. -->","yoast_head_json":{"title":"Nogi drewniane Coralli - Nogi toczone kule - sklep producenta","description":"Nogi drewniane Coralli to wz\u00f3r nogi toczonej nowoczesnej. Swoje zastosowanie ma przy sto\u0142ach, biurkach i konsolach. Sprawd\u017a teraz!","robots":{"index":"index","follow":"follow","max-snippet":"max-snippet:-1","max-image-preview":"max-image-preview:large","max-video-preview":"max-video-preview:-1"},"canonical":"https:\/\/www.woodlegs.pl\/eng\/nogi-toczone\/nogi-drewniane-coralli\/","og_locale":"en_GB","og_type":"article","og_title":"Nogi drewniane Coralli - Nogi toczone kule - sklep producenta","og_description":"Nogi drewniane Coralli to wz\u00f3r nogi toczonej nowoczesnej. Swoje zastosowanie ma przy sto\u0142ach, biurkach i konsolach. Sprawd\u017a teraz!","og_url":"https:\/\/www.woodlegs.pl\/eng\/nogi-toczone\/nogi-drewniane-coralli\/","og_site_name":"Woodlegs Company","article_publisher":"https:\/\/www.facebook.com\/woodlegs.company","article_modified_time":"2026-04-16T05:15:30+00:00","og_image":[{"width":1000,"height":1000,"url":"https:\/\/www.woodlegs.pl\/wp-content\/uploads\/2023\/08\/Coralli.png","type":"image\/png"}],"twitter_card":"summary_large_image","twitter_misc":{"Estimated reading time":"2 minutes"},"schema":{"@context":"https:\/\/schema.org","@graph":[{"@type":"WebPage","@id":"https:\/\/www.woodlegs.pl\/nogi-toczone\/nogi-drewniane-coralli\/","url":"https:\/\/www.woodlegs.pl\/nogi-toczone\/nogi-drewniane-coralli\/","name":"Nogi drewniane Coralli - Nogi toczone kule - sklep producenta","isPartOf":{"@id":"http:\/\/www.woodlegs.pl\/#website"},"primaryImageOfPage":{"@id":"https:\/\/www.woodlegs.pl\/nogi-toczone\/nogi-drewniane-coralli\/#primaryimage"},"image":{"@id":"https:\/\/www.woodlegs.pl\/nogi-toczone\/nogi-drewniane-coralli\/#primaryimage"},"thumbnailUrl":"https:\/\/www.woodlegs.pl\/wp-content\/uploads\/2023\/08\/Coralli.png","datePublished":"2023-08-30T11:48:33+00:00","dateModified":"2026-04-16T05:15:30+00:00","description":"Nogi drewniane Coralli to wz\u00f3r nogi toczonej nowoczesnej. Swoje zastosowanie ma przy sto\u0142ach, biurkach i konsolach. Sprawd\u017a teraz!","breadcrumb":{"@id":"https:\/\/www.woodlegs.pl\/nogi-toczone\/nogi-drewniane-coralli\/#breadcrumb"},"inLanguage":"en-GB","potentialAction":[{"@type":"ReadAction","target":["https:\/\/www.woodlegs.pl\/nogi-toczone\/nogi-drewniane-coralli\/"]}]},{"@type":"ImageObject","inLanguage":"en-GB","@id":"https:\/\/www.woodlegs.pl\/nogi-toczone\/nogi-drewniane-coralli\/#primaryimage","url":"https:\/\/www.woodlegs.pl\/wp-content\/uploads\/2023\/08\/Coralli.png","contentUrl":"https:\/\/www.woodlegs.pl\/wp-content\/uploads\/2023\/08\/Coralli.png","width":1000,"height":1000,"caption":"nogi-drewniane-kule-nogi-dostolu-producent-nog-drewnianych-producent-elementow-drewnianych-nogi-kule-okragle-nogi-toczone-woodlegs-company- nogi-do-biurka"},{"@type":"BreadcrumbList","@id":"https:\/\/www.woodlegs.pl\/nogi-toczone\/nogi-drewniane-coralli\/#breadcrumb","itemListElement":[{"@type":"ListItem","position":1,"name":"Strona g\u0142\u00f3wna","item":"http:\/\/www.woodlegs.pl\/"},{"@type":"ListItem","position":2,"name":"Sklep","item":"http:\/\/www.woodlegs.pl\/sklep\/"},{"@type":"ListItem","position":3,"name":"Nogi drewniane Coralli"}]},{"@type":"WebSite","@id":"http:\/\/www.woodlegs.pl\/#website","url":"http:\/\/www.woodlegs.pl\/","name":"Woodlegs","description":"Producent n\u00f3g drewnianych, produkcja n\u00f3g drewnianych","publisher":{"@id":"http:\/\/www.woodlegs.pl\/#organization"},"potentialAction":[{"@type":"SearchAction","target":{"@type":"EntryPoint","urlTemplate":"http:\/\/www.woodlegs.pl\/?s={search_term_string}"},"query-input":{"@type":"PropertyValueSpecification","valueRequired":true,"valueName":"search_term_string"}}],"inLanguage":"en-GB"},{"@type":"Organization","@id":"http:\/\/www.woodlegs.pl\/#organization","name":"Woodlegs Company","url":"http:\/\/www.woodlegs.pl\/","logo":{"@type":"ImageObject","inLanguage":"en-GB","@id":"http:\/\/www.woodlegs.pl\/#\/schema\/logo\/image\/","url":"https:\/\/www.woodlegs.pl\/wp-content\/uploads\/2023\/03\/logo-3.png","contentUrl":"https:\/\/www.woodlegs.pl\/wp-content\/uploads\/2023\/03\/logo-3.png","width":605,"height":234,"caption":"Woodlegs Company"},"image":{"@id":"http:\/\/www.woodlegs.pl\/#\/schema\/logo\/image\/"},"sameAs":["https:\/\/www.facebook.com\/woodlegs.company","https:\/\/www.instagram.com\/woodlegs_company\/"]}]}},"_links":{"self":[{"href":"https:\/\/www.woodlegs.pl\/eng\/wp-json\/wp\/v2\/product\/4947","targetHints":{"allow":["GET"]}}],"collection":[{"href":"https:\/\/www.woodlegs.pl\/eng\/wp-json\/wp\/v2\/product"}],"about":[{"href":"https:\/\/www.woodlegs.pl\/eng\/wp-json\/wp\/v2\/types\/product"}],"wp:featuredmedia":[{"embeddable":true,"href":"https:\/\/www.woodlegs.pl\/eng\/wp-json\/wp\/v2\/media\/5335"}],"wp:attachment":[{"href":"https:\/\/www.woodlegs.pl\/eng\/wp-json\/wp\/v2\/media?parent=4947"}],"wp:term":[{"taxonomy":"product_brand","embeddable":true,"href":"https:\/\/www.woodlegs.pl\/eng\/wp-json\/wp\/v2\/product_brand?post=4947"},{"taxonomy":"product_cat","embeddable":true,"href":"https:\/\/www.woodlegs.pl\/eng\/wp-json\/wp\/v2\/product_cat?post=4947"},{"taxonomy":"product_tag","embeddable":true,"href":"https:\/\/www.woodlegs.pl\/eng\/wp-json\/wp\/v2\/product_tag?post=4947"}],"curies":[{"name":"wp","href":"https:\/\/api.w.org\/{rel}","templated":true}]}}