{"id":5465,"date":"2024-01-03T10:10:31","date_gmt":"2024-01-03T09:10:31","guid":{"rendered":"https:\/\/www.woodlegs.pl\/?post_type=product&#038;p=5465"},"modified":"2026-03-23T16:37:21","modified_gmt":"2026-03-23T15:37:21","slug":"nogi-drewniane-angelino-pogrubiona","status":"publish","type":"product","link":"https:\/\/www.woodlegs.pl\/eng\/nogi-do-stolu\/nogi-drewniane-angelino-pogrubiona\/","title":{"rendered":"Angelino wooden legs Bold"},"content":{"rendered":"","protected":false},"excerpt":{"rendered":"<p>A solid wooden leg turned at your table! Yes - that's exactly what the Angelino Bold wooden legs are. Without a doubt, it is designed for large massive tables that can reach up to 2m in size ! If this model is too big for you and you like the design, take a look at the description below and click on the link to the thinner version.<\/p>\n<p>&nbsp;<\/p>\n<p>Don't have the quantity you need in stock? Write to us!<\/p>","protected":false},"featured_media":5467,"template":"","meta":[],"product_brand":[],"product_cat":[79,66],"product_tag":[],"class_list":{"0":"post-5465","1":"product","2":"type-product","3":"status-publish","4":"has-post-thumbnail","6":"product_cat-nogi-do-stolu","7":"product_cat-nogi-toczone","9":"first","10":"instock","11":"taxable","12":"shipping-taxable","13":"purchasable","14":"product-type-variable"},"yoast_head":"<!-- This site is optimized with the Yoast SEO plugin v26.2 - https:\/\/yoast.com\/wordpress\/plugins\/seo\/ -->\n<title>Nogi drewniane Angelino Pogrubiona - Nogi do sto\u0142u - Woodlegs<\/title>\n<meta name=\"description\" content=\"Nogi drewniane Angelino Pogrubiona to model idealny do du\u017cego sto\u0142u. Nogi charakteryzuj\u0105 si\u0119 pi\u0119knym delikatnym toczeniem. Zobacz pozosta\u0142e nasze modele!\" \/>\n<meta name=\"robots\" content=\"index, follow, max-snippet:-1, max-image-preview:large, max-video-preview:-1\" \/>\n<link rel=\"canonical\" href=\"https:\/\/www.woodlegs.pl\/eng\/nogi-do-stolu\/nogi-drewniane-angelino-pogrubiona\/\" \/>\n<meta property=\"og:locale\" content=\"en_GB\" \/>\n<meta property=\"og:type\" content=\"article\" \/>\n<meta property=\"og:title\" content=\"Nogi drewniane Angelino Pogrubiona - Nogi do sto\u0142u - Woodlegs\" \/>\n<meta property=\"og:description\" content=\"Nogi drewniane Angelino Pogrubiona to model idealny do du\u017cego sto\u0142u. Nogi charakteryzuj\u0105 si\u0119 pi\u0119knym delikatnym toczeniem. Zobacz pozosta\u0142e nasze modele!\" \/>\n<meta property=\"og:url\" content=\"https:\/\/www.woodlegs.pl\/eng\/nogi-do-stolu\/nogi-drewniane-angelino-pogrubiona\/\" \/>\n<meta property=\"og:site_name\" content=\"Woodlegs Company\" \/>\n<meta property=\"article:publisher\" content=\"https:\/\/www.facebook.com\/woodlegs.company\" \/>\n<meta property=\"article:modified_time\" content=\"2026-03-23T15:37:21+00:00\" \/>\n<meta property=\"og:image\" content=\"https:\/\/www.woodlegs.pl\/wp-content\/uploads\/2024\/01\/Angelino-gruba-2.png\" \/>\n\t<meta property=\"og:image:width\" content=\"1000\" \/>\n\t<meta property=\"og:image:height\" content=\"1000\" \/>\n\t<meta property=\"og:image:type\" content=\"image\/png\" \/>\n<meta name=\"twitter:card\" content=\"summary_large_image\" \/>\n<meta name=\"twitter:label1\" content=\"Estimated reading time\" \/>\n\t<meta name=\"twitter:data1\" content=\"1 minute\" \/>\n<script type=\"application\/ld+json\" class=\"yoast-schema-graph\">{\"@context\":\"https:\/\/schema.org\",\"@graph\":[{\"@type\":\"WebPage\",\"@id\":\"https:\/\/www.woodlegs.pl\/nogi-do-stolu\/nogi-drewniane-angelino-pogrubiona\/\",\"url\":\"https:\/\/www.woodlegs.pl\/nogi-do-stolu\/nogi-drewniane-angelino-pogrubiona\/\",\"name\":\"Nogi drewniane Angelino Pogrubiona - Nogi do sto\u0142u - Woodlegs\",\"isPartOf\":{\"@id\":\"http:\/\/www.woodlegs.pl\/#website\"},\"primaryImageOfPage\":{\"@id\":\"https:\/\/www.woodlegs.pl\/nogi-do-stolu\/nogi-drewniane-angelino-pogrubiona\/#primaryimage\"},\"image\":{\"@id\":\"https:\/\/www.woodlegs.pl\/nogi-do-stolu\/nogi-drewniane-angelino-pogrubiona\/#primaryimage\"},\"thumbnailUrl\":\"https:\/\/www.woodlegs.pl\/wp-content\/uploads\/2024\/01\/Angelino-gruba-2.png\",\"datePublished\":\"2024-01-03T09:10:31+00:00\",\"dateModified\":\"2026-03-23T15:37:21+00:00\",\"description\":\"Nogi drewniane Angelino Pogrubiona to model idealny do du\u017cego sto\u0142u. Nogi charakteryzuj\u0105 si\u0119 pi\u0119knym delikatnym toczeniem. Zobacz pozosta\u0142e nasze modele!\",\"breadcrumb\":{\"@id\":\"https:\/\/www.woodlegs.pl\/nogi-do-stolu\/nogi-drewniane-angelino-pogrubiona\/#breadcrumb\"},\"inLanguage\":\"en-GB\",\"potentialAction\":[{\"@type\":\"ReadAction\",\"target\":[\"https:\/\/www.woodlegs.pl\/nogi-do-stolu\/nogi-drewniane-angelino-pogrubiona\/\"]}]},{\"@type\":\"ImageObject\",\"inLanguage\":\"en-GB\",\"@id\":\"https:\/\/www.woodlegs.pl\/nogi-do-stolu\/nogi-drewniane-angelino-pogrubiona\/#primaryimage\",\"url\":\"https:\/\/www.woodlegs.pl\/wp-content\/uploads\/2024\/01\/Angelino-gruba-2.png\",\"contentUrl\":\"https:\/\/www.woodlegs.pl\/wp-content\/uploads\/2024\/01\/Angelino-gruba-2.png\",\"width\":1000,\"height\":1000,\"caption\":\"nogi-drewniane-angelino-pogrubiona-nogi-toczone-nogi-do-stolu-producent-nog-drewnianych-producent-elementow-drewnianych-woodlegs-woodlegs-company-wooden-legs-woodenleg-wooden-leg\"},{\"@type\":\"BreadcrumbList\",\"@id\":\"https:\/\/www.woodlegs.pl\/nogi-do-stolu\/nogi-drewniane-angelino-pogrubiona\/#breadcrumb\",\"itemListElement\":[{\"@type\":\"ListItem\",\"position\":1,\"name\":\"Strona g\u0142\u00f3wna\",\"item\":\"http:\/\/www.woodlegs.pl\/\"},{\"@type\":\"ListItem\",\"position\":2,\"name\":\"Sklep\",\"item\":\"http:\/\/www.woodlegs.pl\/sklep\/\"},{\"@type\":\"ListItem\",\"position\":3,\"name\":\"Nogi drewniane Angelino Pogrubiona\"}]},{\"@type\":\"WebSite\",\"@id\":\"http:\/\/www.woodlegs.pl\/#website\",\"url\":\"http:\/\/www.woodlegs.pl\/\",\"name\":\"Woodlegs\",\"description\":\"Producent n\u00f3g drewnianych, produkcja n\u00f3g drewnianych\",\"publisher\":{\"@id\":\"http:\/\/www.woodlegs.pl\/#organization\"},\"potentialAction\":[{\"@type\":\"SearchAction\",\"target\":{\"@type\":\"EntryPoint\",\"urlTemplate\":\"http:\/\/www.woodlegs.pl\/?s={search_term_string}\"},\"query-input\":{\"@type\":\"PropertyValueSpecification\",\"valueRequired\":true,\"valueName\":\"search_term_string\"}}],\"inLanguage\":\"en-GB\"},{\"@type\":\"Organization\",\"@id\":\"http:\/\/www.woodlegs.pl\/#organization\",\"name\":\"Woodlegs Company\",\"url\":\"http:\/\/www.woodlegs.pl\/\",\"logo\":{\"@type\":\"ImageObject\",\"inLanguage\":\"en-GB\",\"@id\":\"http:\/\/www.woodlegs.pl\/#\/schema\/logo\/image\/\",\"url\":\"https:\/\/www.woodlegs.pl\/wp-content\/uploads\/2023\/03\/logo-3.png\",\"contentUrl\":\"https:\/\/www.woodlegs.pl\/wp-content\/uploads\/2023\/03\/logo-3.png\",\"width\":605,\"height\":234,\"caption\":\"Woodlegs Company\"},\"image\":{\"@id\":\"http:\/\/www.woodlegs.pl\/#\/schema\/logo\/image\/\"},\"sameAs\":[\"https:\/\/www.facebook.com\/woodlegs.company\",\"https:\/\/www.instagram.com\/woodlegs_company\/\"]}]}<\/script>\n<!-- \/ Yoast SEO plugin. -->","yoast_head_json":{"title":"Nogi drewniane Angelino Pogrubiona - Nogi do sto\u0142u - Woodlegs","description":"Nogi drewniane Angelino Pogrubiona to model idealny do du\u017cego sto\u0142u. Nogi charakteryzuj\u0105 si\u0119 pi\u0119knym delikatnym toczeniem. Zobacz pozosta\u0142e nasze modele!","robots":{"index":"index","follow":"follow","max-snippet":"max-snippet:-1","max-image-preview":"max-image-preview:large","max-video-preview":"max-video-preview:-1"},"canonical":"https:\/\/www.woodlegs.pl\/eng\/nogi-do-stolu\/nogi-drewniane-angelino-pogrubiona\/","og_locale":"en_GB","og_type":"article","og_title":"Nogi drewniane Angelino Pogrubiona - Nogi do sto\u0142u - Woodlegs","og_description":"Nogi drewniane Angelino Pogrubiona to model idealny do du\u017cego sto\u0142u. Nogi charakteryzuj\u0105 si\u0119 pi\u0119knym delikatnym toczeniem. Zobacz pozosta\u0142e nasze modele!","og_url":"https:\/\/www.woodlegs.pl\/eng\/nogi-do-stolu\/nogi-drewniane-angelino-pogrubiona\/","og_site_name":"Woodlegs Company","article_publisher":"https:\/\/www.facebook.com\/woodlegs.company","article_modified_time":"2026-03-23T15:37:21+00:00","og_image":[{"width":1000,"height":1000,"url":"https:\/\/www.woodlegs.pl\/wp-content\/uploads\/2024\/01\/Angelino-gruba-2.png","type":"image\/png"}],"twitter_card":"summary_large_image","twitter_misc":{"Estimated reading time":"1 minute"},"schema":{"@context":"https:\/\/schema.org","@graph":[{"@type":"WebPage","@id":"https:\/\/www.woodlegs.pl\/nogi-do-stolu\/nogi-drewniane-angelino-pogrubiona\/","url":"https:\/\/www.woodlegs.pl\/nogi-do-stolu\/nogi-drewniane-angelino-pogrubiona\/","name":"Nogi drewniane Angelino Pogrubiona - Nogi do sto\u0142u - Woodlegs","isPartOf":{"@id":"http:\/\/www.woodlegs.pl\/#website"},"primaryImageOfPage":{"@id":"https:\/\/www.woodlegs.pl\/nogi-do-stolu\/nogi-drewniane-angelino-pogrubiona\/#primaryimage"},"image":{"@id":"https:\/\/www.woodlegs.pl\/nogi-do-stolu\/nogi-drewniane-angelino-pogrubiona\/#primaryimage"},"thumbnailUrl":"https:\/\/www.woodlegs.pl\/wp-content\/uploads\/2024\/01\/Angelino-gruba-2.png","datePublished":"2024-01-03T09:10:31+00:00","dateModified":"2026-03-23T15:37:21+00:00","description":"Nogi drewniane Angelino Pogrubiona to model idealny do du\u017cego sto\u0142u. Nogi charakteryzuj\u0105 si\u0119 pi\u0119knym delikatnym toczeniem. Zobacz pozosta\u0142e nasze modele!","breadcrumb":{"@id":"https:\/\/www.woodlegs.pl\/nogi-do-stolu\/nogi-drewniane-angelino-pogrubiona\/#breadcrumb"},"inLanguage":"en-GB","potentialAction":[{"@type":"ReadAction","target":["https:\/\/www.woodlegs.pl\/nogi-do-stolu\/nogi-drewniane-angelino-pogrubiona\/"]}]},{"@type":"ImageObject","inLanguage":"en-GB","@id":"https:\/\/www.woodlegs.pl\/nogi-do-stolu\/nogi-drewniane-angelino-pogrubiona\/#primaryimage","url":"https:\/\/www.woodlegs.pl\/wp-content\/uploads\/2024\/01\/Angelino-gruba-2.png","contentUrl":"https:\/\/www.woodlegs.pl\/wp-content\/uploads\/2024\/01\/Angelino-gruba-2.png","width":1000,"height":1000,"caption":"nogi-drewniane-angelino-pogrubiona-nogi-toczone-nogi-do-stolu-producent-nog-drewnianych-producent-elementow-drewnianych-woodlegs-woodlegs-company-wooden-legs-woodenleg-wooden-leg"},{"@type":"BreadcrumbList","@id":"https:\/\/www.woodlegs.pl\/nogi-do-stolu\/nogi-drewniane-angelino-pogrubiona\/#breadcrumb","itemListElement":[{"@type":"ListItem","position":1,"name":"Strona g\u0142\u00f3wna","item":"http:\/\/www.woodlegs.pl\/"},{"@type":"ListItem","position":2,"name":"Sklep","item":"http:\/\/www.woodlegs.pl\/sklep\/"},{"@type":"ListItem","position":3,"name":"Nogi drewniane Angelino Pogrubiona"}]},{"@type":"WebSite","@id":"http:\/\/www.woodlegs.pl\/#website","url":"http:\/\/www.woodlegs.pl\/","name":"Woodlegs","description":"Producent n\u00f3g drewnianych, produkcja n\u00f3g drewnianych","publisher":{"@id":"http:\/\/www.woodlegs.pl\/#organization"},"potentialAction":[{"@type":"SearchAction","target":{"@type":"EntryPoint","urlTemplate":"http:\/\/www.woodlegs.pl\/?s={search_term_string}"},"query-input":{"@type":"PropertyValueSpecification","valueRequired":true,"valueName":"search_term_string"}}],"inLanguage":"en-GB"},{"@type":"Organization","@id":"http:\/\/www.woodlegs.pl\/#organization","name":"Woodlegs Company","url":"http:\/\/www.woodlegs.pl\/","logo":{"@type":"ImageObject","inLanguage":"en-GB","@id":"http:\/\/www.woodlegs.pl\/#\/schema\/logo\/image\/","url":"https:\/\/www.woodlegs.pl\/wp-content\/uploads\/2023\/03\/logo-3.png","contentUrl":"https:\/\/www.woodlegs.pl\/wp-content\/uploads\/2023\/03\/logo-3.png","width":605,"height":234,"caption":"Woodlegs Company"},"image":{"@id":"http:\/\/www.woodlegs.pl\/#\/schema\/logo\/image\/"},"sameAs":["https:\/\/www.facebook.com\/woodlegs.company","https:\/\/www.instagram.com\/woodlegs_company\/"]}]}},"_links":{"self":[{"href":"https:\/\/www.woodlegs.pl\/eng\/wp-json\/wp\/v2\/product\/5465","targetHints":{"allow":["GET"]}}],"collection":[{"href":"https:\/\/www.woodlegs.pl\/eng\/wp-json\/wp\/v2\/product"}],"about":[{"href":"https:\/\/www.woodlegs.pl\/eng\/wp-json\/wp\/v2\/types\/product"}],"wp:featuredmedia":[{"embeddable":true,"href":"https:\/\/www.woodlegs.pl\/eng\/wp-json\/wp\/v2\/media\/5467"}],"wp:attachment":[{"href":"https:\/\/www.woodlegs.pl\/eng\/wp-json\/wp\/v2\/media?parent=5465"}],"wp:term":[{"taxonomy":"product_brand","embeddable":true,"href":"https:\/\/www.woodlegs.pl\/eng\/wp-json\/wp\/v2\/product_brand?post=5465"},{"taxonomy":"product_cat","embeddable":true,"href":"https:\/\/www.woodlegs.pl\/eng\/wp-json\/wp\/v2\/product_cat?post=5465"},{"taxonomy":"product_tag","embeddable":true,"href":"https:\/\/www.woodlegs.pl\/eng\/wp-json\/wp\/v2\/product_tag?post=5465"}],"curies":[{"name":"wp","href":"https:\/\/api.w.org\/{rel}","templated":true}]}}