{"id":5585,"date":"2024-02-15T14:50:51","date_gmt":"2024-02-15T13:50:51","guid":{"rendered":"https:\/\/www.woodlegs.pl\/?post_type=product&#038;p=5585"},"modified":"2026-03-23T20:09:06","modified_gmt":"2026-03-23T19:09:06","slug":"nogi-drewniane-kwadrat-8x8-cm-pelny","status":"publish","type":"product","link":"https:\/\/www.woodlegs.pl\/eng\/nogi-do-stolu\/nogi-drewniane-kwadrat-8x8-cm-pelny\/","title":{"rendered":"Wooden legs Square 8\u00d78 cm solid"},"content":{"rendered":"<p>Wooden legs square with a top section of 8\u00d78 cm, total height 73 cm. Made of beech or oak wood. Beech leg shown in the photo.  Solid inside legs - made of solid wood .  The edges are chamfered, the whole leg is sanded ready for varnishing.<\/p>","protected":false},"excerpt":{"rendered":"<p>Do you need more than what is in stock? - Write to us!<\/p>","protected":false},"featured_media":3966,"template":"","meta":[],"product_brand":[],"product_cat":[79,71],"product_tag":[],"class_list":{"0":"post-5585","1":"product","2":"type-product","3":"status-publish","4":"has-post-thumbnail","6":"product_cat-nogi-do-stolu","7":"product_cat-nogi-drewniane-kwadrat","9":"first","10":"instock","11":"taxable","12":"shipping-taxable","13":"purchasable","14":"product-type-variable"},"yoast_head":"<!-- This site is optimized with the Yoast SEO plugin v26.2 - https:\/\/yoast.com\/wordpress\/plugins\/seo\/ -->\n<title>Nogi drewniane Kwadrat 8x8 cm pe\u0142ny - Woodlegs Company<\/title>\n<meta name=\"description\" content=\"Nogi drewniane kwadrat 8x8 pe\u0142ne w \u015brodku, nogi o przekroju kwadratu i wysoko\u015bci 73 cm, kt\u00f3ra idealnie sprawdza si\u0119 jako nogi do sto\u0142u.Sprawd\u017a ca\u0142\u0105 kolekcj\u0119\" \/>\n<meta name=\"robots\" content=\"index, follow, max-snippet:-1, max-image-preview:large, max-video-preview:-1\" \/>\n<link rel=\"canonical\" href=\"https:\/\/www.woodlegs.pl\/eng\/nogi-do-stolu\/nogi-drewniane-kwadrat-8x8-cm-pelny\/\" \/>\n<meta property=\"og:locale\" content=\"en_GB\" \/>\n<meta property=\"og:type\" content=\"article\" \/>\n<meta property=\"og:title\" content=\"Nogi drewniane Kwadrat 8x8 cm pe\u0142ny - Woodlegs Company\" \/>\n<meta property=\"og:description\" content=\"Nogi drewniane kwadrat 8x8 pe\u0142ne w \u015brodku, nogi o przekroju kwadratu i wysoko\u015bci 73 cm, kt\u00f3ra idealnie sprawdza si\u0119 jako nogi do sto\u0142u.Sprawd\u017a ca\u0142\u0105 kolekcj\u0119\" \/>\n<meta property=\"og:url\" content=\"https:\/\/www.woodlegs.pl\/eng\/nogi-do-stolu\/nogi-drewniane-kwadrat-8x8-cm-pelny\/\" \/>\n<meta property=\"og:site_name\" content=\"Woodlegs Company\" \/>\n<meta property=\"article:publisher\" content=\"https:\/\/www.facebook.com\/woodlegs.company\" \/>\n<meta property=\"article:modified_time\" content=\"2026-03-23T19:09:06+00:00\" \/>\n<meta property=\"og:image\" content=\"https:\/\/www.woodlegs.pl\/wp-content\/uploads\/2023\/03\/Kwadrat-80x80-1.jpg\" \/>\n\t<meta property=\"og:image:width\" content=\"1000\" \/>\n\t<meta property=\"og:image:height\" content=\"1000\" \/>\n\t<meta property=\"og:image:type\" content=\"image\/jpeg\" \/>\n<meta name=\"twitter:card\" content=\"summary_large_image\" \/>\n<meta name=\"twitter:label1\" content=\"Estimated reading time\" \/>\n\t<meta name=\"twitter:data1\" content=\"1 minute\" \/>\n<script type=\"application\/ld+json\" class=\"yoast-schema-graph\">{\"@context\":\"https:\/\/schema.org\",\"@graph\":[{\"@type\":\"WebPage\",\"@id\":\"https:\/\/www.woodlegs.pl\/nogi-do-stolu\/nogi-drewniane-kwadrat-8x8-cm-pelny\/\",\"url\":\"https:\/\/www.woodlegs.pl\/nogi-do-stolu\/nogi-drewniane-kwadrat-8x8-cm-pelny\/\",\"name\":\"Nogi drewniane Kwadrat 8x8 cm pe\u0142ny - Woodlegs Company\",\"isPartOf\":{\"@id\":\"http:\/\/www.woodlegs.pl\/#website\"},\"primaryImageOfPage\":{\"@id\":\"https:\/\/www.woodlegs.pl\/nogi-do-stolu\/nogi-drewniane-kwadrat-8x8-cm-pelny\/#primaryimage\"},\"image\":{\"@id\":\"https:\/\/www.woodlegs.pl\/nogi-do-stolu\/nogi-drewniane-kwadrat-8x8-cm-pelny\/#primaryimage\"},\"thumbnailUrl\":\"https:\/\/www.woodlegs.pl\/wp-content\/uploads\/2023\/03\/Kwadrat-80x80-1.jpg\",\"datePublished\":\"2024-02-15T13:50:51+00:00\",\"dateModified\":\"2026-03-23T19:09:06+00:00\",\"description\":\"Nogi drewniane kwadrat 8x8 pe\u0142ne w \u015brodku, nogi o przekroju kwadratu i wysoko\u015bci 73 cm, kt\u00f3ra idealnie sprawdza si\u0119 jako nogi do sto\u0142u.Sprawd\u017a ca\u0142\u0105 kolekcj\u0119\",\"breadcrumb\":{\"@id\":\"https:\/\/www.woodlegs.pl\/nogi-do-stolu\/nogi-drewniane-kwadrat-8x8-cm-pelny\/#breadcrumb\"},\"inLanguage\":\"en-GB\",\"potentialAction\":[{\"@type\":\"ReadAction\",\"target\":[\"https:\/\/www.woodlegs.pl\/nogi-do-stolu\/nogi-drewniane-kwadrat-8x8-cm-pelny\/\"]}]},{\"@type\":\"ImageObject\",\"inLanguage\":\"en-GB\",\"@id\":\"https:\/\/www.woodlegs.pl\/nogi-do-stolu\/nogi-drewniane-kwadrat-8x8-cm-pelny\/#primaryimage\",\"url\":\"https:\/\/www.woodlegs.pl\/wp-content\/uploads\/2023\/03\/Kwadrat-80x80-1.jpg\",\"contentUrl\":\"https:\/\/www.woodlegs.pl\/wp-content\/uploads\/2023\/03\/Kwadrat-80x80-1.jpg\",\"width\":1000,\"height\":1000,\"caption\":\"nogi-drewniane-do-stolu-kwadrat-8x8-cm-woodlegs-producent-nog-drewnianych-noga-kwadrat-noga-do-stolu-nogi-bukowe-woodlegscompany\"},{\"@type\":\"BreadcrumbList\",\"@id\":\"https:\/\/www.woodlegs.pl\/nogi-do-stolu\/nogi-drewniane-kwadrat-8x8-cm-pelny\/#breadcrumb\",\"itemListElement\":[{\"@type\":\"ListItem\",\"position\":1,\"name\":\"Strona g\u0142\u00f3wna\",\"item\":\"http:\/\/www.woodlegs.pl\/\"},{\"@type\":\"ListItem\",\"position\":2,\"name\":\"Sklep\",\"item\":\"http:\/\/www.woodlegs.pl\/sklep\/\"},{\"@type\":\"ListItem\",\"position\":3,\"name\":\"Nogi drewniane Kwadrat 8&#215;8 cm pe\u0142ny\"}]},{\"@type\":\"WebSite\",\"@id\":\"http:\/\/www.woodlegs.pl\/#website\",\"url\":\"http:\/\/www.woodlegs.pl\/\",\"name\":\"Woodlegs\",\"description\":\"Producent n\u00f3g drewnianych, produkcja n\u00f3g drewnianych\",\"publisher\":{\"@id\":\"http:\/\/www.woodlegs.pl\/#organization\"},\"potentialAction\":[{\"@type\":\"SearchAction\",\"target\":{\"@type\":\"EntryPoint\",\"urlTemplate\":\"http:\/\/www.woodlegs.pl\/?s={search_term_string}\"},\"query-input\":{\"@type\":\"PropertyValueSpecification\",\"valueRequired\":true,\"valueName\":\"search_term_string\"}}],\"inLanguage\":\"en-GB\"},{\"@type\":\"Organization\",\"@id\":\"http:\/\/www.woodlegs.pl\/#organization\",\"name\":\"Woodlegs Company\",\"url\":\"http:\/\/www.woodlegs.pl\/\",\"logo\":{\"@type\":\"ImageObject\",\"inLanguage\":\"en-GB\",\"@id\":\"http:\/\/www.woodlegs.pl\/#\/schema\/logo\/image\/\",\"url\":\"https:\/\/www.woodlegs.pl\/wp-content\/uploads\/2023\/03\/logo-3.png\",\"contentUrl\":\"https:\/\/www.woodlegs.pl\/wp-content\/uploads\/2023\/03\/logo-3.png\",\"width\":605,\"height\":234,\"caption\":\"Woodlegs Company\"},\"image\":{\"@id\":\"http:\/\/www.woodlegs.pl\/#\/schema\/logo\/image\/\"},\"sameAs\":[\"https:\/\/www.facebook.com\/woodlegs.company\",\"https:\/\/www.instagram.com\/woodlegs_company\/\"]}]}<\/script>\n<!-- \/ Yoast SEO plugin. -->","yoast_head_json":{"title":"Nogi drewniane Kwadrat 8x8 cm pe\u0142ny - Woodlegs Company","description":"Nogi drewniane kwadrat 8x8 pe\u0142ne w \u015brodku, nogi o przekroju kwadratu i wysoko\u015bci 73 cm, kt\u00f3ra idealnie sprawdza si\u0119 jako nogi do sto\u0142u.Sprawd\u017a ca\u0142\u0105 kolekcj\u0119","robots":{"index":"index","follow":"follow","max-snippet":"max-snippet:-1","max-image-preview":"max-image-preview:large","max-video-preview":"max-video-preview:-1"},"canonical":"https:\/\/www.woodlegs.pl\/eng\/nogi-do-stolu\/nogi-drewniane-kwadrat-8x8-cm-pelny\/","og_locale":"en_GB","og_type":"article","og_title":"Nogi drewniane Kwadrat 8x8 cm pe\u0142ny - Woodlegs Company","og_description":"Nogi drewniane kwadrat 8x8 pe\u0142ne w \u015brodku, nogi o przekroju kwadratu i wysoko\u015bci 73 cm, kt\u00f3ra idealnie sprawdza si\u0119 jako nogi do sto\u0142u.Sprawd\u017a ca\u0142\u0105 kolekcj\u0119","og_url":"https:\/\/www.woodlegs.pl\/eng\/nogi-do-stolu\/nogi-drewniane-kwadrat-8x8-cm-pelny\/","og_site_name":"Woodlegs Company","article_publisher":"https:\/\/www.facebook.com\/woodlegs.company","article_modified_time":"2026-03-23T19:09:06+00:00","og_image":[{"width":1000,"height":1000,"url":"https:\/\/www.woodlegs.pl\/wp-content\/uploads\/2023\/03\/Kwadrat-80x80-1.jpg","type":"image\/jpeg"}],"twitter_card":"summary_large_image","twitter_misc":{"Estimated reading time":"1 minute"},"schema":{"@context":"https:\/\/schema.org","@graph":[{"@type":"WebPage","@id":"https:\/\/www.woodlegs.pl\/nogi-do-stolu\/nogi-drewniane-kwadrat-8x8-cm-pelny\/","url":"https:\/\/www.woodlegs.pl\/nogi-do-stolu\/nogi-drewniane-kwadrat-8x8-cm-pelny\/","name":"Nogi drewniane Kwadrat 8x8 cm pe\u0142ny - Woodlegs Company","isPartOf":{"@id":"http:\/\/www.woodlegs.pl\/#website"},"primaryImageOfPage":{"@id":"https:\/\/www.woodlegs.pl\/nogi-do-stolu\/nogi-drewniane-kwadrat-8x8-cm-pelny\/#primaryimage"},"image":{"@id":"https:\/\/www.woodlegs.pl\/nogi-do-stolu\/nogi-drewniane-kwadrat-8x8-cm-pelny\/#primaryimage"},"thumbnailUrl":"https:\/\/www.woodlegs.pl\/wp-content\/uploads\/2023\/03\/Kwadrat-80x80-1.jpg","datePublished":"2024-02-15T13:50:51+00:00","dateModified":"2026-03-23T19:09:06+00:00","description":"Nogi drewniane kwadrat 8x8 pe\u0142ne w \u015brodku, nogi o przekroju kwadratu i wysoko\u015bci 73 cm, kt\u00f3ra idealnie sprawdza si\u0119 jako nogi do sto\u0142u.Sprawd\u017a ca\u0142\u0105 kolekcj\u0119","breadcrumb":{"@id":"https:\/\/www.woodlegs.pl\/nogi-do-stolu\/nogi-drewniane-kwadrat-8x8-cm-pelny\/#breadcrumb"},"inLanguage":"en-GB","potentialAction":[{"@type":"ReadAction","target":["https:\/\/www.woodlegs.pl\/nogi-do-stolu\/nogi-drewniane-kwadrat-8x8-cm-pelny\/"]}]},{"@type":"ImageObject","inLanguage":"en-GB","@id":"https:\/\/www.woodlegs.pl\/nogi-do-stolu\/nogi-drewniane-kwadrat-8x8-cm-pelny\/#primaryimage","url":"https:\/\/www.woodlegs.pl\/wp-content\/uploads\/2023\/03\/Kwadrat-80x80-1.jpg","contentUrl":"https:\/\/www.woodlegs.pl\/wp-content\/uploads\/2023\/03\/Kwadrat-80x80-1.jpg","width":1000,"height":1000,"caption":"nogi-drewniane-do-stolu-kwadrat-8x8-cm-woodlegs-producent-nog-drewnianych-noga-kwadrat-noga-do-stolu-nogi-bukowe-woodlegscompany"},{"@type":"BreadcrumbList","@id":"https:\/\/www.woodlegs.pl\/nogi-do-stolu\/nogi-drewniane-kwadrat-8x8-cm-pelny\/#breadcrumb","itemListElement":[{"@type":"ListItem","position":1,"name":"Strona g\u0142\u00f3wna","item":"http:\/\/www.woodlegs.pl\/"},{"@type":"ListItem","position":2,"name":"Sklep","item":"http:\/\/www.woodlegs.pl\/sklep\/"},{"@type":"ListItem","position":3,"name":"Nogi drewniane Kwadrat 8&#215;8 cm pe\u0142ny"}]},{"@type":"WebSite","@id":"http:\/\/www.woodlegs.pl\/#website","url":"http:\/\/www.woodlegs.pl\/","name":"Woodlegs","description":"Producent n\u00f3g drewnianych, produkcja n\u00f3g drewnianych","publisher":{"@id":"http:\/\/www.woodlegs.pl\/#organization"},"potentialAction":[{"@type":"SearchAction","target":{"@type":"EntryPoint","urlTemplate":"http:\/\/www.woodlegs.pl\/?s={search_term_string}"},"query-input":{"@type":"PropertyValueSpecification","valueRequired":true,"valueName":"search_term_string"}}],"inLanguage":"en-GB"},{"@type":"Organization","@id":"http:\/\/www.woodlegs.pl\/#organization","name":"Woodlegs Company","url":"http:\/\/www.woodlegs.pl\/","logo":{"@type":"ImageObject","inLanguage":"en-GB","@id":"http:\/\/www.woodlegs.pl\/#\/schema\/logo\/image\/","url":"https:\/\/www.woodlegs.pl\/wp-content\/uploads\/2023\/03\/logo-3.png","contentUrl":"https:\/\/www.woodlegs.pl\/wp-content\/uploads\/2023\/03\/logo-3.png","width":605,"height":234,"caption":"Woodlegs Company"},"image":{"@id":"http:\/\/www.woodlegs.pl\/#\/schema\/logo\/image\/"},"sameAs":["https:\/\/www.facebook.com\/woodlegs.company","https:\/\/www.instagram.com\/woodlegs_company\/"]}]}},"_links":{"self":[{"href":"https:\/\/www.woodlegs.pl\/eng\/wp-json\/wp\/v2\/product\/5585","targetHints":{"allow":["GET"]}}],"collection":[{"href":"https:\/\/www.woodlegs.pl\/eng\/wp-json\/wp\/v2\/product"}],"about":[{"href":"https:\/\/www.woodlegs.pl\/eng\/wp-json\/wp\/v2\/types\/product"}],"wp:featuredmedia":[{"embeddable":true,"href":"https:\/\/www.woodlegs.pl\/eng\/wp-json\/wp\/v2\/media\/3966"}],"wp:attachment":[{"href":"https:\/\/www.woodlegs.pl\/eng\/wp-json\/wp\/v2\/media?parent=5585"}],"wp:term":[{"taxonomy":"product_brand","embeddable":true,"href":"https:\/\/www.woodlegs.pl\/eng\/wp-json\/wp\/v2\/product_brand?post=5585"},{"taxonomy":"product_cat","embeddable":true,"href":"https:\/\/www.woodlegs.pl\/eng\/wp-json\/wp\/v2\/product_cat?post=5585"},{"taxonomy":"product_tag","embeddable":true,"href":"https:\/\/www.woodlegs.pl\/eng\/wp-json\/wp\/v2\/product_tag?post=5585"}],"curies":[{"name":"wp","href":"https:\/\/api.w.org\/{rel}","templated":true}]}}