{"id":5889,"date":"2024-05-24T14:39:48","date_gmt":"2024-05-24T12:39:48","guid":{"rendered":"https:\/\/www.woodlegs.pl\/?post_type=product&#038;p=5889"},"modified":"2026-04-11T10:13:12","modified_gmt":"2026-04-11T08:13:12","slug":"nogi-drewniane-japandi-i","status":"publish","type":"product","link":"https:\/\/www.woodlegs.pl\/eng\/nogi-toczone\/nogi-drewniane-japandi-i\/","title":{"rendered":"Wooden legs Japandi I"},"content":{"rendered":"<h1><strong>Japandi I wood legs are the trend of 2025!<\/strong><\/h1>\n<p>Je\u015bli pragniesz mie\u0107 st\u00f3\u0142 przyci\u0105gaj\u0105cy uwag\u0119 ka\u017cdego go\u015bcia, wybierz nogi drewniane Japandi I. Zdecyduj si\u0119 na wyb\u00f3r tego modelu n\u00f3g! Wyst\u0119puje w 3 wariantach, aby zapewni\u0107 Ci wyb\u00f3r dopasowany do Twoich potrzeb!<\/p>\n<hr \/>\n<p><strong>Japandi style characteristics<\/strong><\/p>\n<p>Styl Japandi to po\u0142\u0105czenie japo\u0144skiego spokoju i skandynawskiej prostoty. Charakteryzuje si\u0119 minimalizmem i oszcz\u0119dno\u015bci\u0105 formy, we wn\u0119trzach panuj\u0105 jasne, stonowane kolory oraz drewno, kt\u00f3re nadaje przytulno\u015bci i naturalno\u015bci ca\u0142emu pomieszczeniu. W tym stylu dominuje przede wszystkim umiar, symetria i harmonia nawi\u0105zuj\u0105ca do naturalnego \u015bwiata. Nale\u017cy unika\u0107 wszelkich krzykliwych kolor\u00f3w i przesadzonych form. Drewno to produkt szlachetny, wyj\u0105tkowy i naturalny \u2013 wyb\u00f3r n\u00f3g toczonych w tym stylu nada ciep\u0142a i przytulno\u015bci Twojemu wn\u0119trzu.<\/p>\n<hr \/>\n<p><strong>Nogi drewniane Japandi I \u2013 co musisz wiedzie\u0107<\/strong><\/p>\n<p>Kolekcja n\u00f3g toczonych Japandi to walec stworzony w 3 wersjach, aby da\u0107 Ci realny wyb\u00f3r! Nogi drewniane Japandi I, kt\u00f3re widzisz w tej ofercie, charakteryzuj\u0105 si\u0119 symetrycznym wci\u0119ciem na r\u00f3wnej po\u0142owie d\u0142ugo\u015bci nogi, tworz\u0105c odbicie lustrzane dw\u00f3ch po\u0142\u00f3wek. Zobacz pozosta\u0142e wersje n\u00f3g drewnianych Japandi \u2013 kliknij w nazw\u0119 i przenie\u015b si\u0119 do produkt\u00f3w <strong>Japandi II<\/strong> and <strong>Japandi III<\/strong>.<\/p>\n<p>\u015arednica n\u00f3g wynosi 15 cm, a ca\u0142kowita wysoko\u015b\u0107 nogi 73 cm. Niew\u0105tpliwie jest to standard wysoko\u015bci n\u00f3g do sto\u0142u czy n\u00f3g do biurka. Wszystkie nasze produkty mo\u017cesz zam\u00f3wi\u0107 z drewna bukowego lub d\u0119bowego. Wykorzystujemy drewno w najwy\u017cszej jako\u015bci.<\/p>\n<p>W przypadku n\u00f3g d\u0119bowych zastosowali\u015bmy wype\u0142nienie bukowe, dzi\u0119ki czemu zyskujesz wygl\u0105d szlachetnego d\u0119bu przy jednocze\u015bnie bardzo atrakcyjnej cenie ko\u0144cowej produktu. To sprytne rozwi\u0105zanie pozwala po\u0142\u0105czy\u0107 estetyk\u0119 d\u0119bu z korzystniejszym kosztem zakupu. Kupuj\u0105c nasze produkty, z pewno\u015bci\u0105 oszcz\u0119dzasz sw\u00f3j czas i czas pracownik\u00f3w! Ka\u017cdy nasz produkt jest odpowiednio wyszlifowany, dzi\u0119ki czemu otrzymujesz nogi gotowe do przekazania bezpo\u015brednio na lakierni\u0119.<\/p>\n<p>Godne uwagi jest, \u017ce nasze nogi drewniane Japandi I mo\u017cesz bejcowa\u0107, lakierowa\u0107 i olejowa\u0107 bezpo\u015brednio po otrzymaniu. To od Ciebie zale\u017cy, jakie wyko\u0144czenie wybierzesz.<\/p>\n<p>Bezsprzecznym aspektem jest fakt, \u017ce wybieraj\u0105c nasze produkty, przyczyniasz si\u0119 do zr\u00f3wnowa\u017conej gospodarki le\u015bnej. Dbamy o \u015brodowisko i lasy, dlatego produkujemy tylko z drewna certyfikowanego FSC.<\/p>\n<hr \/>\n<p><strong>Important information!<\/strong><\/p>\n<p>Nogi wyprodukowane z drewna bukowego s\u0105 dost\u0119pne na stanie magazynowym, kt\u00f3ry jest regularnie uzupe\u0142niany. Czas wysy\u0142ki wynosi zazwyczaj 1\u20132 dni robocze.<\/p>\n<p>Nogi s\u0105 wykonane z litego drewna, dlatego nie mamy wp\u0142ywu na uk\u0142ad s\u0142oj\u00f3w oraz delikatne przebarwienia \u2013 to naturalne cechy prawdziwego drewna, kt\u00f3re czyni\u0105 ka\u017cdy egzemplarz unikatowym.<\/p>","protected":false},"excerpt":{"rendered":"<p>Japandi I wooden legs are the HIT of 2025! Do you wish to have a table that attracts the attention of every guest? Decide to choose this leg model! Available in 3 variants! - The choice is yours!<\/p>\n<p>Don't delay order now and delight in your new table!<\/p>\n<p>&nbsp;<\/p>\n<p>Don't have the quantity you are interested in in stock? Write to us.<\/p>","protected":false},"featured_media":5916,"template":"","meta":[],"product_brand":[],"product_cat":[79,66],"product_tag":[],"class_list":{"0":"post-5889","1":"product","2":"type-product","3":"status-publish","4":"has-post-thumbnail","6":"product_cat-nogi-do-stolu","7":"product_cat-nogi-toczone","9":"first","10":"instock","11":"taxable","12":"shipping-taxable","13":"purchasable","14":"product-type-variable"},"yoast_head":"<!-- This site is optimized with the Yoast SEO plugin v26.2 - https:\/\/yoast.com\/wordpress\/plugins\/seo\/ -->\n<title>Nogi drewniane Japandi I - Nogi toczone do sto\u0142u - HIT 2025 !<\/title>\n<meta name=\"description\" content=\"Nogi drewniane Japandi I to HIT 2025 roku!Pragniesz mie\u0107 st\u00f3\u0142 przyci\u0105gaj\u0105cy uwag\u0119 ka\u017cdego go\u015bcia?Wybierz ten model n\u00f3g!Dost\u0119pny w 3 wariantach-Zobacz teraz!\" \/>\n<meta name=\"robots\" content=\"index, follow, max-snippet:-1, max-image-preview:large, max-video-preview:-1\" \/>\n<link rel=\"canonical\" href=\"https:\/\/www.woodlegs.pl\/eng\/nogi-toczone\/nogi-drewniane-japandi-i\/\" \/>\n<meta property=\"og:locale\" content=\"en_GB\" \/>\n<meta property=\"og:type\" content=\"article\" \/>\n<meta property=\"og:title\" content=\"Nogi drewniane Japandi I - Nogi toczone do sto\u0142u - HIT 2025 !\" \/>\n<meta property=\"og:description\" content=\"Nogi drewniane Japandi I to HIT 2025 roku!Pragniesz mie\u0107 st\u00f3\u0142 przyci\u0105gaj\u0105cy uwag\u0119 ka\u017cdego go\u015bcia?Wybierz ten model n\u00f3g!Dost\u0119pny w 3 wariantach-Zobacz teraz!\" \/>\n<meta property=\"og:url\" content=\"https:\/\/www.woodlegs.pl\/eng\/nogi-toczone\/nogi-drewniane-japandi-i\/\" \/>\n<meta property=\"og:site_name\" content=\"Woodlegs Company\" \/>\n<meta property=\"article:publisher\" content=\"https:\/\/www.facebook.com\/woodlegs.company\" \/>\n<meta property=\"article:modified_time\" content=\"2026-04-11T08:13:12+00:00\" \/>\n<meta property=\"og:image\" content=\"https:\/\/www.woodlegs.pl\/wp-content\/uploads\/2024\/05\/Japandi-I.png\" \/>\n\t<meta property=\"og:image:width\" content=\"1000\" \/>\n\t<meta property=\"og:image:height\" content=\"1000\" \/>\n\t<meta property=\"og:image:type\" content=\"image\/png\" \/>\n<meta name=\"twitter:card\" content=\"summary_large_image\" \/>\n<meta name=\"twitter:label1\" content=\"Estimated reading time\" \/>\n\t<meta name=\"twitter:data1\" content=\"3 minutes\" \/>\n<script type=\"application\/ld+json\" class=\"yoast-schema-graph\">{\"@context\":\"https:\/\/schema.org\",\"@graph\":[{\"@type\":\"WebPage\",\"@id\":\"https:\/\/www.woodlegs.pl\/nogi-toczone\/nogi-drewniane-japandi-i\/\",\"url\":\"https:\/\/www.woodlegs.pl\/nogi-toczone\/nogi-drewniane-japandi-i\/\",\"name\":\"Nogi drewniane Japandi I - Nogi toczone do sto\u0142u - HIT 2025 !\",\"isPartOf\":{\"@id\":\"http:\/\/www.woodlegs.pl\/#website\"},\"primaryImageOfPage\":{\"@id\":\"https:\/\/www.woodlegs.pl\/nogi-toczone\/nogi-drewniane-japandi-i\/#primaryimage\"},\"image\":{\"@id\":\"https:\/\/www.woodlegs.pl\/nogi-toczone\/nogi-drewniane-japandi-i\/#primaryimage\"},\"thumbnailUrl\":\"https:\/\/www.woodlegs.pl\/wp-content\/uploads\/2024\/05\/Japandi-I.png\",\"datePublished\":\"2024-05-24T12:39:48+00:00\",\"dateModified\":\"2026-04-11T08:13:12+00:00\",\"description\":\"Nogi drewniane Japandi I to HIT 2025 roku!Pragniesz mie\u0107 st\u00f3\u0142 przyci\u0105gaj\u0105cy uwag\u0119 ka\u017cdego go\u015bcia?Wybierz ten model n\u00f3g!Dost\u0119pny w 3 wariantach-Zobacz teraz!\",\"breadcrumb\":{\"@id\":\"https:\/\/www.woodlegs.pl\/nogi-toczone\/nogi-drewniane-japandi-i\/#breadcrumb\"},\"inLanguage\":\"en-GB\",\"potentialAction\":[{\"@type\":\"ReadAction\",\"target\":[\"https:\/\/www.woodlegs.pl\/nogi-toczone\/nogi-drewniane-japandi-i\/\"]}]},{\"@type\":\"ImageObject\",\"inLanguage\":\"en-GB\",\"@id\":\"https:\/\/www.woodlegs.pl\/nogi-toczone\/nogi-drewniane-japandi-i\/#primaryimage\",\"url\":\"https:\/\/www.woodlegs.pl\/wp-content\/uploads\/2024\/05\/Japandi-I.png\",\"contentUrl\":\"https:\/\/www.woodlegs.pl\/wp-content\/uploads\/2024\/05\/Japandi-I.png\",\"width\":1000,\"height\":1000,\"caption\":\"nogi-drewniane-toczone-nogi-do-sto\u0142u-w-stylu-japandi-st\u00f3\u0142-nowoczesne-nogi-do-sto\u0142u-noga-toczona-producent-n\u00f3g-drewnianych-woodlegs-company\"},{\"@type\":\"BreadcrumbList\",\"@id\":\"https:\/\/www.woodlegs.pl\/nogi-toczone\/nogi-drewniane-japandi-i\/#breadcrumb\",\"itemListElement\":[{\"@type\":\"ListItem\",\"position\":1,\"name\":\"Strona g\u0142\u00f3wna\",\"item\":\"http:\/\/www.woodlegs.pl\/\"},{\"@type\":\"ListItem\",\"position\":2,\"name\":\"Sklep\",\"item\":\"http:\/\/www.woodlegs.pl\/sklep\/\"},{\"@type\":\"ListItem\",\"position\":3,\"name\":\"Nogi drewniane Japandi I\"}]},{\"@type\":\"WebSite\",\"@id\":\"http:\/\/www.woodlegs.pl\/#website\",\"url\":\"http:\/\/www.woodlegs.pl\/\",\"name\":\"Woodlegs\",\"description\":\"Producent n\u00f3g drewnianych, produkcja n\u00f3g drewnianych\",\"publisher\":{\"@id\":\"http:\/\/www.woodlegs.pl\/#organization\"},\"potentialAction\":[{\"@type\":\"SearchAction\",\"target\":{\"@type\":\"EntryPoint\",\"urlTemplate\":\"http:\/\/www.woodlegs.pl\/?s={search_term_string}\"},\"query-input\":{\"@type\":\"PropertyValueSpecification\",\"valueRequired\":true,\"valueName\":\"search_term_string\"}}],\"inLanguage\":\"en-GB\"},{\"@type\":\"Organization\",\"@id\":\"http:\/\/www.woodlegs.pl\/#organization\",\"name\":\"Woodlegs Company\",\"url\":\"http:\/\/www.woodlegs.pl\/\",\"logo\":{\"@type\":\"ImageObject\",\"inLanguage\":\"en-GB\",\"@id\":\"http:\/\/www.woodlegs.pl\/#\/schema\/logo\/image\/\",\"url\":\"https:\/\/www.woodlegs.pl\/wp-content\/uploads\/2023\/03\/logo-3.png\",\"contentUrl\":\"https:\/\/www.woodlegs.pl\/wp-content\/uploads\/2023\/03\/logo-3.png\",\"width\":605,\"height\":234,\"caption\":\"Woodlegs Company\"},\"image\":{\"@id\":\"http:\/\/www.woodlegs.pl\/#\/schema\/logo\/image\/\"},\"sameAs\":[\"https:\/\/www.facebook.com\/woodlegs.company\",\"https:\/\/www.instagram.com\/woodlegs_company\/\"]}]}<\/script>\n<!-- \/ Yoast SEO plugin. -->","yoast_head_json":{"title":"Nogi drewniane Japandi I - Nogi toczone do sto\u0142u - HIT 2025 !","description":"Nogi drewniane Japandi I to HIT 2025 roku!Pragniesz mie\u0107 st\u00f3\u0142 przyci\u0105gaj\u0105cy uwag\u0119 ka\u017cdego go\u015bcia?Wybierz ten model n\u00f3g!Dost\u0119pny w 3 wariantach-Zobacz teraz!","robots":{"index":"index","follow":"follow","max-snippet":"max-snippet:-1","max-image-preview":"max-image-preview:large","max-video-preview":"max-video-preview:-1"},"canonical":"https:\/\/www.woodlegs.pl\/eng\/nogi-toczone\/nogi-drewniane-japandi-i\/","og_locale":"en_GB","og_type":"article","og_title":"Nogi drewniane Japandi I - Nogi toczone do sto\u0142u - HIT 2025 !","og_description":"Nogi drewniane Japandi I to HIT 2025 roku!Pragniesz mie\u0107 st\u00f3\u0142 przyci\u0105gaj\u0105cy uwag\u0119 ka\u017cdego go\u015bcia?Wybierz ten model n\u00f3g!Dost\u0119pny w 3 wariantach-Zobacz teraz!","og_url":"https:\/\/www.woodlegs.pl\/eng\/nogi-toczone\/nogi-drewniane-japandi-i\/","og_site_name":"Woodlegs Company","article_publisher":"https:\/\/www.facebook.com\/woodlegs.company","article_modified_time":"2026-04-11T08:13:12+00:00","og_image":[{"width":1000,"height":1000,"url":"https:\/\/www.woodlegs.pl\/wp-content\/uploads\/2024\/05\/Japandi-I.png","type":"image\/png"}],"twitter_card":"summary_large_image","twitter_misc":{"Estimated reading time":"3 minutes"},"schema":{"@context":"https:\/\/schema.org","@graph":[{"@type":"WebPage","@id":"https:\/\/www.woodlegs.pl\/nogi-toczone\/nogi-drewniane-japandi-i\/","url":"https:\/\/www.woodlegs.pl\/nogi-toczone\/nogi-drewniane-japandi-i\/","name":"Nogi drewniane Japandi I - Nogi toczone do sto\u0142u - HIT 2025 !","isPartOf":{"@id":"http:\/\/www.woodlegs.pl\/#website"},"primaryImageOfPage":{"@id":"https:\/\/www.woodlegs.pl\/nogi-toczone\/nogi-drewniane-japandi-i\/#primaryimage"},"image":{"@id":"https:\/\/www.woodlegs.pl\/nogi-toczone\/nogi-drewniane-japandi-i\/#primaryimage"},"thumbnailUrl":"https:\/\/www.woodlegs.pl\/wp-content\/uploads\/2024\/05\/Japandi-I.png","datePublished":"2024-05-24T12:39:48+00:00","dateModified":"2026-04-11T08:13:12+00:00","description":"Nogi drewniane Japandi I to HIT 2025 roku!Pragniesz mie\u0107 st\u00f3\u0142 przyci\u0105gaj\u0105cy uwag\u0119 ka\u017cdego go\u015bcia?Wybierz ten model n\u00f3g!Dost\u0119pny w 3 wariantach-Zobacz teraz!","breadcrumb":{"@id":"https:\/\/www.woodlegs.pl\/nogi-toczone\/nogi-drewniane-japandi-i\/#breadcrumb"},"inLanguage":"en-GB","potentialAction":[{"@type":"ReadAction","target":["https:\/\/www.woodlegs.pl\/nogi-toczone\/nogi-drewniane-japandi-i\/"]}]},{"@type":"ImageObject","inLanguage":"en-GB","@id":"https:\/\/www.woodlegs.pl\/nogi-toczone\/nogi-drewniane-japandi-i\/#primaryimage","url":"https:\/\/www.woodlegs.pl\/wp-content\/uploads\/2024\/05\/Japandi-I.png","contentUrl":"https:\/\/www.woodlegs.pl\/wp-content\/uploads\/2024\/05\/Japandi-I.png","width":1000,"height":1000,"caption":"nogi-drewniane-toczone-nogi-do-sto\u0142u-w-stylu-japandi-st\u00f3\u0142-nowoczesne-nogi-do-sto\u0142u-noga-toczona-producent-n\u00f3g-drewnianych-woodlegs-company"},{"@type":"BreadcrumbList","@id":"https:\/\/www.woodlegs.pl\/nogi-toczone\/nogi-drewniane-japandi-i\/#breadcrumb","itemListElement":[{"@type":"ListItem","position":1,"name":"Strona g\u0142\u00f3wna","item":"http:\/\/www.woodlegs.pl\/"},{"@type":"ListItem","position":2,"name":"Sklep","item":"http:\/\/www.woodlegs.pl\/sklep\/"},{"@type":"ListItem","position":3,"name":"Nogi drewniane Japandi I"}]},{"@type":"WebSite","@id":"http:\/\/www.woodlegs.pl\/#website","url":"http:\/\/www.woodlegs.pl\/","name":"Woodlegs","description":"Producent n\u00f3g drewnianych, produkcja n\u00f3g drewnianych","publisher":{"@id":"http:\/\/www.woodlegs.pl\/#organization"},"potentialAction":[{"@type":"SearchAction","target":{"@type":"EntryPoint","urlTemplate":"http:\/\/www.woodlegs.pl\/?s={search_term_string}"},"query-input":{"@type":"PropertyValueSpecification","valueRequired":true,"valueName":"search_term_string"}}],"inLanguage":"en-GB"},{"@type":"Organization","@id":"http:\/\/www.woodlegs.pl\/#organization","name":"Woodlegs Company","url":"http:\/\/www.woodlegs.pl\/","logo":{"@type":"ImageObject","inLanguage":"en-GB","@id":"http:\/\/www.woodlegs.pl\/#\/schema\/logo\/image\/","url":"https:\/\/www.woodlegs.pl\/wp-content\/uploads\/2023\/03\/logo-3.png","contentUrl":"https:\/\/www.woodlegs.pl\/wp-content\/uploads\/2023\/03\/logo-3.png","width":605,"height":234,"caption":"Woodlegs Company"},"image":{"@id":"http:\/\/www.woodlegs.pl\/#\/schema\/logo\/image\/"},"sameAs":["https:\/\/www.facebook.com\/woodlegs.company","https:\/\/www.instagram.com\/woodlegs_company\/"]}]}},"_links":{"self":[{"href":"https:\/\/www.woodlegs.pl\/eng\/wp-json\/wp\/v2\/product\/5889","targetHints":{"allow":["GET"]}}],"collection":[{"href":"https:\/\/www.woodlegs.pl\/eng\/wp-json\/wp\/v2\/product"}],"about":[{"href":"https:\/\/www.woodlegs.pl\/eng\/wp-json\/wp\/v2\/types\/product"}],"wp:featuredmedia":[{"embeddable":true,"href":"https:\/\/www.woodlegs.pl\/eng\/wp-json\/wp\/v2\/media\/5916"}],"wp:attachment":[{"href":"https:\/\/www.woodlegs.pl\/eng\/wp-json\/wp\/v2\/media?parent=5889"}],"wp:term":[{"taxonomy":"product_brand","embeddable":true,"href":"https:\/\/www.woodlegs.pl\/eng\/wp-json\/wp\/v2\/product_brand?post=5889"},{"taxonomy":"product_cat","embeddable":true,"href":"https:\/\/www.woodlegs.pl\/eng\/wp-json\/wp\/v2\/product_cat?post=5889"},{"taxonomy":"product_tag","embeddable":true,"href":"https:\/\/www.woodlegs.pl\/eng\/wp-json\/wp\/v2\/product_tag?post=5889"}],"curies":[{"name":"wp","href":"https:\/\/api.w.org\/{rel}","templated":true}]}}