{"id":6400,"date":"2024-10-26T18:07:40","date_gmt":"2024-10-26T16:07:40","guid":{"rendered":"https:\/\/www.woodlegs.pl\/?post_type=product&#038;p=6400"},"modified":"2026-04-14T20:20:59","modified_gmt":"2026-04-14T18:20:59","slug":"nozki-meblowe-kula-%e2%8c%809-cmh8cm","status":"publish","type":"product","link":"https:\/\/www.woodlegs.pl\/eng\/nozki-do-mebli\/nozki-meblowe-kula-%e2%8c%809-cmh8cm\/","title":{"rendered":"Furniture feet Sphere \u23009cm H8cm"},"content":{"rendered":"<h1>Furniture legs Kula \u23009 cm H8 cm - How to use them?<\/h1>\n<p>Use <strong>furniture feet Kula \u23009cm H8cm<\/strong> for your new furniture project or to refresh the ones you have! Modern design is guided by contours, which is why all turned wooden legs have received their recognition in the design world. You will see the use of our leg models among the projects of top architects and designers! <strong>Furniture feet ball \u23009cm H8cm <\/strong>The Coralli model was used, for example, as a furniture foot to connect one side of the worktop to the built-in furniture. On the other side of the tabletop, the Coralli model was used as a high leg to support the tabletop.<\/p>\n<p>&nbsp;<\/p>\n<h3>How do I install the furniture feet ball \u23009 cm H8 cm?<\/h3>\n<p>Mounting the feet is easy - a hole is made in each foot for the insertion of an M8 double-threaded screw. You decide how long the M8x60 or M8x80 screw is. It all depends on your needs and the construction of the furniture. Screw in the screw and you're done! Simply and easily enjoy your new furniture legs.<\/p>\n<h2>Can you find similar models in our range?<\/h2>\n<p>Of course! We are a manufacturer of wooden legs, which is why we already have more than 80 leg models in our range! Among the models most frequently used in combination with <strong>furniture feet Kula \u23009 cm H8<\/strong> cm is the leg <em><strong><a href=\"https:\/\/www.woodlegs.pl\/eng\/nogi-toczone\/nogi-drewniane-coralli\/\">Coralli wooden legs<\/a>\u00a0<\/strong><\/em>with a height of 74 cm or its slightly higher version<em><strong> <a href=\"https:\/\/www.woodlegs.pl\/eng\/noga-do-blatu-kuchennego\/nogi-drewniane-coralli-98-cm\/\">Coralli wooden legs 98 cm<\/a>. <\/strong><\/em>If this isn't what you're looking for, take a look below in the similar products section or browse all turned leg models in our shop <strong><a href=\"https:\/\/www.woodlegs.pl\/eng\/nogi-toczone\/\">https:\/\/www.woodlegs.pl\/nogi-toczone\/<\/a><\/strong><\/p>","protected":false},"excerpt":{"rendered":"<p>The design trends speak for themselves! Ovals are taking over decisively for the coming years. Transform your furniture with the sphere furniture legs in a simple way: Buy the furniture legs, select the accessories for assembly, varnish or oil them, and now just screw them into the furniture. Simple right!<\/p>\n<p>If you need a larger quantity than we have in stock write or call us!<\/p>","protected":false},"featured_media":6403,"template":"","meta":[],"product_brand":[],"product_cat":[89,66],"product_tag":[],"class_list":{"0":"post-6400","1":"product","2":"type-product","3":"status-publish","4":"has-post-thumbnail","6":"product_cat-nozki-do-mebli","7":"product_cat-nogi-toczone","9":"first","10":"instock","11":"taxable","12":"shipping-taxable","13":"purchasable","14":"product-type-variable","15":"has-default-attributes"},"yoast_head":"<!-- This site is optimized with the Yoast SEO plugin v26.2 - https:\/\/yoast.com\/wordpress\/plugins\/seo\/ -->\n<title>N\u00f3\u017cki meblowe kula \u23009cm H8cm-Producent n\u00f3g drewnianych<\/title>\n<meta name=\"description\" content=\"N\u00f3\u017cki meblowe Kula \u23009cm H8cm idealne do Twojej sofy, komody czy biurka. Dopasuj je z innymi modelami n\u00f3g drewnianych. Sklep producenta n\u00f3g drewnianych\" \/>\n<meta name=\"robots\" content=\"index, follow, max-snippet:-1, max-image-preview:large, max-video-preview:-1\" \/>\n<link rel=\"canonical\" href=\"https:\/\/www.woodlegs.pl\/eng\/nozki-do-mebli\/nozki-meblowe-kula-\u23009-cmh8cm\/\" \/>\n<meta property=\"og:locale\" content=\"en_GB\" \/>\n<meta property=\"og:type\" content=\"article\" \/>\n<meta property=\"og:title\" content=\"N\u00f3\u017cki meblowe kula \u23009cm H8cm-Producent n\u00f3g drewnianych\" \/>\n<meta property=\"og:description\" content=\"N\u00f3\u017cki meblowe Kula \u23009cm H8cm idealne do Twojej sofy, komody czy biurka. Dopasuj je z innymi modelami n\u00f3g drewnianych. Sklep producenta n\u00f3g drewnianych\" \/>\n<meta property=\"og:url\" content=\"https:\/\/www.woodlegs.pl\/eng\/nozki-do-mebli\/nozki-meblowe-kula-\u23009-cmh8cm\/\" \/>\n<meta property=\"og:site_name\" content=\"Woodlegs Company\" \/>\n<meta property=\"article:publisher\" content=\"https:\/\/www.facebook.com\/woodlegs.company\" \/>\n<meta property=\"article:modified_time\" content=\"2026-04-14T18:20:59+00:00\" \/>\n<meta property=\"og:image\" content=\"https:\/\/www.woodlegs.pl\/wp-content\/uploads\/2024\/10\/Nozki-meblowe-Kula-10-.png\" \/>\n\t<meta property=\"og:image:width\" content=\"1000\" \/>\n\t<meta property=\"og:image:height\" content=\"1000\" \/>\n\t<meta property=\"og:image:type\" content=\"image\/png\" \/>\n<meta name=\"twitter:card\" content=\"summary_large_image\" \/>\n<meta name=\"twitter:label1\" content=\"Estimated reading time\" \/>\n\t<meta name=\"twitter:data1\" content=\"2 minutes\" \/>\n<script type=\"application\/ld+json\" class=\"yoast-schema-graph\">{\"@context\":\"https:\/\/schema.org\",\"@graph\":[{\"@type\":\"WebPage\",\"@id\":\"https:\/\/www.woodlegs.pl\/eng\/nozki-do-mebli\/nozki-meblowe-kula-%e2%8c%809-cmh8cm\/\",\"url\":\"https:\/\/www.woodlegs.pl\/eng\/nozki-do-mebli\/nozki-meblowe-kula-%e2%8c%809-cmh8cm\/\",\"name\":\"N\u00f3\u017cki meblowe kula \u23009cm H8cm-Producent n\u00f3g drewnianych\",\"isPartOf\":{\"@id\":\"https:\/\/www.woodlegs.pl\/#website\"},\"primaryImageOfPage\":{\"@id\":\"https:\/\/www.woodlegs.pl\/eng\/nozki-do-mebli\/nozki-meblowe-kula-%e2%8c%809-cmh8cm\/#primaryimage\"},\"image\":{\"@id\":\"https:\/\/www.woodlegs.pl\/eng\/nozki-do-mebli\/nozki-meblowe-kula-%e2%8c%809-cmh8cm\/#primaryimage\"},\"thumbnailUrl\":\"https:\/\/www.woodlegs.pl\/wp-content\/uploads\/2024\/10\/Nozki-meblowe-Kula-10-.png\",\"datePublished\":\"2024-10-26T16:07:40+00:00\",\"dateModified\":\"2026-04-14T18:20:59+00:00\",\"description\":\"N\u00f3\u017cki meblowe Kula \u23009cm H8cm idealne do Twojej sofy, komody czy biurka. Dopasuj je z innymi modelami n\u00f3g drewnianych. Sklep producenta n\u00f3g drewnianych\",\"breadcrumb\":{\"@id\":\"https:\/\/www.woodlegs.pl\/eng\/nozki-do-mebli\/nozki-meblowe-kula-%e2%8c%809-cmh8cm\/#breadcrumb\"},\"inLanguage\":\"en-GB\",\"potentialAction\":[{\"@type\":\"ReadAction\",\"target\":[\"https:\/\/www.woodlegs.pl\/eng\/nozki-do-mebli\/nozki-meblowe-kula-%e2%8c%809-cmh8cm\/\"]}]},{\"@type\":\"ImageObject\",\"inLanguage\":\"en-GB\",\"@id\":\"https:\/\/www.woodlegs.pl\/eng\/nozki-do-mebli\/nozki-meblowe-kula-%e2%8c%809-cmh8cm\/#primaryimage\",\"url\":\"https:\/\/www.woodlegs.pl\/wp-content\/uploads\/2024\/10\/Nozki-meblowe-Kula-10-.png\",\"contentUrl\":\"https:\/\/www.woodlegs.pl\/wp-content\/uploads\/2024\/10\/Nozki-meblowe-Kula-10-.png\",\"width\":1000,\"height\":1000,\"caption\":\"n\u00f3\u017cki-meblowe-Kula-\u23009cm-H8,2cm-n\u00f3\u017cki-do-mebli-n\u00f3\u017cka-meblowa-producent-nog-drewnianych-woodlegs-company-nogi-do-komody-noga-drewniana-nozka-drewniana-n\u00f3\u017cki-do-mebli\"},{\"@type\":\"BreadcrumbList\",\"@id\":\"https:\/\/www.woodlegs.pl\/eng\/nozki-do-mebli\/nozki-meblowe-kula-%e2%8c%809-cmh8cm\/#breadcrumb\",\"itemListElement\":[{\"@type\":\"ListItem\",\"position\":1,\"name\":\"Strona g\u0142\u00f3wna\",\"item\":\"https:\/\/www.woodlegs.pl\/\"},{\"@type\":\"ListItem\",\"position\":2,\"name\":\"Sklep\",\"item\":\"https:\/\/www.woodlegs.pl\/sklep\/\"},{\"@type\":\"ListItem\",\"position\":3,\"name\":\"N\u00f3\u017cki meblowe Kula \u23009cm H8cm\"}]},{\"@type\":\"WebSite\",\"@id\":\"https:\/\/www.woodlegs.pl\/#website\",\"url\":\"https:\/\/www.woodlegs.pl\/\",\"name\":\"Woodlegs\",\"description\":\"Producent n\u00f3g drewnianych, produkcja n\u00f3g drewnianych\",\"publisher\":{\"@id\":\"https:\/\/www.woodlegs.pl\/#organization\"},\"potentialAction\":[{\"@type\":\"SearchAction\",\"target\":{\"@type\":\"EntryPoint\",\"urlTemplate\":\"https:\/\/www.woodlegs.pl\/?s={search_term_string}\"},\"query-input\":{\"@type\":\"PropertyValueSpecification\",\"valueRequired\":true,\"valueName\":\"search_term_string\"}}],\"inLanguage\":\"en-GB\"},{\"@type\":\"Organization\",\"@id\":\"https:\/\/www.woodlegs.pl\/#organization\",\"name\":\"Woodlegs Company\",\"url\":\"https:\/\/www.woodlegs.pl\/\",\"logo\":{\"@type\":\"ImageObject\",\"inLanguage\":\"en-GB\",\"@id\":\"https:\/\/www.woodlegs.pl\/#\/schema\/logo\/image\/\",\"url\":\"https:\/\/www.woodlegs.pl\/wp-content\/uploads\/2023\/03\/logo-3.png\",\"contentUrl\":\"https:\/\/www.woodlegs.pl\/wp-content\/uploads\/2023\/03\/logo-3.png\",\"width\":605,\"height\":234,\"caption\":\"Woodlegs Company\"},\"image\":{\"@id\":\"https:\/\/www.woodlegs.pl\/#\/schema\/logo\/image\/\"},\"sameAs\":[\"https:\/\/www.facebook.com\/woodlegs.company\",\"https:\/\/www.instagram.com\/woodlegs_company\/\"]}]}<\/script>\n<!-- \/ Yoast SEO plugin. -->","yoast_head_json":{"title":"N\u00f3\u017cki meblowe kula \u23009cm H8cm-Producent n\u00f3g drewnianych","description":"N\u00f3\u017cki meblowe Kula \u23009cm H8cm idealne do Twojej sofy, komody czy biurka. Dopasuj je z innymi modelami n\u00f3g drewnianych. Sklep producenta n\u00f3g drewnianych","robots":{"index":"index","follow":"follow","max-snippet":"max-snippet:-1","max-image-preview":"max-image-preview:large","max-video-preview":"max-video-preview:-1"},"canonical":"https:\/\/www.woodlegs.pl\/eng\/nozki-do-mebli\/nozki-meblowe-kula-\u23009-cmh8cm\/","og_locale":"en_GB","og_type":"article","og_title":"N\u00f3\u017cki meblowe kula \u23009cm H8cm-Producent n\u00f3g drewnianych","og_description":"N\u00f3\u017cki meblowe Kula \u23009cm H8cm idealne do Twojej sofy, komody czy biurka. Dopasuj je z innymi modelami n\u00f3g drewnianych. Sklep producenta n\u00f3g drewnianych","og_url":"https:\/\/www.woodlegs.pl\/eng\/nozki-do-mebli\/nozki-meblowe-kula-\u23009-cmh8cm\/","og_site_name":"Woodlegs Company","article_publisher":"https:\/\/www.facebook.com\/woodlegs.company","article_modified_time":"2026-04-14T18:20:59+00:00","og_image":[{"width":1000,"height":1000,"url":"https:\/\/www.woodlegs.pl\/wp-content\/uploads\/2024\/10\/Nozki-meblowe-Kula-10-.png","type":"image\/png"}],"twitter_card":"summary_large_image","twitter_misc":{"Estimated reading time":"2 minutes"},"schema":{"@context":"https:\/\/schema.org","@graph":[{"@type":"WebPage","@id":"https:\/\/www.woodlegs.pl\/eng\/nozki-do-mebli\/nozki-meblowe-kula-%e2%8c%809-cmh8cm\/","url":"https:\/\/www.woodlegs.pl\/eng\/nozki-do-mebli\/nozki-meblowe-kula-%e2%8c%809-cmh8cm\/","name":"N\u00f3\u017cki meblowe kula \u23009cm H8cm-Producent n\u00f3g drewnianych","isPartOf":{"@id":"https:\/\/www.woodlegs.pl\/#website"},"primaryImageOfPage":{"@id":"https:\/\/www.woodlegs.pl\/eng\/nozki-do-mebli\/nozki-meblowe-kula-%e2%8c%809-cmh8cm\/#primaryimage"},"image":{"@id":"https:\/\/www.woodlegs.pl\/eng\/nozki-do-mebli\/nozki-meblowe-kula-%e2%8c%809-cmh8cm\/#primaryimage"},"thumbnailUrl":"https:\/\/www.woodlegs.pl\/wp-content\/uploads\/2024\/10\/Nozki-meblowe-Kula-10-.png","datePublished":"2024-10-26T16:07:40+00:00","dateModified":"2026-04-14T18:20:59+00:00","description":"N\u00f3\u017cki meblowe Kula \u23009cm H8cm idealne do Twojej sofy, komody czy biurka. Dopasuj je z innymi modelami n\u00f3g drewnianych. Sklep producenta n\u00f3g drewnianych","breadcrumb":{"@id":"https:\/\/www.woodlegs.pl\/eng\/nozki-do-mebli\/nozki-meblowe-kula-%e2%8c%809-cmh8cm\/#breadcrumb"},"inLanguage":"en-GB","potentialAction":[{"@type":"ReadAction","target":["https:\/\/www.woodlegs.pl\/eng\/nozki-do-mebli\/nozki-meblowe-kula-%e2%8c%809-cmh8cm\/"]}]},{"@type":"ImageObject","inLanguage":"en-GB","@id":"https:\/\/www.woodlegs.pl\/eng\/nozki-do-mebli\/nozki-meblowe-kula-%e2%8c%809-cmh8cm\/#primaryimage","url":"https:\/\/www.woodlegs.pl\/wp-content\/uploads\/2024\/10\/Nozki-meblowe-Kula-10-.png","contentUrl":"https:\/\/www.woodlegs.pl\/wp-content\/uploads\/2024\/10\/Nozki-meblowe-Kula-10-.png","width":1000,"height":1000,"caption":"n\u00f3\u017cki-meblowe-Kula-\u23009cm-H8,2cm-n\u00f3\u017cki-do-mebli-n\u00f3\u017cka-meblowa-producent-nog-drewnianych-woodlegs-company-nogi-do-komody-noga-drewniana-nozka-drewniana-n\u00f3\u017cki-do-mebli"},{"@type":"BreadcrumbList","@id":"https:\/\/www.woodlegs.pl\/eng\/nozki-do-mebli\/nozki-meblowe-kula-%e2%8c%809-cmh8cm\/#breadcrumb","itemListElement":[{"@type":"ListItem","position":1,"name":"Strona g\u0142\u00f3wna","item":"https:\/\/www.woodlegs.pl\/"},{"@type":"ListItem","position":2,"name":"Sklep","item":"https:\/\/www.woodlegs.pl\/sklep\/"},{"@type":"ListItem","position":3,"name":"N\u00f3\u017cki meblowe Kula \u23009cm H8cm"}]},{"@type":"WebSite","@id":"https:\/\/www.woodlegs.pl\/#website","url":"https:\/\/www.woodlegs.pl\/","name":"Woodlegs","description":"Producent n\u00f3g drewnianych, produkcja n\u00f3g drewnianych","publisher":{"@id":"https:\/\/www.woodlegs.pl\/#organization"},"potentialAction":[{"@type":"SearchAction","target":{"@type":"EntryPoint","urlTemplate":"https:\/\/www.woodlegs.pl\/?s={search_term_string}"},"query-input":{"@type":"PropertyValueSpecification","valueRequired":true,"valueName":"search_term_string"}}],"inLanguage":"en-GB"},{"@type":"Organization","@id":"https:\/\/www.woodlegs.pl\/#organization","name":"Woodlegs Company","url":"https:\/\/www.woodlegs.pl\/","logo":{"@type":"ImageObject","inLanguage":"en-GB","@id":"https:\/\/www.woodlegs.pl\/#\/schema\/logo\/image\/","url":"https:\/\/www.woodlegs.pl\/wp-content\/uploads\/2023\/03\/logo-3.png","contentUrl":"https:\/\/www.woodlegs.pl\/wp-content\/uploads\/2023\/03\/logo-3.png","width":605,"height":234,"caption":"Woodlegs Company"},"image":{"@id":"https:\/\/www.woodlegs.pl\/#\/schema\/logo\/image\/"},"sameAs":["https:\/\/www.facebook.com\/woodlegs.company","https:\/\/www.instagram.com\/woodlegs_company\/"]}]}},"_links":{"self":[{"href":"https:\/\/www.woodlegs.pl\/eng\/wp-json\/wp\/v2\/product\/6400","targetHints":{"allow":["GET"]}}],"collection":[{"href":"https:\/\/www.woodlegs.pl\/eng\/wp-json\/wp\/v2\/product"}],"about":[{"href":"https:\/\/www.woodlegs.pl\/eng\/wp-json\/wp\/v2\/types\/product"}],"wp:featuredmedia":[{"embeddable":true,"href":"https:\/\/www.woodlegs.pl\/eng\/wp-json\/wp\/v2\/media\/6403"}],"wp:attachment":[{"href":"https:\/\/www.woodlegs.pl\/eng\/wp-json\/wp\/v2\/media?parent=6400"}],"wp:term":[{"taxonomy":"product_brand","embeddable":true,"href":"https:\/\/www.woodlegs.pl\/eng\/wp-json\/wp\/v2\/product_brand?post=6400"},{"taxonomy":"product_cat","embeddable":true,"href":"https:\/\/www.woodlegs.pl\/eng\/wp-json\/wp\/v2\/product_cat?post=6400"},{"taxonomy":"product_tag","embeddable":true,"href":"https:\/\/www.woodlegs.pl\/eng\/wp-json\/wp\/v2\/product_tag?post=6400"}],"curies":[{"name":"wp","href":"https:\/\/api.w.org\/{rel}","templated":true}]}}