{"id":8557,"date":"2025-10-16T15:25:23","date_gmt":"2025-10-16T13:25:23","guid":{"rendered":"https:\/\/www.woodlegs.pl\/?post_type=product&#038;p=8557"},"modified":"2026-01-12T00:43:13","modified_gmt":"2026-01-11T23:43:13","slug":"blacha-mocujaca-do-nogi-60x200-mm","status":"publish","type":"product","link":"https:\/\/www.woodlegs.pl\/eng\/akcesoria-do-montazu\/blacha-mocujaca-do-nogi-60x200-mm\/","title":{"rendered":"Fixing plate for leg 60\u00d7200 mm"},"content":{"rendered":"","protected":false},"excerpt":{"rendered":"<p>Fixing plate for leg 60\u00d7200 mm thickness 3 mm<\/p>","protected":false},"featured_media":8876,"template":"","meta":[],"product_brand":[],"product_cat":[77],"product_tag":[],"class_list":{"0":"post-8557","1":"product","2":"type-product","3":"status-publish","4":"has-post-thumbnail","6":"product_cat-akcesoria-do-montazu","8":"first","9":"instock","10":"taxable","11":"shipping-taxable","12":"purchasable","13":"product-type-simple"},"yoast_head":"<!-- This site is optimized with the Yoast SEO plugin v26.2 - https:\/\/yoast.com\/wordpress\/plugins\/seo\/ -->\n<title>Blacha mocuj\u0105ca do nogi 60x200 mm - Woodlegs Company<\/title>\n<meta name=\"robots\" content=\"index, follow, max-snippet:-1, max-image-preview:large, max-video-preview:-1\" \/>\n<link rel=\"canonical\" href=\"https:\/\/www.woodlegs.pl\/eng\/akcesoria-do-montazu\/blacha-mocujaca-do-nogi-60x200-mm\/\" \/>\n<meta property=\"og:locale\" content=\"en_GB\" \/>\n<meta property=\"og:type\" content=\"article\" \/>\n<meta property=\"og:title\" content=\"Blacha mocuj\u0105ca do nogi 60x200 mm - Woodlegs Company\" \/>\n<meta property=\"og:description\" content=\"Blacha mocuj\u0105ca do nogi o wymiarach 60x200 mm grubo\u015b\u0107 3 mm\" \/>\n<meta property=\"og:url\" content=\"https:\/\/www.woodlegs.pl\/eng\/akcesoria-do-montazu\/blacha-mocujaca-do-nogi-60x200-mm\/\" \/>\n<meta property=\"og:site_name\" content=\"Woodlegs Company\" \/>\n<meta property=\"article:publisher\" content=\"https:\/\/www.facebook.com\/woodlegs.company\" \/>\n<meta property=\"article:modified_time\" content=\"2026-01-11T23:43:13+00:00\" \/>\n<meta property=\"og:image\" content=\"https:\/\/www.woodlegs.pl\/wp-content\/uploads\/2025\/10\/Blacha-60x200x20-1.jpg\" \/>\n\t<meta property=\"og:image:width\" content=\"1000\" \/>\n\t<meta property=\"og:image:height\" content=\"1000\" \/>\n\t<meta property=\"og:image:type\" content=\"image\/jpeg\" \/>\n<meta name=\"twitter:card\" content=\"summary_large_image\" \/>\n<meta name=\"twitter:label1\" content=\"Estimated reading time\" \/>\n\t<meta name=\"twitter:data1\" content=\"1 minute\" \/>\n<script type=\"application\/ld+json\" class=\"yoast-schema-graph\">{\"@context\":\"https:\/\/schema.org\",\"@graph\":[{\"@type\":\"WebPage\",\"@id\":\"https:\/\/www.woodlegs.pl\/akcesoria-do-montazu\/blacha-mocujaca-do-nogi-60x200-mm\/\",\"url\":\"https:\/\/www.woodlegs.pl\/akcesoria-do-montazu\/blacha-mocujaca-do-nogi-60x200-mm\/\",\"name\":\"Blacha mocuj\u0105ca do nogi 60x200 mm - Woodlegs Company\",\"isPartOf\":{\"@id\":\"http:\/\/www.woodlegs.pl\/#website\"},\"primaryImageOfPage\":{\"@id\":\"https:\/\/www.woodlegs.pl\/akcesoria-do-montazu\/blacha-mocujaca-do-nogi-60x200-mm\/#primaryimage\"},\"image\":{\"@id\":\"https:\/\/www.woodlegs.pl\/akcesoria-do-montazu\/blacha-mocujaca-do-nogi-60x200-mm\/#primaryimage\"},\"thumbnailUrl\":\"https:\/\/www.woodlegs.pl\/wp-content\/uploads\/2025\/10\/Blacha-60x200x20-1.jpg\",\"datePublished\":\"2025-10-16T13:25:23+00:00\",\"dateModified\":\"2026-01-11T23:43:13+00:00\",\"breadcrumb\":{\"@id\":\"https:\/\/www.woodlegs.pl\/akcesoria-do-montazu\/blacha-mocujaca-do-nogi-60x200-mm\/#breadcrumb\"},\"inLanguage\":\"en-GB\",\"potentialAction\":[{\"@type\":\"ReadAction\",\"target\":[\"https:\/\/www.woodlegs.pl\/akcesoria-do-montazu\/blacha-mocujaca-do-nogi-60x200-mm\/\"]}]},{\"@type\":\"ImageObject\",\"inLanguage\":\"en-GB\",\"@id\":\"https:\/\/www.woodlegs.pl\/akcesoria-do-montazu\/blacha-mocujaca-do-nogi-60x200-mm\/#primaryimage\",\"url\":\"https:\/\/www.woodlegs.pl\/wp-content\/uploads\/2025\/10\/Blacha-60x200x20-1.jpg\",\"contentUrl\":\"https:\/\/www.woodlegs.pl\/wp-content\/uploads\/2025\/10\/Blacha-60x200x20-1.jpg\",\"width\":1000,\"height\":1000,\"caption\":\"blacha-montazowa-do-nog-do-stolu-nog-drewnianych-60-200-20-mm\"},{\"@type\":\"BreadcrumbList\",\"@id\":\"https:\/\/www.woodlegs.pl\/akcesoria-do-montazu\/blacha-mocujaca-do-nogi-60x200-mm\/#breadcrumb\",\"itemListElement\":[{\"@type\":\"ListItem\",\"position\":1,\"name\":\"Strona g\u0142\u00f3wna\",\"item\":\"http:\/\/www.woodlegs.pl\/\"},{\"@type\":\"ListItem\",\"position\":2,\"name\":\"Sklep\",\"item\":\"http:\/\/www.woodlegs.pl\/sklep\/\"},{\"@type\":\"ListItem\",\"position\":3,\"name\":\"Blacha mocuj\u0105ca do nogi 60&#215;200 mm\"}]},{\"@type\":\"WebSite\",\"@id\":\"http:\/\/www.woodlegs.pl\/#website\",\"url\":\"http:\/\/www.woodlegs.pl\/\",\"name\":\"Woodlegs\",\"description\":\"Producent n\u00f3g drewnianych, produkcja n\u00f3g drewnianych\",\"publisher\":{\"@id\":\"http:\/\/www.woodlegs.pl\/#organization\"},\"potentialAction\":[{\"@type\":\"SearchAction\",\"target\":{\"@type\":\"EntryPoint\",\"urlTemplate\":\"http:\/\/www.woodlegs.pl\/?s={search_term_string}\"},\"query-input\":{\"@type\":\"PropertyValueSpecification\",\"valueRequired\":true,\"valueName\":\"search_term_string\"}}],\"inLanguage\":\"en-GB\"},{\"@type\":\"Organization\",\"@id\":\"http:\/\/www.woodlegs.pl\/#organization\",\"name\":\"Woodlegs Company\",\"url\":\"http:\/\/www.woodlegs.pl\/\",\"logo\":{\"@type\":\"ImageObject\",\"inLanguage\":\"en-GB\",\"@id\":\"http:\/\/www.woodlegs.pl\/#\/schema\/logo\/image\/\",\"url\":\"https:\/\/www.woodlegs.pl\/wp-content\/uploads\/2023\/03\/logo-3.png\",\"contentUrl\":\"https:\/\/www.woodlegs.pl\/wp-content\/uploads\/2023\/03\/logo-3.png\",\"width\":605,\"height\":234,\"caption\":\"Woodlegs Company\"},\"image\":{\"@id\":\"http:\/\/www.woodlegs.pl\/#\/schema\/logo\/image\/\"},\"sameAs\":[\"https:\/\/www.facebook.com\/woodlegs.company\",\"https:\/\/www.instagram.com\/woodlegs_company\/\"]}]}<\/script>\n<!-- \/ Yoast SEO plugin. -->","yoast_head_json":{"title":"Blacha mocuj\u0105ca do nogi 60x200 mm - Woodlegs Company","robots":{"index":"index","follow":"follow","max-snippet":"max-snippet:-1","max-image-preview":"max-image-preview:large","max-video-preview":"max-video-preview:-1"},"canonical":"https:\/\/www.woodlegs.pl\/eng\/akcesoria-do-montazu\/blacha-mocujaca-do-nogi-60x200-mm\/","og_locale":"en_GB","og_type":"article","og_title":"Blacha mocuj\u0105ca do nogi 60x200 mm - Woodlegs Company","og_description":"Blacha mocuj\u0105ca do nogi o wymiarach 60x200 mm grubo\u015b\u0107 3 mm","og_url":"https:\/\/www.woodlegs.pl\/eng\/akcesoria-do-montazu\/blacha-mocujaca-do-nogi-60x200-mm\/","og_site_name":"Woodlegs Company","article_publisher":"https:\/\/www.facebook.com\/woodlegs.company","article_modified_time":"2026-01-11T23:43:13+00:00","og_image":[{"width":1000,"height":1000,"url":"https:\/\/www.woodlegs.pl\/wp-content\/uploads\/2025\/10\/Blacha-60x200x20-1.jpg","type":"image\/jpeg"}],"twitter_card":"summary_large_image","twitter_misc":{"Estimated reading time":"1 minute"},"schema":{"@context":"https:\/\/schema.org","@graph":[{"@type":"WebPage","@id":"https:\/\/www.woodlegs.pl\/akcesoria-do-montazu\/blacha-mocujaca-do-nogi-60x200-mm\/","url":"https:\/\/www.woodlegs.pl\/akcesoria-do-montazu\/blacha-mocujaca-do-nogi-60x200-mm\/","name":"Blacha mocuj\u0105ca do nogi 60x200 mm - Woodlegs Company","isPartOf":{"@id":"http:\/\/www.woodlegs.pl\/#website"},"primaryImageOfPage":{"@id":"https:\/\/www.woodlegs.pl\/akcesoria-do-montazu\/blacha-mocujaca-do-nogi-60x200-mm\/#primaryimage"},"image":{"@id":"https:\/\/www.woodlegs.pl\/akcesoria-do-montazu\/blacha-mocujaca-do-nogi-60x200-mm\/#primaryimage"},"thumbnailUrl":"https:\/\/www.woodlegs.pl\/wp-content\/uploads\/2025\/10\/Blacha-60x200x20-1.jpg","datePublished":"2025-10-16T13:25:23+00:00","dateModified":"2026-01-11T23:43:13+00:00","breadcrumb":{"@id":"https:\/\/www.woodlegs.pl\/akcesoria-do-montazu\/blacha-mocujaca-do-nogi-60x200-mm\/#breadcrumb"},"inLanguage":"en-GB","potentialAction":[{"@type":"ReadAction","target":["https:\/\/www.woodlegs.pl\/akcesoria-do-montazu\/blacha-mocujaca-do-nogi-60x200-mm\/"]}]},{"@type":"ImageObject","inLanguage":"en-GB","@id":"https:\/\/www.woodlegs.pl\/akcesoria-do-montazu\/blacha-mocujaca-do-nogi-60x200-mm\/#primaryimage","url":"https:\/\/www.woodlegs.pl\/wp-content\/uploads\/2025\/10\/Blacha-60x200x20-1.jpg","contentUrl":"https:\/\/www.woodlegs.pl\/wp-content\/uploads\/2025\/10\/Blacha-60x200x20-1.jpg","width":1000,"height":1000,"caption":"blacha-montazowa-do-nog-do-stolu-nog-drewnianych-60-200-20-mm"},{"@type":"BreadcrumbList","@id":"https:\/\/www.woodlegs.pl\/akcesoria-do-montazu\/blacha-mocujaca-do-nogi-60x200-mm\/#breadcrumb","itemListElement":[{"@type":"ListItem","position":1,"name":"Strona g\u0142\u00f3wna","item":"http:\/\/www.woodlegs.pl\/"},{"@type":"ListItem","position":2,"name":"Sklep","item":"http:\/\/www.woodlegs.pl\/sklep\/"},{"@type":"ListItem","position":3,"name":"Blacha mocuj\u0105ca do nogi 60&#215;200 mm"}]},{"@type":"WebSite","@id":"http:\/\/www.woodlegs.pl\/#website","url":"http:\/\/www.woodlegs.pl\/","name":"Woodlegs","description":"Producent n\u00f3g drewnianych, produkcja n\u00f3g drewnianych","publisher":{"@id":"http:\/\/www.woodlegs.pl\/#organization"},"potentialAction":[{"@type":"SearchAction","target":{"@type":"EntryPoint","urlTemplate":"http:\/\/www.woodlegs.pl\/?s={search_term_string}"},"query-input":{"@type":"PropertyValueSpecification","valueRequired":true,"valueName":"search_term_string"}}],"inLanguage":"en-GB"},{"@type":"Organization","@id":"http:\/\/www.woodlegs.pl\/#organization","name":"Woodlegs Company","url":"http:\/\/www.woodlegs.pl\/","logo":{"@type":"ImageObject","inLanguage":"en-GB","@id":"http:\/\/www.woodlegs.pl\/#\/schema\/logo\/image\/","url":"https:\/\/www.woodlegs.pl\/wp-content\/uploads\/2023\/03\/logo-3.png","contentUrl":"https:\/\/www.woodlegs.pl\/wp-content\/uploads\/2023\/03\/logo-3.png","width":605,"height":234,"caption":"Woodlegs Company"},"image":{"@id":"http:\/\/www.woodlegs.pl\/#\/schema\/logo\/image\/"},"sameAs":["https:\/\/www.facebook.com\/woodlegs.company","https:\/\/www.instagram.com\/woodlegs_company\/"]}]}},"_links":{"self":[{"href":"https:\/\/www.woodlegs.pl\/eng\/wp-json\/wp\/v2\/product\/8557","targetHints":{"allow":["GET"]}}],"collection":[{"href":"https:\/\/www.woodlegs.pl\/eng\/wp-json\/wp\/v2\/product"}],"about":[{"href":"https:\/\/www.woodlegs.pl\/eng\/wp-json\/wp\/v2\/types\/product"}],"wp:featuredmedia":[{"embeddable":true,"href":"https:\/\/www.woodlegs.pl\/eng\/wp-json\/wp\/v2\/media\/8876"}],"wp:attachment":[{"href":"https:\/\/www.woodlegs.pl\/eng\/wp-json\/wp\/v2\/media?parent=8557"}],"wp:term":[{"taxonomy":"product_brand","embeddable":true,"href":"https:\/\/www.woodlegs.pl\/eng\/wp-json\/wp\/v2\/product_brand?post=8557"},{"taxonomy":"product_cat","embeddable":true,"href":"https:\/\/www.woodlegs.pl\/eng\/wp-json\/wp\/v2\/product_cat?post=8557"},{"taxonomy":"product_tag","embeddable":true,"href":"https:\/\/www.woodlegs.pl\/eng\/wp-json\/wp\/v2\/product_tag?post=8557"}],"curies":[{"name":"wp","href":"https:\/\/api.w.org\/{rel}","templated":true}]}}